{"id":1872,"date":"2026-01-06T01:25:02","date_gmt":"2026-01-06T01:25:02","guid":{"rendered":"https:\/\/lyfilter.com\/?post_type=product&#038;p=1872"},"modified":"2026-04-24T23:44:22","modified_gmt":"2026-04-24T23:44:22","slug":"manufacturer-all-dimension-polypropylene-ppf-water-filter-cartridge-filters-for-water-treatment-plant","status":"publish","type":"product","link":"https:\/\/lyfilter.com\/es\/manufacturer-all-dimension-polypropylene-ppf-water-filter-cartridge-filters-for-water-treatment-plant\/","title":{"rendered":"Fabricante Todas las dimensiones de polipropileno PPF Filtro de agua Filtros de cartucho para la planta de tratamiento de agua"},"content":{"rendered":"<table>\n<thead>\n<tr>\n<th>art\u00edculo<\/th>\n<th>detalles<\/th>\n<\/tr>\n<\/thead>\n<tbody>\n<tr>\n<td>nombre del producto<\/td>\n<td>filtro ppf<\/td>\n<\/tr>\n<tr>\n<td>marca<\/td>\n<td>lvyuan \/ oem<\/td>\n<\/tr>\n<tr>\n<td>lugar de origen<\/td>\n<td>guangdong, china<\/td>\n<\/tr>\n<tr>\n<td>material<\/td>\n<td>polipropileno<\/td>\n<\/tr>\n<tr>\n<td>medios filtrantes<\/td>\n<td>polipropileno PP hilado<\/td>\n<\/tr>\n<tr>\n<td>tasa de micras<\/td>\n<td>1 \/ 3 \/ 5 \/ 10 \/ 25 \/ 50 \/ 75 \/ 100 micras<\/td>\n<\/tr>\n<tr>\n<td>opciones de longitud<\/td>\n<td>5\u2033, 10\u2033, 20\u2033, 30\u2033, 40\u2033, 50\u2033<\/td>\n<\/tr>\n<tr>\n<td>opciones de tapas<\/td>\n<td>DOE \/ 222Fin \/ 226Fin \/ 222Flat \/ 226Flat<\/td>\n<\/tr>\n<tr>\n<td>material de la junta t\u00f3rica<\/td>\n<td>silicona \/ EPDM \/ viton<\/td>\n<\/tr>\n<tr>\n<td>n\u00facleo interno<\/td>\n<td>PP \/ acero inoxidable \/ ninguno<\/td>\n<\/tr>\n<tr>\n<td>uso<\/td>\n<td>filtro de cartucho de l\u00edquido<\/td>\n<\/tr>\n<tr>\n<td>aplicaci\u00f3n<\/td>\n<td>piezas de filtros de agua, \u00f3smosis inversa<\/td>\n<\/tr>\n<tr>\n<td>certificaci\u00f3n<\/td>\n<td>CE, SGS<\/td>\n<\/tr>\n<tr>\n<td>talla<\/td>\n<td>est\u00e1ndar o a medida<\/td>\n<\/tr>\n<tr>\n<td>peso<\/td>\n<td>depende<\/td>\n<\/tr>\n<tr>\n<td>potencia<\/td>\n<td>0<\/td>\n<\/tr>\n<tr>\n<td>garant\u00eda<\/td>\n<td>no disponible<\/td>\n<\/tr>\n<tr>\n<td>servicio posventa<\/td>\n<td>asistencia en l\u00ednea<\/td>\n<\/tr>\n<tr>\n<td>capacidad de suministro<\/td>\n<td>5000 piezas\/piezas al d\u00eda<\/td>\n<\/tr>\n<tr>\n<td>sectores aplicables<\/td>\n<td>hoteles, tiendas de ropa, tiendas de materiales de construcci\u00f3n, plantas de fabricaci\u00f3n, talleres de reparaci\u00f3n de maquinaria, f\u00e1bricas de alimentos y bebidas, granjas, restaurantes, uso dom\u00e9stico, comercios minoristas, tiendas de alimentaci\u00f3n, imprentas, obras de construcci\u00f3n, energ\u00eda y miner\u00eda, tiendas de alimentos y bebidas, empresas de publicidad<\/td>\n<\/tr>\n<\/tbody>\n<\/table>","protected":false},"excerpt":{"rendered":"<p>Estos cartuchos centrifugados de PP atrapan la arena, el \u00f3xido y los sedimentos antes de que lleguen a su sistema de \u00f3smosis inversa. Elija la clasificaci\u00f3n de micras, la longitud, el estilo de tapa y el material de la junta t\u00f3rica que se adapte a su carcasa y, a continuaci\u00f3n, cambie el cartucho cuando disminuya el caudal.<\/p>","protected":false},"featured_media":1893,"comment_status":"open","ping_status":"closed","template":"","meta":{"_gspb_post_css":""},"product_brand":[],"product_cat":[23,17],"product_tag":[671,683,710,817,649,724],"class_list":{"0":"post-1872","1":"product","2":"type-product","3":"status-publish","4":"has-post-thumbnail","6":"product_cat-pp-filter-cartridge","7":"product_cat-sediment-filter","8":"product_tag-1-100-micron-filter-cartridge","9":"product_tag-doe-222-226-end-caps","10":"product_tag-pp-spun-sediment-filter","11":"product_tag-ppf-filter-cartridge","12":"product_tag-reverse-osmosis-prefilter","13":"product_tag-water-filtration-parts","15":"first","16":"instock","17":"shipping-taxable","18":"product-type-simple"},"_links":{"self":[{"href":"https:\/\/lyfilter.com\/es\/wp-json\/wp\/v2\/product\/1872","targetHints":{"allow":["GET"]}}],"collection":[{"href":"https:\/\/lyfilter.com\/es\/wp-json\/wp\/v2\/product"}],"about":[{"href":"https:\/\/lyfilter.com\/es\/wp-json\/wp\/v2\/types\/product"}],"replies":[{"embeddable":true,"href":"https:\/\/lyfilter.com\/es\/wp-json\/wp\/v2\/comments?post=1872"}],"wp:featuredmedia":[{"embeddable":true,"href":"https:\/\/lyfilter.com\/es\/wp-json\/wp\/v2\/media\/1893"}],"wp:attachment":[{"href":"https:\/\/lyfilter.com\/es\/wp-json\/wp\/v2\/media?parent=1872"}],"wp:term":[{"taxonomy":"product_brand","embeddable":true,"href":"https:\/\/lyfilter.com\/es\/wp-json\/wp\/v2\/product_brand?post=1872"},{"taxonomy":"product_cat","embeddable":true,"href":"https:\/\/lyfilter.com\/es\/wp-json\/wp\/v2\/product_cat?post=1872"},{"taxonomy":"product_tag","embeddable":true,"href":"https:\/\/lyfilter.com\/es\/wp-json\/wp\/v2\/product_tag?post=1872"}],"curies":[{"name":"wp","href":"https:\/\/api.w.org\/{rel}","templated":true}]}}