{"id":1848,"date":"2026-01-05T10:12:13","date_gmt":"2026-01-05T10:12:13","guid":{"rendered":"https:\/\/lyfilter.com\/?post_type=product&#038;p=1848"},"modified":"2026-01-05T10:12:13","modified_gmt":"2026-01-05T10:12:13","slug":"big-diameter-4-5x40-inch-water-filter-pleated-melt-blown-filter-cartridge-polypropylene-filter-with-plastic-connector-code","status":"publish","type":"product","link":"https:\/\/lyfilter.com\/es\/big-diameter-4-5x40-inch-water-filter-pleated-melt-blown-filter-cartridge-polypropylene-filter-with-plastic-connector-code\/","title":{"rendered":"Gran di\u00e1metro 4,5\u00d740 pulgadas filtro de agua plisado \/ fundido soplado cartucho de filtro de polipropileno con conector de pl\u00e1stico c\u00f3digo"},"content":{"rendered":"<table>\n<thead>\n<tr>\n<th>Art\u00edculo<\/th>\n<th>Detalles<\/th>\n<\/tr>\n<\/thead>\n<tbody>\n<tr>\n<td>t\u00edtulo<\/td>\n<td>filtro de agua cartucho de filtro de polipropileno plisado\/fundido soplado<\/td>\n<\/tr>\n<tr>\n<td>condici\u00f3n<\/td>\n<td>nuevo<\/td>\n<\/tr>\n<tr>\n<td>sectores aplicables<\/td>\n<td>hoteles, tiendas de ropa, tiendas de materiales de construcci\u00f3n, plantas de fabricaci\u00f3n, talleres de reparaci\u00f3n de maquinaria, f\u00e1bricas de alimentos y bebidas, granjas, restaurantes, uso dom\u00e9stico, comercios minoristas, tiendas de alimentaci\u00f3n, imprentas, obras de construcci\u00f3n, energ\u00eda y miner\u00eda, tiendas de alimentos y bebidas, empresas de publicidad<\/td>\n<\/tr>\n<tr>\n<td>lugar de origen<\/td>\n<td>guangdong, china<\/td>\n<\/tr>\n<tr>\n<td>marca<\/td>\n<td>lvyuan\/oem<\/td>\n<\/tr>\n<tr>\n<td>material<\/td>\n<td>polipropileno<\/td>\n<\/tr>\n<tr>\n<td>peso<\/td>\n<td>oem<\/td>\n<\/tr>\n<tr>\n<td>talla<\/td>\n<td>oem<\/td>\n<\/tr>\n<tr>\n<td>potencia<\/td>\n<td>0<\/td>\n<\/tr>\n<tr>\n<td>garant\u00eda<\/td>\n<td>no disponible<\/td>\n<\/tr>\n<tr>\n<td>nombre del producto<\/td>\n<td>filtro de agua cartucho de filtro de polipropileno plisado\/fundido soplado<\/td>\n<\/tr>\n<tr>\n<td>tipo de filtro<\/td>\n<td>ranura, relieve, puntos, logotipo de empresa<\/td>\n<\/tr>\n<tr>\n<td>di\u00e1metro exterior<\/td>\n<td>10-200 mm<\/td>\n<\/tr>\n<tr>\n<td>precisi\u00f3n<\/td>\n<td>1-100 micras<\/td>\n<\/tr>\n<tr>\n<td>di\u00e1metro interior<\/td>\n<td>oem<\/td>\n<\/tr>\n<tr>\n<td>adaptador de filtro<\/td>\n<td>personalizado<\/td>\n<\/tr>\n<tr>\n<td>temperatura m\u00e1xima<\/td>\n<td>80\u2103<\/td>\n<\/tr>\n<tr>\n<td>ca\u00edda de presi\u00f3n de trabajo<\/td>\n<td>0,1 kgf\/c\u33a1<\/td>\n<\/tr>\n<tr>\n<td>confinado m\u00e1s alto<\/td>\n<td>5 kgf\/c\u33a1<\/td>\n<\/tr>\n<tr>\n<td>ca\u00edda de presi\u00f3n m\u00e1xima<\/td>\n<td>3 kgf\/c\u33a1<\/td>\n<\/tr>\n<tr>\n<td>servicio posventa<\/td>\n<td>asistencia en l\u00ednea<\/td>\n<\/tr>\n<tr>\n<td>unidades de venta<\/td>\n<td>art\u00edculo individual<\/td>\n<\/tr>\n<tr>\n<td>tama\u00f1o de envase individual<\/td>\n<td>111 \u00d7 35 \u00d7 35 cm<\/td>\n<\/tr>\n<tr>\n<td>peso bruto \u00fanico<\/td>\n<td>15.000 kg<\/td>\n<\/tr>\n<tr>\n<td>tipo de paquete<\/td>\n<td>cartucho filtrante de polipropileno plisado\/soplado fundido de gran di\u00e1metro 4,5 \u00d7 40 pulgadas con conector de pl\u00e1stico; embalado en cart\u00f3n de papel para exportaci\u00f3n<\/td>\n<\/tr>\n<tr>\n<td>plazo de entrega (1-100 piezas)<\/td>\n<td>2 d\u00edas<\/td>\n<\/tr>\n<tr>\n<td>plazo de entrega (101-500 piezas)<\/td>\n<td>3 d\u00edas<\/td>\n<\/tr>\n<tr>\n<td>plazo de entrega (501-5000 piezas)<\/td>\n<td>7 d\u00edas<\/td>\n<\/tr>\n<tr>\n<td>plazo de entrega (&gt;5000 piezas)<\/td>\n<td>a negociar<\/td>\n<\/tr>\n<\/tbody>\n<\/table>","protected":false},"excerpt":{"rendered":"<p>Este cartucho filtrante de polipropileno ayuda a reducir los sedimentos y las part\u00edculas finas para que el agua se mantenga m\u00e1s limpia y el equipo funcione de forma m\u00e1s fiable. Elija entre los estilos plisado o fundido soplado, elija la clasificaci\u00f3n en micras y personalice el tama\u00f1o, los adaptadores y la marca para adaptarlos a su instalaci\u00f3n. Est\u00e1 embalado para la exportaci\u00f3n y respaldado por asistencia en l\u00ednea.<\/p>","protected":false},"featured_media":1856,"comment_status":"open","ping_status":"closed","template":"","meta":{"_gspb_post_css":""},"product_brand":[],"product_cat":[23,17],"product_tag":[327,815,746,722,814,729],"class_list":{"0":"post-1848","1":"product","2":"type-product","3":"status-publish","4":"has-post-thumbnail","6":"product_cat-pp-filter-cartridge","7":"product_cat-sediment-filter","8":"product_tag-1-100-micron-filter","9":"product_tag-custom-adaptor-cartridge","10":"product_tag-melt-blown-filter-cartridge","11":"product_tag-oem-water-filter","12":"product_tag-pleated-water-filter-cartridge","13":"product_tag-polypropylene-filter-cartridge","15":"first","16":"instock","17":"shipping-taxable","18":"product-type-simple"},"_links":{"self":[{"href":"https:\/\/lyfilter.com\/es\/wp-json\/wp\/v2\/product\/1848","targetHints":{"allow":["GET"]}}],"collection":[{"href":"https:\/\/lyfilter.com\/es\/wp-json\/wp\/v2\/product"}],"about":[{"href":"https:\/\/lyfilter.com\/es\/wp-json\/wp\/v2\/types\/product"}],"replies":[{"embeddable":true,"href":"https:\/\/lyfilter.com\/es\/wp-json\/wp\/v2\/comments?post=1848"}],"wp:featuredmedia":[{"embeddable":true,"href":"https:\/\/lyfilter.com\/es\/wp-json\/wp\/v2\/media\/1856"}],"wp:attachment":[{"href":"https:\/\/lyfilter.com\/es\/wp-json\/wp\/v2\/media?parent=1848"}],"wp:term":[{"taxonomy":"product_brand","embeddable":true,"href":"https:\/\/lyfilter.com\/es\/wp-json\/wp\/v2\/product_brand?post=1848"},{"taxonomy":"product_cat","embeddable":true,"href":"https:\/\/lyfilter.com\/es\/wp-json\/wp\/v2\/product_cat?post=1848"},{"taxonomy":"product_tag","embeddable":true,"href":"https:\/\/lyfilter.com\/es\/wp-json\/wp\/v2\/product_tag?post=1848"}],"curies":[{"name":"wp","href":"https:\/\/api.w.org\/{rel}","templated":true}]}}