{"id":1834,"date":"2026-01-05T09:55:47","date_gmt":"2026-01-05T09:55:47","guid":{"rendered":"https:\/\/lyfilter.com\/?post_type=product&#038;p=1834"},"modified":"2026-05-08T01:16:51","modified_gmt":"2026-05-08T01:16:51","slug":"5-micron-filter-20-inch-sediment-melt-blown-pp-filter-cartridge-for-water-filter-system","status":"publish","type":"product","link":"https:\/\/lyfilter.com\/es\/5-micron-filter-20-inch-sediment-melt-blown-pp-filter-cartridge-for-water-filter-system\/","title":{"rendered":"Filtro de 5 micras 20 pulgadas de sedimento fundido soplado PP cartucho de filtro para el sistema de filtro de agua"},"content":{"rendered":"<table>\n<thead>\n<tr>\n<th>Art\u00edculo<\/th>\n<th>Detalles<\/th>\n<\/tr>\n<\/thead>\n<tbody>\n<tr>\n<td>t\u00edtulo<\/td>\n<td>cartucho filtrante pp para el tratamiento del agua<\/td>\n<\/tr>\n<tr>\n<td>condici\u00f3n<\/td>\n<td>nuevo<\/td>\n<\/tr>\n<tr>\n<td>sectores aplicables<\/td>\n<td>planta de fabricaci\u00f3n, f\u00e1brica de alimentos y bebidas, uso dom\u00e9stico, tratamiento del agua<\/td>\n<\/tr>\n<tr>\n<td>servicio post garant\u00eda<\/td>\n<td>asistencia en l\u00ednea<\/td>\n<\/tr>\n<tr>\n<td>ubicaci\u00f3n del servicio local<\/td>\n<td>ninguno<\/td>\n<\/tr>\n<tr>\n<td>sala de exposiciones<\/td>\n<td>ninguno<\/td>\n<\/tr>\n<tr>\n<td>lugar de origen<\/td>\n<td>guangdong, china<\/td>\n<\/tr>\n<tr>\n<td>marca<\/td>\n<td>lvyuan, oem, odm<\/td>\n<\/tr>\n<tr>\n<td>material<\/td>\n<td>pp<\/td>\n<\/tr>\n<tr>\n<td>materia prima<\/td>\n<td>fibra pp<\/td>\n<\/tr>\n<tr>\n<td>peso<\/td>\n<td>personalizado<\/td>\n<\/tr>\n<tr>\n<td>talla<\/td>\n<td>personalizado, slim, jumbo<\/td>\n<\/tr>\n<tr>\n<td>potencia<\/td>\n<td>0<\/td>\n<\/tr>\n<tr>\n<td>garant\u00eda<\/td>\n<td>no disponible<\/td>\n<\/tr>\n<tr>\n<td>funci\u00f3n<\/td>\n<td>tama\u00f1o y logotipo personalizados acero robar<\/td>\n<\/tr>\n<tr>\n<td>certificaci\u00f3n<\/td>\n<td>sgs<\/td>\n<\/tr>\n<tr>\n<td>forma<\/td>\n<td>cilindro<\/td>\n<\/tr>\n<tr>\n<td>uso<\/td>\n<td>tratamiento del agua<\/td>\n<\/tr>\n<tr>\n<td>aplicaci\u00f3n<\/td>\n<td>industria<\/td>\n<\/tr>\n<tr>\n<td>color<\/td>\n<td>blanco<\/td>\n<\/tr>\n<tr>\n<td>aparici\u00f3n<\/td>\n<td>en relieve, brillante, etc.<\/td>\n<\/tr>\n<tr>\n<td>embalaje<\/td>\n<td>caja de papel<\/td>\n<\/tr>\n<tr>\n<td>capacidad de suministro<\/td>\n<td>5000 piezas\/piezas por semana<\/td>\n<\/tr>\n<\/tbody>\n<\/table>","protected":false},"excerpt":{"rendered":"<p>Este cartucho filtrante de PP ayuda a mantener el agua m\u00e1s limpia para uso diario y tratamiento industrial. Elija los tama\u00f1os slim o jumbo, personalice el peso y el acabado, y a\u00f1ada su logotipo para dar un aspecto de marca coherente. Cuenta con la certificaci\u00f3n SGS y se env\u00eda en una caja de papel protectora con asistencia en l\u00ednea.<\/p>","protected":false},"featured_media":1849,"comment_status":"open","ping_status":"closed","template":"","meta":{"_gspb_post_css":""},"product_brand":[],"product_cat":[23,17],"product_tag":[812,320,632,302,813,340],"class_list":{"0":"post-1834","1":"product","2":"type-product","3":"status-publish","4":"has-post-thumbnail","6":"product_cat-pp-filter-cartridge","7":"product_cat-sediment-filter","8":"product_tag-custom-size-filter","9":"product_tag-pp-fiber-filter","10":"product_tag-pp-water-filter-cartridge","11":"product_tag-sgs-certified-filter","12":"product_tag-slim-jumbo-cartridge","13":"product_tag-water-treatment-filter","15":"first","16":"instock","17":"shipping-taxable","18":"product-type-simple"},"_links":{"self":[{"href":"https:\/\/lyfilter.com\/es\/wp-json\/wp\/v2\/product\/1834","targetHints":{"allow":["GET"]}}],"collection":[{"href":"https:\/\/lyfilter.com\/es\/wp-json\/wp\/v2\/product"}],"about":[{"href":"https:\/\/lyfilter.com\/es\/wp-json\/wp\/v2\/types\/product"}],"replies":[{"embeddable":true,"href":"https:\/\/lyfilter.com\/es\/wp-json\/wp\/v2\/comments?post=1834"}],"wp:featuredmedia":[{"embeddable":true,"href":"https:\/\/lyfilter.com\/es\/wp-json\/wp\/v2\/media\/1849"}],"wp:attachment":[{"href":"https:\/\/lyfilter.com\/es\/wp-json\/wp\/v2\/media?parent=1834"}],"wp:term":[{"taxonomy":"product_brand","embeddable":true,"href":"https:\/\/lyfilter.com\/es\/wp-json\/wp\/v2\/product_brand?post=1834"},{"taxonomy":"product_cat","embeddable":true,"href":"https:\/\/lyfilter.com\/es\/wp-json\/wp\/v2\/product_cat?post=1834"},{"taxonomy":"product_tag","embeddable":true,"href":"https:\/\/lyfilter.com\/es\/wp-json\/wp\/v2\/product_tag?post=1834"}],"curies":[{"name":"wp","href":"https:\/\/api.w.org\/{rel}","templated":true}]}}