{"id":1796,"date":"2026-01-05T09:31:28","date_gmt":"2026-01-05T09:31:28","guid":{"rendered":"https:\/\/lyfilter.com\/?post_type=product&#038;p=1796"},"modified":"2026-05-08T01:16:03","modified_gmt":"2026-05-08T01:16:03","slug":"30-40-inch-pp-spun-water-filter-cartridge-with-core-for-stainless-steel-filter-housing","status":"publish","type":"product","link":"https:\/\/lyfilter.com\/es\/30-40-inch-pp-spun-water-filter-cartridge-with-core-for-stainless-steel-filter-housing\/","title":{"rendered":"Cartucho filtrante de agua hilado de PP de 30 40\u201d pulgadas con n\u00facleo para carcasa de filtro de acero inoxidable"},"content":{"rendered":"<table>\n<thead>\n<tr>\n<th>Art\u00edculo<\/th>\n<th>Detalles<\/th>\n<\/tr>\n<\/thead>\n<tbody>\n<tr>\n<td>lugar de origen<\/td>\n<td>Guangdong, China<\/td>\n<\/tr>\n<tr>\n<td>marca<\/td>\n<td>Lvyuan \/ OEM<\/td>\n<\/tr>\n<tr>\n<td>material<\/td>\n<td>polipropileno<\/td>\n<\/tr>\n<tr>\n<td>peso<\/td>\n<td>depende<\/td>\n<\/tr>\n<tr>\n<td>talla<\/td>\n<td>est\u00e1ndar o a medida<\/td>\n<\/tr>\n<tr>\n<td>potencia<\/td>\n<td>0<\/td>\n<\/tr>\n<tr>\n<td>garant\u00eda<\/td>\n<td>No disponible<\/td>\n<\/tr>\n<tr>\n<td>nombre del producto<\/td>\n<td>cartucho filtrante hilado pp de 40<\/td>\n<\/tr>\n<tr>\n<td>tasa de micras<\/td>\n<td>Cartucho filtrante 1\/3\/5\/10\/25\/50\/75\/100 micras<\/td>\n<\/tr>\n<tr>\n<td>certificaci\u00f3n<\/td>\n<td>CE, SGS<\/td>\n<\/tr>\n<tr>\n<td>aplicaci\u00f3n<\/td>\n<td>piezas de filtros de agua; \u00f3smosis inversa<\/td>\n<\/tr>\n<tr>\n<td>longitud<\/td>\n<td>5\u2033, 10\u2033, 20\u2033, 30\u2033, 40\u2033, 50\u2033 pulgadas<\/td>\n<\/tr>\n<tr>\n<td>medios filtrantes<\/td>\n<td>Hilado de polipropileno (PP)<\/td>\n<\/tr>\n<tr>\n<td>tapa<\/td>\n<td>DOE \/ 222Fin \/ 226Fin \/ 222Flat \/ 226Flat<\/td>\n<\/tr>\n<tr>\n<td>material de la junta\/anillo<\/td>\n<td>Silicona \/ EPDM \/ Viton<\/td>\n<\/tr>\n<tr>\n<td>uso<\/td>\n<td>Filtro de cartucho para l\u00edquidos<\/td>\n<\/tr>\n<tr>\n<td>n\u00facleo interno<\/td>\n<td>PP; acero inoxidable; ninguno<\/td>\n<\/tr>\n<tr>\n<td>servicio posventa<\/td>\n<td>Asistencia en l\u00ednea<\/td>\n<\/tr>\n<tr>\n<td>capacidad de suministro<\/td>\n<td>5000 Piezas\/Pieza por D\u00eda (cartucho filtrante hilado)<\/td>\n<\/tr>\n<\/tbody>\n<\/table>","protected":false},"excerpt":{"rendered":"<p>Este cartucho filtrante hilado de PP de 40 pulgadas ayuda a reducir los sedimentos para obtener agua m\u00e1s limpia en sistemas de \u00f3smosis inversa y filtraci\u00f3n. Elija la clasificaci\u00f3n de micras y los accesorios que se adapten a su carcasa.<\/p>","protected":false},"featured_media":1804,"comment_status":"open","ping_status":"closed","template":"","meta":{"_gspb_post_css":""},"product_brand":[],"product_cat":[23,17],"product_tag":[671,798,650,681,799,649],"class_list":{"0":"post-1796","1":"product","2":"type-product","3":"status-publish","4":"has-post-thumbnail","6":"product_cat-pp-filter-cartridge","7":"product_cat-sediment-filter","8":"product_tag-1-100-micron-filter-cartridge","9":"product_tag-40-inch-pp-spun-filter-cartridge","10":"product_tag-doe-222-226-end-cap","11":"product_tag-liquid-cartridge-filter","12":"product_tag-pp-spun-sediment-cartridge","13":"product_tag-reverse-osmosis-prefilter","15":"first","16":"instock","17":"shipping-taxable","18":"product-type-simple"},"_links":{"self":[{"href":"https:\/\/lyfilter.com\/es\/wp-json\/wp\/v2\/product\/1796","targetHints":{"allow":["GET"]}}],"collection":[{"href":"https:\/\/lyfilter.com\/es\/wp-json\/wp\/v2\/product"}],"about":[{"href":"https:\/\/lyfilter.com\/es\/wp-json\/wp\/v2\/types\/product"}],"replies":[{"embeddable":true,"href":"https:\/\/lyfilter.com\/es\/wp-json\/wp\/v2\/comments?post=1796"}],"wp:featuredmedia":[{"embeddable":true,"href":"https:\/\/lyfilter.com\/es\/wp-json\/wp\/v2\/media\/1804"}],"wp:attachment":[{"href":"https:\/\/lyfilter.com\/es\/wp-json\/wp\/v2\/media?parent=1796"}],"wp:term":[{"taxonomy":"product_brand","embeddable":true,"href":"https:\/\/lyfilter.com\/es\/wp-json\/wp\/v2\/product_brand?post=1796"},{"taxonomy":"product_cat","embeddable":true,"href":"https:\/\/lyfilter.com\/es\/wp-json\/wp\/v2\/product_cat?post=1796"},{"taxonomy":"product_tag","embeddable":true,"href":"https:\/\/lyfilter.com\/es\/wp-json\/wp\/v2\/product_tag?post=1796"}],"curies":[{"name":"wp","href":"https:\/\/api.w.org\/{rel}","templated":true}]}}