{"id":1767,"date":"2026-01-05T09:14:36","date_gmt":"2026-01-05T09:14:36","guid":{"rendered":"https:\/\/lyfilter.com\/?post_type=product&#038;p=1767"},"modified":"2026-01-05T09:14:36","modified_gmt":"2026-01-05T09:14:36","slug":"home-water-filter-1-stage-filter-sediment-cartridge-pp-filter-10-inch-5-micron-1-box-50-pieces","status":"publish","type":"product","link":"https:\/\/lyfilter.com\/es\/home-water-filter-1-stage-filter-sediment-cartridge-pp-filter-10-inch-5-micron-1-box-50-pieces\/","title":{"rendered":"filtro de agua casero 1 etapa cartucho de sedimento pp filtro 10 pulgadas 5 micras 1 caja 50 piezas"},"content":{"rendered":"<table>\n<thead>\n<tr>\n<th>Art\u00edculo<\/th>\n<th>Detalles<\/th>\n<\/tr>\n<\/thead>\n<tbody>\n<tr>\n<td>sectores aplicables<\/td>\n<td>Planta de fabricaci\u00f3n; f\u00e1brica de alimentos y bebidas; uso dom\u00e9stico; tratamiento del agua<\/td>\n<\/tr>\n<tr>\n<td>lugar de origen<\/td>\n<td>Guangdong, China<\/td>\n<\/tr>\n<tr>\n<td>marca<\/td>\n<td>Lvyuan; OEM; ODM<\/td>\n<\/tr>\n<tr>\n<td>material<\/td>\n<td>pp<\/td>\n<\/tr>\n<tr>\n<td>peso<\/td>\n<td>personalizado<\/td>\n<\/tr>\n<tr>\n<td>talla<\/td>\n<td>personalizado<\/td>\n<\/tr>\n<tr>\n<td>potencia<\/td>\n<td>0<\/td>\n<\/tr>\n<tr>\n<td>garant\u00eda<\/td>\n<td>No disponible<\/td>\n<\/tr>\n<tr>\n<td>funci\u00f3n<\/td>\n<td>Alta eficacia<\/td>\n<\/tr>\n<tr>\n<td>longitud<\/td>\n<td>10 \/ 20 \/ 30 \/ 40 pulgadas o personalizado<\/td>\n<\/tr>\n<tr>\n<td>certificaci\u00f3n<\/td>\n<td>SGS<\/td>\n<\/tr>\n<tr>\n<td>\u00edndice de eliminaci\u00f3n<\/td>\n<td>1 micra; 5 micras<\/td>\n<\/tr>\n<tr>\n<td>uso<\/td>\n<td>tratamiento del agua<\/td>\n<\/tr>\n<tr>\n<td>aplicaci\u00f3n<\/td>\n<td>industria<\/td>\n<\/tr>\n<tr>\n<td>color<\/td>\n<td>blanco<\/td>\n<\/tr>\n<tr>\n<td>embalaje<\/td>\n<td>caja de papel<\/td>\n<\/tr>\n<tr>\n<td>materia prima<\/td>\n<td>fibra pp<\/td>\n<\/tr>\n<tr>\n<td>aparici\u00f3n<\/td>\n<td>en relieve; brillante; etc.<\/td>\n<\/tr>\n<tr>\n<td>servicio posventa<\/td>\n<td>Asistencia en l\u00ednea<\/td>\n<\/tr>\n<tr>\n<td>unidades de venta<\/td>\n<td>Art\u00edculo \u00fanico<\/td>\n<\/tr>\n<tr>\n<td>tama\u00f1o de envase individual<\/td>\n<td>34 \u00d7 34 \u00d7 54 cm<\/td>\n<\/tr>\n<tr>\n<td>peso bruto \u00fanico<\/td>\n<td>5.800 kg<\/td>\n<\/tr>\n<tr>\n<td>tipo de paquete<\/td>\n<td>caja de papel<\/td>\n<\/tr>\n<tr>\n<td>plazo de entrega (1-500 cajas)<\/td>\n<td>7 d\u00edas<\/td>\n<\/tr>\n<tr>\n<td>plazo de entrega (501-1000 cajas)<\/td>\n<td>10 d\u00edas<\/td>\n<\/tr>\n<tr>\n<td>plazo de entrega (1001-2000 cajas)<\/td>\n<td>15 d\u00edas<\/td>\n<\/tr>\n<tr>\n<td>plazo de entrega (&gt;2000 cajas)<\/td>\n<td>A negociar<\/td>\n<\/tr>\n<\/tbody>\n<\/table>","protected":false},"excerpt":{"rendered":"<p>Este elemento filtrante de fibra de PP ayuda a capturar part\u00edculas finas de 1 \u00f3 5 micras para obtener un agua m\u00e1s limpia en los sistemas de tratamiento. Elija longitudes est\u00e1ndar o personalizadas para adaptarse a su equipo.<\/p>","protected":false},"featured_media":1776,"comment_status":"open","ping_status":"closed","template":"","meta":{"_gspb_post_css":""},"product_brand":[],"product_cat":[23,17],"product_tag":[756,345,755,636,757,796],"class_list":{"0":"post-1767","1":"product","2":"type-product","3":"status-publish","4":"has-post-thumbnail","6":"product_cat-pp-filter-cartridge","7":"product_cat-sediment-filter","8":"product_tag-1-micron-filter-element","9":"product_tag-5-micron-filter-element","10":"product_tag-high-efficiency-pp-filter","11":"product_tag-industrial-water-treatment","12":"product_tag-pp-fiber-filter-element","13":"product_tag-pp-water-treatment-filter-element","15":"first","16":"instock","17":"shipping-taxable","18":"product-type-simple"},"_links":{"self":[{"href":"https:\/\/lyfilter.com\/es\/wp-json\/wp\/v2\/product\/1767","targetHints":{"allow":["GET"]}}],"collection":[{"href":"https:\/\/lyfilter.com\/es\/wp-json\/wp\/v2\/product"}],"about":[{"href":"https:\/\/lyfilter.com\/es\/wp-json\/wp\/v2\/types\/product"}],"replies":[{"embeddable":true,"href":"https:\/\/lyfilter.com\/es\/wp-json\/wp\/v2\/comments?post=1767"}],"wp:featuredmedia":[{"embeddable":true,"href":"https:\/\/lyfilter.com\/es\/wp-json\/wp\/v2\/media\/1776"}],"wp:attachment":[{"href":"https:\/\/lyfilter.com\/es\/wp-json\/wp\/v2\/media?parent=1767"}],"wp:term":[{"taxonomy":"product_brand","embeddable":true,"href":"https:\/\/lyfilter.com\/es\/wp-json\/wp\/v2\/product_brand?post=1767"},{"taxonomy":"product_cat","embeddable":true,"href":"https:\/\/lyfilter.com\/es\/wp-json\/wp\/v2\/product_cat?post=1767"},{"taxonomy":"product_tag","embeddable":true,"href":"https:\/\/lyfilter.com\/es\/wp-json\/wp\/v2\/product_tag?post=1767"}],"curies":[{"name":"wp","href":"https:\/\/api.w.org\/{rel}","templated":true}]}}