{"id":1717,"date":"2026-01-05T08:30:37","date_gmt":"2026-01-05T08:30:37","guid":{"rendered":"https:\/\/lyfilter.com\/?post_type=product&#038;p=1717"},"modified":"2026-01-05T08:30:37","modified_gmt":"2026-01-05T08:30:37","slug":"water-purification-systems-filters-jumbo-10-20-inch-pp-spun-filter-cartridge-50-micron","status":"publish","type":"product","link":"https:\/\/lyfilter.com\/es\/water-purification-systems-filters-jumbo-10-20-inch-pp-spun-filter-cartridge-50-micron\/","title":{"rendered":"sistemas de purificaci\u00f3n de agua filtros jumbo 10 20 pulgadas pp spun cartucho de filtro de 50 micras"},"content":{"rendered":"<table>\n<thead>\n<tr>\n<th>Art\u00edculo<\/th>\n<th>Detalles<\/th>\n<\/tr>\n<\/thead>\n<tbody>\n<tr>\n<td>condici\u00f3n<\/td>\n<td>Nuevo<\/td>\n<\/tr>\n<tr>\n<td>sectores aplicables<\/td>\n<td>Planta de fabricaci\u00f3n; f\u00e1brica de alimentos y bebidas; uso dom\u00e9stico; tratamiento de aguas<\/td>\n<\/tr>\n<tr>\n<td>servicio post garant\u00eda<\/td>\n<td>Asistencia en l\u00ednea<\/td>\n<\/tr>\n<tr>\n<td>ubicaci\u00f3n del servicio local<\/td>\n<td>ninguno<\/td>\n<\/tr>\n<tr>\n<td>sala de exposiciones<\/td>\n<td>ninguno<\/td>\n<\/tr>\n<tr>\n<td>lugar de origen<\/td>\n<td>Guangdong, China<\/td>\n<\/tr>\n<tr>\n<td>marca<\/td>\n<td>Lvyuan; OEM; ODM<\/td>\n<\/tr>\n<tr>\n<td>material<\/td>\n<td>pp<\/td>\n<\/tr>\n<tr>\n<td>peso<\/td>\n<td>personalizado<\/td>\n<\/tr>\n<tr>\n<td>talla<\/td>\n<td>personalizado; slim; jumbo<\/td>\n<\/tr>\n<tr>\n<td>potencia<\/td>\n<td>0<\/td>\n<\/tr>\n<tr>\n<td>garant\u00eda<\/td>\n<td>No disponible<\/td>\n<\/tr>\n<tr>\n<td>funci\u00f3n<\/td>\n<td>tama\u00f1o y logotipo personalizados acero robar<\/td>\n<\/tr>\n<tr>\n<td>certificaci\u00f3n<\/td>\n<td>SGS<\/td>\n<\/tr>\n<tr>\n<td>forma<\/td>\n<td>cilindro<\/td>\n<\/tr>\n<tr>\n<td>uso<\/td>\n<td>tratamiento del agua<\/td>\n<\/tr>\n<tr>\n<td>aplicaci\u00f3n<\/td>\n<td>industria<\/td>\n<\/tr>\n<tr>\n<td>color<\/td>\n<td>blanco<\/td>\n<\/tr>\n<tr>\n<td>embalaje<\/td>\n<td>caja de papel<\/td>\n<\/tr>\n<tr>\n<td>materia prima<\/td>\n<td>fibra pp<\/td>\n<\/tr>\n<tr>\n<td>aparici\u00f3n<\/td>\n<td>en relieve; brillante; etc.<\/td>\n<\/tr>\n<tr>\n<td>capacidad de suministro<\/td>\n<td>5000 Piezas por semana<\/td>\n<\/tr>\n<\/tbody>\n<\/table>","protected":false},"excerpt":{"rendered":"<p>Este elemento filtrante cil\u00edndrico de fibra de PP favorece el tratamiento del agua en plantas y sistemas dom\u00e9sticos. Puede personalizar el tama\u00f1o, el acabado y la marca para que coincida con su equipo.<\/p>","protected":false},"featured_media":1725,"comment_status":"open","ping_status":"closed","template":"","meta":{"_gspb_post_css":""},"product_brand":[],"product_cat":[17,23],"product_tag":[759,750,747,788,787,748],"class_list":{"0":"post-1717","1":"product","2":"type-product","3":"status-publish","4":"has-post-thumbnail","6":"product_cat-sediment-filter","7":"product_cat-pp-filter-cartridge","8":"product_tag-custom-pp-filter","9":"product_tag-embossed-pp-filter","10":"product_tag-pp-cylinder-filter-element","11":"product_tag-pp-fiber-cylinder-filter","12":"product_tag-slim-jumbo-filter-element","13":"product_tag-water-treatment-filter-element","15":"first","16":"instock","17":"shipping-taxable","18":"product-type-simple"},"_links":{"self":[{"href":"https:\/\/lyfilter.com\/es\/wp-json\/wp\/v2\/product\/1717","targetHints":{"allow":["GET"]}}],"collection":[{"href":"https:\/\/lyfilter.com\/es\/wp-json\/wp\/v2\/product"}],"about":[{"href":"https:\/\/lyfilter.com\/es\/wp-json\/wp\/v2\/types\/product"}],"replies":[{"embeddable":true,"href":"https:\/\/lyfilter.com\/es\/wp-json\/wp\/v2\/comments?post=1717"}],"wp:featuredmedia":[{"embeddable":true,"href":"https:\/\/lyfilter.com\/es\/wp-json\/wp\/v2\/media\/1725"}],"wp:attachment":[{"href":"https:\/\/lyfilter.com\/es\/wp-json\/wp\/v2\/media?parent=1717"}],"wp:term":[{"taxonomy":"product_brand","embeddable":true,"href":"https:\/\/lyfilter.com\/es\/wp-json\/wp\/v2\/product_brand?post=1717"},{"taxonomy":"product_cat","embeddable":true,"href":"https:\/\/lyfilter.com\/es\/wp-json\/wp\/v2\/product_cat?post=1717"},{"taxonomy":"product_tag","embeddable":true,"href":"https:\/\/lyfilter.com\/es\/wp-json\/wp\/v2\/product_tag?post=1717"}],"curies":[{"name":"wp","href":"https:\/\/api.w.org\/{rel}","templated":true}]}}