{"id":1654,"date":"2026-01-05T07:46:02","date_gmt":"2026-01-05T07:46:02","guid":{"rendered":"https:\/\/lyfilter.com\/?post_type=product&#038;p=1654"},"modified":"2026-01-05T07:46:02","modified_gmt":"2026-01-05T07:46:02","slug":"good-discount-price10-20-inch-5-micron-pp-melt-blown-water-cartridge-for-removal-sediment-water-filtration","status":"publish","type":"product","link":"https:\/\/lyfilter.com\/es\/good-discount-price10-20-inch-5-micron-pp-melt-blown-water-cartridge-for-removal-sediment-water-filtration\/","title":{"rendered":"Buen precio de descuento10 20 pulgadas 5 micras PP fundido soplado cartucho de agua para la eliminaci\u00f3n de sedimentos de filtraci\u00f3n de agua"},"content":{"rendered":"<table>\n<thead>\n<tr>\n<th>Art\u00edculo<\/th>\n<th>Detalles<\/th>\n<\/tr>\n<\/thead>\n<tbody>\n<tr>\n<td>lugar de origen<\/td>\n<td>Guangdong, China<\/td>\n<\/tr>\n<tr>\n<td>marca<\/td>\n<td>Lvyuan u OEM<\/td>\n<\/tr>\n<tr>\n<td>n\u00famero de modelo<\/td>\n<td>LY-PP<\/td>\n<\/tr>\n<tr>\n<td>potencia (w)<\/td>\n<td>0<\/td>\n<\/tr>\n<tr>\n<td>tensi\u00f3n (v)<\/td>\n<td>0<\/td>\n<\/tr>\n<tr>\n<td>tipo<\/td>\n<td>\u00d3smosis inversa<\/td>\n<\/tr>\n<tr>\n<td>certificaci\u00f3n<\/td>\n<td>ce; SGS<\/td>\n<\/tr>\n<tr>\n<td>utilice<\/td>\n<td>Prefiltraci\u00f3n dom\u00e9stica<\/td>\n<\/tr>\n<tr>\n<td>forma<\/td>\n<td>cilindro<\/td>\n<\/tr>\n<tr>\n<td>color<\/td>\n<td>blanco<\/td>\n<\/tr>\n<tr>\n<td>embalaje<\/td>\n<td>caja de papel<\/td>\n<\/tr>\n<tr>\n<td>materia prima<\/td>\n<td>fibra pp<\/td>\n<\/tr>\n<tr>\n<td>aparici\u00f3n<\/td>\n<td>en relieve; brillante; etc.<\/td>\n<\/tr>\n<tr>\n<td>tasa de micras<\/td>\n<td>5-10 micras<\/td>\n<\/tr>\n<tr>\n<td>longitud<\/td>\n<td>10\u2033 \/ 20\u2033 \/ 30\u2033 \/ 40\u2033<\/td>\n<\/tr>\n<tr>\n<td>medios filtrantes<\/td>\n<td>PP<\/td>\n<\/tr>\n<tr>\n<td>certificado<\/td>\n<td>ISO9001 \/ SGS<\/td>\n<\/tr>\n<tr>\n<td>nombre<\/td>\n<td>Cartucho de agua de PP<\/td>\n<\/tr>\n<tr>\n<td>capacidad de suministro<\/td>\n<td>5000 Piezas por semana<\/td>\n<\/tr>\n<\/tbody>\n<\/table>","protected":false},"excerpt":{"rendered":"<p>Este cartucho de agua PP se hace para el hogar pre-filtraci\u00f3n para atrapar los sedimentos antes de que llegue a su sistema de \u00f3smosis inversa. Elija la longitud y la clasificaci\u00f3n de micras que se ajuste a su carcasa.<\/p>","protected":false},"featured_media":1667,"comment_status":"open","ping_status":"closed","template":"","meta":{"_gspb_post_css":""},"product_brand":[],"product_cat":[23,17],"product_tag":[765,764,762,638,761,763],"class_list":{"0":"post-1654","1":"product","2":"type-product","3":"status-publish","4":"has-post-thumbnail","6":"product_cat-pp-filter-cartridge","7":"product_cat-sediment-filter","8":"product_tag-10-20-30-40-inch-cartridge","9":"product_tag-5-10-micron-pp-filter","10":"product_tag-household-prefilter-cartridge","11":"product_tag-pp-fiber-filter-cartridge","12":"product_tag-pp-water-cartridge","13":"product_tag-reverse-osmosis-pre-filtration","15":"first","16":"instock","17":"shipping-taxable","18":"product-type-simple"},"_links":{"self":[{"href":"https:\/\/lyfilter.com\/es\/wp-json\/wp\/v2\/product\/1654","targetHints":{"allow":["GET"]}}],"collection":[{"href":"https:\/\/lyfilter.com\/es\/wp-json\/wp\/v2\/product"}],"about":[{"href":"https:\/\/lyfilter.com\/es\/wp-json\/wp\/v2\/types\/product"}],"replies":[{"embeddable":true,"href":"https:\/\/lyfilter.com\/es\/wp-json\/wp\/v2\/comments?post=1654"}],"wp:featuredmedia":[{"embeddable":true,"href":"https:\/\/lyfilter.com\/es\/wp-json\/wp\/v2\/media\/1667"}],"wp:attachment":[{"href":"https:\/\/lyfilter.com\/es\/wp-json\/wp\/v2\/media?parent=1654"}],"wp:term":[{"taxonomy":"product_brand","embeddable":true,"href":"https:\/\/lyfilter.com\/es\/wp-json\/wp\/v2\/product_brand?post=1654"},{"taxonomy":"product_cat","embeddable":true,"href":"https:\/\/lyfilter.com\/es\/wp-json\/wp\/v2\/product_cat?post=1654"},{"taxonomy":"product_tag","embeddable":true,"href":"https:\/\/lyfilter.com\/es\/wp-json\/wp\/v2\/product_tag?post=1654"}],"curies":[{"name":"wp","href":"https:\/\/api.w.org\/{rel}","templated":true}]}}