{"id":1634,"date":"2026-01-05T07:30:44","date_gmt":"2026-01-05T07:30:44","guid":{"rendered":"https:\/\/lyfilter.com\/?post_type=product&#038;p=1634"},"modified":"2026-01-05T07:30:44","modified_gmt":"2026-01-05T07:30:44","slug":"customized-sizes-1-5-10-microns-melt-blown-series-pp-polypropylene-water-filter-cartridge-sediment-for-liquid-water-filter","status":"publish","type":"product","link":"https:\/\/lyfilter.com\/es\/customized-sizes-1-5-10-microns-melt-blown-series-pp-polypropylene-water-filter-cartridge-sediment-for-liquid-water-filter\/","title":{"rendered":"Tama\u00f1os personalizados 1 5 10 micras fundido soplado serie PP polipropileno cartucho de filtro de agua de sedimentos para el filtro de agua l\u00edquida"},"content":{"rendered":"<table>\n<thead>\n<tr>\n<th>Art\u00edculo<\/th>\n<th>Detalles<\/th>\n<\/tr>\n<\/thead>\n<tbody>\n<tr>\n<td>sectores aplicables<\/td>\n<td>F\u00e1brica de alimentos y bebidas; Granjas; Restaurante; Uso dom\u00e9stico; Tiendas de alimentos y bebidas<\/td>\n<\/tr>\n<tr>\n<td>lugar de origen<\/td>\n<td>Guangdong, China<\/td>\n<\/tr>\n<tr>\n<td>marca<\/td>\n<td>LVYUAN\/OEM<\/td>\n<\/tr>\n<tr>\n<td>material<\/td>\n<td>Polipropileno<\/td>\n<\/tr>\n<tr>\n<td>peso<\/td>\n<td>OEM<\/td>\n<\/tr>\n<tr>\n<td>talla<\/td>\n<td>OEM<\/td>\n<\/tr>\n<tr>\n<td>potencia<\/td>\n<td>0<\/td>\n<\/tr>\n<tr>\n<td>garant\u00eda<\/td>\n<td>No disponible<\/td>\n<\/tr>\n<tr>\n<td>nombre del producto<\/td>\n<td>Cartucho filtrante de agua de polipropileno PP de la serie Melt Blown Sediment<\/td>\n<\/tr>\n<tr>\n<td>tipo de filtro<\/td>\n<td>Ranura; relieve; puntos; logotipo de la empresa<\/td>\n<\/tr>\n<tr>\n<td>di\u00e1metro exterior<\/td>\n<td>10-200 mm<\/td>\n<\/tr>\n<tr>\n<td>precisi\u00f3n<\/td>\n<td>1-100 micras<\/td>\n<\/tr>\n<tr>\n<td>di\u00e1metro interior<\/td>\n<td>OEM<\/td>\n<\/tr>\n<tr>\n<td>adaptador de filtro<\/td>\n<td>Tipo plano; Tipo 222; Tipo 226; Tipo 215<\/td>\n<\/tr>\n<tr>\n<td>temperatura m\u00e1xima<\/td>\n<td>80\u2103<\/td>\n<\/tr>\n<tr>\n<td>ca\u00edda de presi\u00f3n de trabajo<\/td>\n<td>0,1 kgf\/c\u33a1<\/td>\n<\/tr>\n<tr>\n<td>confinado m\u00e1s alto<\/td>\n<td>5 kgf\/c\u33a1<\/td>\n<\/tr>\n<tr>\n<td>ca\u00edda de presi\u00f3n m\u00e1xima<\/td>\n<td>3 kgf\/c\u33a1<\/td>\n<\/tr>\n<tr>\n<td>servicio posventa<\/td>\n<td>Asistencia en l\u00ednea<\/td>\n<\/tr>\n<tr>\n<td>unidades de venta<\/td>\n<td>Art\u00edculo \u00fanico<\/td>\n<\/tr>\n<tr>\n<td>tama\u00f1o de envase individual<\/td>\n<td>53 \u00d7 33 \u00d7 33 cm<\/td>\n<\/tr>\n<tr>\n<td>peso bruto \u00fanico<\/td>\n<td>9.000 kg<\/td>\n<\/tr>\n<tr>\n<td>tipo de paquete<\/td>\n<td>Empaquetado en cart\u00f3n de papel (cartucho de sedimentos de PP fundido soplado de 1\/5\/10 micras para filtro de agua l\u00edquida)<\/td>\n<\/tr>\n<tr>\n<td>plazo de entrega (1-100 piezas)<\/td>\n<td>2 d\u00edas<\/td>\n<\/tr>\n<tr>\n<td>plazo de entrega (101-500 piezas)<\/td>\n<td>3 d\u00edas<\/td>\n<\/tr>\n<tr>\n<td>plazo de entrega (501-5000 piezas)<\/td>\n<td>7 d\u00edas<\/td>\n<\/tr>\n<tr>\n<td>plazo de entrega (&gt;5000 piezas)<\/td>\n<td>A negociar<\/td>\n<\/tr>\n<\/tbody>\n<\/table>","protected":false},"excerpt":{"rendered":"<p>Este cartucho de PP fundido soplado ayuda a reducir los sedimentos en la filtraci\u00f3n de agua l\u00edquida para cocinas, granjas y plantas peque\u00f1as. Elija el tipo de adaptador y la clasificaci\u00f3n de micras que se ajuste a su carcasa.<\/p>","protected":false},"featured_media":1636,"comment_status":"open","ping_status":"closed","template":"","meta":{"_gspb_post_css":""},"product_brand":[],"product_cat":[23,17],"product_tag":[664,753,661,347,758,754],"class_list":{"0":"post-1634","1":"product","2":"type-product","3":"status-publish","4":"has-post-thumbnail","6":"product_cat-pp-filter-cartridge","7":"product_cat-sediment-filter","8":"product_tag-1-5-10-micron-filter","9":"product_tag-liquid-water-filter-cartridge","10":"product_tag-melt-blown-pp-filter-cartridge","11":"product_tag-polypropylene-water-filter","12":"product_tag-pp-sediment-cartridge","13":"product_tag-water-filter-adaptor-222-226","15":"first","16":"instock","17":"shipping-taxable","18":"product-type-simple"},"_links":{"self":[{"href":"https:\/\/lyfilter.com\/es\/wp-json\/wp\/v2\/product\/1634","targetHints":{"allow":["GET"]}}],"collection":[{"href":"https:\/\/lyfilter.com\/es\/wp-json\/wp\/v2\/product"}],"about":[{"href":"https:\/\/lyfilter.com\/es\/wp-json\/wp\/v2\/types\/product"}],"replies":[{"embeddable":true,"href":"https:\/\/lyfilter.com\/es\/wp-json\/wp\/v2\/comments?post=1634"}],"wp:featuredmedia":[{"embeddable":true,"href":"https:\/\/lyfilter.com\/es\/wp-json\/wp\/v2\/media\/1636"}],"wp:attachment":[{"href":"https:\/\/lyfilter.com\/es\/wp-json\/wp\/v2\/media?parent=1634"}],"wp:term":[{"taxonomy":"product_brand","embeddable":true,"href":"https:\/\/lyfilter.com\/es\/wp-json\/wp\/v2\/product_brand?post=1634"},{"taxonomy":"product_cat","embeddable":true,"href":"https:\/\/lyfilter.com\/es\/wp-json\/wp\/v2\/product_cat?post=1634"},{"taxonomy":"product_tag","embeddable":true,"href":"https:\/\/lyfilter.com\/es\/wp-json\/wp\/v2\/product_tag?post=1634"}],"curies":[{"name":"wp","href":"https:\/\/api.w.org\/{rel}","templated":true}]}}