{"id":1614,"date":"2026-01-05T07:19:25","date_gmt":"2026-01-05T07:19:25","guid":{"rendered":"https:\/\/lyfilter.com\/?post_type=product&#038;p=1614"},"modified":"2026-01-05T07:19:25","modified_gmt":"2026-01-05T07:19:25","slug":"big-flow-rate-1-5-10-microns-polypropylene-water-filter-pp-melt-blown-cartridge-filter-for-ro-water-system-pre-filtration","status":"publish","type":"product","link":"https:\/\/lyfilter.com\/es\/big-flow-rate-1-5-10-microns-polypropylene-water-filter-pp-melt-blown-cartridge-filter-for-ro-water-system-pre-filtration\/","title":{"rendered":"Gran caudal 1 5 10 micras filtro de agua de polipropileno pp fundido soplado filtro de cartucho para el sistema de agua de \u00f3smosis inversa prefiltraci\u00f3n"},"content":{"rendered":"<table>\n<thead>\n<tr>\n<th>Art\u00edculo<\/th>\n<th>Detalles<\/th>\n<\/tr>\n<\/thead>\n<tbody>\n<tr>\n<td>sectores aplicables<\/td>\n<td>F\u00e1brica de alimentos y bebidas; Granjas; Restaurante; Uso dom\u00e9stico; Tiendas de alimentos y bebidas<\/td>\n<\/tr>\n<tr>\n<td>lugar de origen<\/td>\n<td>Guangdong, China<\/td>\n<\/tr>\n<tr>\n<td>marca<\/td>\n<td>LVYUAN\/OEM<\/td>\n<\/tr>\n<tr>\n<td>material<\/td>\n<td>Polipropileno<\/td>\n<\/tr>\n<tr>\n<td>peso<\/td>\n<td>OEM<\/td>\n<\/tr>\n<tr>\n<td>talla<\/td>\n<td>OEM<\/td>\n<\/tr>\n<tr>\n<td>potencia<\/td>\n<td>0<\/td>\n<\/tr>\n<tr>\n<td>garant\u00eda<\/td>\n<td>No disponible<\/td>\n<\/tr>\n<tr>\n<td>nombre del producto<\/td>\n<td>Cartucho filtrante de agua de polipropileno PP de la serie Melt Blown Sediment<\/td>\n<\/tr>\n<tr>\n<td>tipo de filtro<\/td>\n<td>Ranura; relieve; puntos; logotipo de la empresa<\/td>\n<\/tr>\n<tr>\n<td>di\u00e1metro exterior<\/td>\n<td>10-200 mm<\/td>\n<\/tr>\n<tr>\n<td>precisi\u00f3n<\/td>\n<td>1-100 micras<\/td>\n<\/tr>\n<tr>\n<td>di\u00e1metro interior<\/td>\n<td>OEM<\/td>\n<\/tr>\n<tr>\n<td>adaptador de filtro<\/td>\n<td>Tipo plano; Tipo 222; Tipo 226; Tipo 215<\/td>\n<\/tr>\n<tr>\n<td>temperatura m\u00e1xima<\/td>\n<td>80\u2103<\/td>\n<\/tr>\n<tr>\n<td>ca\u00edda de presi\u00f3n de trabajo<\/td>\n<td>0,1 kgf\/c\u33a1<\/td>\n<\/tr>\n<tr>\n<td>confinado m\u00e1s alto<\/td>\n<td>5 kgf\/c\u33a1<\/td>\n<\/tr>\n<tr>\n<td>ca\u00edda de presi\u00f3n m\u00e1xima<\/td>\n<td>3 kgf\/c\u33a1<\/td>\n<\/tr>\n<tr>\n<td>servicio posventa<\/td>\n<td>Asistencia en l\u00ednea<\/td>\n<\/tr>\n<tr>\n<td>unidades de venta<\/td>\n<td>Art\u00edculo \u00fanico<\/td>\n<\/tr>\n<tr>\n<td>tama\u00f1o de envase individual<\/td>\n<td>53 \u00d7 33 \u00d7 33 cm<\/td>\n<\/tr>\n<tr>\n<td>gr \u00fanico<\/td>\n<td><\/td>\n<\/tr>\n<\/tbody>\n<\/table>","protected":false},"excerpt":{"rendered":"<p>Este cartucho de PP fundido soplado ayuda a reducir los sedimentos en la filtraci\u00f3n de agua l\u00edquida, desde cocinas hasta peque\u00f1as plantas. Elija el estilo de adaptador y la clasificaci\u00f3n de micras que se ajuste a su carcasa.<\/p>","protected":false},"featured_media":1622,"comment_status":"open","ping_status":"closed","template":"","meta":{"_gspb_post_css":""},"product_brand":[],"product_cat":[23,17],"product_tag":[752,753,661,729,751,754],"class_list":{"0":"post-1614","1":"product","2":"type-product","3":"status-publish","4":"has-post-thumbnail","6":"product_cat-pp-filter-cartridge","7":"product_cat-sediment-filter","8":"product_tag-1-5-10-micron-cartridge","9":"product_tag-liquid-water-filter-cartridge","10":"product_tag-melt-blown-pp-filter-cartridge","11":"product_tag-polypropylene-filter-cartridge","12":"product_tag-pp-sediment-water-filter","13":"product_tag-water-filter-adaptor-222-226","15":"first","16":"instock","17":"shipping-taxable","18":"product-type-simple"},"_links":{"self":[{"href":"https:\/\/lyfilter.com\/es\/wp-json\/wp\/v2\/product\/1614","targetHints":{"allow":["GET"]}}],"collection":[{"href":"https:\/\/lyfilter.com\/es\/wp-json\/wp\/v2\/product"}],"about":[{"href":"https:\/\/lyfilter.com\/es\/wp-json\/wp\/v2\/types\/product"}],"replies":[{"embeddable":true,"href":"https:\/\/lyfilter.com\/es\/wp-json\/wp\/v2\/comments?post=1614"}],"wp:featuredmedia":[{"embeddable":true,"href":"https:\/\/lyfilter.com\/es\/wp-json\/wp\/v2\/media\/1622"}],"wp:attachment":[{"href":"https:\/\/lyfilter.com\/es\/wp-json\/wp\/v2\/media?parent=1614"}],"wp:term":[{"taxonomy":"product_brand","embeddable":true,"href":"https:\/\/lyfilter.com\/es\/wp-json\/wp\/v2\/product_brand?post=1614"},{"taxonomy":"product_cat","embeddable":true,"href":"https:\/\/lyfilter.com\/es\/wp-json\/wp\/v2\/product_cat?post=1614"},{"taxonomy":"product_tag","embeddable":true,"href":"https:\/\/lyfilter.com\/es\/wp-json\/wp\/v2\/product_tag?post=1614"}],"curies":[{"name":"wp","href":"https:\/\/api.w.org\/{rel}","templated":true}]}}