{"id":1587,"date":"2026-01-05T07:11:17","date_gmt":"2026-01-05T07:11:17","guid":{"rendered":"https:\/\/lyfilter.com\/?post_type=product&#038;p=1587"},"modified":"2026-05-07T08:46:14","modified_gmt":"2026-05-07T08:46:14","slug":"high-flow-water-filter-rate-pp-material-40-inch-big-blue-water-filter-cartridge-for-10-micron-industrial-water-filter-machine","status":"publish","type":"product","link":"https:\/\/lyfilter.com\/es\/high-flow-water-filter-rate-pp-material-40-inch-big-blue-water-filter-cartridge-for-10-micron-industrial-water-filter-machine\/","title":{"rendered":"Alta tasa de flujo de filtro de agua PP material de 40 pulgadas de gran cartucho de filtro de agua azul para 10 micras m\u00e1quina de filtro de agua industrial"},"content":{"rendered":"<table>\n<thead>\n<tr>\n<th>Art\u00edculo<\/th>\n<th>Detalles<\/th>\n<\/tr>\n<\/thead>\n<tbody>\n<tr>\n<td>condici\u00f3n<\/td>\n<td>Nuevo<\/td>\n<\/tr>\n<tr>\n<td>sectores aplicables<\/td>\n<td>Hoteles; tiendas de ropa; tiendas de materiales de construcci\u00f3n; planta de fabricaci\u00f3n; talleres de reparaci\u00f3n de maquinaria; f\u00e1brica de alimentos y bebidas; granjas; restaurante; uso dom\u00e9stico; comercio minorista; tienda de alimentaci\u00f3n; imprentas; obras de construcci\u00f3n; energ\u00eda y miner\u00eda; tiendas de alimentos y bebidas; empresa de publicidad.<\/td>\n<\/tr>\n<tr>\n<td>lugar de origen<\/td>\n<td>Guangdong, China<\/td>\n<\/tr>\n<tr>\n<td>marca<\/td>\n<td>LVYUAN\/OEM<\/td>\n<\/tr>\n<tr>\n<td>material<\/td>\n<td>Polipropileno<\/td>\n<\/tr>\n<tr>\n<td>peso<\/td>\n<td>OEM<\/td>\n<\/tr>\n<tr>\n<td>talla<\/td>\n<td>OEM<\/td>\n<\/tr>\n<tr>\n<td>potencia<\/td>\n<td>0<\/td>\n<\/tr>\n<tr>\n<td>garant\u00eda<\/td>\n<td>No disponible<\/td>\n<\/tr>\n<tr>\n<td>nombre del producto<\/td>\n<td>PP cartucho de filtro de agua azul grande para la m\u00e1quina de filtro de agua industrial<\/td>\n<\/tr>\n<tr>\n<td>tipo de filtro<\/td>\n<td>Ranura; relieve; puntos; logotipo de la empresa<\/td>\n<\/tr>\n<tr>\n<td>di\u00e1metro exterior<\/td>\n<td>10-200 mm<\/td>\n<\/tr>\n<tr>\n<td>precisi\u00f3n<\/td>\n<td>1-100 micras<\/td>\n<\/tr>\n<tr>\n<td>di\u00e1metro interior<\/td>\n<td>OEM<\/td>\n<\/tr>\n<tr>\n<td>adaptador de filtro<\/td>\n<td>Personalizado<\/td>\n<\/tr>\n<tr>\n<td>temperatura m\u00e1xima<\/td>\n<td>80\u2103<\/td>\n<\/tr>\n<tr>\n<td>ca\u00edda de presi\u00f3n de trabajo<\/td>\n<td>0,1 kgf\/c\u33a1<\/td>\n<\/tr>\n<tr>\n<td>confinado m\u00e1s alto<\/td>\n<td>5 kgf\/c\u33a1<\/td>\n<\/tr>\n<tr>\n<td>ca\u00edda de presi\u00f3n m\u00e1xima<\/td>\n<td>3 kgf\/c\u33a1<\/td>\n<\/tr>\n<tr>\n<td>servicio posventa<\/td>\n<td>Asistencia en l\u00ednea<\/td>\n<\/tr>\n<tr>\n<td>unidades de venta<\/td>\n<td>Art\u00edculo \u00fanico<\/td>\n<\/tr>\n<tr>\n<td>tama\u00f1o de envase individual<\/td>\n<td>111 \u00d7 35 \u00d7 35 cm<\/td>\n<\/tr>\n<tr>\n<td>peso bruto \u00fanico<\/td>\n<td>15.000 kg<\/td>\n<\/tr>\n<tr>\n<td>tipo de paquete<\/td>\n<td>Cart\u00f3n de papel para exportaci\u00f3n; material PP de alto flujo Cartucho azul grande de 40 pulgadas (10 micras) para m\u00e1quina industrial<\/td>\n<\/tr>\n<tr>\n<td>plazo de entrega (1-100 piezas)<\/td>\n<td>2 d\u00edas<\/td>\n<\/tr>\n<tr>\n<td>plazo de entrega (101-500 piezas)<\/td>\n<td>3 d\u00edas<\/td>\n<\/tr>\n<tr>\n<td>plazo de entrega (501-5000 piezas)<\/td>\n<td>7 d\u00edas<\/td>\n<\/tr>\n<tr>\n<td>plazo de entrega (&gt;5000 piezas)<\/td>\n<td>A negociar<\/td>\n<\/tr>\n<\/tbody>\n<\/table>","protected":false},"excerpt":{"rendered":"<p>Este cartucho PP Big Blue est\u00e1 dise\u00f1ado para m\u00e1quinas de filtrado de agua industriales que necesitan un caudal constante y una eliminaci\u00f3n de part\u00edculas fiable. Personalice el adaptador y el acabado para adaptarlo a su configuraci\u00f3n.<\/p>","protected":false},"featured_media":1596,"comment_status":"open","ping_status":"closed","template":"","meta":{"_gspb_post_css":""},"product_brand":[],"product_cat":[23,17],"product_tag":[297,744,741,343,743,742],"class_list":{"0":"post-1587","1":"product","2":"type-product","3":"status-publish","4":"has-post-thumbnail","6":"product_cat-pp-filter-cartridge","7":"product_cat-sediment-filter","8":"product_tag-1-100-micron-cartridge","9":"product_tag-10-micron-big-blue-filter","10":"product_tag-big-blue-water-filter-cartridge","11":"product_tag-high-flow-pp-filter","12":"product_tag-industrial-water-filter-cartridge","13":"product_tag-pp-big-blue-cartridge","15":"first","16":"instock","17":"shipping-taxable","18":"product-type-simple"},"_links":{"self":[{"href":"https:\/\/lyfilter.com\/es\/wp-json\/wp\/v2\/product\/1587","targetHints":{"allow":["GET"]}}],"collection":[{"href":"https:\/\/lyfilter.com\/es\/wp-json\/wp\/v2\/product"}],"about":[{"href":"https:\/\/lyfilter.com\/es\/wp-json\/wp\/v2\/types\/product"}],"replies":[{"embeddable":true,"href":"https:\/\/lyfilter.com\/es\/wp-json\/wp\/v2\/comments?post=1587"}],"wp:featuredmedia":[{"embeddable":true,"href":"https:\/\/lyfilter.com\/es\/wp-json\/wp\/v2\/media\/1596"}],"wp:attachment":[{"href":"https:\/\/lyfilter.com\/es\/wp-json\/wp\/v2\/media?parent=1587"}],"wp:term":[{"taxonomy":"product_brand","embeddable":true,"href":"https:\/\/lyfilter.com\/es\/wp-json\/wp\/v2\/product_brand?post=1587"},{"taxonomy":"product_cat","embeddable":true,"href":"https:\/\/lyfilter.com\/es\/wp-json\/wp\/v2\/product_cat?post=1587"},{"taxonomy":"product_tag","embeddable":true,"href":"https:\/\/lyfilter.com\/es\/wp-json\/wp\/v2\/product_tag?post=1587"}],"curies":[{"name":"wp","href":"https:\/\/api.w.org\/{rel}","templated":true}]}}