{"id":1580,"date":"2026-01-05T07:04:09","date_gmt":"2026-01-05T07:04:09","guid":{"rendered":"https:\/\/lyfilter.com\/?post_type=product&#038;p=1580"},"modified":"2026-01-05T07:04:09","modified_gmt":"2026-01-05T07:04:09","slug":"custom-brown-white-pneumatic-ppf-polypropylene-micron-particulate-probe-filter-element-for-water-trap-air-filtration-units","status":"publish","type":"product","link":"https:\/\/lyfilter.com\/es\/custom-brown-white-pneumatic-ppf-polypropylene-micron-particulate-probe-filter-element-for-water-trap-air-filtration-units\/","title":{"rendered":"Custom Brown White Pneumatic PPF Elemento filtrante de sonda de polipropileno microm\u00e9trico para unidades de filtraci\u00f3n de aire con colector de agua"},"content":{"rendered":"<table>\n<thead>\n<tr>\n<th>Art\u00edculo<\/th>\n<th>Detalles<\/th>\n<\/tr>\n<\/thead>\n<tbody>\n<tr>\n<td>condici\u00f3n<\/td>\n<td>Nuevo<\/td>\n<\/tr>\n<tr>\n<td>sectores aplicables<\/td>\n<td>Hoteles; tiendas de ropa; tiendas de materiales de construcci\u00f3n; planta de fabricaci\u00f3n; talleres de reparaci\u00f3n de maquinaria; f\u00e1brica de alimentos y bebidas; granjas; restaurante; uso dom\u00e9stico; comercio minorista; tienda de alimentaci\u00f3n; imprentas; obras de construcci\u00f3n; energ\u00eda y miner\u00eda; tiendas de alimentos y bebidas; empresa de publicidad.<\/td>\n<\/tr>\n<tr>\n<td>servicio post garant\u00eda<\/td>\n<td>Asistencia en l\u00ednea<\/td>\n<\/tr>\n<tr>\n<td>ubicaci\u00f3n del servicio local<\/td>\n<td>ninguno<\/td>\n<\/tr>\n<tr>\n<td>sala de exposiciones<\/td>\n<td>ninguno<\/td>\n<\/tr>\n<tr>\n<td>lugar de origen<\/td>\n<td>Guangdong, China<\/td>\n<\/tr>\n<tr>\n<td>marca<\/td>\n<td>Lvyuan \/ OEM<\/td>\n<\/tr>\n<tr>\n<td>material<\/td>\n<td>polipropileno<\/td>\n<\/tr>\n<tr>\n<td>peso<\/td>\n<td>depende<\/td>\n<\/tr>\n<tr>\n<td>talla<\/td>\n<td>est\u00e1ndar o a medida<\/td>\n<\/tr>\n<tr>\n<td>potencia<\/td>\n<td>0<\/td>\n<\/tr>\n<tr>\n<td>garant\u00eda<\/td>\n<td>No disponible<\/td>\n<\/tr>\n<tr>\n<td>nombre del producto<\/td>\n<td>elemento filtrante de part\u00edculas<\/td>\n<\/tr>\n<tr>\n<td>tasa de micras<\/td>\n<td>Cartucho filtrante 1\/3\/5\/10\/25\/50\/75\/100 micras<\/td>\n<\/tr>\n<tr>\n<td>certificaci\u00f3n<\/td>\n<td>CE, SGS<\/td>\n<\/tr>\n<tr>\n<td>aplicaci\u00f3n<\/td>\n<td>piezas de filtros de agua, \u00f3smosis inversa<\/td>\n<\/tr>\n<tr>\n<td>longitud<\/td>\n<td>5\u2033, 10\u2033, 20\u2033, 30\u2033, 40\u2033, 50\u2033 pulgadas<\/td>\n<\/tr>\n<tr>\n<td>medios filtrantes<\/td>\n<td>Hilado de polipropileno (PP)<\/td>\n<\/tr>\n<tr>\n<td>tapa<\/td>\n<td>DOE \/ 222Fin \/ 226Fin \/ 222Flat \/ 226Flat<\/td>\n<\/tr>\n<tr>\n<td>material de la junta\/anillo<\/td>\n<td>Silicona \/ EPDM \/ Viton<\/td>\n<\/tr>\n<tr>\n<td>uso<\/td>\n<td>Filtro de cartucho para l\u00edquidos<\/td>\n<\/tr>\n<tr>\n<td>n\u00facleo interno<\/td>\n<td>PP; acero inoxidable; ninguno<\/td>\n<\/tr>\n<tr>\n<td>unidades de venta<\/td>\n<td>Art\u00edculo \u00fanico<\/td>\n<\/tr>\n<tr>\n<td>tama\u00f1o de envase individual<\/td>\n<td>55 \u00d7 10 \u00d7 10 cm<\/td>\n<\/tr>\n<tr>\n<td>peso bruto \u00fanico<\/td>\n<td>2.000 kg<\/td>\n<\/tr>\n<tr>\n<td>tipo de paquete<\/td>\n<td>Embalaje personalizado marr\u00f3n\/blanco; el presupuesto es s\u00f3lo de referencia; env\u00ede las especificaciones para obtener el mejor precio actualizado<\/td>\n<\/tr>\n<tr>\n<td>embalaje de cart\u00f3n (10 pulgadas)<\/td>\n<td>50 unidades\/ctn, 400 \u00d7 400 \u00d7 685 mm<\/td>\n<\/tr>\n<tr>\n<td>embalaje de cart\u00f3n (20 pulgadas)<\/td>\n<td>25 unidades\/ctn, 400 \u00d7 400 \u00d7 685 mm<\/td>\n<\/tr>\n<tr>\n<td>embalaje de cart\u00f3n (30 pulgadas)<\/td>\n<td>25 unidades\/ctn, 835 \u00d7 435 \u00d7 425 mm<\/td>\n<\/tr>\n<tr>\n<td>embalaje de cart\u00f3n (40 pulgadas)<\/td>\n<td>25 unidades\/ctn, 1100 \u00d7 395 \u00d7 400 mm<\/td>\n<\/tr>\n<tr>\n<td>plazo de entrega (1-2000 piezas)<\/td>\n<td>15 d\u00edas<\/td>\n<\/tr>\n<tr>\n<td>plazo de entrega (&gt;2000 uds)<\/td>\n<td>A negociar<\/td>\n<\/tr>\n<tr>\n<td>nota sobre el producto<\/td>\n<td>Custom Brown White Pneumatic PPF Elemento filtrante de sonda de polipropileno microm\u00e9trico para unidades de filtraci\u00f3n de aire con colector de agua<\/td>\n<\/tr>\n<\/tbody>\n<\/table>","protected":false},"excerpt":{"rendered":"<p>Este elemento de filtro de part\u00edculas le ayuda a capturar sedimentos y part\u00edculas finas para un rendimiento m\u00e1s estable en configuraciones de \u00f3smosis inversa y filtraci\u00f3n de agua. Personalice el tama\u00f1o y los accesorios para adaptarlos a su carcasa.<\/p>","protected":false},"featured_media":1581,"comment_status":"open","ping_status":"closed","template":"","meta":{"_gspb_post_css":""},"product_brand":[],"product_cat":[17,23],"product_tag":[297,681,740,675,649,731],"class_list":{"0":"post-1580","1":"product","2":"type-product","3":"status-publish","4":"has-post-thumbnail","6":"product_cat-sediment-filter","7":"product_cat-pp-filter-cartridge","8":"product_tag-1-100-micron-cartridge","9":"product_tag-liquid-cartridge-filter","10":"product_tag-particulate-filter-element","11":"product_tag-pp-spun-filter-cartridge","12":"product_tag-reverse-osmosis-prefilter","13":"product_tag-water-filter-parts","15":"first","16":"instock","17":"shipping-taxable","18":"product-type-simple"},"_links":{"self":[{"href":"https:\/\/lyfilter.com\/es\/wp-json\/wp\/v2\/product\/1580","targetHints":{"allow":["GET"]}}],"collection":[{"href":"https:\/\/lyfilter.com\/es\/wp-json\/wp\/v2\/product"}],"about":[{"href":"https:\/\/lyfilter.com\/es\/wp-json\/wp\/v2\/types\/product"}],"replies":[{"embeddable":true,"href":"https:\/\/lyfilter.com\/es\/wp-json\/wp\/v2\/comments?post=1580"}],"wp:featuredmedia":[{"embeddable":true,"href":"https:\/\/lyfilter.com\/es\/wp-json\/wp\/v2\/media\/1581"}],"wp:attachment":[{"href":"https:\/\/lyfilter.com\/es\/wp-json\/wp\/v2\/media?parent=1580"}],"wp:term":[{"taxonomy":"product_brand","embeddable":true,"href":"https:\/\/lyfilter.com\/es\/wp-json\/wp\/v2\/product_brand?post=1580"},{"taxonomy":"product_cat","embeddable":true,"href":"https:\/\/lyfilter.com\/es\/wp-json\/wp\/v2\/product_cat?post=1580"},{"taxonomy":"product_tag","embeddable":true,"href":"https:\/\/lyfilter.com\/es\/wp-json\/wp\/v2\/product_tag?post=1580"}],"curies":[{"name":"wp","href":"https:\/\/api.w.org\/{rel}","templated":true}]}}