{"id":1560,"date":"2026-01-05T07:01:04","date_gmt":"2026-01-05T07:01:04","guid":{"rendered":"https:\/\/lyfilter.com\/?post_type=product&#038;p=1560"},"modified":"2026-01-05T07:01:04","modified_gmt":"2026-01-05T07:01:04","slug":"pp-f-sediment-removal-1-5-10-25-microns-water-filters-melt-blown-pp-cartridge-polypropylene-filter-sponge-for-ro-parts","status":"publish","type":"product","link":"https:\/\/lyfilter.com\/es\/pp-f-sediment-removal-1-5-10-25-microns-water-filters-melt-blown-pp-cartridge-polypropylene-filter-sponge-for-ro-parts\/","title":{"rendered":"PP-F Eliminaci\u00f3n de sedimentos 1 5 10 25 micras filtros de agua Melt soplado PP cartucho de polipropileno esponja filtro para piezas de RO"},"content":{"rendered":"<table>\n<thead>\n<tr>\n<th>Art\u00edculo<\/th>\n<th>Detalles<\/th>\n<\/tr>\n<\/thead>\n<tbody>\n<tr>\n<td>condici\u00f3n<\/td>\n<td>Nuevo<\/td>\n<\/tr>\n<tr>\n<td>sectores aplicables<\/td>\n<td>Hoteles; tiendas de ropa; tiendas de materiales de construcci\u00f3n; planta de fabricaci\u00f3n; talleres de reparaci\u00f3n de maquinaria; f\u00e1brica de alimentos y bebidas; granjas; restaurante; uso dom\u00e9stico; comercio minorista; tienda de alimentaci\u00f3n; imprentas; obras de construcci\u00f3n; energ\u00eda y miner\u00eda; tiendas de alimentos y bebidas; empresa de publicidad; otros.<\/td>\n<\/tr>\n<tr>\n<td>servicio post garant\u00eda<\/td>\n<td>Asistencia en l\u00ednea<\/td>\n<\/tr>\n<tr>\n<td>ubicaci\u00f3n del servicio local<\/td>\n<td>ninguno<\/td>\n<\/tr>\n<tr>\n<td>sala de exposiciones<\/td>\n<td>ninguno<\/td>\n<\/tr>\n<tr>\n<td>v\u00eddeo salida-inspecci\u00f3n<\/td>\n<td>Proporcionado<\/td>\n<\/tr>\n<tr>\n<td>informe de ensayo de maquinaria<\/td>\n<td>No disponible<\/td>\n<\/tr>\n<tr>\n<td>tipo de marketing<\/td>\n<td>Producto ordinario<\/td>\n<\/tr>\n<tr>\n<td>garant\u00eda de los componentes principales<\/td>\n<td>No disponible<\/td>\n<\/tr>\n<tr>\n<td>lugar de origen<\/td>\n<td>Guangdong, China<\/td>\n<\/tr>\n<tr>\n<td>marca<\/td>\n<td>Lvyuan \/ OEM<\/td>\n<\/tr>\n<tr>\n<td>material<\/td>\n<td>cart\u00f3n<\/td>\n<\/tr>\n<tr>\n<td>peso<\/td>\n<td>depende<\/td>\n<\/tr>\n<tr>\n<td>talla<\/td>\n<td>depende<\/td>\n<\/tr>\n<tr>\n<td>potencia<\/td>\n<td>0<\/td>\n<\/tr>\n<tr>\n<td>garant\u00eda<\/td>\n<td>No disponible<\/td>\n<\/tr>\n<tr>\n<td>nombre del producto<\/td>\n<td>cartucho filtrante de pp soplado por fusi\u00f3n<\/td>\n<\/tr>\n<tr>\n<td>tasa de micras<\/td>\n<td>1, 3, 5, 10, 25 micras (eliminaci\u00f3n de sedimentos)<\/td>\n<\/tr>\n<tr>\n<td>certificaci\u00f3n<\/td>\n<td>CE SG\/S<\/td>\n<\/tr>\n<tr>\n<td>aplicaci\u00f3n<\/td>\n<td>piezas de filtros de agua, \u00f3smosis inversa<\/td>\n<\/tr>\n<tr>\n<td>longitud<\/td>\n<td>5\u2033, 10\u2033, 20\u2033, 30\u2033, 40\u2033, 50\u2033 pulgadas<\/td>\n<\/tr>\n<tr>\n<td>medios filtrantes<\/td>\n<td>Membrana de polipropileno (PP)<\/td>\n<\/tr>\n<tr>\n<td>tapa<\/td>\n<td>DOE; 222+Fin; 222+Piso; 226+Fin; 226+Piso<\/td>\n<\/tr>\n<tr>\n<td>material de la junta\/anillo<\/td>\n<td>Silicona \/ EPDM \/ Viton<\/td>\n<\/tr>\n<tr>\n<td>uso<\/td>\n<td>Filtro de cartucho para l\u00edquidos<\/td>\n<\/tr>\n<tr>\n<td>n\u00facleo interno<\/td>\n<td>PP o Ninguno<\/td>\n<\/tr>\n<tr>\n<td>componentes b\u00e1sicos<\/td>\n<td>Elemento filtrante<\/td>\n<\/tr>\n<tr>\n<td>capacidad de suministro<\/td>\n<td>5000 Piezas\/Piezas por D\u00eda (esponja filtrante de polipropileno)<\/td>\n<\/tr>\n<tr>\n<td>descripci\u00f3n adicional<\/td>\n<td>Filtros de agua de eliminaci\u00f3n de sedimentos PP-F; cartucho de PP soplado por fusi\u00f3n; esponja filtrante de polipropileno para piezas de \u00f3smosis inversa<\/td>\n<\/tr>\n<\/tbody>\n<\/table>","protected":false},"excerpt":{"rendered":"<p>Este cartucho de PP fundido soplado est\u00e1 hecho para la eliminaci\u00f3n de sedimentos en configuraciones de \u00f3smosis inversa y piezas de filtros de agua. Elija la clasificaci\u00f3n de micras y el hardware que coincida con su carcasa para un flujo m\u00e1s suave.<\/p>","protected":false},"featured_media":1574,"comment_status":"open","ping_status":"closed","template":"","meta":{"_gspb_post_css":""},"product_brand":[],"product_cat":[23,17],"product_tag":[738,681,737,739,662,649],"class_list":{"0":"post-1560","1":"product","2":"type-product","3":"status-publish","4":"has-post-thumbnail","6":"product_cat-pp-filter-cartridge","7":"product_cat-sediment-filter","8":"product_tag-1-5-10-25-micron-filter","9":"product_tag-liquid-cartridge-filter","10":"product_tag-melt-blown-pp-cartridge","11":"product_tag-polypropylene-filter-sponge","12":"product_tag-pp-sediment-filter","13":"product_tag-reverse-osmosis-prefilter","15":"first","16":"instock","17":"shipping-taxable","18":"product-type-simple"},"_links":{"self":[{"href":"https:\/\/lyfilter.com\/es\/wp-json\/wp\/v2\/product\/1560","targetHints":{"allow":["GET"]}}],"collection":[{"href":"https:\/\/lyfilter.com\/es\/wp-json\/wp\/v2\/product"}],"about":[{"href":"https:\/\/lyfilter.com\/es\/wp-json\/wp\/v2\/types\/product"}],"replies":[{"embeddable":true,"href":"https:\/\/lyfilter.com\/es\/wp-json\/wp\/v2\/comments?post=1560"}],"wp:featuredmedia":[{"embeddable":true,"href":"https:\/\/lyfilter.com\/es\/wp-json\/wp\/v2\/media\/1574"}],"wp:attachment":[{"href":"https:\/\/lyfilter.com\/es\/wp-json\/wp\/v2\/media?parent=1560"}],"wp:term":[{"taxonomy":"product_brand","embeddable":true,"href":"https:\/\/lyfilter.com\/es\/wp-json\/wp\/v2\/product_brand?post=1560"},{"taxonomy":"product_cat","embeddable":true,"href":"https:\/\/lyfilter.com\/es\/wp-json\/wp\/v2\/product_cat?post=1560"},{"taxonomy":"product_tag","embeddable":true,"href":"https:\/\/lyfilter.com\/es\/wp-json\/wp\/v2\/product_tag?post=1560"}],"curies":[{"name":"wp","href":"https:\/\/api.w.org\/{rel}","templated":true}]}}