{"id":1533,"date":"2026-01-04T10:55:37","date_gmt":"2026-01-04T10:55:37","guid":{"rendered":"https:\/\/lyfilter.com\/?post_type=product&#038;p=1533"},"modified":"2026-01-04T11:03:32","modified_gmt":"2026-01-04T11:03:32","slug":"best-quality-filtro-carbon-activado-agua-filtros-de-sedimento-pp","status":"publish","type":"product","link":"https:\/\/lyfilter.com\/es\/best-quality-filtro-carbon-activado-agua-filtros-de-sedimento-pp\/","title":{"rendered":"Best Quality filtro carbon activado agua filtros de sedimento PP"},"content":{"rendered":"<table>\n<thead>\n<tr>\n<th>Visi\u00f3n general<\/th>\n<th>Nombre del producto<\/th>\n<th>filtro carbon activado agua<\/th>\n<\/tr>\n<\/thead>\n<tbody>\n<tr>\n<td>Visi\u00f3n general<\/td>\n<td>Serie \/ Modelo<\/td>\n<td>Serie LY-PPF<\/td>\n<\/tr>\n<tr>\n<td>Visi\u00f3n general<\/td>\n<td>Marca<\/td>\n<td>Lvyuan \/ OEM<\/td>\n<\/tr>\n<tr>\n<td>Detalles r\u00e1pidos<\/td>\n<td>Lugar de origen<\/td>\n<td>Guangdong, China<\/td>\n<\/tr>\n<tr>\n<td>Detalles r\u00e1pidos<\/td>\n<td>Medio filtrante<\/td>\n<td>Cartucho filtrante de PP fundido soplado<\/td>\n<\/tr>\n<tr>\n<td>Detalles r\u00e1pidos<\/td>\n<td>Tasa de micras<\/td>\n<td>1, 3, 5, 10 ~ 100<\/td>\n<\/tr>\n<tr>\n<td>Detalles r\u00e1pidos<\/td>\n<td>Aplicaci\u00f3n<\/td>\n<td>Piezas de filtros de agua, \u00f3smosis inversa<\/td>\n<\/tr>\n<tr>\n<td>Detalles r\u00e1pidos<\/td>\n<td>Utilizaci\u00f3n<\/td>\n<td>Filtro de cartucho para l\u00edquidos<\/td>\n<\/tr>\n<tr>\n<td>Detalles r\u00e1pidos<\/td>\n<td>Longitud<\/td>\n<td>5\u2033, 10\u2033, 20\u2033, 30\u2033, 40\u2033, 50\u2033<\/td>\n<\/tr>\n<tr>\n<td>Detalles r\u00e1pidos<\/td>\n<td>Tapa<\/td>\n<td>DOE, 222+Fin, 222+Piso, 226+Fin, 226+Piso<\/td>\n<\/tr>\n<tr>\n<td>Detalles r\u00e1pidos<\/td>\n<td>Material de la junta t\u00f3rica<\/td>\n<td>Silicona \/ EPDM \/ Viton<\/td>\n<\/tr>\n<tr>\n<td>Detalles r\u00e1pidos<\/td>\n<td>N\u00facleo interno<\/td>\n<td>PP o Ninguno<\/td>\n<\/tr>\n<tr>\n<td>Detalles r\u00e1pidos<\/td>\n<td>Certificaci\u00f3n<\/td>\n<td>CE, SGS<\/td>\n<\/tr>\n<tr>\n<td>Capacidad de suministro<\/td>\n<td>Capacidad diaria<\/td>\n<td>5000 piezas por d\u00eda<\/td>\n<\/tr>\n<\/tbody>\n<\/table>\n<p>&nbsp;<\/p>","protected":false},"excerpt":{"rendered":"<p>Una opci\u00f3n de cartucho fiable para un agua m\u00e1s limpia, con clasificaciones de micras flexibles y tama\u00f1os que se adaptan a muchas carcasas de \u00f3smosis inversa y filtraci\u00f3n.<\/p>","protected":false},"featured_media":1539,"comment_status":"open","ping_status":"closed","template":"","meta":{"_gspb_post_css":""},"product_brand":[],"product_cat":[23,17],"product_tag":[297,723,298,725,355,724],"class_list":{"0":"post-1533","1":"product","2":"type-product","3":"status-publish","4":"has-post-thumbnail","6":"product_cat-pp-filter-cartridge","7":"product_cat-sediment-filter","8":"product_tag-1-100-micron-cartridge","9":"product_tag-activated-carbon-cartridge","10":"product_tag-lvyuan-oem","11":"product_tag-pp-melt-blown-filter","12":"product_tag-reverse-osmosis-filter","13":"product_tag-water-filtration-parts","15":"first","16":"instock","17":"shipping-taxable","18":"product-type-simple"},"_links":{"self":[{"href":"https:\/\/lyfilter.com\/es\/wp-json\/wp\/v2\/product\/1533","targetHints":{"allow":["GET"]}}],"collection":[{"href":"https:\/\/lyfilter.com\/es\/wp-json\/wp\/v2\/product"}],"about":[{"href":"https:\/\/lyfilter.com\/es\/wp-json\/wp\/v2\/types\/product"}],"replies":[{"embeddable":true,"href":"https:\/\/lyfilter.com\/es\/wp-json\/wp\/v2\/comments?post=1533"}],"wp:featuredmedia":[{"embeddable":true,"href":"https:\/\/lyfilter.com\/es\/wp-json\/wp\/v2\/media\/1539"}],"wp:attachment":[{"href":"https:\/\/lyfilter.com\/es\/wp-json\/wp\/v2\/media?parent=1533"}],"wp:term":[{"taxonomy":"product_brand","embeddable":true,"href":"https:\/\/lyfilter.com\/es\/wp-json\/wp\/v2\/product_brand?post=1533"},{"taxonomy":"product_cat","embeddable":true,"href":"https:\/\/lyfilter.com\/es\/wp-json\/wp\/v2\/product_cat?post=1533"},{"taxonomy":"product_tag","embeddable":true,"href":"https:\/\/lyfilter.com\/es\/wp-json\/wp\/v2\/product_tag?post=1533"}],"curies":[{"name":"wp","href":"https:\/\/api.w.org\/{rel}","templated":true}]}}