{"id":1492,"date":"2026-01-04T09:52:13","date_gmt":"2026-01-04T09:52:13","guid":{"rendered":"https:\/\/lyfilter.com\/?post_type=product&#038;p=1492"},"modified":"2026-01-04T09:56:39","modified_gmt":"2026-01-04T09:56:39","slug":"hot-sale-20-2-5-pp-sediment-filter-1-micron-to-60-micron-cartridge-replacement-water-cartridge-1-box-25-pcs","status":"publish","type":"product","link":"https:\/\/lyfilter.com\/es\/hot-sale-20-2-5-pp-sediment-filter-1-micron-to-60-micron-cartridge-replacement-water-cartridge-1-box-25-pcs\/","title":{"rendered":"venta CALIENTE 20 \u201d * 2.5 \u201d pp filtro de sedimentos 1 micra a 60 micras cartucho de agua de repuesto cartucho 1 caja \/25\/pcs"},"content":{"rendered":"<table>\n<thead>\n<tr>\n<th>visi\u00f3n general<\/th>\n<th>Cartucho filtrante de agua de fibra de PP de alta eficacia para el tratamiento del agua.<\/th>\n<\/tr>\n<\/thead>\n<tbody>\n<tr>\n<td>sectores aplicables<\/td>\n<td>Planta de fabricaci\u00f3n; f\u00e1brica de alimentos y bebidas; uso dom\u00e9stico; tratamiento de aguas<\/td>\n<\/tr>\n<tr>\n<td>lugar de origen<\/td>\n<td>Guangdong, China<\/td>\n<\/tr>\n<tr>\n<td>marca<\/td>\n<td>Lvyuan; OEM; ODM<\/td>\n<\/tr>\n<tr>\n<td>material<\/td>\n<td>pp<\/td>\n<\/tr>\n<tr>\n<td>materia prima<\/td>\n<td>fibra pp<\/td>\n<\/tr>\n<tr>\n<td>talla<\/td>\n<td>personalizado<\/td>\n<\/tr>\n<tr>\n<td>longitud<\/td>\n<td>20 pulgadas<\/td>\n<\/tr>\n<tr>\n<td>peso<\/td>\n<td>personalizado<\/td>\n<\/tr>\n<tr>\n<td>potencia<\/td>\n<td>0<\/td>\n<\/tr>\n<tr>\n<td>garant\u00eda<\/td>\n<td>No disponible<\/td>\n<\/tr>\n<tr>\n<td>funci\u00f3n<\/td>\n<td>Alta eficacia<\/td>\n<\/tr>\n<tr>\n<td>\u00edndice de eliminaci\u00f3n<\/td>\n<td>1 micra; 5 micras<\/td>\n<\/tr>\n<tr>\n<td>uso<\/td>\n<td>tratamiento del agua<\/td>\n<\/tr>\n<tr>\n<td>aplicaci\u00f3n<\/td>\n<td>industria<\/td>\n<\/tr>\n<tr>\n<td>color<\/td>\n<td>blanco<\/td>\n<\/tr>\n<tr>\n<td>aparici\u00f3n<\/td>\n<td>en relieve, brillante, etc.<\/td>\n<\/tr>\n<tr>\n<td>embalaje \/ tipo de embalaje<\/td>\n<td>caja de papel<\/td>\n<\/tr>\n<tr>\n<td>servicio posventa<\/td>\n<td>Asistencia en l\u00ednea<\/td>\n<\/tr>\n<tr>\n<td>unidades de venta<\/td>\n<td>Art\u00edculo \u00fanico<\/td>\n<\/tr>\n<tr>\n<td>tama\u00f1o de envase individual<\/td>\n<td>54 \u00d7 34 \u00d7 34 cm<\/td>\n<\/tr>\n<tr>\n<td>peso bruto \u00fanico<\/td>\n<td>5.800 kg<\/td>\n<\/tr>\n<\/tbody>\n<\/table>","protected":false},"excerpt":{"rendered":"<p>Un cartucho de fibra de PP de 20 pulgadas de alta eficacia que ayuda a eliminar los sedimentos finos para obtener un agua m\u00e1s limpia en los sistemas dom\u00e9sticos e industriales, con asistencia en l\u00ednea disponible.<\/p>","protected":false},"featured_media":1496,"comment_status":"open","ping_status":"closed","template":"","meta":{"_gspb_post_css":""},"product_brand":[],"product_cat":[23,17],"product_tag":[687,714,688,715,302,321],"class_list":{"0":"post-1492","1":"product","2":"type-product","3":"status-publish","4":"has-post-thumbnail","6":"product_cat-pp-filter-cartridge","7":"product_cat-sediment-filter","8":"product_tag-1-micron-filtration","9":"product_tag-20-inch-pp-fiber-filter","10":"product_tag-5-micron-filtration","11":"product_tag-high-efficiency-sediment-filter","12":"product_tag-sgs-certified-filter","13":"product_tag-water-treatment-cartridge","15":"first","16":"instock","17":"shipping-taxable","18":"product-type-simple"},"_links":{"self":[{"href":"https:\/\/lyfilter.com\/es\/wp-json\/wp\/v2\/product\/1492","targetHints":{"allow":["GET"]}}],"collection":[{"href":"https:\/\/lyfilter.com\/es\/wp-json\/wp\/v2\/product"}],"about":[{"href":"https:\/\/lyfilter.com\/es\/wp-json\/wp\/v2\/types\/product"}],"replies":[{"embeddable":true,"href":"https:\/\/lyfilter.com\/es\/wp-json\/wp\/v2\/comments?post=1492"}],"wp:featuredmedia":[{"embeddable":true,"href":"https:\/\/lyfilter.com\/es\/wp-json\/wp\/v2\/media\/1496"}],"wp:attachment":[{"href":"https:\/\/lyfilter.com\/es\/wp-json\/wp\/v2\/media?parent=1492"}],"wp:term":[{"taxonomy":"product_brand","embeddable":true,"href":"https:\/\/lyfilter.com\/es\/wp-json\/wp\/v2\/product_brand?post=1492"},{"taxonomy":"product_cat","embeddable":true,"href":"https:\/\/lyfilter.com\/es\/wp-json\/wp\/v2\/product_cat?post=1492"},{"taxonomy":"product_tag","embeddable":true,"href":"https:\/\/lyfilter.com\/es\/wp-json\/wp\/v2\/product_tag?post=1492"}],"curies":[{"name":"wp","href":"https:\/\/api.w.org\/{rel}","templated":true}]}}