{"id":1470,"date":"2026-01-04T09:43:17","date_gmt":"2026-01-04T09:43:17","guid":{"rendered":"https:\/\/lyfilter.com\/?post_type=product&#038;p=1470"},"modified":"2026-01-04T09:43:17","modified_gmt":"2026-01-04T09:43:17","slug":"double-layers-spun-filter-polypropylene-10-50-micron-pp-sediment-filter-cartridge-for-pre-ro-water-filter-replacement","status":"publish","type":"product","link":"https:\/\/lyfilter.com\/es\/double-layers-spun-filter-polypropylene-10-50-micron-pp-sediment-filter-cartridge-for-pre-ro-water-filter-replacement\/","title":{"rendered":"Doble capas de polipropileno filtro hilado 10 y 50 micras PP cartucho de filtro de sedimentos para el reemplazo de pre RO filtro de agua"},"content":{"rendered":"<table>\n<thead>\n<tr>\n<th>visi\u00f3n general<\/th>\n<th>Cartucho filtrante de sedimentos hilado de PP de doble capa para la sustituci\u00f3n del filtro de agua pre-RO.<\/th>\n<\/tr>\n<\/thead>\n<tbody>\n<tr>\n<td>sectores aplicables<\/td>\n<td>Planta de fabricaci\u00f3n; Talleres de reparaci\u00f3n de maquinaria; F\u00e1brica de alimentos y bebidas; Granjas; Restaurante; Obras de construcci\u00f3n; Energ\u00eda y miner\u00eda; Tiendas de alimentos y bebidas<\/td>\n<\/tr>\n<tr>\n<td>lugar de origen<\/td>\n<td>Guangdong, China<\/td>\n<\/tr>\n<tr>\n<td>marca<\/td>\n<td>LVYUAN \/ OEM<\/td>\n<\/tr>\n<tr>\n<td>material<\/td>\n<td>Polipropileno<\/td>\n<\/tr>\n<tr>\n<td>nombre del producto<\/td>\n<td>Filtro hilado de polipropileno de 10 y 50 micras PP cartucho filtrante de sedimentos<\/td>\n<\/tr>\n<tr>\n<td>tipo de filtro<\/td>\n<td>Ranura; Estampado; Puntos; Logotipo de la empresa<\/td>\n<\/tr>\n<tr>\n<td>precisi\u00f3n<\/td>\n<td>1-100 micras<\/td>\n<\/tr>\n<tr>\n<td>di\u00e1metro exterior<\/td>\n<td>10-200 mm<\/td>\n<\/tr>\n<tr>\n<td>di\u00e1metro interior<\/td>\n<td>OEM<\/td>\n<\/tr>\n<tr>\n<td>adaptador de filtro<\/td>\n<td>Tipo plano; Tipo 222; Tipo 226; Tipo 215<\/td>\n<\/tr>\n<tr>\n<td>talla<\/td>\n<td>OEM<\/td>\n<\/tr>\n<tr>\n<td>peso<\/td>\n<td>OEM<\/td>\n<\/tr>\n<tr>\n<td>potencia<\/td>\n<td>0<\/td>\n<\/tr>\n<tr>\n<td>garant\u00eda<\/td>\n<td>No disponible<\/td>\n<\/tr>\n<tr>\n<td>temperatura m\u00e1xima<\/td>\n<td>80\u2103<\/td>\n<\/tr>\n<tr>\n<td>ca\u00edda de presi\u00f3n de trabajo<\/td>\n<td>0,1 kgf\/c\u33a1<\/td>\n<\/tr>\n<tr>\n<td>confinado m\u00e1s alto<\/td>\n<td>5 kgf\/c\u33a1<\/td>\n<\/tr>\n<tr>\n<td>ca\u00edda de presi\u00f3n m\u00e1xima<\/td>\n<td>3 kgf\/c\u33a1<\/td>\n<\/tr>\n<tr>\n<td>servicio posventa<\/td>\n<td>Asistencia en l\u00ednea<\/td>\n<\/tr>\n<tr>\n<td>unidades de venta<\/td>\n<td>Art\u00edculo \u00fanico<\/td>\n<\/tr>\n<tr>\n<td>tama\u00f1o de envase individual<\/td>\n<td>53 \u00d7 33 \u00d7 33 cm<\/td>\n<\/tr>\n<tr>\n<td>peso bruto \u00fanico<\/td>\n<td>9.000 kg<\/td>\n<\/tr>\n<tr>\n<td>tipo de paquete<\/td>\n<td>Envasado en cart\u00f3n de papel (cartucho filtrante hilado de doble capa).<\/td>\n<\/tr>\n<\/tbody>\n<\/table>","protected":false},"excerpt":{"rendered":"<p>Un cartucho de sedimentos hilado de PP de doble capa que ayuda a proteger su sistema pre-RO atrapando arena y part\u00edculas finas. Elija la clasificaci\u00f3n de micras y el adaptador que se ajuste a su carcasa.<\/p>","protected":false},"featured_media":1478,"comment_status":"open","ping_status":"closed","template":"","meta":{"_gspb_post_css":""},"product_brand":[],"product_cat":[17,23],"product_tag":[712,697,713,346,710,711],"class_list":{"0":"post-1470","1":"product","2":"type-product","3":"status-publish","4":"has-post-thumbnail","6":"product_cat-sediment-filter","7":"product_cat-pp-filter-cartridge","8":"product_tag-10-micron-pp-filter","9":"product_tag-222-226-filter-adaptor","10":"product_tag-50-micron-pp-filter","11":"product_tag-oem-size-filter","12":"product_tag-pp-spun-sediment-filter","13":"product_tag-pre-ro-replacement-cartridge","15":"first","16":"instock","17":"shipping-taxable","18":"product-type-simple"},"_links":{"self":[{"href":"https:\/\/lyfilter.com\/es\/wp-json\/wp\/v2\/product\/1470","targetHints":{"allow":["GET"]}}],"collection":[{"href":"https:\/\/lyfilter.com\/es\/wp-json\/wp\/v2\/product"}],"about":[{"href":"https:\/\/lyfilter.com\/es\/wp-json\/wp\/v2\/types\/product"}],"replies":[{"embeddable":true,"href":"https:\/\/lyfilter.com\/es\/wp-json\/wp\/v2\/comments?post=1470"}],"wp:featuredmedia":[{"embeddable":true,"href":"https:\/\/lyfilter.com\/es\/wp-json\/wp\/v2\/media\/1478"}],"wp:attachment":[{"href":"https:\/\/lyfilter.com\/es\/wp-json\/wp\/v2\/media?parent=1470"}],"wp:term":[{"taxonomy":"product_brand","embeddable":true,"href":"https:\/\/lyfilter.com\/es\/wp-json\/wp\/v2\/product_brand?post=1470"},{"taxonomy":"product_cat","embeddable":true,"href":"https:\/\/lyfilter.com\/es\/wp-json\/wp\/v2\/product_cat?post=1470"},{"taxonomy":"product_tag","embeddable":true,"href":"https:\/\/lyfilter.com\/es\/wp-json\/wp\/v2\/product_tag?post=1470"}],"curies":[{"name":"wp","href":"https:\/\/api.w.org\/{rel}","templated":true}]}}