{"id":1435,"date":"2026-01-04T09:11:33","date_gmt":"2026-01-04T09:11:33","guid":{"rendered":"https:\/\/lyfilter.com\/?post_type=product&#038;p=1435"},"modified":"2026-01-04T09:11:33","modified_gmt":"2026-01-04T09:11:33","slug":"5-10-siliphos-filter-niphos-ro-cartridge-filter","status":"publish","type":"product","link":"https:\/\/lyfilter.com\/es\/5-10-siliphos-filter-niphos-ro-cartridge-filter\/","title":{"rendered":"5\u201d 10\u201d Filtro Siliphos Filtro de cartucho niphos ro"},"content":{"rendered":"<table>\n<thead>\n<tr>\n<th>visi\u00f3n general<\/th>\n<th>Cartucho Siliphos (LY-PHOS) para la prefiltraci\u00f3n dom\u00e9stica por \u00f3smosis inversa y la prevenci\u00f3n de incrustaciones.<\/th>\n<\/tr>\n<\/thead>\n<tbody>\n<tr>\n<td>lugar de origen<\/td>\n<td>Guangdong, China<\/td>\n<\/tr>\n<tr>\n<td>marca<\/td>\n<td>Lvyuan \/ OEM<\/td>\n<\/tr>\n<tr>\n<td>n\u00famero de modelo<\/td>\n<td>LY-PHOS<\/td>\n<\/tr>\n<tr>\n<td>tipo<\/td>\n<td>\u00d3smosis inversa<\/td>\n<\/tr>\n<tr>\n<td>utilice<\/td>\n<td>Prefiltraci\u00f3n dom\u00e9stica<\/td>\n<\/tr>\n<tr>\n<td>nombre del producto<\/td>\n<td>cartucho filtrante silifos<\/td>\n<\/tr>\n<tr>\n<td>aplicaci\u00f3n<\/td>\n<td>elemento prefiltro<\/td>\n<\/tr>\n<tr>\n<td>funci\u00f3n<\/td>\n<td>Prevenci\u00f3n de incrustaciones; eliminaci\u00f3n de impurezas<\/td>\n<\/tr>\n<tr>\n<td>medios filtrantes<\/td>\n<td>Power PHOS; Siliphos; Polyphosphate crytal ball<\/td>\n<\/tr>\n<tr>\n<td>longitud<\/td>\n<td>5\u201d; 10\u201d pulgadas<\/td>\n<\/tr>\n<tr>\n<td>color<\/td>\n<td>Blanco; transparente<\/td>\n<\/tr>\n<tr>\n<td>vida del filtro<\/td>\n<td>De 3 a 6 meses<\/td>\n<\/tr>\n<tr>\n<td>instalaci\u00f3n<\/td>\n<td>Carcasa del prefiltro<\/td>\n<\/tr>\n<tr>\n<td>temperatura de funcionamiento.<\/td>\n<td>4\u00b0C-80\u00b0C<\/td>\n<\/tr>\n<tr>\n<td>potencia (W)<\/td>\n<td>0<\/td>\n<\/tr>\n<tr>\n<td>tensi\u00f3n (V)<\/td>\n<td>0<\/td>\n<\/tr>\n<tr>\n<td>certificaci\u00f3n<\/td>\n<td>ce; CE; SGS<\/td>\n<\/tr>\n<tr>\n<td>capacidad de suministro<\/td>\n<td>5000 Piezas\/Piezas por D\u00eda (cartucho filtrante silifos)<\/td>\n<\/tr>\n<\/tbody>\n<\/table>\n<div>\n<div id=\"s93cd\">\n<div id=\"ali-anchor-AliMaya-230qr\" data-section=\"AliMaya-230qr\" data-section-title=\"Product Description\">Descripci\u00f3n del producto<\/div>\n<\/div>\n<div>\n<div>\n<div id=\"tc98g\">\n<h3>5\u201d 10\u201d Filtro Siliphos Filtro de cartucho niphos ro<\/h3>\n<\/div>\n<div id=\"pk21z\">Funci\u00f3n: prefiltraci\u00f3n en toda la casa, eliminaci\u00f3n de impurezas y prevenci\u00f3n de incrustaciones.<\/div>\n<\/div>\n<\/div>\n<div>\n<div id=\"zsyme\">\n<div class=\"table-responsive\">\n<table class=\"aliDataTable\">\n<tbody>\n<tr>\n<td>\n<div>Nombre del producto<\/div>\n<\/td>\n<td>\n<div>Cartucho de filtro de agua antical Siliphos Ball<\/div>\n<\/td>\n<\/tr>\n<tr>\n<td>\n<div>Medio filtrante<\/div>\n<\/td>\n<td>\n<div>Power PHOS, Siliphos, Polyphosphate crytal ball<\/div>\n<\/td>\n<\/tr>\n<tr>\n<td>\n<div>Material de la carcasa del filtro<\/div>\n<\/td>\n<td>\n<div>PP<\/div>\n<\/td>\n<\/tr>\n<tr>\n<td>\n<div>Longitud<\/div>\n<\/td>\n<td>\n<div>5, 10 pulgadas<\/div>\n<\/td>\n<\/tr>\n<tr>\n<td>\n<div>Color de la carcasa del filtro<\/div>\n<\/td>\n<td>\n<div>blanco, transparente<\/div>\n<\/td>\n<\/tr>\n<tr>\n<td>\n<div>Funci\u00f3n<\/div>\n<\/td>\n<td>\n<div>anticorrosi\u00f3n y antical<\/div>\n<\/td>\n<\/tr>\n<tr>\n<td>\n<div>Instalaci\u00f3n<\/div>\n<\/td>\n<td>\n<div>Bajo fregadero, prefiltraci\u00f3n dom\u00e9stica<\/div>\n<\/td>\n<\/tr>\n<tr>\n<td>\n<div>Caracter\u00edstica<\/div>\n<\/td>\n<td>\n<div>Rellenable, reutilizable<\/div>\n<\/td>\n<\/tr>\n<\/tbody>\n<\/table>\n<\/div>\n<\/div>\n<\/div>\n<\/div>\n<div>\n<div id=\"957py\">\n<div id=\"ali-anchor-AliMaya-juk1c\" data-section=\"AliMaya-juk1c\" data-section-title=\"Product Show\">Productos<\/div>\n<\/div>\n<div>\n<div id=\"4ncof\">\n<div><img decoding=\"async\" src=\"https:\/\/img.yfisher.com\/m6076\/1725727320zlw\/jpg70-t3-scale100.webp\" alt=\"5&#039;&#039; 10&#039;&#039; Filtro Siliphos niphos ro filtro de cartucho 7\" data-lazy=\"2\" title=\"\"><\/div>\n<\/div>\n<\/div>\n<div>\n<div id=\"3n626\">\n<div><img decoding=\"async\" src=\"https:\/\/img.yfisher.com\/m6076\/1725727320oes\/jpg70-t3-scale100.webp\" alt=\"5&#039;&#039; 10&#039;&#039; Filtro Siliphos niphos ro filtro de cartucho 9\" data-lazy=\"2\" title=\"\"><\/div>\n<\/div>\n<\/div>\n<div>\n<div id=\"lrl76\">\n<div><img decoding=\"async\" src=\"https:\/\/img.yfisher.com\/m6076\/1725727320w0l\/jpg70-t3-scale100.webp\" alt=\"5&#039;&#039; 10&#039;&#039; Filtro Siliphos niphos ro filtro de cartucho 11\" data-lazy=\"2\" title=\"\"><\/div>\n<\/div>\n<\/div>\n<div>\n<div id=\"80vq1\">\n<div><img decoding=\"async\" src=\"https:\/\/img.yfisher.com\/m6076\/1725727320ygr\/jpg70-t3-scale100.webp\" alt=\"5&#039;&#039; 10&#039;&#039; Filtro Siliphos niphos ro filtro de cartucho 13\" data-lazy=\"2\" title=\"\"><\/div>\n<\/div>\n<\/div>\n<div>\n<div id=\"269du\">\n<div><img decoding=\"async\" src=\"https:\/\/img.yfisher.com\/m6076\/1725727320cit\/jpg70-t3-scale100.webp\" alt=\"5&#039;&#039; 10&#039;&#039; Filtro Siliphos niphos ro filtro de cartucho 15\" data-lazy=\"2\" title=\"\"><\/div>\n<\/div>\n<\/div>\n<div>\n<div id=\"p0zml\">\n<div><img decoding=\"async\" src=\"https:\/\/img.yfisher.com\/m6076\/1725727320t9d\/jpg70-t3-scale100.webp\" alt=\"5&#039;&#039; 10&#039;&#039; Filtro Siliphos niphos ro filtro de cartucho 17\" data-lazy=\"2\" title=\"\"><\/div>\n<\/div>\n<\/div>\n<\/div>\n<div>\n<div id=\"kpf9d\">\n<div id=\"ali-anchor-AliMaya-s4da1\" data-section=\"AliMaya-s4da1\" data-section-title=\"Related Products\">Productos relacionados<\/div>\n<\/div>\n<div>\n<div id=\"eum11\">\n<div><img decoding=\"async\" src=\"https:\/\/img.yfisher.com\/m6076\/1725727320nvw\/jpg70-t3-scale100.webp\" alt=\"5&#039;&#039; 10&#039;&#039; Filtro Siliphos niphos ro filtro de cartucho 19\" data-lazy=\"2\" title=\"\"><\/div>\n<\/div>\n<div id=\"n5p0v\">\n<div><img decoding=\"async\" src=\"https:\/\/img.yfisher.com\/m6076\/1725727320egr\/jpg70-t3-scale100.webp\" alt=\"5&#039;&#039; 10&#039;&#039; Filtro Siliphos niphos ro filtro de cartucho 21\" data-lazy=\"2\" title=\"\"><\/div>\n<\/div>\n<div id=\"gac5y\">\n<div><img decoding=\"async\" src=\"https:\/\/img.yfisher.com\/m6076\/1725727320l12\/jpg70-t3-scale100.webp\" alt=\"5&#039;&#039; 10&#039;&#039; Filtro Siliphos niphos ro filtro de cartucho 23\" data-lazy=\"2\" title=\"\"><\/div>\n<\/div>\n<\/div>\n<div>\n<div id=\"38zx0\">\n<div><img decoding=\"async\" src=\"https:\/\/img.yfisher.com\/m6076\/1725726953s1x\/jpg70-t3-scale100.webp\" alt=\"5&#039;&#039; 10&#039;&#039; Filtro Siliphos niphos ro filtro de cartucho 25\" data-lazy=\"2\" title=\"\"><\/div>\n<\/div>\n<\/div>\n<\/div>","protected":false},"excerpt":{"rendered":"<p>Cartucho de prefiltro Siliphos para instalaciones de \u00f3smosis inversa dom\u00e9sticas. Ayuda a reducir la acumulaci\u00f3n de cal y atrapa las impurezas, con un ajuste f\u00e1cil para carcasas de prefiltro comunes.<\/p>","protected":false},"featured_media":1443,"comment_status":"open","ping_status":"closed","template":"","meta":{"_gspb_post_css":""},"product_brand":[],"product_cat":[23,17],"product_tag":[703,299,705,707,706,704],"class_list":{"0":"post-1435","1":"product","2":"type-product","3":"status-publish","4":"has-post-thumbnail","6":"product_cat-pp-filter-cartridge","7":"product_cat-sediment-filter","8":"product_tag-5-inch-10-inch-cartridge","9":"product_tag-ce-sgs-certified","10":"product_tag-household-ro-pre-filtration","11":"product_tag-polyphosphate-crystal-media","12":"product_tag-scale-prevention-cartridge","13":"product_tag-siliphos-filter-cartridge","15":"first","16":"instock","17":"shipping-taxable","18":"product-type-simple"},"_links":{"self":[{"href":"https:\/\/lyfilter.com\/es\/wp-json\/wp\/v2\/product\/1435","targetHints":{"allow":["GET"]}}],"collection":[{"href":"https:\/\/lyfilter.com\/es\/wp-json\/wp\/v2\/product"}],"about":[{"href":"https:\/\/lyfilter.com\/es\/wp-json\/wp\/v2\/types\/product"}],"replies":[{"embeddable":true,"href":"https:\/\/lyfilter.com\/es\/wp-json\/wp\/v2\/comments?post=1435"}],"wp:featuredmedia":[{"embeddable":true,"href":"https:\/\/lyfilter.com\/es\/wp-json\/wp\/v2\/media\/1443"}],"wp:attachment":[{"href":"https:\/\/lyfilter.com\/es\/wp-json\/wp\/v2\/media?parent=1435"}],"wp:term":[{"taxonomy":"product_brand","embeddable":true,"href":"https:\/\/lyfilter.com\/es\/wp-json\/wp\/v2\/product_brand?post=1435"},{"taxonomy":"product_cat","embeddable":true,"href":"https:\/\/lyfilter.com\/es\/wp-json\/wp\/v2\/product_cat?post=1435"},{"taxonomy":"product_tag","embeddable":true,"href":"https:\/\/lyfilter.com\/es\/wp-json\/wp\/v2\/product_tag?post=1435"}],"curies":[{"name":"wp","href":"https:\/\/api.w.org\/{rel}","templated":true}]}}