{"id":1421,"date":"2026-01-04T09:05:27","date_gmt":"2026-01-04T09:05:27","guid":{"rendered":"https:\/\/lyfilter.com\/?post_type=product&#038;p=1421"},"modified":"2026-01-04T09:05:27","modified_gmt":"2026-01-04T09:05:27","slug":"5-micron-pp-20-inch-jumbo-filter-cartridge-for-activated-carbon-block-uf-membrane-pleated-sediment-water-filter-cartridges","status":"publish","type":"product","link":"https:\/\/lyfilter.com\/es\/5-micron-pp-20-inch-jumbo-filter-cartridge-for-activated-carbon-block-uf-membrane-pleated-sediment-water-filter-cartridges\/","title":{"rendered":"5 micras PP 20 pulgadas cartucho de filtro jumbo para carb\u00f3n activado Bloque UF membrana Plisado Sedimentos cartuchos de filtro de agua"},"content":{"rendered":"<table>\n<thead>\n<tr>\n<th>visi\u00f3n general<\/th>\n<th>20 pulgadas jumbo PP hilado cartucho de filtro para OI y filtraci\u00f3n de l\u00edquidos cartucho.<\/th>\n<\/tr>\n<\/thead>\n<tbody>\n<tr>\n<td>condici\u00f3n<\/td>\n<td>Nuevo<\/td>\n<\/tr>\n<tr>\n<td>sectores aplicables<\/td>\n<td>Hoteles; tiendas de ropa; tiendas de materiales de construcci\u00f3n; planta de fabricaci\u00f3n; talleres de reparaci\u00f3n de maquinaria; f\u00e1brica de alimentos y bebidas; granjas; restaurante; uso dom\u00e9stico; comercio minorista; tienda de alimentaci\u00f3n; imprentas; obras de construcci\u00f3n; energ\u00eda y miner\u00eda; tiendas de alimentos y bebidas; empresa de publicidad.<\/td>\n<\/tr>\n<tr>\n<td>lugar de origen<\/td>\n<td>Guangdong, China<\/td>\n<\/tr>\n<tr>\n<td>marca<\/td>\n<td>Lvyuan \/ OEM<\/td>\n<\/tr>\n<tr>\n<td>material<\/td>\n<td>polipropileno<\/td>\n<\/tr>\n<tr>\n<td>talla<\/td>\n<td>est\u00e1ndar o a medida<\/td>\n<\/tr>\n<tr>\n<td>peso<\/td>\n<td>depende<\/td>\n<\/tr>\n<tr>\n<td>potencia<\/td>\n<td>0<\/td>\n<\/tr>\n<tr>\n<td>garant\u00eda<\/td>\n<td>No disponible<\/td>\n<\/tr>\n<tr>\n<td>nombre del producto<\/td>\n<td>Cartucho de filtro jumbo de 20 pulgadas<\/td>\n<\/tr>\n<tr>\n<td>medios filtrantes<\/td>\n<td>Polipropileno PP hilado<\/td>\n<\/tr>\n<tr>\n<td>tasa de micras<\/td>\n<td>Cartucho filtrante 1\/3\/5\/10\/25\/50\/75\/100 micras<\/td>\n<\/tr>\n<tr>\n<td>aplicaci\u00f3n<\/td>\n<td>piezas de filtros de agua; \u00f3smosis inversa<\/td>\n<\/tr>\n<tr>\n<td>uso<\/td>\n<td>Filtro de cartucho para l\u00edquidos<\/td>\n<\/tr>\n<tr>\n<td>longitud<\/td>\n<td>5\u2033, 10\u2033, 20\u2033, 30\u2033, 40\u2033, 50\u201d pulgadas<\/td>\n<\/tr>\n<tr>\n<td>tapa<\/td>\n<td>DOE \/ 222Fin \/ 226Fin \/ 222Flat \/ 226Flat<\/td>\n<\/tr>\n<tr>\n<td>material de la junta t\u00f3rica<\/td>\n<td>Silicona \/ EPDM \/ Viton<\/td>\n<\/tr>\n<tr>\n<td>n\u00facleo interno<\/td>\n<td>PP; acero inoxidable; ninguno<\/td>\n<\/tr>\n<tr>\n<td>componentes b\u00e1sicos<\/td>\n<td>filtro de agua<\/td>\n<\/tr>\n<tr>\n<td>servicio posventa<\/td>\n<td>Asistencia en l\u00ednea<\/td>\n<\/tr>\n<tr>\n<td>servicio post garant\u00eda<\/td>\n<td>Asistencia en l\u00ednea<\/td>\n<\/tr>\n<tr>\n<td>sala de exposiciones<\/td>\n<td>ninguno<\/td>\n<\/tr>\n<tr>\n<td>ubicaci\u00f3n del servicio local<\/td>\n<td>ninguno<\/td>\n<\/tr>\n<tr>\n<td>v\u00eddeo salida-inspecci\u00f3n<\/td>\n<td>Proporcionado<\/td>\n<\/tr>\n<tr>\n<td>informe de ensayo de maquinaria<\/td>\n<td>No disponible<\/td>\n<\/tr>\n<tr>\n<td>tipo de marketing<\/td>\n<td>Producto ordinario<\/td>\n<\/tr>\n<tr>\n<td>garant\u00eda de los componentes principales<\/td>\n<td>No disponible<\/td>\n<\/tr>\n<tr>\n<td>unidades de venta<\/td>\n<td>Art\u00edculo \u00fanico<\/td>\n<\/tr>\n<tr>\n<td>tama\u00f1o de envase individual<\/td>\n<td>103 \u00d7 18 \u00d7 18 cm<\/td>\n<\/tr>\n<tr>\n<td>peso bruto \u00fanico<\/td>\n<td>3.000 kg<\/td>\n<\/tr>\n<tr>\n<td>tipo de paquete<\/td>\n<td>Cajas de cart\u00f3n de papel; notas de embalaje: 10\u2033 50 uds\/ctn (400\u00d7400\u00d7685mm), 20\u2033 25 uds\/ctn (400\u00d7400\u00d7685mm), 30\u2033 25 uds\/ctn (835\u00d7435\u00d7425mm), 40\u2033 25 uds\/ctn (1100\u00d7395\u00d7400mm).<\/td>\n<\/tr>\n<\/tbody>\n<\/table>","protected":false},"excerpt":{"rendered":"<p>Un cartucho de PP jumbo de 20 pulgadas que ayuda a reducir los sedimentos y a proteger su sistema de \u00f3smosis inversa o de filtraci\u00f3n de l\u00edquidos. Elija la clasificaci\u00f3n de micras y la tapa que mejor se adapte a su carcasa.<\/p>","protected":false},"featured_media":1429,"comment_status":"open","ping_status":"closed","template":"","meta":{"_gspb_post_css":""},"product_brand":[],"product_cat":[17,23],"product_tag":[695,699,299,683,675,296],"class_list":{"0":"post-1421","1":"product","2":"type-product","3":"status-publish","4":"has-post-thumbnail","6":"product_cat-sediment-filter","7":"product_cat-pp-filter-cartridge","8":"product_tag-1-to-100-micron-filtration","9":"product_tag-20-inch-jumbo-filter-cartridge","10":"product_tag-ce-sgs-certified","11":"product_tag-doe-222-226-end-caps","12":"product_tag-pp-spun-filter-cartridge","13":"product_tag-reverse-osmosis-filter-parts","15":"first","16":"instock","17":"shipping-taxable","18":"product-type-simple"},"_links":{"self":[{"href":"https:\/\/lyfilter.com\/es\/wp-json\/wp\/v2\/product\/1421","targetHints":{"allow":["GET"]}}],"collection":[{"href":"https:\/\/lyfilter.com\/es\/wp-json\/wp\/v2\/product"}],"about":[{"href":"https:\/\/lyfilter.com\/es\/wp-json\/wp\/v2\/types\/product"}],"replies":[{"embeddable":true,"href":"https:\/\/lyfilter.com\/es\/wp-json\/wp\/v2\/comments?post=1421"}],"wp:featuredmedia":[{"embeddable":true,"href":"https:\/\/lyfilter.com\/es\/wp-json\/wp\/v2\/media\/1429"}],"wp:attachment":[{"href":"https:\/\/lyfilter.com\/es\/wp-json\/wp\/v2\/media?parent=1421"}],"wp:term":[{"taxonomy":"product_brand","embeddable":true,"href":"https:\/\/lyfilter.com\/es\/wp-json\/wp\/v2\/product_brand?post=1421"},{"taxonomy":"product_cat","embeddable":true,"href":"https:\/\/lyfilter.com\/es\/wp-json\/wp\/v2\/product_cat?post=1421"},{"taxonomy":"product_tag","embeddable":true,"href":"https:\/\/lyfilter.com\/es\/wp-json\/wp\/v2\/product_tag?post=1421"}],"curies":[{"name":"wp","href":"https:\/\/api.w.org\/{rel}","templated":true}]}}