{"id":1414,"date":"2026-01-04T09:03:41","date_gmt":"2026-01-04T09:03:41","guid":{"rendered":"https:\/\/lyfilter.com\/?post_type=product&#038;p=1414"},"modified":"2026-01-04T09:03:41","modified_gmt":"2026-01-04T09:03:41","slug":"factory-customized-1-micron-polypropylene-sediment-filter-pp-woven-water-filter-cartridge","status":"publish","type":"product","link":"https:\/\/lyfilter.com\/es\/factory-customized-1-micron-polypropylene-sediment-filter-pp-woven-water-filter-cartridge\/","title":{"rendered":"F\u00e1brica personalizada de 1 micra de polipropileno filtro de sedimentos pp tejido cartucho de filtro de agua"},"content":{"rendered":"<table>\n<thead>\n<tr>\n<th>visi\u00f3n general<\/th>\n<th>Cartucho filtrante de agua tejido de PP para la filtraci\u00f3n de agua en usos dom\u00e9sticos e industriales.<\/th>\n<\/tr>\n<\/thead>\n<tbody>\n<tr>\n<td>condici\u00f3n<\/td>\n<td>Nuevo<\/td>\n<\/tr>\n<tr>\n<td>sectores aplicables<\/td>\n<td>Hoteles; tiendas de ropa; tiendas de materiales de construcci\u00f3n; plantas de fabricaci\u00f3n; talleres de reparaci\u00f3n de maquinaria; f\u00e1bricas de alimentos y bebidas; granjas; restaurantes; uso dom\u00e9stico; comercio minorista; tiendas de alimentaci\u00f3n; imprentas; obras de construcci\u00f3n; energ\u00eda y miner\u00eda; tiendas de alimentos y bebidas.<\/td>\n<\/tr>\n<tr>\n<td>lugar de origen<\/td>\n<td>Guangdong, China<\/td>\n<\/tr>\n<tr>\n<td>marca<\/td>\n<td>LVYUAN \/ OEM<\/td>\n<\/tr>\n<tr>\n<td>nombre del producto<\/td>\n<td>cartucho de filtro de agua tejido pp<\/td>\n<\/tr>\n<tr>\n<td>tipo de filtro<\/td>\n<td>Ranura; Estampado; Puntos; Logotipo de la empresa<\/td>\n<\/tr>\n<tr>\n<td>precisi\u00f3n<\/td>\n<td>1-100 micras<\/td>\n<\/tr>\n<tr>\n<td>di\u00e1metro exterior<\/td>\n<td>10-200 mm<\/td>\n<\/tr>\n<tr>\n<td>di\u00e1metro interior<\/td>\n<td>OEM<\/td>\n<\/tr>\n<tr>\n<td>adaptador de filtro<\/td>\n<td>Tipo plano; Tipo 222; Tipo 226; Tipo 215<\/td>\n<\/tr>\n<tr>\n<td>temperatura m\u00e1xima<\/td>\n<td>80\u2103<\/td>\n<\/tr>\n<tr>\n<td>ca\u00edda de presi\u00f3n de trabajo<\/td>\n<td>0,1 kgf\/c\u33a1<\/td>\n<\/tr>\n<tr>\n<td>confinado m\u00e1s alto<\/td>\n<td>5 kgf\/c\u33a1<\/td>\n<\/tr>\n<tr>\n<td>ca\u00edda de presi\u00f3n m\u00e1xima<\/td>\n<td>3 kgf\/c\u33a1<\/td>\n<\/tr>\n<tr>\n<td>componentes b\u00e1sicos<\/td>\n<td>Recipiente a presi\u00f3n<\/td>\n<\/tr>\n<tr>\n<td>tipo de marketing<\/td>\n<td>Producto ordinario<\/td>\n<\/tr>\n<tr>\n<td>v\u00eddeo salida-inspecci\u00f3n<\/td>\n<td>Proporcionado<\/td>\n<\/tr>\n<tr>\n<td>informe de ensayo de maquinaria<\/td>\n<td>Proporcionado<\/td>\n<\/tr>\n<tr>\n<td>ubicaci\u00f3n del servicio local<\/td>\n<td>ninguno<\/td>\n<\/tr>\n<tr>\n<td>sala de exposiciones<\/td>\n<td>ninguno<\/td>\n<\/tr>\n<tr>\n<td>servicio posventa<\/td>\n<td>Asistencia en l\u00ednea<\/td>\n<\/tr>\n<tr>\n<td>servicio post garant\u00eda<\/td>\n<td>Asistencia en l\u00ednea<\/td>\n<\/tr>\n<tr>\n<td>garant\u00eda<\/td>\n<td>1 a\u00f1o<\/td>\n<\/tr>\n<tr>\n<td>garant\u00eda de los componentes principales<\/td>\n<td>1 a\u00f1o<\/td>\n<\/tr>\n<\/tbody>\n<\/table>","protected":false},"excerpt":{"rendered":"<p>Un cartucho tejido de PP que ayuda a reducir los sedimentos para obtener un agua m\u00e1s limpia en sistemas de uso diario e industriales. Elija el micraje, el di\u00e1metro y el adaptador que mejor se adapten a su instalaci\u00f3n.<\/p>","protected":false},"featured_media":1425,"comment_status":"open","ping_status":"closed","template":"","meta":{"_gspb_post_css":""},"product_brand":[],"product_cat":[23,17],"product_tag":[695,696,697,636,698,357],"class_list":{"0":"post-1414","1":"product","2":"type-product","3":"status-publish","4":"has-post-thumbnail","6":"product_cat-pp-filter-cartridge","7":"product_cat-sediment-filter","8":"product_tag-1-to-100-micron-filtration","9":"product_tag-10-to-200mm-outer-diameter","10":"product_tag-222-226-filter-adaptor","11":"product_tag-industrial-water-treatment","12":"product_tag-pp-woven-filter-cartridge","13":"product_tag-water-filter-cartridge","15":"first","16":"instock","17":"shipping-taxable","18":"product-type-simple"},"_links":{"self":[{"href":"https:\/\/lyfilter.com\/es\/wp-json\/wp\/v2\/product\/1414","targetHints":{"allow":["GET"]}}],"collection":[{"href":"https:\/\/lyfilter.com\/es\/wp-json\/wp\/v2\/product"}],"about":[{"href":"https:\/\/lyfilter.com\/es\/wp-json\/wp\/v2\/types\/product"}],"replies":[{"embeddable":true,"href":"https:\/\/lyfilter.com\/es\/wp-json\/wp\/v2\/comments?post=1414"}],"wp:featuredmedia":[{"embeddable":true,"href":"https:\/\/lyfilter.com\/es\/wp-json\/wp\/v2\/media\/1425"}],"wp:attachment":[{"href":"https:\/\/lyfilter.com\/es\/wp-json\/wp\/v2\/media?parent=1414"}],"wp:term":[{"taxonomy":"product_brand","embeddable":true,"href":"https:\/\/lyfilter.com\/es\/wp-json\/wp\/v2\/product_brand?post=1414"},{"taxonomy":"product_cat","embeddable":true,"href":"https:\/\/lyfilter.com\/es\/wp-json\/wp\/v2\/product_cat?post=1414"},{"taxonomy":"product_tag","embeddable":true,"href":"https:\/\/lyfilter.com\/es\/wp-json\/wp\/v2\/product_tag?post=1414"}],"curies":[{"name":"wp","href":"https:\/\/api.w.org\/{rel}","templated":true}]}}