{"id":1333,"date":"2026-01-04T08:38:53","date_gmt":"2026-01-04T08:38:53","guid":{"rendered":"https:\/\/lyfilter.com\/?post_type=product&#038;p=1333"},"modified":"2026-01-04T08:38:53","modified_gmt":"2026-01-04T08:38:53","slug":"1-3-5-10-20-25-50-micron-pp-water-filter-sediment-filter-cartridge-for-pre-filtration-removal-rust","status":"publish","type":"product","link":"https:\/\/lyfilter.com\/es\/1-3-5-10-20-25-50-micron-pp-water-filter-sediment-filter-cartridge-for-pre-filtration-removal-rust\/","title":{"rendered":"1 3 5 10 20 25 50 micras pp filtro de agua cartucho de filtro de sedimentos para la eliminaci\u00f3n de prefiltraci\u00f3n \u00f3xido"},"content":{"rendered":"<table>\n<thead>\n<tr>\n<th>visi\u00f3n general<\/th>\n<th>Cartucho filtrante de agua de fibra de PP para el tratamiento del agua.<\/th>\n<\/tr>\n<\/thead>\n<tbody>\n<tr>\n<td>sectores aplicables<\/td>\n<td>Planta de fabricaci\u00f3n; f\u00e1brica de alimentos y bebidas; uso dom\u00e9stico; tratamiento de aguas<\/td>\n<\/tr>\n<tr>\n<td>lugar de origen<\/td>\n<td>Guangdong, China<\/td>\n<\/tr>\n<tr>\n<td>marca<\/td>\n<td>Lvyuan; OEM; ODM<\/td>\n<\/tr>\n<tr>\n<td>material<\/td>\n<td>pp<\/td>\n<\/tr>\n<tr>\n<td>materia prima<\/td>\n<td>fibra pp<\/td>\n<\/tr>\n<tr>\n<td>forma<\/td>\n<td>cilindro<\/td>\n<\/tr>\n<tr>\n<td>talla<\/td>\n<td>Personalizado<\/td>\n<\/tr>\n<tr>\n<td>peso<\/td>\n<td>Personalizado<\/td>\n<\/tr>\n<tr>\n<td>potencia<\/td>\n<td>0<\/td>\n<\/tr>\n<tr>\n<td>garant\u00eda<\/td>\n<td>No disponible<\/td>\n<\/tr>\n<tr>\n<td>funci\u00f3n<\/td>\n<td>tama\u00f1o y logotipo personalizados acero robar<\/td>\n<\/tr>\n<tr>\n<td>certificaci\u00f3n<\/td>\n<td>SGS<\/td>\n<\/tr>\n<tr>\n<td>uso<\/td>\n<td>tratamiento del agua<\/td>\n<\/tr>\n<tr>\n<td>aplicaci\u00f3n<\/td>\n<td>industria<\/td>\n<\/tr>\n<tr>\n<td>color<\/td>\n<td>blanco<\/td>\n<\/tr>\n<tr>\n<td>aparici\u00f3n<\/td>\n<td>en relieve, brillante, etc.<\/td>\n<\/tr>\n<tr>\n<td>longitud<\/td>\n<td>5\/10\/20\/30\/40 pulgadas o personalizado<\/td>\n<\/tr>\n<tr>\n<td>embalaje<\/td>\n<td>caja de papel<\/td>\n<\/tr>\n<tr>\n<td>servicio posventa<\/td>\n<td>Asistencia en l\u00ednea<\/td>\n<\/tr>\n<tr>\n<td>capacidad de suministro<\/td>\n<td>5000 Piezas por semana<\/td>\n<\/tr>\n<\/tbody>\n<\/table>","protected":false},"excerpt":{"rendered":"<p>Un cartucho de filtro de fibra de PP fiable que ayuda a mantener el agua m\u00e1s limpia para el uso diario y los sistemas industriales. Personalice el tama\u00f1o, la longitud y la marca para que coincida con su configuraci\u00f3n.<\/p>","protected":false},"featured_media":1348,"comment_status":"open","ping_status":"closed","template":"","meta":{"_gspb_post_css":""},"product_brand":[],"product_cat":[23,17],"product_tag":[387,342,377,638,306,308],"class_list":{"0":"post-1333","1":"product","2":"type-product","3":"status-publish","4":"has-post-thumbnail","6":"product_cat-pp-filter-cartridge","7":"product_cat-sediment-filter","8":"product_tag-custom-size","9":"product_tag-cylinder-filter","10":"product_tag-oem-odm","11":"product_tag-pp-fiber-filter-cartridge","12":"product_tag-sgs-certified","13":"product_tag-water-treatment","15":"first","16":"instock","17":"shipping-taxable","18":"product-type-simple"},"_links":{"self":[{"href":"https:\/\/lyfilter.com\/es\/wp-json\/wp\/v2\/product\/1333","targetHints":{"allow":["GET"]}}],"collection":[{"href":"https:\/\/lyfilter.com\/es\/wp-json\/wp\/v2\/product"}],"about":[{"href":"https:\/\/lyfilter.com\/es\/wp-json\/wp\/v2\/types\/product"}],"replies":[{"embeddable":true,"href":"https:\/\/lyfilter.com\/es\/wp-json\/wp\/v2\/comments?post=1333"}],"wp:featuredmedia":[{"embeddable":true,"href":"https:\/\/lyfilter.com\/es\/wp-json\/wp\/v2\/media\/1348"}],"wp:attachment":[{"href":"https:\/\/lyfilter.com\/es\/wp-json\/wp\/v2\/media?parent=1333"}],"wp:term":[{"taxonomy":"product_brand","embeddable":true,"href":"https:\/\/lyfilter.com\/es\/wp-json\/wp\/v2\/product_brand?post=1333"},{"taxonomy":"product_cat","embeddable":true,"href":"https:\/\/lyfilter.com\/es\/wp-json\/wp\/v2\/product_cat?post=1333"},{"taxonomy":"product_tag","embeddable":true,"href":"https:\/\/lyfilter.com\/es\/wp-json\/wp\/v2\/product_tag?post=1333"}],"curies":[{"name":"wp","href":"https:\/\/api.w.org\/{rel}","templated":true}]}}