{"id":1289,"date":"2026-01-04T07:45:12","date_gmt":"2026-01-04T07:45:12","guid":{"rendered":"https:\/\/lyfilter.com\/?post_type=product&#038;p=1289"},"modified":"2026-01-04T07:45:12","modified_gmt":"2026-01-04T07:45:12","slug":"big-water-filter-rate-pp-filter-core-1-5-10-microns-water-sediment-filter-cartridge-with-222-226-227-fin-plastic","status":"publish","type":"product","link":"https:\/\/lyfilter.com\/es\/big-water-filter-rate-pp-filter-core-1-5-10-microns-water-sediment-filter-cartridge-with-222-226-227-fin-plastic\/","title":{"rendered":"Gran tasa de filtro de agua PP n\u00facleo del filtro 1\/5\/10 micras cartucho de filtro de sedimentos de agua con 222 226 227 Aleta de pl\u00e1stico"},"content":{"rendered":"<table>\n<thead>\n<tr>\n<th>Visi\u00f3n general<\/th>\n<th>Cartucho filtrante de sedimentos de agua con n\u00facleo filtrante de PP y tapa de pl\u00e1stico<\/th>\n<\/tr>\n<\/thead>\n<tbody>\n<tr>\n<td>Condici\u00f3n<\/td>\n<td>Nuevo<\/td>\n<\/tr>\n<tr>\n<td>Industrias aplicables<\/td>\n<td>Hoteles, tiendas de ropa, tiendas de materiales de construcci\u00f3n, plantas de fabricaci\u00f3n, talleres de reparaci\u00f3n de maquinaria, f\u00e1bricas de alimentos y bebidas, granjas, restaurantes, uso dom\u00e9stico, comercio minorista, tiendas de alimentaci\u00f3n, imprentas, obras de construcci\u00f3n, energ\u00eda y miner\u00eda, tiendas de alimentos y bebidas, empresas de publicidad<\/td>\n<\/tr>\n<tr>\n<td>Servicio post garant\u00eda<\/td>\n<td>Asistencia en l\u00ednea<\/td>\n<\/tr>\n<tr>\n<td>Ubicaci\u00f3n del servicio local<\/td>\n<td>ninguno<\/td>\n<\/tr>\n<tr>\n<td>Ubicaci\u00f3n de la sala de exposiciones<\/td>\n<td>ninguno<\/td>\n<\/tr>\n<tr>\n<td>V\u00eddeo de la inspecci\u00f3n de salida<\/td>\n<td>Proporcionado<\/td>\n<\/tr>\n<tr>\n<td>Informe de ensayo de maquinaria<\/td>\n<td>Proporcionado<\/td>\n<\/tr>\n<tr>\n<td>Tipo de comercializaci\u00f3n<\/td>\n<td>Producto ordinario<\/td>\n<\/tr>\n<tr>\n<td>Garant\u00eda de los componentes principales<\/td>\n<td>1 a\u00f1o<\/td>\n<\/tr>\n<tr>\n<td>Componentes b\u00e1sicos<\/td>\n<td>Recipiente a presi\u00f3n<\/td>\n<\/tr>\n<tr>\n<td>Lugar de origen<\/td>\n<td>Guangdong, China<\/td>\n<\/tr>\n<tr>\n<td>Marca<\/td>\n<td>LVYUAN\/OEM<\/td>\n<\/tr>\n<tr>\n<td>Material<\/td>\n<td>Polipropileno<\/td>\n<\/tr>\n<tr>\n<td>Peso<\/td>\n<td>OEM<\/td>\n<\/tr>\n<tr>\n<td>Talla<\/td>\n<td>OEM<\/td>\n<\/tr>\n<tr>\n<td>Potencia<\/td>\n<td>0<\/td>\n<\/tr>\n<tr>\n<td>Garant\u00eda<\/td>\n<td>No disponible<\/td>\n<\/tr>\n<tr>\n<td>Nombre del producto<\/td>\n<td>Cartucho filtrante de sedimentos de agua con n\u00facleo filtrante de PP y tapa de pl\u00e1stico<\/td>\n<\/tr>\n<tr>\n<td>Tipo de filtro<\/td>\n<td>Ranurado, Gofrado, Puntos, Logotipo de la empresa<\/td>\n<\/tr>\n<tr>\n<td>Precisi\u00f3n<\/td>\n<td>1-100 micras<\/td>\n<\/tr>\n<tr>\n<td>Di\u00e1metro exterior<\/td>\n<td>10-200 mm<\/td>\n<\/tr>\n<tr>\n<td>Di\u00e1metro interior<\/td>\n<td>OEM<\/td>\n<\/tr>\n<tr>\n<td>Adaptador de filtro<\/td>\n<td>Tipo plano, Tipo 222, Tipo 226, Tipo 215, Tipo 227<\/td>\n<\/tr>\n<tr>\n<td>Temperatura m\u00e1xima<\/td>\n<td>80\u2103<\/td>\n<\/tr>\n<tr>\n<td>Ca\u00edda de presi\u00f3n de trabajo<\/td>\n<td>0,1kgf\/c\u33a1<\/td>\n<\/tr>\n<tr>\n<td>El m\u00e1s confinado<\/td>\n<td>5kgf\/c\u33a1<\/td>\n<\/tr>\n<tr>\n<td>Ca\u00edda de presi\u00f3n m\u00e1xima<\/td>\n<td>3kgf\/c\u33a1<\/td>\n<\/tr>\n<tr>\n<td>Unidades de venta<\/td>\n<td>Art\u00edculo \u00fanico<\/td>\n<\/tr>\n<tr>\n<td>Tama\u00f1o de envase individual<\/td>\n<td>53 \u00d7 33 \u00d7 33 cm<\/td>\n<\/tr>\n<tr>\n<td>Peso bruto \u00fanico<\/td>\n<td>9.000 kg<\/td>\n<\/tr>\n<tr>\n<td>Tipo de envase<\/td>\n<td>Envasado en cart\u00f3n<\/td>\n<\/tr>\n<tr>\n<td>Plazo de entrega (1-100 piezas)<\/td>\n<td>3 d\u00edas<\/td>\n<\/tr>\n<tr>\n<td>Plazo de entrega (101-500 piezas)<\/td>\n<td>5 d\u00edas<\/td>\n<\/tr>\n<tr>\n<td>Plazo de entrega (501-5000 piezas)<\/td>\n<td>10 d\u00edas<\/td>\n<\/tr>\n<tr>\n<td>Plazo de entrega (&gt;5000 piezas)<\/td>\n<td>A negociar<\/td>\n<\/tr>\n<\/tbody>\n<\/table>","protected":false},"excerpt":{"rendered":"<p>Este cartucho de sedimentos de PP ayuda a reducir las part\u00edculas visibles y a proteger los equipos aguas abajo en viviendas y emplazamientos industriales. Elija la clasificaci\u00f3n en micras, el di\u00e1metro y el adaptador de la tapa final para adaptarse a sus necesidades de alojamiento y caudal.<\/p>","protected":false},"featured_media":1290,"comment_status":"open","ping_status":"closed","template":"","meta":{"_gspb_post_css":""},"product_brand":[],"product_cat":[23,17],"product_tag":[671,672,674,670,673,669],"class_list":{"0":"post-1289","1":"product","2":"type-product","3":"status-publish","4":"has-post-thumbnail","6":"product_cat-pp-filter-cartridge","7":"product_cat-sediment-filter","8":"product_tag-1-100-micron-filter-cartridge","9":"product_tag-222-226-227-adaptor","10":"product_tag-oem-water-filter-cartridge","11":"product_tag-plastic-end-cap-filter-core","12":"product_tag-polypropylene-water-filter-core","13":"product_tag-pp-sediment-filter-cartridge","15":"first","16":"instock","17":"shipping-taxable","18":"product-type-simple"},"_links":{"self":[{"href":"https:\/\/lyfilter.com\/es\/wp-json\/wp\/v2\/product\/1289","targetHints":{"allow":["GET"]}}],"collection":[{"href":"https:\/\/lyfilter.com\/es\/wp-json\/wp\/v2\/product"}],"about":[{"href":"https:\/\/lyfilter.com\/es\/wp-json\/wp\/v2\/types\/product"}],"replies":[{"embeddable":true,"href":"https:\/\/lyfilter.com\/es\/wp-json\/wp\/v2\/comments?post=1289"}],"wp:featuredmedia":[{"embeddable":true,"href":"https:\/\/lyfilter.com\/es\/wp-json\/wp\/v2\/media\/1290"}],"wp:attachment":[{"href":"https:\/\/lyfilter.com\/es\/wp-json\/wp\/v2\/media?parent=1289"}],"wp:term":[{"taxonomy":"product_brand","embeddable":true,"href":"https:\/\/lyfilter.com\/es\/wp-json\/wp\/v2\/product_brand?post=1289"},{"taxonomy":"product_cat","embeddable":true,"href":"https:\/\/lyfilter.com\/es\/wp-json\/wp\/v2\/product_cat?post=1289"},{"taxonomy":"product_tag","embeddable":true,"href":"https:\/\/lyfilter.com\/es\/wp-json\/wp\/v2\/product_tag?post=1289"}],"curies":[{"name":"wp","href":"https:\/\/api.w.org\/{rel}","templated":true}]}}