{"id":1288,"date":"2026-01-04T07:48:47","date_gmt":"2026-01-04T07:48:47","guid":{"rendered":"https:\/\/lyfilter.com\/?post_type=product&#038;p=1288"},"modified":"2026-01-04T07:48:47","modified_gmt":"2026-01-04T07:48:47","slug":"10um-porous-plastic-pp-bond-5-micron-spun-polypropylene-filter-cartridge-for-gas-air-water-purification-spare-parts","status":"publish","type":"product","link":"https:\/\/lyfilter.com\/es\/10um-porous-plastic-pp-bond-5-micron-spun-polypropylene-filter-cartridge-for-gas-air-water-purification-spare-parts\/","title":{"rendered":"10um pl\u00e1stico poroso PP enlace 5 micras hilado cartucho de filtro de polipropileno para gas aire agua purificaci\u00f3n piezas de repuesto"},"content":{"rendered":"<table>\n<thead>\n<tr>\n<th>Visi\u00f3n general<\/th>\n<th>Cartucho filtrante hilado (PP hilado) para filtraci\u00f3n de agua \/ piezas de \u00f3smosis inversa<\/th>\n<\/tr>\n<\/thead>\n<tbody>\n<tr>\n<td>Condici\u00f3n<\/td>\n<td>Nuevo<\/td>\n<\/tr>\n<tr>\n<td>Industrias aplicables<\/td>\n<td>Hoteles, tiendas de ropa, tiendas de materiales de construcci\u00f3n, plantas de fabricaci\u00f3n, talleres de reparaci\u00f3n de maquinaria, f\u00e1bricas de alimentos y bebidas, granjas, restaurantes, uso dom\u00e9stico, comercio minorista, tiendas de alimentaci\u00f3n, imprentas, obras de construcci\u00f3n, energ\u00eda y miner\u00eda, tiendas de alimentos y bebidas, empresas de publicidad<\/td>\n<\/tr>\n<tr>\n<td>Lugar de origen<\/td>\n<td>Guangdong, China<\/td>\n<\/tr>\n<tr>\n<td>Marca<\/td>\n<td>Lvyuan \/ OEM<\/td>\n<\/tr>\n<tr>\n<td>Material<\/td>\n<td>polipropileno<\/td>\n<\/tr>\n<tr>\n<td>Peso<\/td>\n<td>depende<\/td>\n<\/tr>\n<tr>\n<td>Talla<\/td>\n<td>est\u00e1ndar o a medida<\/td>\n<\/tr>\n<tr>\n<td>Potencia<\/td>\n<td>0<\/td>\n<\/tr>\n<tr>\n<td>Garant\u00eda<\/td>\n<td>No disponible<\/td>\n<\/tr>\n<tr>\n<td>Nombre del producto<\/td>\n<td>cartucho filtrante hilado<\/td>\n<\/tr>\n<tr>\n<td>Tasa de micras<\/td>\n<td>Cartucho filtrante de 1 \/ 3 \/ 5 \/ 10 \/ 25 \/ 50 \/ 75 \/ 100 micras<\/td>\n<\/tr>\n<tr>\n<td>Certificaci\u00f3n<\/td>\n<td>CE, SGS<\/td>\n<\/tr>\n<tr>\n<td>Aplicaci\u00f3n<\/td>\n<td>piezas de filtros de agua, \u00f3smosis inversa<\/td>\n<\/tr>\n<tr>\n<td>Longitud<\/td>\n<td>5\u2033, 10\u2033, 20\u2033, 30\u2033, 40\u2033, 50\u201d pulgadas<\/td>\n<\/tr>\n<tr>\n<td>Medio filtrante<\/td>\n<td>Polipropileno PP hilado<\/td>\n<\/tr>\n<tr>\n<td>Tapa<\/td>\n<td>DOE \/ 222Fin \/ 226Fin \/ 222Flat \/ 226Flat<\/td>\n<\/tr>\n<tr>\n<td>Material de la junta\/anillo<\/td>\n<td>Silicona \/ EPDM \/ Viton<\/td>\n<\/tr>\n<tr>\n<td>Utilizaci\u00f3n<\/td>\n<td>Filtro de cartucho para l\u00edquidos<\/td>\n<\/tr>\n<tr>\n<td>N\u00facleo interno<\/td>\n<td>PP, acero inoxidable, ninguno<\/td>\n<\/tr>\n<tr>\n<td>Servicio posventa<\/td>\n<td>Asistencia en l\u00ednea<\/td>\n<\/tr>\n<tr>\n<td>Capacidad de suministro<\/td>\n<td>5000 Piezas\/Pieza por D\u00eda (filtro spun bond)<\/td>\n<\/tr>\n<\/tbody>\n<\/table>","protected":false},"excerpt":{"rendered":"<p>Este cartucho hilado de PP ayuda a eliminar los sedimentos y las part\u00edculas finas para mantener los sistemas de agua funcionando sin problemas en hogares y sitios industriales. Elija la clasificaci\u00f3n de micras, la longitud, el estilo de la tapa y la opci\u00f3n de n\u00facleo para adaptarse a su carcasa.<\/p>","protected":false},"featured_media":1297,"comment_status":"open","ping_status":"closed","template":"","meta":{"_gspb_post_css":""},"product_brand":[],"product_cat":[23,17],"product_tag":[671,650,675,649,655,676],"class_list":{"0":"post-1288","1":"product","2":"type-product","3":"status-publish","4":"has-post-thumbnail","6":"product_cat-pp-filter-cartridge","7":"product_cat-sediment-filter","8":"product_tag-1-100-micron-filter-cartridge","9":"product_tag-doe-222-226-end-cap","10":"product_tag-pp-spun-filter-cartridge","11":"product_tag-reverse-osmosis-prefilter","12":"product_tag-silicon-epdm-viton-o-ring","13":"product_tag-spun-bond-sediment-filter","15":"first","16":"instock","17":"shipping-taxable","18":"product-type-simple"},"_links":{"self":[{"href":"https:\/\/lyfilter.com\/es\/wp-json\/wp\/v2\/product\/1288","targetHints":{"allow":["GET"]}}],"collection":[{"href":"https:\/\/lyfilter.com\/es\/wp-json\/wp\/v2\/product"}],"about":[{"href":"https:\/\/lyfilter.com\/es\/wp-json\/wp\/v2\/types\/product"}],"replies":[{"embeddable":true,"href":"https:\/\/lyfilter.com\/es\/wp-json\/wp\/v2\/comments?post=1288"}],"wp:featuredmedia":[{"embeddable":true,"href":"https:\/\/lyfilter.com\/es\/wp-json\/wp\/v2\/media\/1297"}],"wp:attachment":[{"href":"https:\/\/lyfilter.com\/es\/wp-json\/wp\/v2\/media?parent=1288"}],"wp:term":[{"taxonomy":"product_brand","embeddable":true,"href":"https:\/\/lyfilter.com\/es\/wp-json\/wp\/v2\/product_brand?post=1288"},{"taxonomy":"product_cat","embeddable":true,"href":"https:\/\/lyfilter.com\/es\/wp-json\/wp\/v2\/product_cat?post=1288"},{"taxonomy":"product_tag","embeddable":true,"href":"https:\/\/lyfilter.com\/es\/wp-json\/wp\/v2\/product_tag?post=1288"}],"curies":[{"name":"wp","href":"https:\/\/api.w.org\/{rel}","templated":true}]}}