{"id":1236,"date":"2026-01-04T06:54:16","date_gmt":"2026-01-04T06:54:16","guid":{"rendered":"https:\/\/lyfilter.com\/?post_type=product&#038;p=1236"},"modified":"2026-01-07T07:01:57","modified_gmt":"2026-01-07T07:01:57","slug":"water-associate-udf-activated-cto-compressed-carbon-pp-sediment-filter-cartridge-for-drinking-water-purifier-prefiltering-1-water-associate-udf-activated-cto-compressed-carbon-pp-sediment-filter-cartr","status":"publish","type":"product","link":"https:\/\/lyfilter.com\/es\/water-associate-udf-activated-cto-compressed-carbon-pp-sediment-filter-cartridge-for-drinking-water-purifier-prefiltering-1-water-associate-udf-activated-cto-compressed-carbon-pp-sediment-filter-cartr\/","title":{"rendered":"Agua Asociado UDF Activado CTO Carb\u00f3n Comprimido PP Cartucho de filtro de sedimentos para beber Purificador de agua Prefiltrado"},"content":{"rendered":"<table>\n<thead>\n<tr>\n<th>Visi\u00f3n general<\/th>\n<th>Cartucho filtrante de carb\u00f3n UDF\/CTO para agua potable (serie LY-PPF)<\/th>\n<\/tr>\n<\/thead>\n<tbody>\n<tr>\n<td>Lugar de origen<\/td>\n<td>Guangdong, China<\/td>\n<\/tr>\n<tr>\n<td>Marca<\/td>\n<td>Lvyuan \/ OEM<\/td>\n<\/tr>\n<tr>\n<td>N\u00famero de modelo<\/td>\n<td>Serie LY-PPF<\/td>\n<\/tr>\n<tr>\n<td>Nombre del producto<\/td>\n<td>cartucho filtrante de carbono udf cto para agua potable<\/td>\n<\/tr>\n<tr>\n<td>Tasa de micras<\/td>\n<td>1, 3, 5, 10 ~100<\/td>\n<\/tr>\n<tr>\n<td>Certificaci\u00f3n<\/td>\n<td>CE, SGS<\/td>\n<\/tr>\n<tr>\n<td>Aplicaci\u00f3n<\/td>\n<td>piezas de filtros de agua, \u00f3smosis inversa<\/td>\n<\/tr>\n<tr>\n<td>Utilizaci\u00f3n<\/td>\n<td>Filtro de cartucho para l\u00edquidos<\/td>\n<\/tr>\n<tr>\n<td>Longitud<\/td>\n<td>5\u2033, 10\u2033, 20\u2033, 30\u2033, 40\u2033, 50\u201d pulgadas<\/td>\n<\/tr>\n<tr>\n<td>Medio filtrante<\/td>\n<td>cartucho filtrante pp melt blown<\/td>\n<\/tr>\n<tr>\n<td>Tapa<\/td>\n<td>DOE, 222+Fin, 222+Piso, 226+Fin, 226+Piso<\/td>\n<\/tr>\n<tr>\n<td>Material de la junta\/anillo<\/td>\n<td>Silicona \/ EPDM \/ Viton<\/td>\n<\/tr>\n<tr>\n<td>N\u00facleo interno<\/td>\n<td>PP o Ninguno<\/td>\n<\/tr>\n<tr>\n<td>Capacidad de suministro<\/td>\n<td>5000 Piezas\/Piezas por D\u00eda (udf cto cartucho de filtro de carb\u00f3n para agua potable)<\/td>\n<\/tr>\n<\/tbody>\n<\/table>","protected":false},"excerpt":{"rendered":"<p>Este cartucho UDF\/CTO est\u00e1 dise\u00f1ado para obtener agua potable y sistemas de \u00f3smosis inversa con un sabor m\u00e1s limpio, ya que reduce las part\u00edculas no deseadas y ayuda a proteger los filtros aguas abajo. Elija la clasificaci\u00f3n de micras, la longitud, el estilo de la tapa y el material de la junta t\u00f3rica para que coincida con su carcasa.<\/p>","protected":false},"featured_media":1244,"comment_status":"open","ping_status":"closed","template":"","meta":{"_gspb_post_css":""},"product_brand":[],"product_cat":[23,17],"product_tag":[653,650,654,649,655,652],"class_list":{"0":"post-1236","1":"product","2":"type-product","3":"status-publish","4":"has-post-thumbnail","6":"product_cat-pp-filter-cartridge","7":"product_cat-sediment-filter","8":"product_tag-cto-carbon-filter-cartridge","9":"product_tag-doe-222-226-end-cap","10":"product_tag-drinking-water-filter","11":"product_tag-reverse-osmosis-prefilter","12":"product_tag-silicon-epdm-viton-o-ring","13":"product_tag-udf-carbon-filter-cartridge","15":"first","16":"instock","17":"shipping-taxable","18":"product-type-simple"},"_links":{"self":[{"href":"https:\/\/lyfilter.com\/es\/wp-json\/wp\/v2\/product\/1236","targetHints":{"allow":["GET"]}}],"collection":[{"href":"https:\/\/lyfilter.com\/es\/wp-json\/wp\/v2\/product"}],"about":[{"href":"https:\/\/lyfilter.com\/es\/wp-json\/wp\/v2\/types\/product"}],"replies":[{"embeddable":true,"href":"https:\/\/lyfilter.com\/es\/wp-json\/wp\/v2\/comments?post=1236"}],"wp:featuredmedia":[{"embeddable":true,"href":"https:\/\/lyfilter.com\/es\/wp-json\/wp\/v2\/media\/1244"}],"wp:attachment":[{"href":"https:\/\/lyfilter.com\/es\/wp-json\/wp\/v2\/media?parent=1236"}],"wp:term":[{"taxonomy":"product_brand","embeddable":true,"href":"https:\/\/lyfilter.com\/es\/wp-json\/wp\/v2\/product_brand?post=1236"},{"taxonomy":"product_cat","embeddable":true,"href":"https:\/\/lyfilter.com\/es\/wp-json\/wp\/v2\/product_cat?post=1236"},{"taxonomy":"product_tag","embeddable":true,"href":"https:\/\/lyfilter.com\/es\/wp-json\/wp\/v2\/product_tag?post=1236"}],"curies":[{"name":"wp","href":"https:\/\/api.w.org\/{rel}","templated":true}]}}