{"id":1223,"date":"2026-01-04T06:46:40","date_gmt":"2026-01-04T06:46:40","guid":{"rendered":"https:\/\/lyfilter.com\/?post_type=product&#038;p=1223"},"modified":"2026-01-04T06:46:40","modified_gmt":"2026-01-04T06:46:40","slug":"oem-customized-polypropylene-melt-blown-filter-with-pp-water-filter-media-1-5-10-100micron","status":"publish","type":"product","link":"https:\/\/lyfilter.com\/es\/oem-customized-polypropylene-melt-blown-filter-with-pp-water-filter-media-1-5-10-100micron\/","title":{"rendered":"OEM modificado para requisitos particulares de polipropileno fundido soplado con filtro de agua PP medios de comunicaci\u00f3n 1 5 10 100micron"},"content":{"rendered":"<table>\n<thead>\n<tr>\n<th>Visi\u00f3n general<\/th>\n<th>Cartucho filtrante de polipropileno fundido-soplado (serie LY-PPF)<\/th>\n<\/tr>\n<\/thead>\n<tbody>\n<tr>\n<td>Lugar de origen<\/td>\n<td>Guangdong, China<\/td>\n<\/tr>\n<tr>\n<td>Marca<\/td>\n<td>Lvyuan \/ OEM<\/td>\n<\/tr>\n<tr>\n<td>N\u00famero de modelo<\/td>\n<td>Serie LY-PPF<\/td>\n<\/tr>\n<tr>\n<td>Nombre del producto<\/td>\n<td>filtro de polipropileno fundido-soplado<\/td>\n<\/tr>\n<tr>\n<td>Tasa de micras<\/td>\n<td>Cartucho filtrante de 1, 3, 5, 10~100 micras<\/td>\n<\/tr>\n<tr>\n<td>Certificaci\u00f3n<\/td>\n<td>CE, SGS<\/td>\n<\/tr>\n<tr>\n<td>Aplicaci\u00f3n<\/td>\n<td>piezas de filtros de agua, \u00f3smosis inversa<\/td>\n<\/tr>\n<tr>\n<td>Utilizaci\u00f3n<\/td>\n<td>Filtro de cartucho para l\u00edquidos<\/td>\n<\/tr>\n<tr>\n<td>Longitud<\/td>\n<td>5\u2033, 10\u2033, 20\u2033, 30\u2033, 40\u2033, 50\u201d pulgadas<\/td>\n<\/tr>\n<tr>\n<td>Medio filtrante<\/td>\n<td>Membrana de polipropileno PP<\/td>\n<\/tr>\n<tr>\n<td>Tapa<\/td>\n<td>DOE, 222+Fin, 222+Piso, 226+Fin, 226+Piso<\/td>\n<\/tr>\n<tr>\n<td>OEM Di\u00e1metro exterior<\/td>\n<td>Opci\u00f3n de 15 mm a 200 mm<\/td>\n<\/tr>\n<tr>\n<td>N\u00facleo interno<\/td>\n<td>PP o Ninguno<\/td>\n<\/tr>\n<tr>\n<td>Capacidad de suministro<\/td>\n<td>5000 Piezas\/Piezas por D\u00eda (pp water filter media)<\/td>\n<\/tr>\n<\/tbody>\n<\/table>","protected":false},"excerpt":{"rendered":"<p>Este cartucho de PP fundido ayuda a proteger los sistemas de agua y las unidades de \u00f3smosis inversa atrapando las part\u00edculas finas. Elija la clasificaci\u00f3n de micras, la longitud, el estilo de la tapa y el di\u00e1metro para adaptarse a su carcasa, con opciones OEM disponibles.<\/p>","protected":false},"featured_media":1242,"comment_status":"open","ping_status":"closed","template":"","meta":{"_gspb_post_css":""},"product_brand":[],"product_cat":[23,17],"product_tag":[644,650,651,647,648,649],"class_list":{"0":"post-1223","1":"product","2":"type-product","3":"status-publish","4":"has-post-thumbnail","6":"product_cat-pp-filter-cartridge","7":"product_cat-sediment-filter","8":"product_tag-1-micron-filter-cartridge","9":"product_tag-doe-222-226-end-cap","10":"product_tag-oem-diameter-filter","11":"product_tag-polypropylene-melt-blown-filter","12":"product_tag-pp-filter-cartridge","13":"product_tag-reverse-osmosis-prefilter","15":"first","16":"instock","17":"shipping-taxable","18":"product-type-simple"},"_links":{"self":[{"href":"https:\/\/lyfilter.com\/es\/wp-json\/wp\/v2\/product\/1223","targetHints":{"allow":["GET"]}}],"collection":[{"href":"https:\/\/lyfilter.com\/es\/wp-json\/wp\/v2\/product"}],"about":[{"href":"https:\/\/lyfilter.com\/es\/wp-json\/wp\/v2\/types\/product"}],"replies":[{"embeddable":true,"href":"https:\/\/lyfilter.com\/es\/wp-json\/wp\/v2\/comments?post=1223"}],"wp:featuredmedia":[{"embeddable":true,"href":"https:\/\/lyfilter.com\/es\/wp-json\/wp\/v2\/media\/1242"}],"wp:attachment":[{"href":"https:\/\/lyfilter.com\/es\/wp-json\/wp\/v2\/media?parent=1223"}],"wp:term":[{"taxonomy":"product_brand","embeddable":true,"href":"https:\/\/lyfilter.com\/es\/wp-json\/wp\/v2\/product_brand?post=1223"},{"taxonomy":"product_cat","embeddable":true,"href":"https:\/\/lyfilter.com\/es\/wp-json\/wp\/v2\/product_cat?post=1223"},{"taxonomy":"product_tag","embeddable":true,"href":"https:\/\/lyfilter.com\/es\/wp-json\/wp\/v2\/product_tag?post=1223"}],"curies":[{"name":"wp","href":"https:\/\/api.w.org\/{rel}","templated":true}]}}