{"id":1209,"date":"2026-01-04T06:22:37","date_gmt":"2026-01-04T06:22:37","guid":{"rendered":"https:\/\/lyfilter.com\/?post_type=product&#038;p=1209"},"modified":"2026-01-04T06:26:25","modified_gmt":"2026-01-04T06:26:25","slug":"pp-melt-blown-filter-cartridge-customized-size-sediment-water-filter-with-1-3-5-10-20-15-50-75-100-micron","status":"publish","type":"product","link":"https:\/\/lyfilter.com\/es\/pp-melt-blown-filter-cartridge-customized-size-sediment-water-filter-with-1-3-5-10-20-15-50-75-100-micron\/","title":{"rendered":"PP Melt Blown cartucho de filtro de tama\u00f1o personalizado sedimento filtro de agua con 1 3 5 10 20 15 50 75 100 micras"},"content":{"rendered":"<div class=\"pro_aliData\">\n<div class=\"detail-box\">\n<div class=\"scc-wrapper detail-module module-productSpecification\" data-spm=\"pronpeci14\">\n<div id=\"J-rich-text-description\" class=\"richtext richtext-detail rich-text-description\">\n<div id=\"detail_decorate_root\" data-host=\"1123108243\" data-id=\"detail_decorate_root\">\n<div id=\"_root\" class=\"engine-app\" data-reactroot=\"\">\n<h2 id=\"ali-anchor-AliMagic-ndhdet\" class=\"magic-0\" data-section=\"AliMagic-ndhdet\" data-section-title=\"Product Description\">Descripci\u00f3n del producto<\/h2>\n<div class=\"icbu-pc-images magic-1\">\n<div>\n<div class=\"flex-layout-v\">\n<div class=\"flex-layout-h magic-1\">\n<div class=\"magic-2\"><img decoding=\"async\" class=\"magic-3\" src=\"https:\/\/img.yfisher.com\/m6076\/1725726990g0q\/jpg70-t3-scale100.webp\" alt=\"PP Melt Blown Filtro de cartucho de tama\u00f1o personalizado sedimento filtro de agua con 1 3 5 10 20 15 50 75 100 micras 7\" data-lazy=\"2\" title=\"\"><\/div>\n<\/div>\n<\/div>\n<\/div>\n<\/div>\n<div class=\"icbu-pc-images magic-1\">\n<div>\n<div class=\"flex-layout-v\">\n<div class=\"flex-layout-h magic-1\">\n<div class=\"magic-4\"><img decoding=\"async\" class=\"magic-5\" src=\"https:\/\/img.yfisher.com\/m6076\/1725727022zxt\/jpg70-t3-scale100.webp\" alt=\"PP fundido soplado cartucho de filtro de sedimentos de tama\u00f1o personalizado con 1 3 5 10 20 15 50 75 100 micras 9\" data-lazy=\"2\" title=\"\"><\/div>\n<\/div>\n<\/div>\n<\/div>\n<\/div>\n<div class=\"detail-decorate-json-renderer-container\">\n<div class=\"magic-6\">\n<div class=\"magic-7\">\n<div class=\"magic-8\">\n<div class=\"magic-9\">\n<h2 class=\"magic-10\"><b>Descripci\u00f3n general<\/b><\/h2>\n<p class=\"magic-10\"><span style=\"font-family: Arial, Helvetica;\">Lvyuan pp fundido soplado serie de cartuchos de filtro es una especie de cartucho de filtro est\u00e1ndar y simple para la purificaci\u00f3n del agua. Es fusi\u00f3n y entrelazado de la fibra del polipropileno sin ningunos pegamentos qu\u00edmicos.<\/span><\/p>\n<p>Est\u00e1 hecho de 100% materia prima de polipropileno puro. este cartucho de filtro son radom para formar 3D micro poro que har\u00e1 que el cartucho de 3 capas con fibras finas en la superficie y fibra gruesa y filtraci\u00f3n profunda. Como la fibra y la densidad de alto grado de filtraci\u00f3n y la capacidad de retenci\u00f3n de contaminantes en el di\u00e1metro del cartucho de filtro, baja ca\u00edda de presi\u00f3n, el cambio gradual de filtraci\u00f3n profunda strcture con losse exterior e interior cerca, fuerte capacidad de retenci\u00f3n de contaminantes, puede eliminar los contaminantes de manera efectiva, tales como sustancias en suspensi\u00f3n, part\u00edculas y el \u00f3xido, proporcionando una filtraci\u00f3n eficiente y larga vida serivce.<\/p>\n<\/div>\n<\/div>\n<\/div>\n<\/div>\n<\/div>\n<div class=\"icbu-pc-images magic-1\">\n<div>\n<div class=\"flex-layout-v\">\n<div class=\"flex-layout-h magic-1\">\n<div class=\"magic-11\"><img decoding=\"async\" class=\"magic-12\" src=\"https:\/\/img.yfisher.com\/m6076\/17257276796e1\/jpg70-t3-scale100.webp\" alt=\"PP Melt Blown Filtro de cartucho de tama\u00f1o personalizado sedimento filtro de agua con 1 3 5 10 20 15 50 75 100 micras 11\" data-lazy=\"2\" title=\"\"><\/div>\n<\/div>\n<\/div>\n<\/div>\n<\/div>\n<div class=\"detail-decorate-json-renderer-container\">\n<div class=\"magic-6\">\n<div class=\"magic-7\">\n<div class=\"magic-8\">\n<div class=\"magic-9\">\n<p class=\"magic-10\"><b>Caracter\u00edsticas:<\/b><\/p>\n<p>1. Alta capacidad de retenci\u00f3n de la suciedad y larga vida \u00fatil.<\/p>\n<p>2. Sello de acero de tama\u00f1o y logotipo personalizados.<\/p>\n<p>3. No provocar\u00eda la ca\u00edda de fibras.<\/p>\n<\/div>\n<\/div>\n<\/div>\n<\/div>\n<\/div>\n<div class=\"icbu-pc-images magic-1\">\n<div>\n<div class=\"flex-layout-v\">\n<div class=\"flex-layout-h magic-1\">\n<div class=\"magic-13\"><img decoding=\"async\" class=\"magic-14\" src=\"https:\/\/img.yfisher.com\/m6076\/172572699030m\/jpg70-t3-scale100.webp\" alt=\"PP Melt Blown Filtro de cartucho de tama\u00f1o personalizado sedimento filtro de agua con 1 3 5 10 20 15 50 75 100 micras 13\" data-lazy=\"2\" title=\"\"><\/div>\n<\/div>\n<\/div>\n<\/div>\n<\/div>\n<div class=\"detail-decorate-json-renderer-container\">\n<div class=\"magic-6\">\n<div class=\"magic-7\">\n<div class=\"magic-8\">\n<div class=\"magic-9\">\n<p class=\"magic-10\"><b>\u00a0Lvyuan pp <a href=\"https:\/\/lyfilter.com\/es\/sediment-filter.html\/\">filtro de sedimentos<\/a> especificaci\u00f3n:<\/b><\/p>\n<\/div>\n<\/div>\n<\/div>\n<\/div>\n<\/div>\n<div class=\"ife-detail-decorate-table\">\n<div class=\"table-responsive\">\n<table class=\"all magic-15\">\n<tbody>\n<tr>\n<td>\n<div class=\"magic-16\">Material del medio filtrante<\/div>\n<\/td>\n<td>\n<div class=\"magic-17\">PP(polipropileno)<\/div>\n<\/td>\n<\/tr>\n<tr>\n<td>\n<div class=\"magic-16\">N\u00facleo intermedio\/Capuchones finales<\/div>\n<\/td>\n<td>\n<div class=\"magic-17\">PP\/ninguno<\/div>\n<\/td>\n<\/tr>\n<tr>\n<td>\n<div class=\"magic-16\">Material de la junta<\/div>\n<\/td>\n<td>\n<div class=\"magic-17\">Silicona, EPDM, NBR, VITON, TEFLON, etc.<\/div>\n<\/td>\n<\/tr>\n<tr>\n<td>\n<div class=\"magic-16\">Adaptadores<\/div>\n<\/td>\n<td>\n<div class=\"magic-17\">DOE, 222plana, 222aleta, 226plana, 226aleta o personalizada<\/div>\n<\/td>\n<\/tr>\n<tr>\n<td>\n<div class=\"magic-16\">Superficie<\/div>\n<\/td>\n<td>\n<div class=\"magic-17\">Brillante, Estriado, Gofrado, Agujereado, Superficie de piel de naranja<\/div>\n<\/td>\n<\/tr>\n<tr>\n<td>\n<div class=\"magic-16\">Di\u00e1metro interior<\/div>\n<\/td>\n<td>\n<div class=\"magic-17\">28 mm, 30 mm o personalizado<\/div>\n<\/td>\n<\/tr>\n<tr>\n<td>\n<div class=\"magic-16\">Di\u00e1metro exterior<\/div>\n<\/td>\n<td>\n<div class=\"magic-17\">63 mm, 65 mm o personalizado<\/div>\n<\/td>\n<\/tr>\n<tr>\n<td>\n<div class=\"magic-16\">Longitud<\/div>\n<\/td>\n<td>\n<div class=\"magic-17\">10 pulgadas, 20 pulgadas, 30 pulgadas, 40 pulgadas<\/div>\n<\/td>\n<\/tr>\n<tr>\n<td>\n<div class=\"magic-16\">Presi\u00f3n diferencial m\u00e1xima<\/div>\n<\/td>\n<td>\n<div class=\"magic-17\">3,5 bar a 20\u2103<\/div>\n<\/td>\n<\/tr>\n<tr>\n<td>\n<div class=\"magic-16\">Temperatura m\u00e1xima de funcionamiento<\/div>\n<\/td>\n<td>\n<div class=\"magic-17\">82\u2103<\/div>\n<\/td>\n<\/tr>\n<tr>\n<td>\n<div class=\"magic-16\">Presi\u00f3n diferencial de sustituci\u00f3n<\/div>\n<\/td>\n<td>\n<div class=\"magic-17\">1-1,5bar<\/div>\n<\/td>\n<\/tr>\n<\/tbody>\n<\/table>\n<\/div>\n<\/div>\n<div class=\"detail-decorate-json-renderer-container\">\n<div class=\"magic-6\">\n<div class=\"magic-7\">\n<div class=\"magic-8\">\n<div class=\"magic-9\">\n<p class=\"magic-10\"><b>Con 10 a\u00f1os de fabricaci\u00f3n en pp fundido soplado filtro, podemos aceptar especificaci\u00f3n personalizada, adaptadores personalizados, superficie personalizada, gramo personalizado.<\/b><\/p>\n<\/div>\n<\/div>\n<\/div>\n<\/div>\n<\/div>\n<div class=\"detail-decorate-json-renderer-container\">\n<div class=\"magic-6\">\n<div class=\"magic-18\">\n<div class=\"magic-19\">\n<div class=\"magic-19\">\n<div class=\"magic-20\"><img decoding=\"async\" class=\"magic-21\" src=\"https:\/\/img.yfisher.com\/m6076\/1725726990f1j\/jpg70-t3-scale100.webp\" alt=\"PP Melt Blown cartucho de filtro de tama\u00f1o personalizado sedimento filtro de agua con 1 3 5 10 20 15 50 75 100 micras 15\" data-id=\"img0\" data-lazy=\"2\" title=\"\"><\/div>\n<\/div>\n<\/div>\n<div class=\"magic-8\">\n<div class=\"magic-9\" data-id=\"paragraph0\">\n<p class=\"magic-10\">especificaci\u00f3n personalizada<\/p>\n<\/div>\n<\/div>\n<\/div>\n<div class=\"magic-18\">\n<div class=\"magic-19\">\n<div class=\"magic-19\">\n<div class=\"magic-20\"><img decoding=\"async\" class=\"magic-22\" src=\"https:\/\/img.yfisher.com\/m6076\/1725726990yl3\/jpg70-t3-scale100.webp\" alt=\"PP Melt Blown Filtro de cartucho de tama\u00f1o personalizado sedimento filtro de agua con 1 3 5 10 20 15 50 75 100 micras 17\" data-id=\"img1\" data-lazy=\"2\" title=\"\"><\/div>\n<\/div>\n<\/div>\n<div class=\"magic-8\">\n<div class=\"magic-9\" data-id=\"paragraph1\">\n<p class=\"magic-10\">multiadaptador\/soe<\/p>\n<\/div>\n<\/div>\n<\/div>\n<div class=\"magic-18\">\n<div class=\"magic-19\">\n<div class=\"magic-19\">\n<div class=\"magic-20\"><img decoding=\"async\" class=\"magic-22\" src=\"https:\/\/img.yfisher.com\/m6076\/17257269907i1\/jpg70-t3-scale100.webp\" alt=\"PP Melt Blown Filtro de cartucho de tama\u00f1o personalizado sedimento filtro de agua con 1 3 5 10 20 15 50 75 100 micras 19\" data-id=\"img2\" data-lazy=\"2\" title=\"\"><\/div>\n<\/div>\n<\/div>\n<div class=\"magic-8\">\n<div class=\"magic-9\" data-id=\"paragraph2\">\n<p class=\"magic-10\">5 tipos de superficie<\/p>\n<\/div>\n<\/div>\n<\/div>\n<\/div>\n<\/div>\n<div class=\"detail-decorate-json-renderer-container\">\n<div class=\"magic-6\">\n<div class=\"magic-7\">\n<div class=\"magic-8\">\n<div class=\"magic-9\">\n<p class=\"magic-10\"><b>Servicio de personalizaci\u00f3n:<\/b><\/p>\n<p>1. Acepta tama\u00f1o y longitud personalizados.               2. 2. Aceptamos adaptadores personalizados.<\/p>\n<p>3. Aceptar personalizar la apariencia.                        4. Acepta dos precisiones.<\/p>\n<p>5. Acepta gramos personalizados<\/p>\n<\/div>\n<\/div>\n<\/div>\n<\/div>\n<\/div>\n<div class=\"icbu-pc-images magic-1\">\n<div>\n<div class=\"flex-layout-v\">\n<div class=\"flex-layout-h magic-1\">\n<div class=\"magic-23\"><img decoding=\"async\" class=\"magic-24\" src=\"https:\/\/img.yfisher.com\/m6076\/172572699016s\/jpg70-t3-scale100.webp\" alt=\"PP Melt Blown Filtro de cartucho de tama\u00f1o personalizado sedimento filtro de agua con 1 3 5 10 20 15 50 75 100 micras 21\" data-lazy=\"2\" title=\"\"><\/div>\n<\/div>\n<\/div>\n<\/div>\n<\/div>\n<div id=\"ali-anchor-AliMagic-0psmjs\" class=\"magic-0\" data-section=\"AliMagic-0psmjs\" data-section-title=\"Application\">Aplicaci\u00f3n<\/div>\n<div class=\"detail-decorate-json-renderer-container\">\n<div class=\"magic-6\">\n<div class=\"magic-7\">\n<div class=\"magic-8\">\n<div class=\"magic-9\">\n<p class=\"magic-10\">1. Pretratamiento del agua del grifo con \u00f3smosis inversa<\/p>\n<p>2. Agua industrial, filtraci\u00f3n de chapado<\/p>\n<p>3. 3. Alimentos y bebidas<\/p>\n<p>4. Prefiltraci\u00f3n de agua est\u00e9ril y agua ultrapura<\/p>\n<p>5. Agua qu\u00edmica y disolvente<\/p>\n<\/div>\n<\/div>\n<\/div>\n<\/div>\n<\/div>\n<div class=\"icbu-pc-images magic-1\">\n<div>\n<div class=\"flex-layout-v\">\n<div class=\"flex-layout-h magic-1\">\n<div class=\"magic-25\"><img decoding=\"async\" class=\"magic-26\" src=\"https:\/\/img.yfisher.com\/m6076\/1725726940dfq\/jpg70-t3-scale100.webp\" alt=\"PP Melt Blown Filtro de cartucho de tama\u00f1o personalizado sedimento filtro de agua con 1 3 5 10 20 15 50 75 100 micras 23\" data-lazy=\"2\" title=\"\"><\/div>\n<\/div>\n<\/div>\n<\/div>\n<\/div>\n<div class=\"icbu-pc-images magic-1\">\n<div>\n<div class=\"flex-layout-v\">\n<div class=\"flex-layout-h magic-1\">\n<div class=\"magic-27\"><img decoding=\"async\" class=\"magic-28\" src=\"https:\/\/img.yfisher.com\/m6076\/17257269068bl\/jpg70-t3-scale100.webp\" alt=\"PP Melt Blown cartucho de filtro de tama\u00f1o personalizado sedimento filtro de agua con 1 3 5 10 20 15 50 75 100 micras 25\" data-lazy=\"2\" title=\"\"><\/div>\n<\/div>\n<\/div>\n<\/div>\n<\/div>\n<div id=\"ali-anchor-AliMagic-np9xm8\" class=\"magic-0\" data-section=\"AliMagic-np9xm8\" data-section-title=\"Related Products\">Productos relacionados<\/div>\n<div class=\"detail-decorate-json-renderer-container\">\n<div class=\"magic-6\">\n<div class=\"magic-7\">\n<div class=\"magic-8\">\n<div class=\"magic-9\">\n<p class=\"magic-10\"><b>Nuestros productos est\u00e1n de acuerdo con las normas internacionales y la exportaci\u00f3n a muchos pa\u00edses y regiones. tienen buena quailty y buen precio. ll\u00e1mame, +86 13574135485, vamos a hablar de los detalles.<\/b><\/p>\n<\/div>\n<\/div>\n<\/div>\n<\/div>\n<\/div>\n<div class=\"icbu-pc-images magic-1\">\n<div>\n<div class=\"flex-layout-v\">\n<div class=\"flex-layout-h magic-1\">\n<div class=\"magic-29\"><a href=\"https:\/\/lyfilter.com\/es\/pp-melt-blown-filter-cartridge-customized-size-sediment-water-filter-with-1-3-5-10-20-15-50-75-100-m-3967.html\/\" target=\"_blank\" rel=\"noopener noreferrer\"><img decoding=\"async\" class=\"magic-30\" src=\"https:\/\/img.yfisher.com\/m6076\/1725726937976\/jpg70-t3-scale100.webp\" alt=\"PP Melt Blown Filtro de cartucho de tama\u00f1o personalizado sedimento filtro de agua con 1 3 5 10 20 15 50 75 100 micras 27\" data-id=\"child-image-0\" data-lazy=\"2\" title=\"\"><\/a><\/div>\n<div class=\"magic-31\"><a href=\"https:\/\/lyfilter.com\/es\/pp-melt-blown-filter-cartridge-customized-size-sediment-water-filter-with-1-3-5-10-20-15-50-75-100-m-3967.html\/\" target=\"_blank\" rel=\"noopener noreferrer\"><img decoding=\"async\" class=\"magic-32\" src=\"https:\/\/img.yfisher.com\/m6076\/17257269639l2\/png70-t3-scale100.webp\" alt=\"PP Melt Blown Filtro de cartucho de tama\u00f1o personalizado sedimento filtro de agua con 1 3 5 10 20 15 50 75 100 micras 29\" data-id=\"child-image-1\" data-lazy=\"2\" title=\"\"><\/a><\/div>\n<div class=\"magic-31\"><a href=\"https:\/\/lyfilter.com\/es\/pp-melt-blown-filter-cartridge-customized-size-sediment-water-filter-with-1-3-5-10-20-15-50-75-100-m-3967.html\/\" target=\"_blank\" rel=\"noopener noreferrer\"><img decoding=\"async\" class=\"magic-33\" src=\"https:\/\/img.yfisher.com\/m6076\/1725726906402\/jpg70-t3-scale100.webp\" alt=\"PP Melt Blown Filtro de cartucho de tama\u00f1o personalizado sedimento filtro de agua con 1 3 5 10 20 15 50 75 100 micras 31\" data-id=\"child-image-2\" data-lazy=\"2\" title=\"\"><\/a><\/div>\n<div class=\"magic-31\"><a href=\"https:\/\/lyfilter.com\/es\/pp-melt-blown-filter-cartridge-customized-size-sediment-water-filter-with-1-3-5-10-20-15-50-75-100-m-3967.html\/\" target=\"_blank\" rel=\"noopener noreferrer\"><img decoding=\"async\" class=\"magic-34\" src=\"https:\/\/img.yfisher.com\/m6076\/17257269065sa\/jpg70-t3-scale100.webp\" alt=\"PP Melt Blown Filtro de cartucho de tama\u00f1o personalizado sedimento filtro de agua con 1 3 5 10 20 15 50 75 100 micras 33\" data-id=\"child-image-3\" data-lazy=\"2\" title=\"\"><\/a><\/div>\n<\/div>\n<\/div>\n<\/div>\n<\/div>\n<div class=\"detail-decorate-json-renderer-container\">\n<div class=\"magic-6\">\n<div class=\"magic-7\">\n<div class=\"magic-8\">\n<div class=\"magic-9\">\n<p class=\"magic-10\">filtro de titanio membrana filtrante hilo bobinado fiter carbono sinterizado<\/p>\n<\/div>\n<\/div>\n<\/div>\n<\/div>\n<\/div>\n<div class=\"icbu-pc-images magic-1\">\n<div>\n<div class=\"flex-layout-v\">\n<div class=\"flex-layout-h magic-1\">\n<div class=\"magic-35\"><a href=\"https:\/\/lyfilter.com\/es\/pp-melt-blown-filter-cartridge-customized-size-sediment-water-filter-with-1-3-5-10-20-15-50-75-100-m-3967.html\/\" target=\"_blank\" rel=\"noopener noreferrer\"><img decoding=\"async\" class=\"magic-36\" src=\"https:\/\/img.yfisher.com\/m6076\/17257268694mn\/jpg70-t3-scale100.webp\" alt=\"PP Melt Blown Filtro de cartucho de tama\u00f1o personalizado sedimento filtro de agua con 1 3 5 10 20 15 50 75 100 micras 35\" data-lazy=\"2\" title=\"\"><\/a><\/div>\n<\/div>\n<\/div>\n<\/div>\n<\/div>\n<div id=\"ali-anchor-AliMagic-v8ikn1\" class=\"magic-0\" data-section=\"AliMagic-v8ikn1\" data-section-title=\"Certifications\">Certificaciones<\/div>\n<div class=\"icbu-pc-images magic-1\">\n<div>\n<div class=\"flex-layout-v\">\n<div class=\"flex-layout-h magic-1\">\n<div class=\"magic-37\"><img decoding=\"async\" class=\"magic-38\" src=\"https:\/\/img.yfisher.com\/m6076\/17257267814f6\/jpg70-t3-scale100.webp\" alt=\"PP Melt Blown Filtro de cartucho de tama\u00f1o personalizado sedimento filtro de agua con 1 3 5 10 20 15 50 75 100 micras 37\" data-lazy=\"2\" title=\"\"><\/div>\n<\/div>\n<\/div>\n<\/div>\n<\/div>\n<div id=\"ali-anchor-AliMagic-xj4svp\" class=\"magic-0\" data-section=\"AliMagic-xj4svp\" data-section-title=\"About us\">Qui\u00e9nes somos<\/div>\n<div class=\"detail-decorate-json-renderer-container\">\n<div class=\"magic-6\">\n<div class=\"magic-7\">\n<div class=\"magic-8\">\n<div class=\"magic-9\">\n<p class=\"magic-10\">1. 10 a\u00f1os de experiencia como fabricante profesional.<\/p>\n<p>2. Ofrecemos servicio de personalizaci\u00f3n OEM y ODM, puede encontrar todo tipo de piezas de filtros de agua industriales en nuestra empresa.<\/p>\n<p>3. Todos los productos tienen garant\u00eda de calidad. Nuestra certificaci\u00f3n: CE ISO SGS<\/p>\n<p>4. Nuestros trabajadores son eficientes y nuestras ventas son profesionales, vamos a dar el servicio personalizado profesional.<\/p>\n<p>5. Nuestros productos se exportan a m\u00e1s de 100 pa\u00edses y regiones. Recibido una buena reputaci\u00f3n.<\/p>\n<p>6. Muchos cooperadores nos apoyan desde hace muchos a\u00f1os.<\/p>\n<p>7. Estamos decididos a proporcionar el mejor servicio y buena calidad a nuestros clientes globales, seremos una empresa cada vez m\u00e1s profesional en el futuro.<\/p>\n<\/div>\n<\/div>\n<\/div>\n<\/div>\n<\/div>\n<div class=\"icbu-pc-images magic-1\">\n<div>\n<div class=\"flex-layout-v\">\n<div class=\"flex-layout-h magic-1\">\n<div class=\"magic-39\"><img decoding=\"async\" class=\"magic-40\" src=\"https:\/\/img.yfisher.com\/m6076\/1725726781v86\/jpg70-t3-scale100.webp\" alt=\"PP fundido soplado cartucho de filtro de sedimentos de tama\u00f1o personalizado con 1 3 5 10 20 15 50 75 100 micras 39\" data-lazy=\"2\" title=\"\"><\/div>\n<\/div>\n<\/div>\n<\/div>\n<\/div>\n<div id=\"ali-anchor-AliMagic-hwal9o\" class=\"magic-0\" data-section=\"AliMagic-hwal9o\" data-section-title=\"Our Service\">Nuestros servicios<\/div>\n<div class=\"detail-decorate-json-renderer-container\">\n<div class=\"magic-6\">\n<h3 class=\"magic-41\" data-id=\"title0\"><\/h3>\n<h3 class=\"magic-42\"><span style=\"font-size: medium;\">Construimos una relaci\u00f3n a largo plazo con nuestros clientes y nos ganamos su buena reputaci\u00f3n. Espero que te unas a nosotros y cooperar con nosotros.<\/span><\/h3>\n<div><\/div>\n<div class=\"magic-7\">\n<div class=\"magic-8\">\n<div class=\"magic-9\" data-id=\"paragraph0\">\n<p class=\"magic-10\"><span style=\"font-family: Arial, Helvetica;\">1. Acepte la longitud modificada para requisitos particulares, el paquete, el logotipo etc, como usted ofrece su dibujo y cuadro.<\/span><\/p>\n<p>2. Aceptar orden de compra de la muestra, aceptar cartucho de filtro MOQ = 10.carcasa del filtro MOQ = 1.<\/p>\n<p>3. Le responderemos en 24 horas.<\/p>\n<p>4. Recibido el pago, nos pondremos en contacto con usted en la primera vez y organizar la producci\u00f3n y hacerle saber el \u00faltimo proceso.<\/p>\n<p>5. Cualquier duda, p\u00f3ngase en contacto con nosotros, le ayudaremos a resolver el problema lo antes posible.<\/p>\n<\/div>\n<\/div>\n<\/div>\n<\/div>\n<\/div>\n<div id=\"ali-anchor-AliMagic-bmgpxm\" class=\"magic-0\" data-section=\"AliMagic-bmgpxm\" data-section-title=\"Packing &amp; Delivery\">Embalaje y entrega<\/div>\n<div class=\"detail-decorate-json-renderer-container\">\n<div class=\"magic-6\">\n<div class=\"magic-7\">\n<div class=\"magic-8\">\n<div class=\"magic-9\">\n<p class=\"magic-10\"><b>Nuestros trabajadores son eficientes y nuestras ventas son profesionales.  Cualquier solicitud ser\u00eda paciente y cuidadoso para responder y resolver.<br \/>\nNos esforzaremos al m\u00e1ximo para garantizar la producci\u00f3n y el env\u00edo a su pa\u00eds lo antes posible. <\/b><\/p>\n<p class=\"magic-10\"><span style=\"font-family: Arial, Helvetica;\"><b>Embalaje:<\/b><\/span><\/p>\n<p class=\"magic-10\"><span style=\"font-family: Arial, Helvetica;\"><b><br \/>\n<\/b>Los productos se embalan en cajas de cart\u00f3n\/madera de alta calidad, adecuadas para el transporte mar\u00edtimo de larga distancia, as\u00ed como para climas y con buena resistencia a la humedad y los golpes.<\/span><\/p>\n<p><b>Plazo de entrega:<\/b><\/p>\n<p>1. Si este tipo de productos est\u00e1 en stock, el producto ser\u00e1 enviado para usted 1-7 d\u00edas despu\u00e9s del pago.<\/p>\n<p class=\"magic-10\"><span style=\"font-family: Arial, Helvetica;\"><br \/>\n2. Si este tipo de productos no est\u00e1 en stock, los productos tardar\u00e1n unos 7-25 d\u00edas en producirse.<\/span><\/p>\n<p><b>Env\u00edo:<\/b><\/p>\n<p class=\"magic-10\"><span style=\"font-family: Arial, Helvetica;\"><b><br \/>\n<\/b>Mar\u00edtimo, ferroviario, a\u00e9reo (DHL\/UPS\/TNT\/FEDEX)<\/span><\/p>\n<\/div>\n<\/div>\n<\/div>\n<\/div>\n<\/div>\n<div class=\"icbu-pc-images magic-1\">\n<div>\n<div class=\"flex-layout-v\">\n<div class=\"flex-layout-h magic-1\">\n<div class=\"magic-43\"><img decoding=\"async\" class=\"magic-44\" src=\"https:\/\/img.yfisher.com\/m6076\/1725726773qyg\/jpg70-t3-scale100.webp\" alt=\"PP Melt Blown Filtro de cartucho de tama\u00f1o personalizado sedimento filtro de agua con 1 3 5 10 20 15 50 75 100 micras 41\" data-lazy=\"2\" title=\"\"><\/div>\n<\/div>\n<\/div>\n<\/div>\n<\/div>\n<div id=\"ali-anchor-AliMagic-ebzl5s\" class=\"magic-0\" data-section=\"AliMagic-ebzl5s\" data-section-title=\"Contact us\">P\u00f3ngase en contacto con nosotros<\/div>\n<div class=\"detail-decorate-json-renderer-container\">\n<div class=\"magic-6\">\n<div class=\"magic-7\">\n<div class=\"magic-8\">\n<div class=\"magic-9\">\n<p class=\"magic-10\">Wechat\/skype\/whatsapp: +8613574135485 (respuesta r\u00e1pida)<\/p>\n<\/div>\n<\/div>\n<\/div>\n<\/div>\n<\/div>\n<div class=\"icbu-pc-images magic-1\">\n<div>\n<div class=\"flex-layout-v\">\n<div class=\"flex-layout-h magic-1\">\n<div class=\"magic-45\"><img decoding=\"async\" class=\"magic-46\" src=\"https:\/\/img.yfisher.com\/m6076\/1725726869dv4\/jpg70-t3-scale100.webp\" alt=\"PP fundido soplado cartucho de filtro de sedimentos de tama\u00f1o personalizado con 1 3 5 10 20 15 50 75 100 micras 43\" data-lazy=\"2\" title=\"\"><\/div>\n<\/div>\n<\/div>\n<\/div>\n<\/div>\n<\/div>\n<\/div>\n<\/div>\n<\/div>\n<div data-module=\"detailMarketPackage\"><\/div>\n<div data-module=\"productAuth\"><\/div>\n<\/div>\n<\/div>\n<div class=\"diffStatement\">El uso de este producto casi elimina el error humano. Ayuda en gran medida a los operarios a reducir los riesgos de operaci\u00f3n err\u00f3nea y, por tanto, a mejorar la productividad. La junta anular en forma de estrella hace que el\u00a0<a href=\"https:\/\/lyfilter.com\/es\/products.html\/\">elemento filtrante<\/a>\u00a0f\u00e1cil de desmontar y mantener. El uso de este producto hace que el trabajo del operario sea mucho m\u00e1s f\u00e1cil y r\u00e1pido. Es un excelente ayudante para los operarios. La junta anular en forma de estrella hace que el elemento filtrante sea f\u00e1cil de desmontar y mantener.<\/div>","protected":false},"excerpt":{"rendered":"<table>\n<thead>\n<tr>\n<th>Visi\u00f3n general<\/th>\n<th>Cartucho filtrante de agua de fibra de PP (cilindro)<\/th>\n<\/tr>\n<\/thead>\n<tbody>\n<tr>\n<td>Industrias aplicables<\/td>\n<td>Plantas de fabricaci\u00f3n, f\u00e1bricas de alimentos y bebidas, uso dom\u00e9stico, tratamiento de aguas<\/td>\n<\/tr>\n<tr>\n<td>Lugar de origen<\/td>\n<td>Guangdong, China<\/td>\n<\/tr>\n<tr>\n<td>Marca<\/td>\n<td>Lvyuan, OEM, ODM<\/td>\n<\/tr>\n<tr>\n<td>Material<\/td>\n<td>pp<\/td>\n<\/tr>\n<tr>\n<td>Materia prima<\/td>\n<td>fibra pp<\/td>\n<\/tr>\n<tr>\n<td>Talla<\/td>\n<td>personalizado, slim, jumbo<\/td>\n<\/tr>\n<tr>\n<td>Peso<\/td>\n<td>personalizado<\/td>\n<\/tr>\n<tr>\n<td>Potencia<\/td>\n<td>0<\/td>\n<\/tr>\n<tr>\n<td>Caracter\u00edstica<\/td>\n<td>tama\u00f1o y logotipo personalizados acero robar<\/td>\n<\/tr>\n<tr>\n<td>Forma<\/td>\n<td>cilindro<\/td>\n<\/tr>\n<tr>\n<td>Certificaci\u00f3n<\/td>\n<td>SGS<\/td>\n<\/tr>\n<tr>\n<td>Utilizaci\u00f3n<\/td>\n<td>tratamiento del agua<\/td>\n<\/tr>\n<tr>\n<td>Aplicaci\u00f3n<\/td>\n<td>industria<\/td>\n<\/tr>\n<tr>\n<td>Color<\/td>\n<td>blanco<\/td>\n<\/tr>\n<tr>\n<td>Apariencia<\/td>\n<td>en relieve, brillante, etc.<\/td>\n<\/tr>\n<tr>\n<td>Embalaje<\/td>\n<td>caja de papel<\/td>\n<\/tr>\n<tr>\n<td>Garant\u00eda<\/td>\n<td>No disponible<\/td>\n<\/tr>\n<tr>\n<td>Servicio posventa<\/td>\n<td>Asistencia en l\u00ednea<\/td>\n<\/tr>\n<tr>\n<td>Capacidad de suministro<\/td>\n<td>5000 Piezas por semana<\/td>\n<\/tr>\n<\/tbody>\n<\/table>","protected":false},"featured_media":1230,"comment_status":"open","ping_status":"closed","template":"","meta":{"_gspb_post_css":""},"product_brand":[],"product_cat":[23,17],"product_tag":[639,385,641,638,640,642],"class_list":{"0":"post-1209","1":"product","2":"type-product","3":"status-publish","4":"has-post-thumbnail","6":"product_cat-pp-filter-cartridge","7":"product_cat-sediment-filter","8":"product_tag-custom-size-water-filter","9":"product_tag-cylinder-filter-cartridge","10":"product_tag-oem-odm-water-filter","11":"product_tag-pp-fiber-filter-cartridge","12":"product_tag-slim-jumbo-filter-cartridge","13":"product_tag-water-treatment-filtration","15":"first","16":"instock","17":"shipping-taxable","18":"product-type-simple"},"_links":{"self":[{"href":"https:\/\/lyfilter.com\/es\/wp-json\/wp\/v2\/product\/1209","targetHints":{"allow":["GET"]}}],"collection":[{"href":"https:\/\/lyfilter.com\/es\/wp-json\/wp\/v2\/product"}],"about":[{"href":"https:\/\/lyfilter.com\/es\/wp-json\/wp\/v2\/types\/product"}],"replies":[{"embeddable":true,"href":"https:\/\/lyfilter.com\/es\/wp-json\/wp\/v2\/comments?post=1209"}],"wp:featuredmedia":[{"embeddable":true,"href":"https:\/\/lyfilter.com\/es\/wp-json\/wp\/v2\/media\/1230"}],"wp:attachment":[{"href":"https:\/\/lyfilter.com\/es\/wp-json\/wp\/v2\/media?parent=1209"}],"wp:term":[{"taxonomy":"product_brand","embeddable":true,"href":"https:\/\/lyfilter.com\/es\/wp-json\/wp\/v2\/product_brand?post=1209"},{"taxonomy":"product_cat","embeddable":true,"href":"https:\/\/lyfilter.com\/es\/wp-json\/wp\/v2\/product_cat?post=1209"},{"taxonomy":"product_tag","embeddable":true,"href":"https:\/\/lyfilter.com\/es\/wp-json\/wp\/v2\/product_tag?post=1209"}],"curies":[{"name":"wp","href":"https:\/\/api.w.org\/{rel}","templated":true}]}}