{"id":905,"date":"2025-12-25T03:17:46","date_gmt":"2025-12-25T03:17:46","guid":{"rendered":"https:\/\/lyfilter.com\/?post_type=product&#038;p=905"},"modified":"2025-12-25T03:17:46","modified_gmt":"2025-12-25T03:17:46","slug":"melt-blown-pp-filter-cartridge-with-pp-filter-core-for-water-filtration","status":"publish","type":"product","link":"https:\/\/lyfilter.com\/de\/melt-blown-pp-filter-cartridge-with-pp-filter-core-for-water-filtration\/","title":{"rendered":"schmelzgeblasene pp-filterpatrone mit pp-filterkern f\u00fcr die wasserfiltration"},"content":{"rendered":"<div class=\"pro_aliData\">\n<div class=\"detail-box\">\n<div class=\"scc-wrapper detail-module module-productSpecification\" data-spm=\"pronpeci14\">\n<div id=\"J-rich-text-description\" class=\"richtext richtext-detail rich-text-description\">\n<div id=\"detail_decorate_root\" data-host=\"111234190\" data-id=\"detail_decorate_root\">\n<div id=\"_root\" class=\"engine-app\" data-reactroot=\"\">\n<div id=\"ali-anchor-AliMagic-nzusbc\" class=\"magic-0\" data-section=\"AliMagic-nzusbc\" data-section-title=\"Product Description\">Beschreibung des Produkts<\/div>\n<div class=\"icbu-pc-images magic-1\">\n<div>\n<div class=\"flex-layout-v\">\n<div class=\"flex-layout-h magic-1\">\n<div class=\"magic-2\"><img decoding=\"async\" class=\"magic-3\" src=\"https:\/\/img.yfisher.com\/m6076\/1725726990g0q\/jpg70-t3-scale100.webp\" alt=\"schmelzgeblasene pp-filterpatrone mit pp-filterkern f\u00fcr die wasserfiltration 7\" data-lazy=\"2\" title=\"\"><\/div>\n<\/div>\n<\/div>\n<\/div>\n<\/div>\n<div class=\"detail-decorate-json-renderer-container\">\n<div class=\"magic-4\">\n<div class=\"magic-5\">\n<div class=\"magic-6\">\n<div class=\"magic-7\">\n<p class=\"magic-8\"><b>Allgemeine Beschreibung<\/b><\/p>\n<p class=\"magic-8\">Lvyuan pp <a href=\"https:\/\/lyfilter.com\/de\/melt-blown-filter-cartridge.html\/\">schmelzgeblasene Filterpatrone<\/a> Serie ist eine Art Standard- und einfache Filterpatrone f\u00fcr die Wasseraufbereitung. Es ist Verschmelzung und verflochten von Polypropylen-Faser ohne chemische Klebstoffe.<\/p>\n<p class=\"magic-8\">\nEs ist aus 100% reinem Polypropylen Rohstoff gemacht. Diese Filterpatrone sind radom zu 3D-Mikro-Pore, die die Patrone 3 Schichten mit feinen Fasern in der Oberfl\u00e4che und grobe Faser und Tiefenfiltration machen wird zu bilden. Da die Faser und die Dichte von hoher Filtrationsleistung und Schadstoffe halten Kapazit\u00e4t auf Durchmesser der Filterpatrone, niedriger Druckabfall, allm\u00e4hlich wechselnde tiefe Filtration Struktur mit losse au\u00dfen und dicht innen, starke polluctants halten Kapazit\u00e4t, kann es effektiv zu entfernen Verunreinigungen, wie Schwebstoffe, Partikel und Rost, die effiziente Filtration und lange Lebensdauer.<\/p>\n<\/div>\n<\/div>\n<\/div>\n<\/div>\n<\/div>\n<div class=\"icbu-pc-images magic-1\">\n<div>\n<div class=\"flex-layout-v\">\n<div class=\"flex-layout-h magic-1\">\n<div class=\"magic-9\"><img decoding=\"async\" class=\"magic-10\" src=\"https:\/\/img.yfisher.com\/m6076\/17257276796e1\/jpg70-t3-scale100.webp\" alt=\"schmelzgeblasene pp-filterpatrone mit pp-filterkern f\u00fcr die wasserfiltration 9\" data-lazy=\"2\" title=\"\"><\/div>\n<\/div>\n<\/div>\n<\/div>\n<\/div>\n<div class=\"detail-decorate-json-renderer-container\">\n<div class=\"magic-4\">\n<div class=\"magic-5\">\n<div class=\"magic-6\">\n<div class=\"magic-7\">\n<p class=\"magic-8\"><b><span style=\"font-family: Arial, Helvetica; font-size: medium;\">Merkmale:<\/span><\/b><\/p>\n<p>1. Hohe Schmutzaufnahmekapazit\u00e4t und lange Lebensdauer.<\/p>\n<p>2. Kundenspezifische Gr\u00f6\u00dfe &amp; Logo Stahldichtung.<\/p>\n<p>3. W\u00fcrde keine Fasern abfallen lassen.<\/p>\n<\/div>\n<\/div>\n<\/div>\n<\/div>\n<\/div>\n<div class=\"icbu-pc-images magic-1\">\n<div>\n<div class=\"flex-layout-v\">\n<div class=\"flex-layout-h magic-1\">\n<div class=\"magic-11\"><img decoding=\"async\" class=\"magic-12\" src=\"https:\/\/img.yfisher.com\/m6076\/172572699030m\/jpg70-t3-scale100.webp\" alt=\"schmelzgeblasene pp-filterpatrone mit pp-filterkern f\u00fcr die wasserfiltration 11\" data-lazy=\"2\" title=\"\"><\/div>\n<\/div>\n<\/div>\n<\/div>\n<\/div>\n<div class=\"detail-decorate-json-renderer-container\">\n<div class=\"magic-4\">\n<div class=\"magic-5\">\n<div class=\"magic-6\">\n<div class=\"magic-7\">\n<p class=\"magic-8\"><b>\u00a0Lvyuan pp schmelzen geblasen Wasserfilterpatrone Spezifikation:<\/b><\/p>\n<\/div>\n<\/div>\n<\/div>\n<\/div>\n<\/div>\n<div class=\"ife-detail-decorate-table\">\n<div class=\"table-responsive\">\n<table class=\"all magic-13\">\n<tbody>\n<tr>\n<td>\n<div class=\"magic-14\">Material der Filtermedien<\/div>\n<\/td>\n<td>\n<div class=\"magic-15\">PP(Polypropylen)<\/div>\n<\/td>\n<\/tr>\n<tr>\n<td>\n<div class=\"magic-14\">Mittelkern\/Endkappen<\/div>\n<\/td>\n<td>\n<div class=\"magic-15\">PP\/keine<\/div>\n<\/td>\n<\/tr>\n<tr>\n<td>\n<div class=\"magic-14\">Werkstoff der Dichtung<\/div>\n<\/td>\n<td>\n<div class=\"magic-15\">Silikon, EPDM, NBR, VITON, TEFLON, usw.<\/div>\n<\/td>\n<\/tr>\n<tr>\n<td>\n<div class=\"magic-14\">Adapter<\/div>\n<\/td>\n<td>\n<div class=\"magic-15\">DOE, 222flat, 222fin, 226flat, 226fin, oder kundenspezifisch<\/div>\n<\/td>\n<\/tr>\n<tr>\n<td>\n<div class=\"magic-14\">Oberfl\u00e4che<\/div>\n<\/td>\n<td>\n<div class=\"magic-15\">Gl\u00e4nzend, Gerillt, Gepr\u00e4gt, Genadelt, Orangenschalenoberfl\u00e4che<\/div>\n<\/td>\n<\/tr>\n<tr>\n<td>\n<div class=\"magic-14\">Innendurchmesser<\/div>\n<\/td>\n<td>\n<div class=\"magic-15\">28 mm, 30 mm, oder kundenspezifisch<\/div>\n<\/td>\n<\/tr>\n<tr>\n<td>\n<div class=\"magic-14\">Au\u00dfendurchmesser<\/div>\n<\/td>\n<td>\n<div class=\"magic-15\">63mm, 65mm, oder kundenspezifisch<\/div>\n<\/td>\n<\/tr>\n<tr>\n<td>\n<div class=\"magic-14\">L\u00e4nge<\/div>\n<\/td>\n<td>\n<div class=\"magic-15\">10 Zoll, 20 Zoll, 30 Zoll, 40 Zoll<\/div>\n<\/td>\n<\/tr>\n<tr>\n<td>\n<div class=\"magic-14\">max. Differenzdruck<\/div>\n<\/td>\n<td>\n<div class=\"magic-15\">3,5 bar bei 20\u2103<\/div>\n<\/td>\n<\/tr>\n<\/tbody>\n<\/table>\n<\/div>\n<\/div>\n<div class=\"detail-decorate-json-renderer-container\">\n<div class=\"magic-4\">\n<div class=\"magic-5\">\n<div class=\"magic-6\">\n<div class=\"magic-7\">\n<p class=\"magic-8\"><b>\u00a0Mit Jahren der Herstellung pp schmelzen geblasen, k\u00f6nnen wir kundenspezifische Spezifikation, Multi-Adapter, zwei Arten von Filtermedien zu akzeptieren.<\/b><\/p>\n<\/div>\n<\/div>\n<\/div>\n<\/div>\n<\/div>\n<div class=\"icbu-pc-images magic-1\">\n<div>\n<div class=\"flex-layout-v\">\n<div class=\"flex-layout-h magic-1\">\n<div class=\"magic-16\"><img decoding=\"async\" class=\"magic-17\" src=\"https:\/\/img.yfisher.com\/m6076\/1725727022zxt\/jpg70-t3-scale100.webp\" alt=\"schmelzgeblasene pp-filterpatrone mit pp-filterkern f\u00fcr die wasserfiltration 13\" data-lazy=\"2\" title=\"\"><\/div>\n<\/div>\n<\/div>\n<\/div>\n<\/div>\n<div class=\"detail-decorate-json-renderer-container\">\n<div class=\"magic-4\">\n<div class=\"magic-5\">\n<div class=\"magic-6\">\n<div class=\"magic-7\">\n<p class=\"magic-8\"><b>Anpassungsdienst:<\/b><\/p>\n<p class=\"magic-8\">1. Akzeptieren Sie kundenspezifische Gr\u00f6\u00dfe und L\u00e4nge.                            2. Akzeptieren Sie kundenspezifische adpator.<\/p>\n<p>3. Akzeptieren Sie die Anpassung des Aussehens.                                    4. Akzeptieren Sie zwei Pr\u00e4zision.<\/p>\n<p>5. Akzeptieren Sie kundenspezifische Gramm<\/p>\n<\/div>\n<\/div>\n<\/div>\n<\/div>\n<\/div>\n<div class=\"icbu-pc-images magic-1\">\n<div>\n<div class=\"flex-layout-v\">\n<div class=\"flex-layout-h magic-1\">\n<div class=\"magic-18\"><img decoding=\"async\" class=\"magic-19\" src=\"https:\/\/img.yfisher.com\/m6076\/172572699016s\/jpg70-t3-scale100.webp\" alt=\"schmelzgeblasene pp-filterpatrone mit pp-filterkern f\u00fcr die wasserfiltration 15\" data-lazy=\"2\" title=\"\"><\/div>\n<\/div>\n<\/div>\n<\/div>\n<\/div>\n<div class=\"icbu-pc-images magic-1\">\n<div>\n<div class=\"flex-layout-v\">\n<div class=\"flex-layout-h magic-1\">\n<div class=\"magic-20\"><img decoding=\"async\" class=\"magic-21\" src=\"https:\/\/img.yfisher.com\/m6076\/1725726990cd9\/jpg70-t3-scale100.webp\" alt=\"schmelzgeblasene pp-filterpatrone mit pp-filterkern f\u00fcr die wasserfiltration 17\" data-lazy=\"2\" title=\"\"><\/div>\n<\/div>\n<\/div>\n<\/div>\n<\/div>\n<div id=\"ali-anchor-AliMagic-pwy42l\" class=\"magic-0\" data-section=\"AliMagic-pwy42l\" data-section-title=\"Application\">Anmeldung<\/div>\n<div class=\"detail-decorate-json-renderer-container\">\n<div class=\"magic-4\">\n<div class=\"magic-5\">\n<div class=\"magic-6\">\n<div class=\"magic-7\">\n<p class=\"magic-8\">1. Vorbehandlung von RO-Wasser in kommunalem Leitungswasser<\/p>\n<p>2. Industriewasser, Plattierungsfiltration<\/p>\n<p>3. Lebensmittel und Getr\u00e4nke<\/p>\n<p>4. Steriles Wasser und Reinstwasser-Vorfiltration<\/p>\n<p>5. Chemikalien- und L\u00f6sungsmittelwasser<\/p>\n<\/div>\n<\/div>\n<\/div>\n<\/div>\n<\/div>\n<div class=\"icbu-pc-images magic-1\">\n<div>\n<div class=\"flex-layout-v\">\n<div class=\"flex-layout-h magic-1\">\n<div class=\"magic-22\"><img decoding=\"async\" class=\"magic-23\" src=\"https:\/\/img.yfisher.com\/m6076\/1725726869o53\/jpg70-t3-scale100.webp\" alt=\"schmelzgeblasene pp-filterpatrone mit pp-filterkern f\u00fcr die wasserfiltration 19\" data-lazy=\"2\" title=\"\"><\/div>\n<\/div>\n<\/div>\n<\/div>\n<\/div>\n<div class=\"icbu-pc-images magic-1\">\n<div>\n<div class=\"flex-layout-v\">\n<div class=\"flex-layout-h magic-1\">\n<div class=\"magic-24\"><img decoding=\"async\" class=\"magic-25\" src=\"https:\/\/img.yfisher.com\/m6076\/1725726963xoc\/jpg70-t3-scale100.webp\" alt=\"schmelzgeblasene pp-filterpatrone mit pp-filterkern f\u00fcr die wasserfiltration 21\" data-lazy=\"2\" title=\"\"><\/div>\n<\/div>\n<\/div>\n<\/div>\n<\/div>\n<div id=\"ali-anchor-AliMagic-x6u3x0\" class=\"magic-0\" data-section=\"AliMagic-x6u3x0\" data-section-title=\"Related Products\">Verwandte Produkte<\/div>\n<div class=\"icbu-pc-images magic-1\">\n<div>\n<div class=\"flex-layout-v\">\n<div class=\"flex-layout-h magic-1\">\n<div class=\"magic-26\"><a href=\"https:\/\/lyfilter.com\/de\/melt-blown-pp-filter-cartridge-with-pp-filter-core-for-water-filtration-3963.html\/\" target=\"_blank\" rel=\"noopener noreferrer\"><img decoding=\"async\" class=\"magic-27\" src=\"https:\/\/img.yfisher.com\/m6076\/17257269064o0\/jpg70-t3-scale100.webp\" alt=\"schmelzgeblasene pp-filterpatrone mit pp-filterkern f\u00fcr die wasserfiltration 23\" data-id=\"child-image-0\" data-lazy=\"2\" title=\"\"><\/a><\/div>\n<div class=\"magic-28\"><a href=\"https:\/\/lyfilter.com\/de\/melt-blown-pp-filter-cartridge-with-pp-filter-core-for-water-filtration-3963.html\/\" target=\"_blank\" rel=\"noopener noreferrer\"><img decoding=\"async\" class=\"magic-29\" src=\"https:\/\/img.yfisher.com\/m6076\/1725726804kyf\/jpg70-t3-scale100.webp\" alt=\"schmelzgeblasene pp-filterpatrone mit pp-filterkern f\u00fcr die wasserfiltration 25\" data-id=\"child-image-1\" data-lazy=\"2\" title=\"\"><\/a><\/div>\n<div class=\"magic-28\"><a href=\"https:\/\/lyfilter.com\/de\/melt-blown-pp-filter-cartridge-with-pp-filter-core-for-water-filtration-3963.html\/\" target=\"_blank\" rel=\"noopener noreferrer\"><img decoding=\"async\" class=\"magic-30\" src=\"https:\/\/img.yfisher.com\/m6076\/1725726811o37\/jpg70-t3-scale100.webp\" alt=\"schmelzgeblasene pp-filterpatrone mit pp-filterkern f\u00fcr die wasserfiltration 27\" data-id=\"child-image-2\" data-lazy=\"2\" title=\"\"><\/a><\/div>\n<div class=\"magic-28\"><a href=\"https:\/\/lyfilter.com\/de\/melt-blown-pp-filter-cartridge-with-pp-filter-core-for-water-filtration-3963.html\/\" target=\"_blank\" rel=\"noopener noreferrer\"><img decoding=\"async\" class=\"magic-31\" src=\"https:\/\/img.yfisher.com\/m6076\/1725727679jt9\/jpg70-t3-scale100.webp\" alt=\"schmelzgeblasene pp-filterpatrone mit pp-filterkern f\u00fcr die wasserfiltration 29\" data-id=\"child-image-3\" data-lazy=\"1\" title=\"\"><\/a><\/div>\n<\/div>\n<\/div>\n<\/div>\n<\/div>\n<div class=\"detail-decorate-json-renderer-container\">\n<div class=\"magic-4\">\n<div class=\"magic-5\">\n<div class=\"magic-6\">\n<div class=\"magic-7\">\n<p class=\"magic-8\">\u00a0 \u00a0Tianium-Filtermembran Faltenfilter Fadengewickelter Filter Kohlefilter<\/p>\n<\/div>\n<\/div>\n<\/div>\n<\/div>\n<\/div>\n<div class=\"icbu-pc-images magic-1\">\n<div>\n<div class=\"flex-layout-v\">\n<div class=\"flex-layout-h magic-1\">\n<div class=\"magic-26\"><a href=\"https:\/\/lyfilter.com\/de\/melt-blown-pp-filter-cartridge-with-pp-filter-core-for-water-filtration-3963.html\/\" target=\"_blank\" rel=\"noopener noreferrer\"><img decoding=\"async\" class=\"magic-32\" src=\"https:\/\/img.yfisher.com\/m6076\/1725727024tme\/jpg70-t3-scale100.webp\" alt=\"schmelzgeblasene pp-filterpatrone mit pp-filterkern f\u00fcr die wasserfiltration 31\" data-id=\"child-image-0\" data-lazy=\"1\" title=\"\"><\/a><\/div>\n<div class=\"magic-28\"><a href=\"https:\/\/lyfilter.com\/de\/melt-blown-pp-filter-cartridge-with-pp-filter-core-for-water-filtration-3963.html\/\" target=\"_blank\" rel=\"noopener noreferrer\"><img decoding=\"async\" class=\"magic-33\" src=\"https:\/\/img.yfisher.com\/m6076\/1725727679pje\/jpg70-t3-scale100.webp\" alt=\"schmelzgeblasene pp-filterpatrone mit pp-filterkern f\u00fcr die wasserfiltration 33\" data-id=\"child-image-1\" data-lazy=\"2\" title=\"\"><\/a><\/div>\n<div class=\"magic-28\"><a href=\"https:\/\/lyfilter.com\/de\/melt-blown-pp-filter-cartridge-with-pp-filter-core-for-water-filtration-3963.html\/\" target=\"_blank\" rel=\"noopener noreferrer\"><img decoding=\"async\" class=\"magic-34\" src=\"https:\/\/img.yfisher.com\/m6076\/1725726906nz7\/jpg70-t3-scale100.webp\" alt=\"Schmelzgeblasene pp-Filterpatrone mit pp-Filterkern f\u00fcr die Wasserfiltration 35\" data-id=\"child-image-2\" data-lazy=\"2\" title=\"\"><\/a><\/div>\n<div class=\"magic-28\"><a href=\"https:\/\/lyfilter.com\/de\/melt-blown-pp-filter-cartridge-with-pp-filter-core-for-water-filtration-3963.html\/\" target=\"_blank\" rel=\"noopener noreferrer\"><img decoding=\"async\" class=\"magic-35\" src=\"https:\/\/img.yfisher.com\/m6076\/1725726906vyz\/jpg70-t3-scale100.webp\" alt=\"schmelzgeblasene pp-filterpatrone mit pp-filterkern f\u00fcr die wasserfiltration 37\" data-id=\"child-image-3\" data-lazy=\"2\" title=\"\"><\/a><\/div>\n<\/div>\n<\/div>\n<\/div>\n<\/div>\n<div class=\"detail-decorate-json-renderer-container\">\n<div class=\"magic-4\">\n<div class=\"magic-5\">\n<div class=\"magic-6\">\n<div class=\"magic-7\">\n<p class=\"magic-8\">\u00a0Beutelfiltergeh\u00e4use Einpatronenfiltergeh\u00e4use Mehrpatronenfiltergeh\u00e4use Weinfiltergeh\u00e4use<\/p>\n<\/div>\n<\/div>\n<\/div>\n<\/div>\n<\/div>\n<div class=\"icbu-pc-images magic-1\">\n<div>\n<div class=\"flex-layout-v\">\n<div class=\"flex-layout-h magic-1\">\n<div class=\"magic-36\"><a href=\"https:\/\/lyfilter.com\/de\/melt-blown-pp-filter-cartridge-with-pp-filter-core-for-water-filtration-3963.html\/\" target=\"_blank\" rel=\"noopener noreferrer\"><img decoding=\"async\" class=\"magic-37\" src=\"https:\/\/img.yfisher.com\/m6076\/17257268694mn\/jpg70-t3-scale100.webp\" alt=\"schmelzgeblasene pp-filterpatrone mit pp-filterkern f\u00fcr die wasserfiltration 39\" data-lazy=\"2\" title=\"\"><\/a><\/div>\n<\/div>\n<\/div>\n<\/div>\n<\/div>\n<div id=\"ali-anchor-AliMagic-wuidpp\" class=\"magic-0\" data-section=\"AliMagic-wuidpp\" data-section-title=\"Our Certifications\">Unsere Zertifizierungen<\/div>\n<div class=\"icbu-pc-images magic-1\">\n<div>\n<div class=\"flex-layout-v\">\n<div class=\"flex-layout-h magic-1\">\n<div class=\"magic-38\"><img decoding=\"async\" class=\"magic-39\" src=\"https:\/\/img.yfisher.com\/m6076\/17257267814f6\/jpg70-t3-scale100.webp\" alt=\"schmelzgeblasene pp-filterpatrone mit pp-filterkern f\u00fcr die wasserfiltration 41\" data-lazy=\"2\" title=\"\"><\/div>\n<\/div>\n<\/div>\n<\/div>\n<\/div>\n<div id=\"ali-anchor-AliMagic-3az86z\" class=\"magic-0\" data-section=\"AliMagic-3az86z\" data-section-title=\"About us\">\u00dcber uns<\/div>\n<div class=\"detail-decorate-json-renderer-container\">\n<div class=\"magic-4\">\n<div class=\"magic-5\">\n<div class=\"magic-6\">\n<div class=\"magic-7\">\n<p class=\"magic-8\">1. 10 Jahre Erfahrung als professioneller Hersteller.<\/p>\n<p>2. Wir bieten OEM- und ODM-Anpassungsservice, Sie k\u00f6nnen alle Arten von industriellen Wasserfilterteilen in unserem Unternehmen finden.<\/p>\n<p>3. Alle Produkte haben eine Qualit\u00e4tsgarantie. Unsere Zertifizierung: CE ISO SGS<\/p>\n<p class=\"magic-8\">\n4. Unsere Arbeiter sind effizient und unsere Verk\u00e4ufe sind professionell, wir werden den professionellen ma\u00dfgeschneiderten Service geben.<\/p>\n<p>5. Unsere Produkte werden in mehr als 100 L\u00e4nder und Regionen exportiert. Erhielt einen guten Ruf.<\/p>\n<p>6. Viele Kooperationspartner stehen uns seit vielen Jahren zur Seite.<\/p>\n<p>7. Wir sind entschlossen, den besten Service und gute Qualit\u00e4t f\u00fcr unsere globalen Kunden zu bieten, werden wir mehr und mehr professionelles Unternehmen in der Zukunft sein.<\/p>\n<\/div>\n<\/div>\n<\/div>\n<\/div>\n<\/div>\n<div class=\"icbu-pc-images magic-1\">\n<div>\n<div class=\"flex-layout-v\">\n<div class=\"flex-layout-h magic-1\">\n<div class=\"magic-40\"><img decoding=\"async\" class=\"magic-41\" src=\"https:\/\/img.yfisher.com\/m6076\/1725726781v86\/jpg70-t3-scale100.webp\" alt=\"schmelzgeblasene pp-filterpatrone mit pp-filterkern f\u00fcr die wasserfiltration 43\" data-lazy=\"2\" title=\"\"><\/div>\n<\/div>\n<\/div>\n<\/div>\n<\/div>\n<div id=\"ali-anchor-AliMagic-muwlep\" class=\"magic-0\" data-section=\"AliMagic-muwlep\" data-section-title=\"Our Service\">Unser Service<\/div>\n<div class=\"detail-decorate-json-renderer-container\">\n<div class=\"magic-4\">\n<div class=\"magic-5\">\n<div class=\"magic-6\">\n<div class=\"magic-7\">\n<p class=\"magic-8\"><b>Wir haben eine langfristige Beziehung zu unseren Kunden aufgebaut und uns einen guten Ruf bei unseren Kunden erworben. Wir bieten den besten Service, den wir k\u00f6nnen.<\/b><\/p>\n<p>1. Akzeptieren Sie kundengebundene L\u00e4nge, Paket, Logo usw., wie Sie Ihre Zeichnung und Bild anbieten.<\/p>\n<p class=\"magic-8\">\n2. Akzeptieren Sie Probe K\u00e4ufe bestellen, akzeptieren MOQ=10.<\/p>\n<p>3. Wir werden innerhalb von 20 Stunden antworten.<\/p>\n<p>4. Erhalten Sie die Zahlung, werden wir Sie beim ersten Mal kontaktieren und die Produktion zu arrangieren und lassen Sie wissen, die neuesten Prozess.<\/p>\n<p>5. Jeder Zweifel, pl Kontakt mit uns, wir werden Ihnen helfen, das Problem so schnell wie m\u00f6glich zu l\u00f6sen.<\/p>\n<\/div>\n<\/div>\n<\/div>\n<\/div>\n<\/div>\n<div id=\"ali-anchor-AliMagic-mpbvmb\" class=\"magic-0\" data-section=\"AliMagic-mpbvmb\" data-section-title=\"Packing &amp; Delivery\">Verpackung &amp; Lieferung<\/div>\n<div class=\"detail-decorate-json-renderer-container\">\n<div class=\"magic-4\">\n<div class=\"magic-5\">\n<div class=\"magic-6\">\n<div class=\"magic-7\">\n<p class=\"magic-8\"><b>Verpackung:<\/b><\/p>\n<p class=\"magic-8\">\nDie Produkte werden in hochwertigen Kartons\/Holzkisten verpackt, die sich f\u00fcr den Transport \u00fcber gro\u00dfe Entfernungen und in verschiedenen Klimazonen eignen und eine gute Best\u00e4ndigkeit gegen Feuchtigkeit und St\u00f6\u00dfe aufweisen.<\/p>\n<p><b>Lieferfrist:<\/b><\/p>\n<p>1. Wenn diese Art von Produkten auf Lager ist, wird das Produkt f\u00fcr Sie 1-7 Tage nach Zahlung gesendet werden.<\/p>\n<p>2. Wenn diese Art von Produkten nicht auf Lager ist, werden die Produkte etwa 7-25 Tage dauern, um zu produzieren.<\/p>\n<p class=\"magic-8\">\n<b>Versand:<\/b><\/p>\n<p>Schifffahrt, Eisenbahn, Luftverkehr (DHL\/UPS\/TNT\/FEDEX)<\/p>\n<\/div>\n<\/div>\n<\/div>\n<\/div>\n<\/div>\n<div class=\"icbu-pc-images magic-1\">\n<div>\n<div class=\"flex-layout-v\">\n<div class=\"flex-layout-h magic-1\">\n<div class=\"magic-42\"><img decoding=\"async\" class=\"magic-43\" src=\"https:\/\/img.yfisher.com\/m6076\/1725726773qyg\/jpg70-t3-scale100.webp\" alt=\"schmelzgeblasene pp-filterpatrone mit pp-filterkern f\u00fcr die wasserfiltration 45\" data-lazy=\"2\" title=\"\"><\/div>\n<\/div>\n<\/div>\n<\/div>\n<\/div>\n<div id=\"ali-anchor-AliMagic-o4lh8d\" class=\"magic-0\" data-section=\"AliMagic-o4lh8d\" data-section-title=\"Contact us\">Kontakt<\/div>\n<div class=\"detail-decorate-json-renderer-container\">\n<div class=\"magic-4\">\n<div class=\"magic-5\">\n<div class=\"magic-6\">\n<div class=\"magic-7\">\n<p class=\"magic-8\">\u00a0wechat\/skype\/whatsapp:+8613574135785 (Schnellkontakt)<\/p>\n<\/div>\n<\/div>\n<\/div>\n<\/div>\n<\/div>\n<div class=\"icbu-pc-images magic-1\">\n<div>\n<div class=\"flex-layout-v\">\n<div class=\"flex-layout-h magic-1\">\n<div class=\"magic-44\"><img decoding=\"async\" class=\"magic-45\" src=\"https:\/\/img.yfisher.com\/m6076\/1725726869dv4\/jpg70-t3-scale100.webp\" alt=\"schmelzgeblasene pp-filterpatrone mit pp-filterkern f\u00fcr die wasserfiltration 47\" data-lazy=\"2\" title=\"\"><\/div>\n<\/div>\n<\/div>\n<\/div>\n<\/div>\n<\/div>\n<\/div>\n<\/div>\n<\/div>\n<div data-module=\"detailMarketPackage\"><\/div>\n<div data-module=\"productAuth\"><\/div>\n<\/div>\n<\/div>\n<div class=\"diffStatement\">Die Verwendung dieses Produkts hat die Arbeitsproduktivit\u00e4t erheblich gesteigert und die Arbeitsintensit\u00e4t der Besch\u00e4ftigten gesenkt. Daher gilt es als ein unverzichtbares Produkt f\u00fcr die Hersteller. Das Filtermedium weist in der Tiefe eine unterschiedliche Porosit\u00e4t auf. Mit Ausnahme von Reparaturen und Testl\u00e4ufen ist kein gro\u00dfes menschliches Engagement erforderlich, und auch die Zahl der Unf\u00e4lle und Verletzungen ist geringer. Das Filtermedium weist in der Tiefe eine unterschiedliche Porosit\u00e4t auf.<\/div>","protected":false},"excerpt":{"rendered":"<table>\n<thead>\n<tr>\n<th>Feld<\/th>\n<th>Einzelheiten<\/th>\n<\/tr>\n<\/thead>\n<tbody>\n<tr>\n<td>Anwendbare Industrien<\/td>\n<td>Produktionsanlagen, Lebensmittel- und Getr\u00e4nkehersteller, Hausgebrauch, Wasseraufbereitung<\/td>\n<\/tr>\n<tr>\n<td>Ort der Herkunft<\/td>\n<td>Guangdong, China<\/td>\n<\/tr>\n<tr>\n<td>Markenname<\/td>\n<td>Lvyuan, OEM, ODM<\/td>\n<\/tr>\n<tr>\n<td>Material<\/td>\n<td>PP<\/td>\n<\/tr>\n<tr>\n<td>Gewicht<\/td>\n<td>Kundenspezifisch<\/td>\n<\/tr>\n<tr>\n<td>Gr\u00f6\u00dfe<\/td>\n<td>Kundenspezifisch<\/td>\n<\/tr>\n<tr>\n<td>Strom<\/td>\n<td>0<\/td>\n<\/tr>\n<tr>\n<td>Garantie<\/td>\n<td>Nicht verf\u00fcgbar<\/td>\n<\/tr>\n<tr>\n<td>Merkmal<\/td>\n<td>Stahl mit kundenspezifischer Gr\u00f6\u00dfe und Logo<\/td>\n<\/tr>\n<tr>\n<td>Zertifizierung<\/td>\n<td>SGS<\/td>\n<\/tr>\n<tr>\n<td>Form<\/td>\n<td>Zylinder<\/td>\n<\/tr>\n<tr>\n<td>Verwendung<\/td>\n<td>Wasseraufbereitung<\/td>\n<\/tr>\n<tr>\n<td>Anmeldung<\/td>\n<td>Industrie<\/td>\n<\/tr>\n<tr>\n<td>Farbe<\/td>\n<td>Wei\u00df<\/td>\n<\/tr>\n<tr>\n<td>Verpacken<\/td>\n<td>Pappkarton<\/td>\n<\/tr>\n<tr>\n<td>Rohmaterial<\/td>\n<td>PP-Faser<\/td>\n<\/tr>\n<tr>\n<td>Erscheinungsbild<\/td>\n<td>Gepr\u00e4gt, gl\u00e4nzend, etc.<\/td>\n<\/tr>\n<tr>\n<td>L\u00e4nge<\/td>\n<td>5\/10\/20\/30\/40 Zoll oder kundenspezifisch<\/td>\n<\/tr>\n<tr>\n<td>After-Sales-Service<\/td>\n<td>Online-Unterst\u00fctzung<\/td>\n<\/tr>\n<tr>\n<td>Lieferf\u00e4higkeit<\/td>\n<td>5000 St\u00fcck\/St\u00fcck pro Woche<\/td>\n<\/tr>\n<\/tbody>\n<\/table>","protected":false},"featured_media":906,"comment_status":"open","ping_status":"closed","template":"","meta":{"_gspb_post_css":""},"product_brand":[],"product_cat":[23,17],"product_tag":[386,385,324,320,306,340],"class_list":{"0":"post-905","1":"product","2":"type-product","3":"status-publish","4":"has-post-thumbnail","6":"product_cat-pp-filter-cartridge","7":"product_cat-sediment-filter","8":"product_tag-custom-length","9":"product_tag-cylinder-filter-cartridge","10":"product_tag-oem-odm-filter","11":"product_tag-pp-fiber-filter","12":"product_tag-sgs-certified","13":"product_tag-water-treatment-filter","15":"first","16":"instock","17":"shipping-taxable","18":"product-type-simple"},"_links":{"self":[{"href":"https:\/\/lyfilter.com\/de\/wp-json\/wp\/v2\/product\/905","targetHints":{"allow":["GET"]}}],"collection":[{"href":"https:\/\/lyfilter.com\/de\/wp-json\/wp\/v2\/product"}],"about":[{"href":"https:\/\/lyfilter.com\/de\/wp-json\/wp\/v2\/types\/product"}],"replies":[{"embeddable":true,"href":"https:\/\/lyfilter.com\/de\/wp-json\/wp\/v2\/comments?post=905"}],"wp:featuredmedia":[{"embeddable":true,"href":"https:\/\/lyfilter.com\/de\/wp-json\/wp\/v2\/media\/906"}],"wp:attachment":[{"href":"https:\/\/lyfilter.com\/de\/wp-json\/wp\/v2\/media?parent=905"}],"wp:term":[{"taxonomy":"product_brand","embeddable":true,"href":"https:\/\/lyfilter.com\/de\/wp-json\/wp\/v2\/product_brand?post=905"},{"taxonomy":"product_cat","embeddable":true,"href":"https:\/\/lyfilter.com\/de\/wp-json\/wp\/v2\/product_cat?post=905"},{"taxonomy":"product_tag","embeddable":true,"href":"https:\/\/lyfilter.com\/de\/wp-json\/wp\/v2\/product_tag?post=905"}],"curies":[{"name":"wp","href":"https:\/\/api.w.org\/{rel}","templated":true}]}}