{"id":856,"date":"2025-12-24T09:45:25","date_gmt":"2025-12-24T09:45:25","guid":{"rendered":"https:\/\/lyfilter.com\/?post_type=product&#038;p=856"},"modified":"2025-12-24T09:45:26","modified_gmt":"2025-12-24T09:45:26","slug":"5-10-inch-plastic-frame-80-100-200-micron-washable-mesh-net-filter-cartridge-for-pre-water-filter-element-filtration","status":"publish","type":"product","link":"https:\/\/lyfilter.com\/de\/5-10-inch-plastic-frame-80-100-200-micron-washable-mesh-net-filter-cartridge-for-pre-water-filter-element-filtration\/","title":{"rendered":"5 10 Zoll Kunststoffrahmen 80 100 200 Mikron Waschbare Netzfilterpatrone f\u00fcr Vorwasserfilterelemente"},"content":{"rendered":"<div class=\"pro_aliData\">\n<div class=\"detail-box\">\n<div class=\"scc-wrapper detail-module module-productPackagingAndQuickDetail\" data-spm=\"prilinga1e\">\n<div class=\"widget-detail-overview\">\n<div class=\"do-content\">\n<div class=\"do-overview\">\n<div class=\"do-entry do-entry-full\">\n<h3 class=\"do-entry-title\">Verpackung und Lieferung<\/h3>\n<div class=\"do-entry-list\">\n<dl class=\"do-entry-item\">\n<dt class=\"do-entry-item-key\">Verkaufen von Einheiten:<\/dt>\n<dd class=\"do-entry-item-val\">Einzelnes Element<\/dd>\n<\/dl>\n<dl class=\"do-entry-item\">\n<dt class=\"do-entry-item-key\" title=\"Gr\u00f6\u00dfe der Einzelverpackung:\">Gr\u00f6\u00dfe der Einzelverpackung:<\/dt>\n<dd class=\"do-entry-item-val\">55X8X8 cm<\/dd>\n<\/dl>\n<dl class=\"do-entry-item\">\n<dt class=\"do-entry-item-key\" title=\"Einfaches Bruttogewicht:\">Einfaches Bruttogewicht:<\/dt>\n<dd class=\"do-entry-item-val\">0,500 kg<\/dd>\n<\/dl>\n<dl class=\"do-entry-item\">\n<dt class=\"do-entry-item-key\">Verpackungsart:<\/dt>\n<dd class=\"do-entry-item-val pkg-method\">5 10 Zoll Kunststoffrahmen 80 100 200 Mikron Waschbare Netzfilterpatrone f\u00fcr Vorfilter\u00a0<a href=\"https:\/\/lyfilter.com\/de\/products.html\/\">Wasserfiltereinsatz<\/a>\u00a0filtration Best unit price and shipping cost are subject to quantity changes. please feel free to send inquiry to us for the best prices. Paket 25pc\/CTN<\/dd>\n<\/dl>\n<dl class=\"do-entry-item\">\n<dt class=\"do-entry-item-key\" title=\"Vorlaufzeit\">Vorlaufzeit\u00a0<i class=\"next-icon next-icon-help next-icon-xs js-leadtimes-tips\"><\/i>:<\/dt>\n<dd class=\"do-entry-item-val\" title=\"Vorlaufzeit\">\n<div class=\"table-responsive\">\n<table class=\"supply-ability-table ui2-table ui2-table-normal ui2-table-zebra ui2-table-hover\">\n<tbody>\n<tr>\n<td>Menge (St\u00fcck)<\/td>\n<td>1 - 10000<\/td>\n<td>&gt;10000<\/td>\n<\/tr>\n<tr>\n<td>Gesch\u00e4tzte Zeit(Tage)<\/td>\n<td>15<\/td>\n<td>Noch zu verhandeln<\/td>\n<\/tr>\n<\/tbody>\n<\/table>\n<\/div>\n<\/dd>\n<\/dl>\n<\/div>\n<\/div>\n<\/div>\n<\/div>\n<\/div>\n<\/div>\n<div class=\"scc-wrapper detail-module module-detailVideo\" data-spm=\"detailvideo\"><\/div>\n<div class=\"scc-wrapper detail-module module-productSpecification\" data-spm=\"pronpeci14\">\n<div id=\"J-rich-text-description\" class=\"richtext richtext-detail rich-text-description\">\n<div id=\"detail_decorate_root\" data-host=\"111218246\" data-magic-global=\"%7B%22bizId%22%3A17381045746%2C%22pageId%22%3A5071907925%2C%22siteId%22%3A5005126472%7D\" data-id=\"detail_decorate_root\">\n<div id=\"ali-anchor-AliMagic-wcaxb4\" class=\"magic-0\" data-section=\"AliMagic-wcaxb4\" data-section-title=\"Product Description\">Beschreibung des Produkts<\/div>\n<div class=\"detail-decorate-json-renderer-container\">\n<div class=\"magic-1\">\n<h3 class=\"magic-2\" data-id=\"title0\"><\/h3>\n<h3 class=\"magic-3\">5 10 Zoll Kunststoffrahmen 80 100 200 Mikron Waschbare Netzfilterpatrone f\u00fcr Vorwasserfilterelemente<\/h3>\n<div class=\"magic-4\">\n<div class=\"magic-5\">\n<div class=\"magic-6\" data-id=\"paragraph0\">\n<div>Die waschbare Netz-Wasserfilterpatrone wird nur aus 100% reinem, ungiftigem Polypropylen mit eingebautem waschbarem Nylonnetz oder Edelstahlnetz hergestellt. Sie kann als Vorfilter f\u00fcr Wasser verwendet werden.<\/div>\n<div><\/div>\n<div>Merkmale:<\/div>\n<div><\/div>\n<p>1. Entfernung von Sedimenten, Sand und Schwebstoffen; 2. hohe Effizienz, leicht zu reinigen und r\u00fcckzusp\u00fclen; 3. passt in alle Standardgeh\u00e4use der DOE- und 222-Konfiguration; 4. geringer Druckverlust; 5. hohe Schmutzaufnahmekapazit\u00e4t; 6. lange Lebensdauer. 7. Maximale Betriebstemperatur: 55 \u2103; 8. maximaler Differenzdruck 0,8 bar (11,6 Psi); 9. es wird empfohlen, die Kartusche mindestens einmal alle 12 Monate zu reinigen\/zu ersetzen.<\/p><\/div>\n<\/div>\n<\/div>\n<\/div>\n<\/div>\n<div class=\"icbu-pc-images magic-7\">\n<div>\n<div class=\"flex-layout-v\">\n<div class=\"flex-layout-h magic-7\">\n<div class=\"magic-8\"><img decoding=\"async\" class=\"magic-9\" src=\"https:\/\/img.yfisher.com\/m6076\/1725727431f27\/jpg70-t3-scale100.webp\" alt=\"5 10 Zoll Kunststoffrahmen 80 100 200 Mikron Waschbare Netzfilterpatrone f\u00fcr Vorwasserfilterelement Filtration 7\" data-id=\"child-image-0\" data-lazy=\"2\" title=\"\"><\/div>\n<div class=\"magic-10\"><img decoding=\"async\" class=\"magic-9\" src=\"https:\/\/img.yfisher.com\/m6076\/1725727431fv4\/jpg70-t3-scale100.webp\" alt=\"5 10 Zoll Kunststoffrahmen 80 100 200 Mikron Waschbare Netzfilterpatrone f\u00fcr Vorwasserfilterelement Filtration 9\" data-id=\"child-image-1\" data-lazy=\"2\" title=\"\"><\/div>\n<\/div>\n<\/div>\n<\/div>\n<\/div>\n<div class=\"icbu-pc-images magic-7\">\n<div>\n<div class=\"flex-layout-v\">\n<div class=\"flex-layout-h magic-7\">\n<div class=\"magic-11\"><img decoding=\"async\" class=\"magic-12\" src=\"https:\/\/img.yfisher.com\/m6076\/1725727320ygr\/jpg70-t3-scale100.webp\" alt=\"5 10 Zoll Kunststoffrahmen 80 100 200 Mikron Waschbare Netzfilterpatrone f\u00fcr Vorwasserfilterelement Filtration 11\" data-lazy=\"2\" title=\"\"><\/div>\n<\/div>\n<\/div>\n<\/div>\n<\/div>\n<div class=\"ife-detail-decorate-table\">\n<div class=\"table-responsive\">\n<table class=\"all magic-13\">\n<tbody>\n<tr>\n<td colspan=\"1\" rowspan=\"1\">\n<div class=\"magic-14\">Name des Produkts<\/div>\n<\/td>\n<td colspan=\"1\" rowspan=\"1\">\n<div class=\"magic-15\">5 10 Zoll Kunststoffrahmen 80 100 200 Mikron Waschbare Netzfilterpatrone f\u00fcr Vorwasserfilterelemente<\/div>\n<\/td>\n<\/tr>\n<tr>\n<td colspan=\"1\" rowspan=\"1\">\n<div class=\"magic-14\">Kann ausgef\u00fcllt werden<\/div>\n<\/td>\n<td colspan=\"1\" rowspan=\"1\">\n<div class=\"magic-15\">Power PHOS, Siliphos, Polyphosphat-Kristallkugel<\/div>\n<\/td>\n<\/tr>\n<tr>\n<td colspan=\"1\" rowspan=\"1\">\n<div class=\"magic-16\"><span style=\"color: #000000;\" data-spm-anchor-id=\"a2700.siteadmin.0.i42.4c773333dtqLo6\">Netto-Material<\/span><\/div>\n<\/td>\n<td colspan=\"1\" rowspan=\"1\">\n<div class=\"magic-17\">Nylon, oder Edelstahlgewebe<\/div>\n<\/td>\n<\/tr>\n<tr>\n<td colspan=\"1\" rowspan=\"1\">\n<div class=\"magic-14\">Material des Filtergeh\u00e4uses<\/div>\n<\/td>\n<td colspan=\"1\" rowspan=\"1\">\n<div class=\"magic-15\">PP<\/div>\n<\/td>\n<\/tr>\n<tr>\n<td colspan=\"1\" rowspan=\"1\">\n<div class=\"magic-14\">L\u00e4nge<\/div>\n<\/td>\n<td colspan=\"1\" rowspan=\"1\">\n<div class=\"magic-15\">5, 10 Zoll<\/div>\n<\/td>\n<\/tr>\n<tr>\n<td colspan=\"1\" rowspan=\"1\">\n<div class=\"magic-14\">Farbe des Filtergeh\u00e4uses<\/div>\n<\/td>\n<td colspan=\"1\" rowspan=\"1\">\n<div class=\"magic-15\">wei\u00df, transparent<\/div>\n<\/td>\n<\/tr>\n<tr>\n<td colspan=\"1\" rowspan=\"1\">\n<div class=\"magic-14\">Funktion<\/div>\n<\/td>\n<td colspan=\"1\" rowspan=\"1\">\n<div class=\"magic-15\">Korrosionsschutz und Anti-Kalk<\/div>\n<\/td>\n<\/tr>\n<tr>\n<td colspan=\"1\" rowspan=\"1\">\n<div class=\"magic-14\">Einrichtung<\/div>\n<\/td>\n<td colspan=\"1\" rowspan=\"1\">\n<div class=\"magic-15\">Unter der Sp\u00fcle, Haus Vorfilterung<\/div>\n<\/td>\n<\/tr>\n<tr>\n<td colspan=\"1\" rowspan=\"1\">\n<div class=\"magic-14\">Merkmal<\/div>\n<\/td>\n<td colspan=\"1\" rowspan=\"1\">\n<div class=\"magic-15\">Nachf\u00fcllbar, wiederverwendbar<\/div>\n<\/td>\n<\/tr>\n<\/tbody>\n<\/table>\n<\/div>\n<\/div>\n<div id=\"ali-anchor-AliMagic-ku05x9\" class=\"magic-0\" data-section=\"AliMagic-ku05x9\" data-section-title=\"Product Show\">Produkt anzeigen<\/div>\n<div class=\"icbu-pc-images magic-7\">\n<div>\n<div class=\"flex-layout-v\">\n<div class=\"flex-layout-h magic-7\">\n<div class=\"magic-11\"><img decoding=\"async\" class=\"magic-12\" src=\"https:\/\/img.yfisher.com\/m6076\/1725727320oes\/jpg70-t3-scale100.webp\" alt=\"5 10 Zoll Kunststoffrahmen 80 100 200 Mikron Waschbare Netzfilterpatrone f\u00fcr Vorwasserfilterelement Filtration 13\" data-lazy=\"2\" title=\"\"><\/div>\n<\/div>\n<\/div>\n<\/div>\n<\/div>\n<div class=\"icbu-pc-images magic-7\">\n<div>\n<div class=\"flex-layout-v\">\n<div class=\"flex-layout-h magic-7\">\n<div class=\"magic-11\"><img decoding=\"async\" class=\"magic-12\" src=\"https:\/\/img.yfisher.com\/m6076\/1725727320zlw\/jpg70-t3-scale100.webp\" alt=\"5 10 Zoll Kunststoffrahmen 80 100 200 Mikron Waschbare Netzfilterpatrone f\u00fcr Vorwasserfilterelement Filtration 15\" data-lazy=\"2\" title=\"\"><\/div>\n<\/div>\n<\/div>\n<\/div>\n<\/div>\n<div class=\"icbu-pc-images magic-7\">\n<div>\n<div class=\"flex-layout-v\">\n<div class=\"flex-layout-h magic-7\">\n<div class=\"magic-18\"><img decoding=\"async\" class=\"magic-19\" src=\"https:\/\/img.yfisher.com\/m6076\/1725727320t9d\/jpg70-t3-scale100.webp\" alt=\"5 10 Zoll Kunststoffrahmen 80 100 200 Mikron Waschbare Netzfilterpatrone f\u00fcr Vorwasserfilterelement Filtration 17\" data-lazy=\"2\" title=\"\"><\/div>\n<\/div>\n<\/div>\n<\/div>\n<\/div>\n<div id=\"ali-anchor-AliMagic-zn1rbz\" class=\"magic-0\" data-section=\"AliMagic-zn1rbz\" data-section-title=\"Our Company\">Unser Unternehmen<\/div>\n<div class=\"detail-decorate-json-renderer-container\">\n<div class=\"magic-1\">\n<div class=\"magic-4\">\n<div class=\"magic-5\">\n<div class=\"magic-6\">\n<p class=\"magic-20\">Guangzhou Lvyuan Water Purification Equipment Co.,Ltd befindet sich im Panyu Bezirk, Guangzhou Stadt. Wir sind ein umfassendes Unternehmen. Unsere wettbewerbsf\u00e4higen Produktionslinien umfassen:<br \/>\n1. Alle Arten von Filterpatronen<br \/>\n2. Patronenfiltergeh\u00e4use und Beutelfiltergeh\u00e4use<br \/>\n3. RO-, UF-, MBR-Wasserreiniger und Ausr\u00fcstung<br \/>\n4. Viele Arten von Wasseraufbereitungsausr\u00fcstungen<br \/>\n5. Viele Arten von Wasserreinigern und Ausr\u00fcstungen, Wasserenth\u00e4rtern und mehr.<br \/>\nSeit mehr als 10 Jahren widmen wir uns der Entwicklung von Filtern. Wir k\u00f6nnen fortschrittliche technische Unterst\u00fctzung und L\u00f6sungen f\u00fcr alle unsere Kunden liefern.<\/p>\n<\/div>\n<\/div>\n<\/div>\n<\/div>\n<\/div>\n<div class=\"icbu-pc-images magic-7\">\n<div>\n<div class=\"flex-layout-v\">\n<div class=\"flex-layout-h magic-7\">\n<div class=\"magic-21\"><img decoding=\"async\" class=\"magic-22\" src=\"https:\/\/img.yfisher.com\/m6076\/1725286988dit\/jpg70-t3-scale100.webp\" alt=\"5 10 Zoll Kunststoffrahmen 80 100 200 Mikron Waschbare Netzfilterpatrone f\u00fcr Vorwasserfilterelement Filtration 19\" data-lazy=\"2\" title=\"\"><\/div>\n<\/div>\n<\/div>\n<\/div>\n<\/div>\n<div class=\"icbu-pc-images magic-7\">\n<div>\n<div class=\"flex-layout-v\">\n<div class=\"flex-layout-h magic-7\">\n<div class=\"magic-23\"><img decoding=\"async\" class=\"magic-24\" src=\"https:\/\/img.yfisher.com\/m6076\/1725726960zy4\/jpg70-t3-scale100.webp\" alt=\"5 10 Zoll Kunststoffrahmen 80 100 200 Mikron Waschbare Netzfilterpatrone f\u00fcr Vorwasserfilterelement Filtration 21\" data-lazy=\"2\" title=\"\"><\/div>\n<\/div>\n<\/div>\n<\/div>\n<\/div>\n<div id=\"ali-anchor-AliMagic-iytxe9\" class=\"magic-0\" data-section=\"AliMagic-iytxe9\" data-section-title=\"Packing &amp; Delivery\">Verpackung &amp; Lieferung<\/div>\n<div class=\"icbu-pc-images magic-7\">\n<div>\n<div class=\"flex-layout-v\">\n<div class=\"flex-layout-h magic-7\">\n<div class=\"magic-25\"><img decoding=\"async\" class=\"magic-26\" src=\"https:\/\/img.yfisher.com\/m6076\/1725726953i81\/jpg70-t3-scale100.webp\" alt=\"5 10 Zoll Kunststoffrahmen 80 100 200 Mikron Waschbare Netzfilterpatrone f\u00fcr Vorwasserfilterelement Filtration 23\" data-id=\"child-image-0\" data-lazy=\"2\" title=\"\"><\/div>\n<div class=\"magic-27\"><img class=\"magic-28\" alt=\"5 10 Zoll Kunststoffrahmen 80 100 200 Mikron Waschbare Netzfilterpatrone f\u00fcr Vorwasserfilterelement Filtration 25\" data-id=\"child-image-1\" data-lazy=\"0\" \/><\/div>\n<div class=\"magic-27\"><img decoding=\"async\" class=\"magic-29\" src=\"https:\/\/img.yfisher.com\/m6076\/172572695459i\/jpg70-t3-scale100.webp\" alt=\"5 10 Zoll Kunststoffrahmen 80 100 200 Mikron Waschbare Netzfilterpatrone f\u00fcr Wasserfilterelement Filtration 27\" data-id=\"child-image-2\" data-lazy=\"2\" title=\"\"><\/div>\n<\/div>\n<\/div>\n<\/div>\n<\/div>\n<div class=\"icbu-pc-detailSellerRecommend magic-30 J_module\" data-magic=\" \" data-magic-status=\"done\">\n<div class=\"icbu-pc-detailSellerRecommend\" data-reactroot=\"\"><\/div>\n<\/div>\n<div id=\"ali-anchor-AliMagic-aynhhf\" class=\"magic-0\" data-section=\"AliMagic-aynhhf\" data-section-title=\"Contact\">Kontakt<\/div>\n<div class=\"icbu-pc-images magic-7\">\n<div>\n<div class=\"flex-layout-v\">\n<div class=\"flex-layout-h magic-7\">\n<div class=\"magic-31\"><img decoding=\"async\" class=\"magic-32\" src=\"https:\/\/img.yfisher.com\/m6076\/1725727157evo\/jpg70-t3-scale100.webp\" alt=\"5 10 Zoll Kunststoffrahmen 80 100 200 Mikron Waschbare Netzfilterpatrone f\u00fcr Vorwasserfilterelement Filtration 29\" data-lazy=\"2\" title=\"\"><\/div>\n<\/div>\n<\/div>\n<\/div>\n<\/div>\n<div id=\"7663915323\" class=\"J_module\"><\/div>\n<\/div>\n<\/div>\n<\/div>\n<div data-module=\"detailMarketPackage\"><\/div>\n<div data-module=\"productAuth\"><\/div>\n<\/div>\n<\/div>\n<div class=\"diffStatement\">Guangzhou Lvyuan Water Purification Equipment Co., Ltd. ist ein High-Tech-Unternehmen, das Forschung und Entwicklung, Produktion, Marketing und Service von\u00a0<a href=\"https:\/\/lyfilter.com\/de\/products.html\/\">Wasserfilterpatronen<\/a>\u00a0zusammen. Es bietet eine hervorragende Filtration und gute thermische Stabilit\u00e4t. Guangzhou Lvyuan Water Purification Equipment Co., Ltd. verwendet feste Kartons zum Verpacken von Wasserfilterkartuschen, um sicherzustellen, dass sie sicher genug sind. Sie bieten eine ausgezeichnete Filtration und eine gute thermische Stabilit\u00e4t.<\/div>","protected":false},"excerpt":{"rendered":"<table>\n<thead>\n<tr>\n<th><strong>Feld<\/strong><\/th>\n<th><strong>Wert<\/strong><\/th>\n<\/tr>\n<\/thead>\n<tbody>\n<tr>\n<td>Typ<\/td>\n<td>Wasserfilterteile<\/td>\n<\/tr>\n<tr>\n<td>Produktname<\/td>\n<td>Waschbare Netzpatrone<\/td>\n<\/tr>\n<tr>\n<td>Modellnummer<\/td>\n<td>LY-NET<\/td>\n<\/tr>\n<tr>\n<td>Markenname<\/td>\n<td>Lvyuan \/ OEM<\/td>\n<\/tr>\n<tr>\n<td>Ort der Herkunft<\/td>\n<td>Guangdong, China<\/td>\n<\/tr>\n<tr>\n<td>Anmeldung<\/td>\n<td>Hotel, Gewerbe, Haushalt<\/td>\n<\/tr>\n<tr>\n<td>Stromquelle<\/td>\n<td>Handbuch<\/td>\n<\/tr>\n<tr>\n<td>After-Sales-Service<\/td>\n<td>Keine<\/td>\n<\/tr>\n<tr>\n<td>Garantie<\/td>\n<td>Keine<\/td>\n<\/tr>\n<tr>\n<td>Zertifizierung<\/td>\n<td>CE<\/td>\n<\/tr>\n<tr>\n<td>Anwendung (Verwendung)<\/td>\n<td>Vorfiltereinsatz<\/td>\n<\/tr>\n<tr>\n<td>L\u00e4nge<\/td>\n<td>5\u2033, 10\u2033 Zoll<\/td>\n<\/tr>\n<tr>\n<td>Funktion<\/td>\n<td>Kesselsteinvermeidung, Entfernung von Verunreinigungen<\/td>\n<\/tr>\n<tr>\n<td>Filtermedien<\/td>\n<td>Power PHOS, Siliphos, Polyphosphat-Kristallkugel<\/td>\n<\/tr>\n<tr>\n<td>Farbe<\/td>\n<td>Wei\u00df, Transparent<\/td>\n<\/tr>\n<tr>\n<td>Lebensdauer des Filters<\/td>\n<td>3 bis 6 Monate<\/td>\n<\/tr>\n<tr>\n<td>Einrichtung<\/td>\n<td>Vorfiltergeh\u00e4use<\/td>\n<\/tr>\n<tr>\n<td>Betrieb Temp.<\/td>\n<td>4\u00b0C-80\u00b0C<\/td>\n<\/tr>\n<\/tbody>\n<\/table>","protected":false},"featured_media":862,"comment_status":"open","ping_status":"closed","template":"","meta":{"_gspb_post_css":""},"product_brand":[],"product_cat":[23,17],"product_tag":[369,368,365,367,366,364],"class_list":{"0":"post-856","1":"product","2":"type-product","3":"status-publish","4":"has-post-thumbnail","6":"product_cat-pp-filter-cartridge","7":"product_cat-sediment-filter","8":"product_tag-ce-certified-cartridge","9":"product_tag-hotel-water-filter-parts","10":"product_tag-ly-net-pre-filter","11":"product_tag-polyphosphate-media","12":"product_tag-scale-prevention-filter","13":"product_tag-washable-net-cartridge","15":"first","16":"instock","17":"shipping-taxable","18":"product-type-simple"},"_links":{"self":[{"href":"https:\/\/lyfilter.com\/de\/wp-json\/wp\/v2\/product\/856","targetHints":{"allow":["GET"]}}],"collection":[{"href":"https:\/\/lyfilter.com\/de\/wp-json\/wp\/v2\/product"}],"about":[{"href":"https:\/\/lyfilter.com\/de\/wp-json\/wp\/v2\/types\/product"}],"replies":[{"embeddable":true,"href":"https:\/\/lyfilter.com\/de\/wp-json\/wp\/v2\/comments?post=856"}],"wp:featuredmedia":[{"embeddable":true,"href":"https:\/\/lyfilter.com\/de\/wp-json\/wp\/v2\/media\/862"}],"wp:attachment":[{"href":"https:\/\/lyfilter.com\/de\/wp-json\/wp\/v2\/media?parent=856"}],"wp:term":[{"taxonomy":"product_brand","embeddable":true,"href":"https:\/\/lyfilter.com\/de\/wp-json\/wp\/v2\/product_brand?post=856"},{"taxonomy":"product_cat","embeddable":true,"href":"https:\/\/lyfilter.com\/de\/wp-json\/wp\/v2\/product_cat?post=856"},{"taxonomy":"product_tag","embeddable":true,"href":"https:\/\/lyfilter.com\/de\/wp-json\/wp\/v2\/product_tag?post=856"}],"curies":[{"name":"wp","href":"https:\/\/api.w.org\/{rel}","templated":true}]}}