{"id":849,"date":"2025-12-24T09:41:32","date_gmt":"2025-12-24T09:41:32","guid":{"rendered":"https:\/\/lyfilter.com\/?post_type=product&#038;p=849"},"modified":"2025-12-24T09:41:32","modified_gmt":"2025-12-24T09:41:32","slug":"high-filtration-10-20-inch-big-blue-wine-sediment-filter-pp-water-filter-element","status":"publish","type":"product","link":"https:\/\/lyfilter.com\/de\/high-filtration-10-20-inch-big-blue-wine-sediment-filter-pp-water-filter-element\/","title":{"rendered":"Hohe Filtration 10 20 Zoll gro\u00dfe blaue Wein Sediment Filter\/PP Wasser Filterelement"},"content":{"rendered":"<div class=\"pro_aliData\">\n<div class=\"detail-box\">\n<div class=\"scc-wrapper detail-module module-productPackagingAndQuickDetail\" data-spm=\"prilinga1e\">\n<div class=\"widget-detail-overview\">\n<div class=\"do-content\">\n<div class=\"do-overview\">\n<div class=\"do-entry do-entry-full\">\n<h3 class=\"do-entry-title\">Verpackung und Lieferung<\/h3>\n<div class=\"do-entry-list\">\n<dl class=\"do-entry-item\">\n<dt class=\"do-entry-item-key\">Verkaufen von Einheiten:<\/dt>\n<dd class=\"do-entry-item-val\">Einzelnes Element<\/dd>\n<\/dl>\n<dl class=\"do-entry-item\">\n<dt class=\"do-entry-item-key\" title=\"Gr\u00f6\u00dfe der Einzelverpackung:\">Gr\u00f6\u00dfe der Einzelverpackung:<\/dt>\n<dd class=\"do-entry-item-val\">30X5X5 cm<\/dd>\n<\/dl>\n<dl class=\"do-entry-item\">\n<dt class=\"do-entry-item-key\" title=\"Einfaches Bruttogewicht:\">Einfaches Bruttogewicht:<\/dt>\n<dd class=\"do-entry-item-val\">1.000 kg<\/dd>\n<\/dl>\n<dl class=\"do-entry-item\">\n<dt class=\"do-entry-item-key\">Verpackungsart:<\/dt>\n<dd class=\"do-entry-item-val pkg-method\">Hohe Filtration 10 20 Zoll gro\u00dfer blauer Wein Sedimentfilter\/PP Wasserfilterelement 10\u201d 50PCS\/CTN 20\u201d 25PCS\/CTN 30\u201d 25PCS\/CTN 40\u201d 25PCS\/CTN<\/dd>\n<\/dl>\n<dl class=\"do-entry-item\">\n<dt class=\"do-entry-item-key\" title=\"Vorlaufzeit\">Vorlaufzeit\u00a0<i class=\"next-icon next-icon-help next-icon-xs js-leadtimes-tips\"><\/i>:<\/dt>\n<dd class=\"do-entry-item-val\" title=\"Vorlaufzeit\">\n<div class=\"table-responsive\">\n<table class=\"supply-ability-table ui2-table ui2-table-normal ui2-table-zebra ui2-table-hover\">\n<tbody>\n<tr>\n<td>Menge (St\u00fcck)<\/td>\n<td>1 - 500<\/td>\n<td>501 - 5000<\/td>\n<td>5001 - 10000<\/td>\n<td>&gt;10000<\/td>\n<\/tr>\n<tr>\n<td>Gesch\u00e4tzte Zeit(Tage)<\/td>\n<td>3<\/td>\n<td>7<\/td>\n<td>10<\/td>\n<td>Noch zu verhandeln<\/td>\n<\/tr>\n<\/tbody>\n<\/table>\n<\/div>\n<\/dd>\n<\/dl>\n<\/div>\n<\/div>\n<\/div>\n<\/div>\n<\/div>\n<\/div>\n<div class=\"scc-wrapper detail-module module-detailVideo\" data-spm=\"detailvideo\"><\/div>\n<div class=\"scc-wrapper detail-module module-productSpecification\" data-spm=\"pronpeci14\">\n<div id=\"J-rich-text-description\" class=\"richtext richtext-detail rich-text-description\">\n<p>Einleitung:<\/p>\n<p>PP Melt-blown-Filterpatronen (PPF) werden aus Polypropylen hergestellt.<\/p>\n<p>Es kann Schwebstoffe, Partikel und Rost wirksam entfernen.<\/p>\n<p>Diese Art von Patrone wird f\u00fcr die vordere Filterpatrone verwendet, um andere zu sch\u00fctzen.<\/p>\n<p>&nbsp;<\/p>\n<p>&nbsp;<\/p>\n<p>&nbsp;<\/p>\n<p>&nbsp;<\/p>\n<p>Parameter:<\/p>\n<div class=\"table-responsive\">\n<table class=\"aliDataTable\">\n<tbody>\n<tr align=\"left\">\n<td valign=\"top\">Produkt<\/td>\n<td valign=\"top\">Hohe Filtration 10 20 Zoll gro\u00dfe blaue Wein Sediment Filter\/PP Wasser Filterelement<\/td>\n<\/tr>\n<tr align=\"left\">\n<td valign=\"top\">Material<\/td>\n<td valign=\"top\">PP, Polypropylen<\/td>\n<\/tr>\n<tr align=\"left\">\n<td valign=\"top\">Stil<\/td>\n<td valign=\"top\">Rille, Druckpunkte, flach, kreuzend<\/td>\n<\/tr>\n<tr align=\"left\">\n<td valign=\"top\">Pr\u00e4zisionsfiltration<\/td>\n<td valign=\"top\">1~100micron<\/td>\n<\/tr>\n<tr align=\"left\">\n<td valign=\"top\">\u00c4u\u00dferer Durchmesser<\/td>\n<td valign=\"top\">60~65mm<\/td>\n<\/tr>\n<tr align=\"left\">\n<td valign=\"top\">Innendurchmesser<\/td>\n<td valign=\"top\">28mm oder 30mm<\/td>\n<\/tr>\n<tr align=\"left\">\n<td valign=\"top\">Schnittstelle<\/td>\n<td valign=\"top\">Flach, eingesetzt, geschraubt<\/td>\n<\/tr>\n<tr align=\"left\">\n<td valign=\"top\">Endkappen-Typ<\/td>\n<td valign=\"top\">222flach, 222fin, 226flach, 226fin, 215flach, 215fin<\/td>\n<\/tr>\n<tr align=\"left\">\n<td valign=\"top\">L\u00e4nge<\/td>\n<td valign=\"top\">5\u201d,10\u201d,20\u201d,30\u201d,40\u201d,50\u2033,60\u2033<\/td>\n<\/tr>\n<tr align=\"left\">\n<td valign=\"top\">Maximaler Differenzdruck<\/td>\n<td valign=\"top\">3 kgf\/cm\u00b2<\/td>\n<\/tr>\n<tr align=\"left\">\n<td valign=\"top\">Maximale Betriebstemperatur<\/td>\n<td valign=\"top\">80\u00b0c<\/td>\n<\/tr>\n<tr align=\"left\">\n<td valign=\"top\">Betriebsdifferenzdruck<\/td>\n<td valign=\"top\">0,1kgf\/cm2<\/td>\n<\/tr>\n<tr align=\"left\">\n<td valign=\"top\">Marke<\/td>\n<td valign=\"top\">Lvyuan\/OEM<\/td>\n<\/tr>\n<tr align=\"left\">\n<td valign=\"top\">Gemeinsames Gewicht<\/td>\n<td valign=\"top\">100- 120g\/10\u2033 (kann angepasst werden)<\/td>\n<\/tr>\n<\/tbody>\n<\/table>\n<\/div>\n<p>&nbsp;<\/p>\n<p>&nbsp;<\/p>\n<p>&nbsp;<\/p>\n<p>&nbsp;<\/p>\n<p>Merkmale:<\/p>\n<p>1. Bewegen Sie Schwebstoffe, Partikel und Rost effektiv.<\/p>\n<p>2. Vorfiltrierung von Wasser<\/p>\n<p>3. Breite chemische Vertr\u00e4glichkeit<\/p>\n<p>4. Druckfest<\/p>\n<p>5. Hohe chemische Best\u00e4ndigkeit.<\/p>\n<p>6. Alle Arten von Adaptern sind verf\u00fcgbar<\/p>\n<p>7. Hohe Schadstoffaufnahmekapazit\u00e4t und lange Lebensdauer.<\/p>\n<p>&nbsp;<\/p>\n<p>&nbsp;<\/p>\n<p>&nbsp;<\/p>\n<p>&nbsp;<\/p>\n<p>Umfang:<\/p>\n<p>Vorfiltration oder RO-System, L\u00f6sungsmittel, chemische Industrie, \u00d6lindustrie,<\/p>\n<p>Trinkwasseraufbereitung, Elektronik- und Energieindustrie, Galvanotechnik,<\/p>\n<p>Lebensmittel und Getr\u00e4nke, Wein, usw.<\/p>\n<p>&nbsp;<\/p>\n<p>&nbsp;<\/p>\n<p>&nbsp;<\/p>\n<p>Verpackung Detail: 10\u2033:50PCS\/CTN; 20\u2033:25PCS\/CTN; 30\u2033:25PC\/CTN;40\u2033:25PCS\/CTN<\/p>\n<p>Detail der Lieferung: Innerhalb von 7 Tagen nach Erhalt 30% Ablagerung<\/p>\n<p>&nbsp;<\/p>\n<p>&nbsp;<\/p>\n<p>&nbsp;<\/p>\n<p>&nbsp;<\/p>\n<p>&nbsp;<\/p>\n<p>Produkt zeigt:<\/p>\n<p><img decoding=\"async\" src=\"https:\/\/img.yfisher.com\/m6076\/1725727044j1x\/jpg70-t3-scale100.webp\" alt=\"Hohe Filtration 10 20 Zoll gro\u00dfer blauer Wein Sedimentfilter\/PP Wasserfilterelement 7\" data-alt=\"High filtration 10 20 inch big blue wine sediment filter\/PP water filter element\" data-=\"\" data-lazy=\"2\" title=\"\"><\/p>\n<p><img decoding=\"async\" src=\"https:\/\/img.yfisher.com\/m6076\/1725727044jk0\/jpg70-t3-scale100.webp\" alt=\"Hohe Filtration 10 20 Zoll gro\u00dfer blauer Wein Sedimentfilter\/PP Wasserfilterelement 9\" data-alt=\"High filtration 10 20 inch big blue wine sediment filter\/PP water filter element\" data-=\"\" data-lazy=\"2\" title=\"\"><\/p>\n<p><img decoding=\"async\" src=\"https:\/\/img.yfisher.com\/m6076\/1725727044tl5\/jpg70-t3-scale100.webp\" alt=\"Hohe Filtration 10 20 Zoll gro\u00dfer blauer Wein Sedimentfilter\/PP Wasserfilterelement 11\" data-alt=\"High filtration 10 20 inch big blue wine sediment filter\/PP water filter element\" data-=\"\" data-lazy=\"2\" title=\"\"><\/p>\n<p><img decoding=\"async\" src=\"https:\/\/img.yfisher.com\/m6076\/1725727044ad0\/jpg70-t3-scale100.webp\" alt=\"Hohe Filtration 10 20 Zoll gro\u00dfer blauer Wein Sedimentfilter\/PP Wasserfilterelement 13\" data-alt=\"High filtration 10 20 inch big blue wine sediment filter\/PP water filter element\" data-=\"\" data-lazy=\"2\" title=\"\"><\/p>\n<p><img decoding=\"async\" src=\"https:\/\/img.yfisher.com\/m6076\/1725727044yry\/jpg70-t3-scale100.webp\" alt=\"Hohe Filtration 10 20 Zoll gro\u00dfer blauer Wein Sedimentfilter\/PP Wasserfilterelement 15\" data-alt=\"High filtration 10 20 inch big blue wine sediment filter\/PP water filter element\" data-=\"\" data-lazy=\"2\" title=\"\"><\/p>\n<p><img decoding=\"async\" src=\"https:\/\/img.yfisher.com\/m6076\/17257270441yf\/jpg70-t3-scale100.webp\" alt=\"Hohe Filtration 10 20 Zoll gro\u00dfer blauer Wein Sedimentfilter\/PP Wasserfilterelement 17\" data-alt=\"High filtration 10 20 inch big blue wine sediment filter\/PP water filter element\" data-=\"\" data-lazy=\"2\" title=\"\"><\/p>\n<p><img decoding=\"async\" src=\"https:\/\/img.yfisher.com\/m6076\/17257270449f1\/jpg70-t3-scale100.webp\" alt=\"Hohe Filtration 10 20 Zoll gro\u00dfer blauer Wein Sedimentfilter\/PP Wasserfilterelement 19\" data-alt=\"High filtration 10 20 inch big blue wine sediment filter\/PP water filter element\" data-=\"\" data-lazy=\"2\" title=\"\"><\/p>\n<p><img decoding=\"async\" src=\"https:\/\/img.yfisher.com\/m6076\/1725727044bwm\/jpg70-t3-scale100.webp\" alt=\"Hohe Filtration 10 20 Zoll gro\u00dfer blauer Wein Sedimentfilter\/PP Wasserfilterelement 21\" data-alt=\"High filtration 10 20 inch big blue wine sediment filter\/PP water filter element\" data-=\"\" data-lazy=\"2\" title=\"\"><\/p>\n<p>&nbsp;<\/p>\n<p>&nbsp;<\/p>\n<p>&nbsp;<\/p>\n<p>&nbsp;<\/p>\n<p>&nbsp;<\/p>\n<p>&nbsp;<\/p>\n<p>Bitte kontaktieren Sie uns f\u00fcr weitere Details oder Angebote<\/p>\n<p>wenn Sie an unseren Produkten oder unserem Unternehmen interessiert sind : )<\/p>\n<p>&nbsp;<\/p>\n<p>&nbsp;<\/p>\n<p>&nbsp;<\/p>\n<p>&nbsp;<\/p>\n<p><strong>Meine Kontaktinformationen -----<\/strong><\/p>\n<p><img decoding=\"async\" src=\"https:\/\/img.yfisher.com\/m6076\/1725727044sd3\/jpg70-t3-scale100.webp\" alt=\"Hohe Filtration 10 20 Zoll gro\u00dfer blauer Wein Sedimentfilter\/PP Wasserfilterelement 23\" data-alt=\"High filtration 10 20 inch big blue wine sediment filter\/PP water filter element\" data-=\"\" data-lazy=\"2\" title=\"\"><\/p>\n<\/div>\n<\/div>\n<div data-module=\"detailMarketPackage\"><\/div>\n<div data-module=\"productAuth\"><\/div>\n<\/div>\n<\/div>\n<div class=\"diffStatement\">Es ist ein hei\u00dfes Produkt in diesem Bereich und bei vielen Kunden beliebt. Die innere St\u00fctzschicht ist eng mit dem Filtermaterial verbunden, was ihm eine hohe Sto\u00dffestigkeit verleiht. Lvyuan Water Purification Equipment hat ein hohes Ansehen unter den Kunden durch gro\u00dfe Anstrengungen auf gebaut\u00a0<a href=\"https:\/\/lyfilter.com\/de\/products.html\/\">Wasserfilterpatronen<\/a>\u00a0und schwere Werbung. Die innere St\u00fctzschicht ist eng mit dem Filtermaterial verbunden, wodurch sie eine hohe Sto\u00dffestigkeit aufweist.<\/div>","protected":false},"excerpt":{"rendered":"<table>\n<thead>\n<tr>\n<th><strong>Feld<\/strong><\/th>\n<th><strong>Wert<\/strong><\/th>\n<\/tr>\n<\/thead>\n<tbody>\n<tr>\n<td>Anwendbare Industrien<\/td>\n<td>Hotels, Bekleidungsgesch\u00e4fte, Baustoffl\u00e4den, Fertigungsbetriebe, Maschinenreparaturwerkst\u00e4tten, Lebensmittel- und Getr\u00e4nkefabriken, Bauernh\u00f6fe, Restaurants, Haushalte, Einzelhandel, Lebensmittelgesch\u00e4fte, Druckereien, Bauwerke, Energie und Bergbau, Lebensmittel- und Getr\u00e4nkegesch\u00e4fte, Werbeunternehmen<\/td>\n<\/tr>\n<tr>\n<td>Ort der Herkunft<\/td>\n<td>China<\/td>\n<\/tr>\n<tr>\n<td>Markenname<\/td>\n<td>Kundenspezifisch<\/td>\n<\/tr>\n<tr>\n<td>Material<\/td>\n<td>Kundenspezifisch, PP, Polypropylen<\/td>\n<\/tr>\n<tr>\n<td>Gewicht<\/td>\n<td>Kundenspezifisch<\/td>\n<\/tr>\n<tr>\n<td>Gr\u00f6\u00dfe<\/td>\n<td>Kundenspezifisch<\/td>\n<\/tr>\n<tr>\n<td>Strom<\/td>\n<td>0<\/td>\n<\/tr>\n<tr>\n<td>Garantie<\/td>\n<td>1 Jahr<\/td>\n<\/tr>\n<tr>\n<td>After-Sales-Service<\/td>\n<td>Online-Unterst\u00fctzung<\/td>\n<\/tr>\n<tr>\n<td>Produktname<\/td>\n<td>10\/20 Zoll Big Blue Wein-Sedimentfilter \/ PP-Wasserfiltereinsatz<\/td>\n<\/tr>\n<tr>\n<td>Filter Typ<\/td>\n<td>Rille, Pr\u00e4gung, Punkte, Firmenlogo<\/td>\n<\/tr>\n<tr>\n<td>L\u00e4nge<\/td>\n<td>10 \/ 20 Zoll<\/td>\n<\/tr>\n<tr>\n<td>\u00c4u\u00dferer Durchmesser<\/td>\n<td>60-65 mm<\/td>\n<\/tr>\n<tr>\n<td>Mikron<\/td>\n<td>1-100 Mikron<\/td>\n<\/tr>\n<tr>\n<td>Innendurchmesser<\/td>\n<td>28 mm \/ 30 mm<\/td>\n<\/tr>\n<tr>\n<td>Filter Schnittstelle<\/td>\n<td>Flacher Typ, Typ 222, Typ 226, Typ 215<\/td>\n<\/tr>\n<tr>\n<td>H\u00f6chste Temperatur<\/td>\n<td>80\u2103<\/td>\n<\/tr>\n<tr>\n<td>Arbeitsdruckabfall<\/td>\n<td>0,1 kgf\/c\u33a1<\/td>\n<\/tr>\n<\/tbody>\n<\/table>","protected":false},"featured_media":855,"comment_status":"open","ping_status":"closed","template":"","meta":{"_gspb_post_css":""},"product_brand":[],"product_cat":[23,17],"product_tag":[327,362,359,360,363,361],"class_list":{"0":"post-849","1":"product","2":"type-product","3":"status-publish","4":"has-post-thumbnail","6":"product_cat-pp-filter-cartridge","7":"product_cat-sediment-filter","8":"product_tag-1-100-micron-filter","9":"product_tag-10-20-inch-cartridge","10":"product_tag-big-blue-sediment-filter","11":"product_tag-pp-water-filter-element","12":"product_tag-type-222-226-interface","13":"product_tag-wine-sediment-filtration","15":"first","16":"instock","17":"shipping-taxable","18":"product-type-simple"},"_links":{"self":[{"href":"https:\/\/lyfilter.com\/de\/wp-json\/wp\/v2\/product\/849","targetHints":{"allow":["GET"]}}],"collection":[{"href":"https:\/\/lyfilter.com\/de\/wp-json\/wp\/v2\/product"}],"about":[{"href":"https:\/\/lyfilter.com\/de\/wp-json\/wp\/v2\/types\/product"}],"replies":[{"embeddable":true,"href":"https:\/\/lyfilter.com\/de\/wp-json\/wp\/v2\/comments?post=849"}],"wp:featuredmedia":[{"embeddable":true,"href":"https:\/\/lyfilter.com\/de\/wp-json\/wp\/v2\/media\/855"}],"wp:attachment":[{"href":"https:\/\/lyfilter.com\/de\/wp-json\/wp\/v2\/media?parent=849"}],"wp:term":[{"taxonomy":"product_brand","embeddable":true,"href":"https:\/\/lyfilter.com\/de\/wp-json\/wp\/v2\/product_brand?post=849"},{"taxonomy":"product_cat","embeddable":true,"href":"https:\/\/lyfilter.com\/de\/wp-json\/wp\/v2\/product_cat?post=849"},{"taxonomy":"product_tag","embeddable":true,"href":"https:\/\/lyfilter.com\/de\/wp-json\/wp\/v2\/product_tag?post=849"}],"curies":[{"name":"wp","href":"https:\/\/api.w.org\/{rel}","templated":true}]}}