{"id":740,"date":"2025-12-24T07:57:12","date_gmt":"2025-12-24T07:57:12","guid":{"rendered":"https:\/\/lyfilter.com\/?post_type=product&#038;p=740"},"modified":"2025-12-24T08:16:41","modified_gmt":"2025-12-24T08:16:41","slug":"bb-big-blow-rate-spun-pp-polypropylene-composite-carbon-filter-5-microns-sediment-filter-cartridge-with-10x4-5-inch","status":"publish","type":"product","link":"https:\/\/lyfilter.com\/de\/bb-big-blow-rate-spun-pp-polypropylene-composite-carbon-filter-5-microns-sediment-filter-cartridge-with-10x4-5-inch\/","title":{"rendered":"BB gro\u00dfe Schlagrate gesponnen PP Polypropylen zusammengesetzte Kohlenstoff-Filter 5 Mikron Sediment Filterpatrone mit 10\u00d74,5 Zoll"},"content":{"rendered":"<div class=\"pro_aliData\">\n<div class=\"detail-box\">\n<div class=\"scc-wrapper detail-module module-productPackagingAndQuickDetail\" data-spm=\"prilinga1e\">\n<div class=\"widget-detail-overview\">\n<div class=\"do-content\">\n<div class=\"do-overview\">\n<div class=\"do-entry do-entry-full\">\n<h3 class=\"do-entry-title\">Verpackung und Lieferung<\/h3>\n<div class=\"do-entry-list\">\n<dl class=\"do-entry-item\">\n<dt class=\"do-entry-item-key\">Verkaufen von Einheiten:<\/dt>\n<dd class=\"do-entry-item-val\">Einzelnes Element<\/dd>\n<\/dl>\n<dl class=\"do-entry-item\">\n<dt class=\"do-entry-item-key\" title=\"Gr\u00f6\u00dfe der Einzelverpackung:\">Gr\u00f6\u00dfe der Einzelverpackung:<\/dt>\n<dd class=\"do-entry-item-val\">53X33X33 cm<\/dd>\n<\/dl>\n<dl class=\"do-entry-item\">\n<dt class=\"do-entry-item-key\" title=\"Einfaches Bruttogewicht:\">Einfaches Bruttogewicht:<\/dt>\n<dd class=\"do-entry-item-val\">9.000 kg<\/dd>\n<\/dl>\n<dl class=\"do-entry-item\">\n<dt class=\"do-entry-item-key\">Verpackungsart:<\/dt>\n<dd class=\"do-entry-item-val pkg-method\">BB big blow rate spun PP polypropylene composite carbon filter 5 microns sediment filter cartridge with 10\u00d74.5 inch: Verpackt in Papierkarton.<\/dd>\n<\/dl>\n<dl class=\"do-entry-item\">\n<dt class=\"do-entry-item-key\" title=\"Vorlaufzeit\">Vorlaufzeit\u00a0<i class=\"next-icon next-icon-help next-icon-xs js-leadtimes-tips\"><\/i>:<\/dt>\n<dd class=\"do-entry-item-val\" title=\"Vorlaufzeit\">\n<div class=\"table-responsive\">\n<table class=\"supply-ability-table ui2-table ui2-table-normal ui2-table-zebra ui2-table-hover\">\n<tbody>\n<tr>\n<td>Menge (St\u00fcck)<\/td>\n<td>1 - 100<\/td>\n<td>101 - 500<\/td>\n<td>501 - 5000<\/td>\n<td>&gt;5000<\/td>\n<\/tr>\n<tr>\n<td>Gesch\u00e4tzte Zeit(Tage)<\/td>\n<td>3<\/td>\n<td>5<\/td>\n<td>10<\/td>\n<td>Noch zu verhandeln<\/td>\n<\/tr>\n<\/tbody>\n<\/table>\n<\/div>\n<\/dd>\n<\/dl>\n<\/div>\n<\/div>\n<\/div>\n<\/div>\n<\/div>\n<\/div>\n<div class=\"scc-wrapper detail-module module-detailVideo\" data-spm=\"detailvideo\"><\/div>\n<div class=\"scc-wrapper detail-module module-productSpecification\" data-spm=\"pronpeci14\">\n<div id=\"J-rich-text-description\" class=\"richtext richtext-detail rich-text-description\">\n<div id=\"detail_decorate_root\" data-host=\"111218246\" data-magic-global=\"%7B%22bizId%22%3A17381045746%2C%22pageId%22%3A5031332643%2C%22siteId%22%3A5005126472%7D\" data-id=\"detail_decorate_root\">\n<div class=\"J_module\">\n<div class=\"detail-decorate-json-renderer-container\">\n<div class=\"magic-0\">\n<div class=\"magic-1\">\n<div class=\"magic-2\">\n<div class=\"magic-3\">BB gro\u00dfe Schlagrate gesponnen PP Polypropylen zusammengesetzte Kohlenstoff-Filter 5 Mikron Sediment Filterpatrone mit 10\u00d74,5 Zoll<\/div>\n<\/div>\n<\/div>\n<\/div>\n<\/div>\n<\/div>\n<div class=\"J_module\">\n<div id=\"ali-anchor-AliMagic-w2627d\" class=\"magic-4\" data-section=\"AliMagic-w2627d\" data-section-title=\"Product Description\">Beschreibung des Produkts<\/div>\n<\/div>\n<div class=\"J_module\">\n<div class=\"icbu-pc-images magic-5\">\n<div>\n<div class=\"flex-layout-v\">\n<div class=\"flex-layout-h magic-5\">\n<div class=\"magic-6\"><img decoding=\"async\" class=\"magic-7\" src=\"https:\/\/img.yfisher.com\/m6076\/172572676906t\/jpg70-t3-scale100.webp\" alt=\"BB gro\u00dfe Schlagrate gesponnen PP Polypropylen zusammengesetzte Kohlenstoff-Filter 5 Mikron Sediment Filterpatrone mit 10x4,5 Zoll 7\" data-lazy=\"2\" title=\"\"><\/div>\n<\/div>\n<\/div>\n<\/div>\n<\/div>\n<\/div>\n<div class=\"J_module\">\n<div class=\"icbu-pc-images magic-5\">\n<div>\n<div class=\"flex-layout-h\">\n<div class=\"flex-layout-v magic-8\">\n<div class=\"magic-9\"><img decoding=\"async\" class=\"magic-10\" src=\"https:\/\/img.yfisher.com\/m6076\/1725726769ezm\/png70-t3-scale100.webp\" alt=\"BB gro\u00dfe Schlagrate gesponnen PP Polypropylen zusammengesetzte Kohlenstoff-Filter 5 Mikron Sediment Filterpatrone mit 10x4,5 Zoll 9\" data-id=\"child-image-0\" data-lazy=\"2\" title=\"\"><\/div>\n<\/div>\n<div class=\"text-wrapper magic-11\">\n<div class=\"text-wrapper-right text-theme-light text-align-left\">\n<div class=\"text-title\" data-id=\"right-title\">\n<h3 class=\"magic-12\">Verschiedene Gr\u00f6\u00dfen f\u00fcr PP-Spun-Melt-Blasfilter<\/h3>\n<\/div>\n<div class=\"text-content\" data-id=\"right-content\">\n<p class=\"magic-13\"><span style=\"font-size: medium;\">PP Meltblown-Filterpatrone (PPF) ist\u00a0<\/span><\/p>\n<p class=\"magic-13\"><span style=\"font-size: medium;\">hergestellt aus Polypropylen.\u00a0<\/span><\/p>\n<p class=\"magic-13\"><span style=\"font-size: medium;\">Es kann Schwebstoffe entfernen,\u00a0<\/span><\/p>\n<p class=\"magic-13\"><span style=\"font-size: medium;\">Partikel und Rost wirksam zu entfernen.\u00a0<\/span><\/p>\n<p class=\"magic-13\"><span style=\"font-size: medium;\">Diese Art von Patrone wird f\u00fcr die Front verwendet\u00a0<\/span><\/p>\n<p class=\"magic-13\"><span style=\"font-size: medium;\">Filterpatrone zum Schutz\u00a0<\/span><\/p>\n<p class=\"magic-13\"><span style=\"font-size: medium;\">andere.<\/span><\/p>\n<\/div>\n<\/div>\n<\/div>\n<\/div>\n<\/div>\n<\/div>\n<\/div>\n<div class=\"J_module\">\n<div class=\"icbu-pc-images magic-5\">\n<div>\n<div class=\"flex-layout-h\">\n<div class=\"text-wrapper magic-14\">\n<div class=\"text-wrapper-left text-theme-light text-align-left\">\n<div class=\"text-title\" data-id=\"left-title\">\n<h3 class=\"magic-12\">OEM-Abmessungen PP-Schmelzblasfilterpatrone<\/h3>\n<\/div>\n<div class=\"text-content\" data-id=\"left-content\">\n<p class=\"magic-13\"><span style=\"font-size: medium;\">Lvyuan PP Melt Blown Filterpatronen Serie ist eine Art von Standard und einfache Filterpatronen f\u00fcr die Wasseraufbereitung. Es ist Verschmelzung und Verflechtung von Polypropylen-Faser ohne chemische Klebstoffe. 100% reines Polypropylen PP Rohstoffe gemacht.\u00a0<\/span><\/p>\n<\/div>\n<\/div>\n<\/div>\n<div class=\"flex-layout-v magic-8\">\n<div class=\"magic-9\"><img decoding=\"async\" class=\"magic-10\" src=\"https:\/\/img.yfisher.com\/m6076\/1725726769nrd\/png70-t3-scale100.webp\" alt=\"BB gro\u00dfe Schlagrate gesponnen PP Polypropylen zusammengesetzte Kohlenstoff-Filter 5 Mikron Sediment Filterpatrone mit 10x4,5 Zoll 11\" data-id=\"child-image-0\" data-lazy=\"2\" title=\"\"><\/div>\n<\/div>\n<\/div>\n<\/div>\n<\/div>\n<\/div>\n<div class=\"J_module\">\n<div class=\"icbu-pc-images magic-5\">\n<div>\n<div class=\"flex-layout-h\">\n<div class=\"flex-layout-v magic-8\">\n<div class=\"magic-9\"><img decoding=\"async\" class=\"magic-10\" src=\"https:\/\/img.yfisher.com\/m6076\/1725726769ek9\/png70-t3-scale100.webp\" alt=\"BB gro\u00dfe Schlagrate gesponnen PP Polypropylen zusammengesetzte Kohlenstoff-Filter 5 Mikron Sediment Filterpatrone mit 10x4,5 Zoll 13\" data-id=\"child-image-0\" data-lazy=\"2\" title=\"\"><\/div>\n<\/div>\n<div class=\"text-wrapper magic-11\">\n<div class=\"text-wrapper-right text-theme-light text-align-left\">\n<div class=\"text-title\" data-id=\"right-title\">\n<h3 class=\"magic-12\">Kundenspezifischer PP-Wasserfilter mit zwei Mikrometern<\/h3>\n<\/div>\n<div class=\"text-content\" data-id=\"right-content\">\n<p class=\"magic-13\"><span style=\"font-size: medium;\">Mikron kann angepasst werden, 2 Schichten Mikron PP Wasserfilterpatronen zu machen starke Schadstoffe Haltekapazit\u00e4t, kann es effektiv zu entfernen Verunreinigungen, wie Schwebstoffe, Partikel und Rost, die effiziente Filtration und lange Lebensdauer.\u00a0<\/span><\/p>\n<\/div>\n<\/div>\n<\/div>\n<\/div>\n<\/div>\n<\/div>\n<\/div>\n<div class=\"J_module\">\n<div class=\"icbu-pc-images magic-5\">\n<div>\n<div class=\"flex-layout-h\">\n<div class=\"text-wrapper magic-14\">\n<div class=\"text-wrapper-left text-theme-light text-align-left\">\n<div class=\"text-title\" data-id=\"left-title\">\n<h3 class=\"magic-12\">PP-Filterpatrone mit Verbundwerkstoff<\/h3>\n<\/div>\n<div class=\"text-content\" data-id=\"left-content\">\n<p class=\"magic-13\"><span style=\"font-size: medium;\">PP-Filterpatrone mit zusammengesetztem Filter, es k\u00f6nnen verschiedene Gr\u00f6\u00dfen und Filtermaterialien angepasst werden, um unterschiedliche Anforderungen zu erf\u00fcllen.\u00a0<\/span><\/p>\n<\/div>\n<\/div>\n<\/div>\n<div class=\"flex-layout-v magic-8\">\n<div class=\"magic-9\"><img decoding=\"async\" class=\"magic-10\" src=\"https:\/\/img.yfisher.com\/m6076\/17257267697zl\/png70-t3-scale100.webp\" alt=\"BB gro\u00dfe Schlagrate gesponnen PP Polypropylen zusammengesetzte Kohlenstoff-Filter 5 Mikron Sediment Filterpatrone mit 10x4,5 Zoll 15\" data-id=\"child-image-0\" data-lazy=\"2\" title=\"\"><\/div>\n<\/div>\n<\/div>\n<\/div>\n<\/div>\n<\/div>\n<div class=\"J_module\">\n<div class=\"icbu-pc-images magic-5\">\n<div>\n<div class=\"flex-layout-h\">\n<div class=\"flex-layout-v magic-8\">\n<div class=\"magic-9\"><img decoding=\"async\" class=\"magic-10\" src=\"https:\/\/img.yfisher.com\/m6076\/1725726769o3n\/png70-t3-scale100.webp\" alt=\"BB gro\u00dfe Schlagrate gesponnen PP Polypropylen zusammengesetzte Kohlenstoff-Filter 5 Mikron Sediment Filterpatrone mit 10x4,5 Zoll 17\" data-id=\"child-image-0\" data-lazy=\"2\" title=\"\"><\/div>\n<\/div>\n<div class=\"text-wrapper magic-11\">\n<div class=\"text-wrapper-right text-theme-light text-align-left\">\n<div class=\"text-title\" data-id=\"right-title\">\n<h3 class=\"magic-12\">OEM-Adapter f\u00fcr PP-Wasserfilterelemente<\/h3>\n<\/div>\n<div class=\"text-content\" data-id=\"right-content\">\n<p class=\"magic-13\"><span style=\"font-size: medium;\">Es sind verschiedene Filteradapter erh\u00e4ltlich.<\/span><\/p>\n<p class=\"magic-13\"><span style=\"font-size: medium;\">Silikon, EPDM, NBR, Viton als Option.\u00a0<\/span><\/p>\n<\/div>\n<\/div>\n<\/div>\n<\/div>\n<\/div>\n<\/div>\n<\/div>\n<div class=\"J_module\">\n<div class=\"ife-detail-decorate-table\">\n<div class=\"table-responsive\">\n<table class=\"all magic-15\">\n<tbody>\n<tr>\n<td colspan=\"1\" rowspan=\"1\">\n<div class=\"magic-16\">Name des Produkts<\/div>\n<\/td>\n<td colspan=\"3\" rowspan=\"1\">\n<div class=\"magic-17\">BB gro\u00dfe Schlagrate gesponnen PP Polypropylen zusammengesetzte Kohlenstoff-Filter 5 Mikron Sediment Filterpatrone mit 10\u00d74,5 Zoll<\/div>\n<\/td>\n<\/tr>\n<tr>\n<td colspan=\"1\" rowspan=\"1\">\n<div class=\"magic-16\">Material<\/div>\n<\/td>\n<td colspan=\"3\" rowspan=\"1\">\n<div class=\"magic-17\">100% Material aus reinem Polypropylen<\/div>\n<\/td>\n<\/tr>\n<tr>\n<td colspan=\"1\" rowspan=\"1\">\n<div class=\"magic-16\">Oberfl\u00e4che<\/div>\n<\/td>\n<td colspan=\"3\" rowspan=\"1\">\n<div class=\"magic-17\">Rille, Druckstellen, flach, kreuzend<\/div>\n<\/td>\n<\/tr>\n<tr>\n<td colspan=\"1\" rowspan=\"1\">\n<div class=\"magic-16\">Mikrometer<\/div>\n<\/td>\n<td colspan=\"3\" rowspan=\"1\">\n<div class=\"magic-20\">1 ~100 Mikrometer<\/div>\n<\/td>\n<\/tr>\n<tr>\n<td colspan=\"1\" rowspan=\"1\">\n<div class=\"magic-16\">\u00c4u\u00dferer Durchmesser<\/div>\n<\/td>\n<td colspan=\"3\" rowspan=\"1\">\n<div class=\"magic-20\">OEM<\/div>\n<\/td>\n<\/tr>\n<tr>\n<td colspan=\"1\" rowspan=\"1\">\n<div class=\"magic-16\">Innendurchmesser<\/div>\n<\/td>\n<td colspan=\"3\" rowspan=\"1\">\n<div class=\"magic-20\">OEM<\/div>\n<\/td>\n<\/tr>\n<tr>\n<td colspan=\"1\" rowspan=\"1\">\n<div class=\"magic-16\">Schnittstelle<\/div>\n<\/td>\n<td colspan=\"3\" rowspan=\"1\">\n<div class=\"magic-20\">Flach, eingesetzt, geschraubt<\/div>\n<\/td>\n<\/tr>\n<tr>\n<td colspan=\"1\" rowspan=\"1\">\n<div class=\"magic-16\">Endkappe<\/div>\n<\/td>\n<td colspan=\"3\" rowspan=\"1\">\n<div class=\"magic-20\">222\/Flach, 222\/Fin, 226\/Flach, 226\/Fin, 215\/Flach, 215\/Fin<\/div>\n<\/td>\n<\/tr>\n<tr>\n<td colspan=\"1\" rowspan=\"1\">\n<div class=\"magic-16\">L\u00e4nge<\/div>\n<\/td>\n<td colspan=\"3\" rowspan=\"1\">\n<div class=\"magic-20\">OEM<\/div>\n<\/td>\n<\/tr>\n<tr>\n<td colspan=\"1\" rowspan=\"1\">\n<div class=\"magic-16\">Maximaler Differenzdruck<\/div>\n<\/td>\n<td colspan=\"3\" rowspan=\"1\">\n<div class=\"magic-20\">3 kgf\/cm\u00b2<\/div>\n<\/td>\n<\/tr>\n<tr>\n<td colspan=\"1\" rowspan=\"1\">\n<div class=\"magic-16\">Maximale Betriebstemperatur<\/div>\n<\/td>\n<td colspan=\"3\" rowspan=\"1\">\n<div class=\"magic-20\">80\u00b0c<\/div>\n<\/td>\n<\/tr>\n<tr>\n<td colspan=\"1\" rowspan=\"1\">\n<div class=\"magic-16\">Betriebsdifferenzdruck<\/div>\n<\/td>\n<td colspan=\"3\" rowspan=\"1\">\n<div class=\"magic-20\">0,1kgf\/cm2<\/div>\n<\/td>\n<\/tr>\n<tr>\n<td colspan=\"1\" rowspan=\"1\">\n<div class=\"magic-16\">Marke\/Logo<\/div>\n<\/td>\n<td colspan=\"3\" rowspan=\"1\">\n<div class=\"magic-20\">OEM<\/div>\n<\/td>\n<\/tr>\n<\/tbody>\n<\/table>\n<\/div>\n<\/div>\n<\/div>\n<\/div>\n<\/div>\n<\/div>\n<\/div>\n<\/div>","protected":false},"excerpt":{"rendered":"<table>\n<thead>\n<tr>\n<th><strong>Feld<\/strong><\/th>\n<th><strong>Wert<\/strong><\/th>\n<\/tr>\n<\/thead>\n<tbody>\n<tr>\n<td>Zustand<\/td>\n<td>Neu<\/td>\n<\/tr>\n<tr>\n<td>Anwendbare Industrien<\/td>\n<td>Heimgebrauch<\/td>\n<\/tr>\n<tr>\n<td>Service nach der Garantie<\/td>\n<td>Online-Unterst\u00fctzung<\/td>\n<\/tr>\n<tr>\n<td>Lokaler Dienstort<\/td>\n<td>Keine<\/td>\n<\/tr>\n<tr>\n<td>Standort des Ausstellungsraums<\/td>\n<td>Keine<\/td>\n<\/tr>\n<tr>\n<td>Video-Ausgangsinspektion<\/td>\n<td>Zur Verf\u00fcgung gestellt<\/td>\n<\/tr>\n<tr>\n<td>Maschinen-Testbericht<\/td>\n<td>Zur Verf\u00fcgung gestellt<\/td>\n<\/tr>\n<tr>\n<td>Marketing-Typ<\/td>\n<td>Gew\u00f6hnliches Produkt<\/td>\n<\/tr>\n<tr>\n<td>Garantie f\u00fcr Kernkomponenten<\/td>\n<td>1 Jahr<\/td>\n<\/tr>\n<tr>\n<td>Kernkomponenten<\/td>\n<td>Druckbeh\u00e4lter<\/td>\n<\/tr>\n<tr>\n<td>Ort der Herkunft<\/td>\n<td>China<\/td>\n<\/tr>\n<tr>\n<td>Garantie<\/td>\n<td>1 Jahr<\/td>\n<\/tr>\n<tr>\n<td>After-Sales-Service<\/td>\n<td>Online-Unterst\u00fctzung<\/td>\n<\/tr>\n<tr>\n<td>Produktname<\/td>\n<td>Sedimentfilterpatrone<\/td>\n<\/tr>\n<tr>\n<td>Filter Typ<\/td>\n<td>Rille, Pr\u00e4gung, Punkte, Firmenlogo<\/td>\n<\/tr>\n<tr>\n<td>\u00c4u\u00dferer Durchmesser<\/td>\n<td>10-200 mm<\/td>\n<\/tr>\n<tr>\n<td>Genauigkeit<\/td>\n<td>1-100 Mikron<\/td>\n<\/tr>\n<tr>\n<td>Innendurchmesser<\/td>\n<td>OEM<\/td>\n<\/tr>\n<tr>\n<td>Filter-Adapter<\/td>\n<td>Flacher Typ, Typ 222, Typ 226, Typ 215<\/td>\n<\/tr>\n<tr>\n<td>H\u00f6chste Temperatur<\/td>\n<td>80\u2103<\/td>\n<\/tr>\n<tr>\n<td>Arbeitsdruckabfall<\/td>\n<td>0,1 kgf\/c\u33a1<\/td>\n<\/tr>\n<tr>\n<td>H\u00f6chste Begrenztheit<\/td>\n<td>5 kgf\/c\u33a1<\/td>\n<\/tr>\n<tr>\n<td>Maximaler Druckverlust<\/td>\n<td>3 kgf\/c\u33a1<\/td>\n<\/tr>\n<\/tbody>\n<\/table>","protected":false},"featured_media":750,"comment_status":"open","ping_status":"closed","template":"","meta":{"_gspb_post_css":""},"product_brand":[],"product_cat":[17,23],"product_tag":[327,328,326,317,325,329],"class_list":{"0":"post-740","1":"product","2":"type-product","3":"status-publish","4":"has-post-thumbnail","6":"product_cat-sediment-filter","7":"product_cat-pp-filter-cartridge","8":"product_tag-1-100-micron-filter","9":"product_tag-groove-embossed-filter","10":"product_tag-home-water-filtration","11":"product_tag-online-support","12":"product_tag-sediment-filter-cartridge","13":"product_tag-type-222-226-adaptor","15":"first","16":"instock","17":"shipping-taxable","18":"product-type-simple"},"_links":{"self":[{"href":"https:\/\/lyfilter.com\/de\/wp-json\/wp\/v2\/product\/740","targetHints":{"allow":["GET"]}}],"collection":[{"href":"https:\/\/lyfilter.com\/de\/wp-json\/wp\/v2\/product"}],"about":[{"href":"https:\/\/lyfilter.com\/de\/wp-json\/wp\/v2\/types\/product"}],"replies":[{"embeddable":true,"href":"https:\/\/lyfilter.com\/de\/wp-json\/wp\/v2\/comments?post=740"}],"wp:featuredmedia":[{"embeddable":true,"href":"https:\/\/lyfilter.com\/de\/wp-json\/wp\/v2\/media\/750"}],"wp:attachment":[{"href":"https:\/\/lyfilter.com\/de\/wp-json\/wp\/v2\/media?parent=740"}],"wp:term":[{"taxonomy":"product_brand","embeddable":true,"href":"https:\/\/lyfilter.com\/de\/wp-json\/wp\/v2\/product_brand?post=740"},{"taxonomy":"product_cat","embeddable":true,"href":"https:\/\/lyfilter.com\/de\/wp-json\/wp\/v2\/product_cat?post=740"},{"taxonomy":"product_tag","embeddable":true,"href":"https:\/\/lyfilter.com\/de\/wp-json\/wp\/v2\/product_tag?post=740"}],"curies":[{"name":"wp","href":"https:\/\/api.w.org\/{rel}","templated":true}]}}