{"id":739,"date":"2025-12-24T07:54:47","date_gmt":"2025-12-24T07:54:47","guid":{"rendered":"https:\/\/lyfilter.com\/?post_type=product&#038;p=739"},"modified":"2026-04-24T23:40:07","modified_gmt":"2026-04-24T23:40:07","slug":"1-micron-pp-water-filter-cartridge-10-filter-water-element","status":"publish","type":"product","link":"https:\/\/lyfilter.com\/de\/1-micron-pp-water-filter-cartridge-10-filter-water-element\/","title":{"rendered":"1 Mikron pp Wasserfilterpatrone 10\u201d Filterwassereinsatz"},"content":{"rendered":"<div class=\"pro_aliData\">\n<div class=\"detail-box\">\n<div class=\"scc-wrapper detail-module module-productSpecification\" data-spm=\"pronpeci14\">\n<div id=\"J-rich-text-description\" class=\"richtext richtext-detail rich-text-description\">\n<div id=\"detail_decorate_root\" data-host=\"1123108243\" data-id=\"detail_decorate_root\">\n<div id=\"_root\" class=\"engine-app\" data-reactroot=\"\">\n<div id=\"ali-anchor-AliMagic-ygspww\" class=\"magic-0\" data-section=\"AliMagic-ygspww\" data-section-title=\"Product Description\">Beschreibung des Produkts<\/div>\n<div class=\"icbu-pc-images magic-1\">\n<div>\n<div class=\"flex-layout-v\">\n<div class=\"flex-layout-h magic-1\">\n<div class=\"magic-2\"><img decoding=\"async\" class=\"magic-3\" src=\"https:\/\/img.yfisher.com\/m6076\/1725726990g0q\/jpg70-t3-scale100.webp\" alt=\"1 Mikron pp Wasserfilterpatrone 10&#039;&#039; Filterwassereinsatz 7\" data-lazy=\"2\" title=\"\"><\/div>\n<\/div>\n<\/div>\n<\/div>\n<\/div>\n<div class=\"detail-decorate-json-renderer-container\">\n<div class=\"magic-4\">\n<div class=\"magic-5\">\n<div class=\"magic-6\">\n<div class=\"magic-7\">\n<p class=\"magic-8\"><b>Allgemeine Beschreibung<\/b><\/p>\n<p class=\"magic-8\"><span style=\"font-family: Arial, Helvetica;\">Lvyuan pp melt blown Filterpatrone Serie ist eine Art Standard und einfache Filterpatrone f\u00fcr die Wasseraufbereitung. Es ist Verschmelzen und verflochten von Polypropylen-Faser ohne chemische Klebstoffe.<\/span><\/p>\n<p>Es ist aus 100% reinem Polypropylen Rohstoff gemacht. Diese Filterpatrone sind radom zu 3D-Mikro-Pore, die die Patrone 3 Schichten mit feinen Fasern in der Oberfl\u00e4che und grobe Faser und Tiefenfiltration machen wird zu bilden. Da die Fasern und Dichte von hoher Filtration Rating und Schadstoffe halten Kapazit\u00e4t auf Durchmesser der Filterpatrone, niedriger Druckabfall, allm\u00e4hlich wechselnde tiefe Filtration Struktur mit losse au\u00dfen und dicht innen, starke polluctants halten Kapazit\u00e4t, kann es effektiv zu entfernen Verunreinigungen, wie suspendierte Substanz, Partikel und Rost, die effiziente Filtration und lange Lebensdauer servivce.<\/p>\n<\/div>\n<\/div>\n<\/div>\n<\/div>\n<\/div>\n<div class=\"icbu-pc-images magic-1\">\n<div>\n<div class=\"flex-layout-v\">\n<div class=\"flex-layout-h magic-1\">\n<div class=\"magic-9\"><img decoding=\"async\" class=\"magic-10\" src=\"https:\/\/img.yfisher.com\/m6076\/1725727005qte\/jpg70-t3-scale100.webp\" alt=\"1 Mikron pp Wasserfilterpatrone 10&#039;&#039; Filterwassereinsatz 9\" data-lazy=\"1\" title=\"\"><\/div>\n<\/div>\n<\/div>\n<\/div>\n<\/div>\n<div class=\"detail-decorate-json-renderer-container\">\n<div class=\"magic-4\">\n<div class=\"magic-5\">\n<div class=\"magic-6\">\n<div class=\"magic-7\">\n<p class=\"magic-8\"><b>Merkmale:<\/b><\/p>\n<p>1. Hohe Schmutzaufnahmekapazit\u00e4t und lange Lebensdauer.<\/p>\n<p>2. Kundenspezifische Gr\u00f6\u00dfe &amp; Logo Stahldichtung.<\/p>\n<p>3. W\u00fcrde keine Fasern abfallen lassen.<\/p>\n<\/div>\n<\/div>\n<\/div>\n<\/div>\n<\/div>\n<div class=\"icbu-pc-images magic-1\">\n<div>\n<div class=\"flex-layout-v\">\n<div class=\"flex-layout-h magic-1\">\n<div class=\"magic-11\"><img decoding=\"async\" class=\"magic-12\" src=\"https:\/\/img.yfisher.com\/m6076\/172572699030m\/jpg70-t3-scale100.webp\" alt=\"1 Mikron pp Wasserfilterpatrone 10&#039;&#039; Filterwassereinsatz 11\" data-lazy=\"2\" title=\"\"><\/div>\n<\/div>\n<\/div>\n<\/div>\n<\/div>\n<div class=\"detail-decorate-json-renderer-container\">\n<div class=\"magic-4\">\n<div class=\"magic-5\">\n<div class=\"magic-6\">\n<div class=\"magic-7\">\n<p class=\"magic-8\"><b>\u00a0Lvyuan pp Sedimentfilter Spezifikation:<\/b><\/p>\n<\/div>\n<\/div>\n<\/div>\n<\/div>\n<\/div>\n<div class=\"ife-detail-decorate-table\">\n<div class=\"table-responsive\">\n<table class=\"all magic-13\">\n<tbody>\n<tr>\n<td>\n<div class=\"magic-14\">Material der Filtermedien<\/div>\n<\/td>\n<td>\n<div class=\"magic-15\">PP(Polypropylen)<\/div>\n<\/td>\n<\/tr>\n<tr>\n<td>\n<div class=\"magic-14\">Mittelkern\/Endkappen<\/div>\n<\/td>\n<td>\n<div class=\"magic-15\">PP\/keine<\/div>\n<\/td>\n<\/tr>\n<tr>\n<td>\n<div class=\"magic-14\">Werkstoff der Dichtung<\/div>\n<\/td>\n<td>\n<div class=\"magic-15\">Silikon, EPDM, NBR, VITON, TEFLON, usw.<\/div>\n<\/td>\n<\/tr>\n<tr>\n<td>\n<div class=\"magic-14\">Adapter<\/div>\n<\/td>\n<td>\n<div class=\"magic-15\">DOE, 222flat, 222fin, 226flat, 226fin, oder kundenspezifisch<\/div>\n<\/td>\n<\/tr>\n<tr>\n<td>\n<div class=\"magic-14\">Oberfl\u00e4che<\/div>\n<\/td>\n<td>\n<div class=\"magic-15\">Gl\u00e4nzend, Gerillt, Gepr\u00e4gt, Genadelt, Orangenschalenoberfl\u00e4che<\/div>\n<\/td>\n<\/tr>\n<tr>\n<td>\n<div class=\"magic-14\">Innendurchmesser<\/div>\n<\/td>\n<td>\n<div class=\"magic-15\">28 mm, 30 mm, oder kundenspezifisch<\/div>\n<\/td>\n<\/tr>\n<tr>\n<td>\n<div class=\"magic-14\">\u00c4u\u00dferer Durchmesser<\/div>\n<\/td>\n<td>\n<div class=\"magic-15\">63mm, 65mm, oder kundenspezifisch<\/div>\n<\/td>\n<\/tr>\n<tr>\n<td>\n<div class=\"magic-14\">L\u00e4nge<\/div>\n<\/td>\n<td>\n<div class=\"magic-15\">10 Zoll, 20 Zoll, 30 Zoll, 40 Zoll<\/div>\n<\/td>\n<\/tr>\n<tr>\n<td>\n<div class=\"magic-14\">Max. Differenzdruck<\/div>\n<\/td>\n<td>\n<div class=\"magic-15\">3,5 bar bei 20\u2103<\/div>\n<\/td>\n<\/tr>\n<tr>\n<td>\n<div class=\"magic-14\">Max. Betriebstemperatur<\/div>\n<\/td>\n<td>\n<div class=\"magic-15\">82\u2103<\/div>\n<\/td>\n<\/tr>\n<tr>\n<td>\n<div class=\"magic-14\">Ersatz-Differenzdruck<\/div>\n<\/td>\n<td>\n<div class=\"magic-15\">1-1,5bar<\/div>\n<\/td>\n<\/tr>\n<\/tbody>\n<\/table>\n<\/div>\n<\/div>\n<div class=\"detail-decorate-json-renderer-container\">\n<div class=\"magic-4\">\n<div class=\"magic-5\">\n<div class=\"magic-6\">\n<div class=\"magic-7\">\n<p class=\"magic-8\"><b>Mit 10 Jahren der Herstellung in pp Schmelze geblasen Filter, k\u00f6nnen wir kundenspezifische Spezifikation, kundenspezifische Adapter, kundenspezifische Oberfl\u00e4che, kundenspezifische Gramm akzeptieren.<\/b><\/p>\n<\/div>\n<\/div>\n<\/div>\n<\/div>\n<\/div>\n<div class=\"detail-decorate-json-renderer-container\">\n<div class=\"magic-4\">\n<div class=\"magic-16\">\n<div class=\"magic-17\">\n<div class=\"magic-17\">\n<div class=\"magic-18\"><img decoding=\"async\" class=\"magic-19\" src=\"https:\/\/img.yfisher.com\/m6076\/1725726990f1j\/jpg70-t3-scale100.webp\" alt=\"1 Mikron pp Wasserfilterpatrone 10&#039;&#039; Filterwassereinsatz 13\" data-lazy=\"2\" title=\"\"><\/div>\n<\/div>\n<\/div>\n<div class=\"magic-6\">\n<div class=\"magic-20\">\n<p class=\"magic-8\">kundenspezifische Spezifikation<\/p>\n<\/div>\n<\/div>\n<\/div>\n<div class=\"magic-16\">\n<div class=\"magic-17\">\n<div class=\"magic-17\">\n<div class=\"magic-18\"><img decoding=\"async\" class=\"magic-21\" src=\"https:\/\/img.yfisher.com\/m6076\/1725726990yl3\/jpg70-t3-scale100.webp\" alt=\"1 Mikron pp Wasserfilterpatrone 10&#039;&#039; Filterwassereinsatz 15\" data-lazy=\"2\" title=\"\"><\/div>\n<\/div>\n<\/div>\n<div class=\"magic-6\">\n<div class=\"magic-20\">\n<p class=\"magic-8\">Multi-Adapter\/Soe<\/p>\n<\/div>\n<\/div>\n<\/div>\n<div class=\"magic-16\">\n<div class=\"magic-17\">\n<div class=\"magic-17\">\n<div class=\"magic-18\"><img decoding=\"async\" class=\"magic-21\" src=\"https:\/\/img.yfisher.com\/m6076\/17257269907i1\/jpg70-t3-scale100.webp\" alt=\"1 Mikron pp Wasserfilterpatrone 10&#039;&#039; Filterwassereinsatz 17\" data-lazy=\"2\" title=\"\"><\/div>\n<\/div>\n<\/div>\n<div class=\"magic-6\">\n<div class=\"magic-20\">\n<p class=\"magic-8\">5 Arten von Oberfl\u00e4chen<\/p>\n<\/div>\n<\/div>\n<\/div>\n<\/div>\n<\/div>\n<div class=\"detail-decorate-json-renderer-container\">\n<div class=\"magic-4\">\n<div class=\"magic-5\">\n<div class=\"magic-6\">\n<div class=\"magic-7\">\n<p class=\"magic-8\"><b>Anpassungsdienst:<\/b><\/p>\n<p>1. Akzeptieren Sie kundenspezifische Gr\u00f6\u00dfe und L\u00e4nge.               2. Akzeptieren Sie kundenspezifische adpator.<\/p>\n<p>3. Akzeptieren Sie die Anpassung des Aussehens.                        4. Akzeptieren Sie zwei Pr\u00e4zision.<\/p>\n<p>5. Akzeptieren Sie kundenspezifische Gramm<\/p>\n<\/div>\n<\/div>\n<\/div>\n<\/div>\n<\/div>\n<div class=\"icbu-pc-images magic-1\">\n<div>\n<div class=\"flex-layout-v\">\n<div class=\"flex-layout-h magic-1\">\n<div class=\"magic-22\"><img decoding=\"async\" class=\"magic-23\" src=\"https:\/\/img.yfisher.com\/m6076\/172572699016s\/jpg70-t3-scale100.webp\" alt=\"1 Mikron pp Wasserfilterpatrone 10&#039;&#039; Filterwassereinsatz 19\" data-lazy=\"2\" title=\"\"><\/div>\n<\/div>\n<\/div>\n<\/div>\n<\/div>\n<div class=\"icbu-pc-images magic-1\">\n<div>\n<div class=\"flex-layout-v\">\n<div class=\"flex-layout-h magic-1\">\n<div class=\"magic-24\"><img decoding=\"async\" class=\"magic-25\" src=\"https:\/\/img.yfisher.com\/m6076\/1725726990cd9\/jpg70-t3-scale100.webp\" alt=\"1 Mikron pp Wasserfilterpatrone 10&#039;&#039; Filterwassereinsatz 21\" data-lazy=\"2\" title=\"\"><\/div>\n<\/div>\n<\/div>\n<\/div>\n<\/div>\n<div id=\"ali-anchor-AliMagic-y371t1\" class=\"magic-0\" data-section=\"AliMagic-y371t1\" data-section-title=\"Related Products\">Verwandte Produkte<\/div>\n<div class=\"detail-decorate-json-renderer-container\">\n<div class=\"magic-4\">\n<div class=\"magic-5\">\n<div class=\"magic-6\">\n<div class=\"magic-7\">\n<p class=\"magic-8\"><b>Unsere Produkte entsprechen den internationalen Standards und werden in viele L\u00e4nder und Regionen exportiert. Sie haben eine gute Qualit\u00e4t und einen guten Preis. Rufen Sie mich an, +86 13574135485, lassen Sie uns die Details besprechen.<\/b><\/p>\n<\/div>\n<\/div>\n<\/div>\n<\/div>\n<\/div>\n<div class=\"icbu-pc-images magic-1\">\n<div>\n<div class=\"flex-layout-v\">\n<div class=\"flex-layout-h magic-1\">\n<div class=\"magic-26\"><a href=\"https:\/\/lyfilter.com\/de\/1-micron-pp-water-filter-cartridge-10-filter-water-element-3725.html\/\" target=\"_blank\" rel=\"noopener noreferrer\"><img decoding=\"async\" class=\"magic-27\" src=\"https:\/\/img.yfisher.com\/m6076\/1725726990f89\/jpg70-t3-scale100.webp\" alt=\"1 Mikron pp Wasserfilterpatrone 10&#039;&#039; Filterwassereinsatz 23\" data-lazy=\"2\" title=\"\"><\/a><\/div>\n<div class=\"magic-28\"><a href=\"https:\/\/lyfilter.com\/de\/1-micron-pp-water-filter-cartridge-10-filter-water-element-3725.html\/\" target=\"_blank\" rel=\"noopener noreferrer\"><img decoding=\"async\" class=\"magic-27\" src=\"https:\/\/img.yfisher.com\/m6076\/1725726963owy\/jpg70-t3-scale100.webp\" alt=\"1 Mikron pp Wasserfilterpatrone 10&#039;&#039; Filterwassereinsatz 25\" data-lazy=\"2\" title=\"\"><\/a><\/div>\n<div class=\"magic-28\"><a href=\"https:\/\/lyfilter.com\/de\/1-micron-pp-water-filter-cartridge-10-filter-water-element-3725.html\/\" target=\"_blank\" rel=\"noopener noreferrer\"><img decoding=\"async\" class=\"magic-29\" src=\"https:\/\/img.yfisher.com\/m6076\/1725726990fwc\/jpg70-t3-scale100.webp\" alt=\"1 Mikron pp Wasserfilterpatrone 10&#039;&#039; Filterwassereinsatz 27\" data-lazy=\"2\" title=\"\"><\/a><\/div>\n<\/div>\n<\/div>\n<\/div>\n<\/div>\n<div class=\"detail-decorate-json-renderer-container\">\n<div class=\"magic-4\">\n<div class=\"magic-5\">\n<div class=\"magic-6\">\n<div class=\"magic-7\">\n<p class=\"magic-8\">\u00a0 \u00a0 \u00a0Einpatronen-Filtergeh\u00e4use Mehrpatronen-Filtergeh\u00e4use UPVC-Filtergeh\u00e4use<\/p>\n<\/div>\n<\/div>\n<\/div>\n<\/div>\n<\/div>\n<div class=\"icbu-pc-images magic-1\">\n<div>\n<div class=\"flex-layout-v\">\n<div class=\"flex-layout-h magic-1\">\n<div class=\"magic-30\"><a href=\"https:\/\/lyfilter.com\/de\/1-micron-pp-water-filter-cartridge-10-filter-water-element-3725.html\/\" target=\"_blank\" rel=\"noopener noreferrer\"><img decoding=\"async\" class=\"magic-31\" src=\"https:\/\/img.yfisher.com\/m6076\/1725726990atz\/jpg70-t3-scale100.webp\" alt=\"1 Mikron pp Wasserfilterpatrone 10&#039;&#039; Filterwassereinsatz 29\" data-lazy=\"2\" title=\"\"><\/a><\/div>\n<div class=\"magic-32\"><a href=\"https:\/\/lyfilter.com\/de\/1-micron-pp-water-filter-cartridge-10-filter-water-element-3725.html\/\" target=\"_blank\" rel=\"noopener noreferrer\"><img decoding=\"async\" class=\"magic-33\" src=\"https:\/\/img.yfisher.com\/m6076\/1725726804kyf\/jpg70-t3-scale100.webp\" alt=\"1 Mikron pp Wasserfilterpatrone 10&#039;&#039; Filterwassereinsatz 31\" data-lazy=\"2\" title=\"\"><\/a><\/div>\n<div class=\"magic-32\"><a href=\"https:\/\/lyfilter.com\/de\/1-micron-pp-water-filter-cartridge-10-filter-water-element-3725.html\/\" target=\"_blank\" rel=\"noopener noreferrer\"><img decoding=\"async\" class=\"magic-34\" src=\"https:\/\/img.yfisher.com\/m6076\/1725726869yfm\/jpg70-t3-scale100.webp\" alt=\"1 Mikron pp Wasserfilterpatrone 10&#039;&#039; Filterwassereinsatz 33\" data-lazy=\"2\" title=\"\"><\/a><\/div>\n<div class=\"magic-32\"><a href=\"https:\/\/lyfilter.com\/de\/1-micron-pp-water-filter-cartridge-10-filter-water-element-3725.html\/\" target=\"_blank\" rel=\"noopener noreferrer\"><img decoding=\"async\" class=\"magic-35\" src=\"https:\/\/img.yfisher.com\/m6076\/1725726990oyc\/jpg70-t3-scale100.webp\" alt=\"1 Mikron pp Wasserfilterpatrone 10&#039;&#039; Filterwassereinsatz 35\" data-lazy=\"2\" title=\"\"><\/a><\/div>\n<\/div>\n<\/div>\n<\/div>\n<\/div>\n<div class=\"detail-decorate-json-renderer-container\">\n<div class=\"magic-4\">\n<div class=\"magic-5\">\n<div class=\"magic-6\">\n<div class=\"magic-7\">\n<p class=\"magic-8\">\u00a0 \u00a0 \u00a0 \u00a0 \u00a0 \u00a0 \u00a0Titanfilter Membranfaltenfilter Wasserfilter mit hohem Durchfluss Sinterkohlefilter<\/p>\n<\/div>\n<\/div>\n<\/div>\n<\/div>\n<\/div>\n<div class=\"icbu-pc-images magic-1\">\n<div>\n<div class=\"flex-layout-v\">\n<div class=\"flex-layout-h magic-1\">\n<div class=\"magic-36\"><a href=\"https:\/\/lyfilter.com\/de\/1-micron-pp-water-filter-cartridge-10-filter-water-element-3725.html\/\" target=\"_blank\" rel=\"noopener noreferrer\"><img decoding=\"async\" class=\"magic-37\" src=\"https:\/\/img.yfisher.com\/m6076\/17257268694mn\/jpg70-t3-scale100.webp\" alt=\"1 Mikron pp Wasserfilterpatrone 10&#039;&#039; Filterwassereinsatz 37\" data-lazy=\"2\" title=\"\"><\/a><\/div>\n<\/div>\n<\/div>\n<\/div>\n<\/div>\n<div id=\"ali-anchor-AliMagic-qiev8k\" class=\"magic-0\" data-section=\"AliMagic-qiev8k\" data-section-title=\"Application\">Anmeldung<\/div>\n<div class=\"detail-decorate-json-renderer-container\">\n<div class=\"magic-4\">\n<div class=\"magic-5\">\n<div class=\"magic-6\">\n<div class=\"magic-7\">\n<p class=\"magic-8\">1. Vorbehandlung von RO-Wasser in kommunalem Leitungswasser<\/p>\n<p>2. Industriewasser, Plattierungsfiltration<\/p>\n<p>3. Lebensmittel und Getr\u00e4nke<\/p>\n<p>4. Steriles Wasser und Reinstwasser-Vorfiltration<\/p>\n<p>5. Chemikalien- und L\u00f6sungsmittelwasser<\/p>\n<\/div>\n<\/div>\n<\/div>\n<\/div>\n<\/div>\n<div class=\"icbu-pc-images magic-1\">\n<div>\n<div class=\"flex-layout-v\">\n<div class=\"flex-layout-h magic-1\">\n<div class=\"magic-38\"><img decoding=\"async\" class=\"magic-39\" src=\"https:\/\/img.yfisher.com\/m6076\/1725726940dfq\/jpg70-t3-scale100.webp\" alt=\"1 Mikron pp Wasserfilterpatrone 10&#039;&#039; Filterwassereinsatz 39\" data-lazy=\"2\" title=\"\"><\/div>\n<\/div>\n<\/div>\n<\/div>\n<\/div>\n<div class=\"icbu-pc-images magic-1\">\n<div>\n<div class=\"flex-layout-v\">\n<div class=\"flex-layout-h magic-1\">\n<div class=\"magic-40\"><img decoding=\"async\" class=\"magic-41\" src=\"https:\/\/img.yfisher.com\/m6076\/17257269068bl\/jpg70-t3-scale100.webp\" alt=\"1 Mikron pp Wasserfilterpatrone 10&#039;&#039; Filterwassereinsatz 41\" data-lazy=\"2\" title=\"\"><\/div>\n<\/div>\n<\/div>\n<\/div>\n<\/div>\n<div id=\"ali-anchor-AliMagic-tdt5ii\" class=\"magic-0\" data-section=\"AliMagic-tdt5ii\" data-section-title=\"Certifications\">Zertifizierungen<\/div>\n<div class=\"icbu-pc-images magic-1\">\n<div>\n<div class=\"flex-layout-v\">\n<div class=\"flex-layout-h magic-1\">\n<div class=\"magic-42\"><img decoding=\"async\" class=\"magic-43\" src=\"https:\/\/img.yfisher.com\/m6076\/17257267814f6\/jpg70-t3-scale100.webp\" alt=\"1 Mikron pp Wasserfilterpatrone 10&#039;&#039; Filterwassereinsatz 43\" data-lazy=\"2\" title=\"\"><\/div>\n<\/div>\n<\/div>\n<\/div>\n<\/div>\n<div id=\"ali-anchor-AliMagic-1qegh7\" class=\"magic-0\" data-section=\"AliMagic-1qegh7\" data-section-title=\"About us\">\u00dcber uns<\/div>\n<div class=\"detail-decorate-json-renderer-container\">\n<div class=\"magic-4\">\n<div class=\"magic-5\">\n<div class=\"magic-6\">\n<div class=\"magic-7\">\n<p class=\"magic-8\">1. 10 Jahre Erfahrung als professioneller Hersteller.<\/p>\n<p>2. Wir bieten OEM- und ODM-Anpassungsservice, Sie k\u00f6nnen alle Arten von industriellen Wasserfilterteilen in unserem Unternehmen finden.<\/p>\n<p>3. Alle Produkte haben eine Qualit\u00e4tsgarantie. Unsere Zertifizierung: CE ISO SGS<\/p>\n<p>4. Unsere Arbeiter sind effizient und unsere Verk\u00e4ufe sind professionell, wir werden den professionellen ma\u00dfgeschneiderten Service geben.<\/p>\n<p>5. Unsere Produkte werden in mehr als 100 L\u00e4nder und Regionen exportiert. Erhielt einen guten Ruf.<\/p>\n<p>6. Viele Kooperationspartner stehen uns seit vielen Jahren zur Seite.<\/p>\n<p>7. Wir sind entschlossen, den besten Service und gute Qualit\u00e4t f\u00fcr unsere globalen Kunden zu bieten, werden wir mehr und mehr professionelles Unternehmen in der Zukunft sein.<\/p>\n<\/div>\n<\/div>\n<\/div>\n<\/div>\n<\/div>\n<div class=\"icbu-pc-images magic-1\">\n<div>\n<div class=\"flex-layout-v\">\n<div class=\"flex-layout-h magic-1\">\n<div class=\"magic-44\"><img decoding=\"async\" class=\"magic-45\" src=\"https:\/\/img.yfisher.com\/m6076\/1725726781v86\/jpg70-t3-scale100.webp\" alt=\"1 Mikron pp Wasserfilterpatrone 10&#039;&#039; Filterwassereinsatz 45\" data-lazy=\"2\" title=\"\"><\/div>\n<\/div>\n<\/div>\n<\/div>\n<\/div>\n<div id=\"ali-anchor-AliMagic-jcqty8\" class=\"magic-0\" data-section=\"AliMagic-jcqty8\" data-section-title=\"Our Service\">Unser Service<\/div>\n<div class=\"detail-decorate-json-renderer-container\">\n<div class=\"magic-4\">\n<h3 class=\"magic-46\"><\/h3>\n<h3 class=\"magic-47\"><span style=\"font-size: medium;\">Wir bauen eine langfristige Beziehung zu unseren Kunden auf und genie\u00dfen einen guten Ruf bei unseren Kunden. Hoffen Sie, dass Sie sich uns anschlie\u00dfen und mit uns zusammenarbeiten.<\/span><\/h3>\n<div><\/div>\n<div class=\"magic-5\">\n<div class=\"magic-6\">\n<div class=\"magic-7\">\n<p class=\"magic-8\"><span style=\"font-family: Arial, Helvetica;\">1. Akzeptieren Sie kundengebundene L\u00e4nge, Paket, Logo usw., wie Sie Ihre Zeichnung und Bild anbieten.<\/span><\/p>\n<p>2. Akzeptieren Sie Probe Bestellung, akzeptieren Sie Filterpatrone MOQ=10.filter Geh\u00e4use MOQ=1.<\/p>\n<p>3. Wir werden Ihnen innerhalb von 24 Stunden antworten.<\/p>\n<p>4. Erhalten Sie die Zahlung, werden wir Sie beim ersten Mal kontaktieren und die Produktion zu arrangieren und lassen Sie wissen, die neuesten Prozess.<\/p>\n<p>5. Jeder Zweifel, pl Kontakt mit uns, wir werden Ihnen helfen, das Problem so schnell wie m\u00f6glich zu l\u00f6sen.<\/p>\n<\/div>\n<\/div>\n<\/div>\n<\/div>\n<\/div>\n<div id=\"ali-anchor-AliMagic-3uqflx\" class=\"magic-0\" data-section=\"AliMagic-3uqflx\" data-section-title=\"Packing &amp; Delivery\">Verpackung &amp; Lieferung<\/div>\n<div class=\"detail-decorate-json-renderer-container\">\n<div class=\"magic-4\">\n<div class=\"magic-5\">\n<div class=\"magic-6\">\n<div class=\"magic-7\">\n<p class=\"magic-8\"><b>Unsere Mitarbeiter sind effizient und unsere Verk\u00e4ufe sind professionell.  Jede Anfrage w\u00fcrde geduldig und sorgf\u00e4ltig zu beantworten und zu l\u00f6sen.<br \/>\nWir werden unser Bestes tun, um sicherzustellen, dass die Produktion und Lieferung in Ihr Land so schnell wie m\u00f6glich erfolgt. <\/b><\/p>\n<p class=\"magic-8\"><span style=\"font-family: Arial, Helvetica;\"><b>Verpackung:<\/b><\/span><\/p>\n<p class=\"magic-8\"><span style=\"font-family: Arial, Helvetica;\"><b><br \/>\n<\/b>Die Produkte werden in hochwertigen Kartons\/Holzkisten verpackt, die sich f\u00fcr den Transport \u00fcber gro\u00dfe Entfernungen und in verschiedenen Klimazonen eignen und eine gute Best\u00e4ndigkeit gegen Feuchtigkeit und St\u00f6\u00dfe aufweisen.<\/span><\/p>\n<p><b>Lieferfrist:<\/b><\/p>\n<p>1. Wenn diese Art von Produkten auf Lager ist, wird das Produkt f\u00fcr Sie 1-7 Tage nach Zahlung gesendet werden.<\/p>\n<p class=\"magic-8\"><span style=\"font-family: Arial, Helvetica;\"><br \/>\n2. Wenn diese Art von Produkten nicht auf Lager ist, werden die Produkte etwa 7-25 Tage dauern, um zu produzieren.<\/span><\/p>\n<p><b>Versand:<\/b><\/p>\n<p class=\"magic-8\"><span style=\"font-family: Arial, Helvetica;\"><b><br \/>\n<\/b>Schifffahrt, Eisenbahn, Luftverkehr (DHL\/UPS\/TNT\/FEDEX)<\/span><\/p>\n<\/div>\n<\/div>\n<\/div>\n<\/div>\n<\/div>\n<div class=\"icbu-pc-images magic-1\">\n<div>\n<div class=\"flex-layout-v\">\n<div class=\"flex-layout-h magic-1\">\n<div class=\"magic-48\"><img decoding=\"async\" class=\"magic-49\" src=\"https:\/\/img.yfisher.com\/m6076\/1725726773qyg\/jpg70-t3-scale100.webp\" alt=\"1 Mikron pp Wasserfilterpatrone 10&#039;&#039; Filterwassereinsatz 47\" data-lazy=\"2\" title=\"\"><\/div>\n<\/div>\n<\/div>\n<\/div>\n<\/div>\n<div id=\"ali-anchor-AliMagic-1ue21a\" class=\"magic-0\" data-section=\"AliMagic-1ue21a\" data-section-title=\"Contact us\">Kontakt<\/div>\n<div class=\"detail-decorate-json-renderer-container\">\n<div class=\"magic-4\">\n<div class=\"magic-5\">\n<div class=\"magic-6\">\n<div class=\"magic-7\">\n<p class=\"magic-8\">Wechat\/skype\/whatsapp: +8613574135485 (schnelle Antwort)<\/p>\n<\/div>\n<\/div>\n<\/div>\n<\/div>\n<\/div>\n<div class=\"icbu-pc-images magic-1\">\n<div>\n<div class=\"flex-layout-v\">\n<div class=\"flex-layout-h magic-1\">\n<div class=\"magic-50\"><img decoding=\"async\" class=\"magic-51\" src=\"https:\/\/img.yfisher.com\/m6076\/1725726869dv4\/jpg70-t3-scale100.webp\" alt=\"1 Mikron pp Wasserfilterpatrone 10&#039;&#039; Filterwassereinsatz 49\" data-lazy=\"2\" title=\"\"><\/div>\n<\/div>\n<\/div>\n<\/div>\n<\/div>\n<\/div>\n<\/div>\n<\/div>\n<\/div>\n<div data-module=\"detailMarketPackage\"><\/div>\n<div data-module=\"productAuth\"><\/div>\n<\/div>\n<\/div>\n<div class=\"diffStatement\">Unsere Wasserfilterpatronen sind von exquisiter Qualit\u00e4t und werden von den Kunden sehr gesch\u00e4tzt. Sie zeichnen sich durch eine hohe Durchflussrate und stabile Filtergenauigkeit aus. Guangzhou Lvyuan Water Purification Equipment Co., Ltd. hat ein kompetentes Team und eine stabile und zuverl\u00e4ssige Produktionslinie. Es zeichnet sich durch eine hohe Durchflussrate und eine stabile Filtergenauigkeit aus.<\/div>","protected":false},"excerpt":{"rendered":"<table>\n<thead>\n<tr>\n<th><strong>Feld<\/strong><\/th>\n<th><strong>Wert<\/strong><\/th>\n<\/tr>\n<\/thead>\n<tbody>\n<tr>\n<td>Anwendbare Industrien<\/td>\n<td>Produktionsanlagen, Lebensmittel- und Getr\u00e4nkehersteller, Hausgebrauch, Wasseraufbereitung<\/td>\n<\/tr>\n<tr>\n<td>Ort der Herkunft<\/td>\n<td>Guangdong, China<\/td>\n<\/tr>\n<tr>\n<td>Markenname<\/td>\n<td>Lvyuan, OEM, ODM<\/td>\n<\/tr>\n<tr>\n<td>Material<\/td>\n<td>PP<\/td>\n<\/tr>\n<tr>\n<td>Rohmaterial<\/td>\n<td>PP-Faser<\/td>\n<\/tr>\n<tr>\n<td>Gewicht<\/td>\n<td>Kundenspezifisch<\/td>\n<\/tr>\n<tr>\n<td>Gr\u00f6\u00dfe<\/td>\n<td>Kundenspezifisch, Schlank, Jumbo<\/td>\n<\/tr>\n<tr>\n<td>Form<\/td>\n<td>Zylinder<\/td>\n<\/tr>\n<tr>\n<td>Farbe<\/td>\n<td>Wei\u00df<\/td>\n<\/tr>\n<tr>\n<td>Erscheinungsbild<\/td>\n<td>Gepr\u00e4gt, gl\u00e4nzend, etc.<\/td>\n<\/tr>\n<tr>\n<td>Merkmal<\/td>\n<td>Stahl mit kundenspezifischer Gr\u00f6\u00dfe und Logo<\/td>\n<\/tr>\n<tr>\n<td>Zertifizierung<\/td>\n<td>SGS<\/td>\n<\/tr>\n<tr>\n<td>Verwendung<\/td>\n<td>Wasseraufbereitung<\/td>\n<\/tr>\n<tr>\n<td>Anmeldung<\/td>\n<td>Industrie<\/td>\n<\/tr>\n<tr>\n<td>Verpacken<\/td>\n<td>Pappkarton<\/td>\n<\/tr>\n<tr>\n<td>Strom<\/td>\n<td>0<\/td>\n<\/tr>\n<tr>\n<td>Garantie<\/td>\n<td>Nicht verf\u00fcgbar<\/td>\n<\/tr>\n<tr>\n<td>After-Sales-Service<\/td>\n<td>Online-Unterst\u00fctzung<\/td>\n<\/tr>\n<tr>\n<td>Lieferf\u00e4higkeit<\/td>\n<td>5000 St\u00fcck\/St\u00fcck pro Woche<\/td>\n<\/tr>\n<\/tbody>\n<\/table>","protected":false},"featured_media":745,"comment_status":"open","ping_status":"closed","template":"","meta":{"_gspb_post_css":""},"product_brand":[],"product_cat":[23,17],"product_tag":[322,324,320,306,323,321],"class_list":{"0":"post-739","1":"product","2":"type-product","3":"status-publish","4":"has-post-thumbnail","6":"product_cat-pp-filter-cartridge","7":"product_cat-sediment-filter","8":"product_tag-customized-cylinder-filter","9":"product_tag-oem-odm-filter","10":"product_tag-pp-fiber-filter","11":"product_tag-sgs-certified","12":"product_tag-slim-jumbo-sizes","13":"product_tag-water-treatment-cartridge","15":"first","16":"instock","17":"shipping-taxable","18":"product-type-simple"},"_links":{"self":[{"href":"https:\/\/lyfilter.com\/de\/wp-json\/wp\/v2\/product\/739","targetHints":{"allow":["GET"]}}],"collection":[{"href":"https:\/\/lyfilter.com\/de\/wp-json\/wp\/v2\/product"}],"about":[{"href":"https:\/\/lyfilter.com\/de\/wp-json\/wp\/v2\/types\/product"}],"replies":[{"embeddable":true,"href":"https:\/\/lyfilter.com\/de\/wp-json\/wp\/v2\/comments?post=739"}],"wp:featuredmedia":[{"embeddable":true,"href":"https:\/\/lyfilter.com\/de\/wp-json\/wp\/v2\/media\/745"}],"wp:attachment":[{"href":"https:\/\/lyfilter.com\/de\/wp-json\/wp\/v2\/media?parent=739"}],"wp:term":[{"taxonomy":"product_brand","embeddable":true,"href":"https:\/\/lyfilter.com\/de\/wp-json\/wp\/v2\/product_brand?post=739"},{"taxonomy":"product_cat","embeddable":true,"href":"https:\/\/lyfilter.com\/de\/wp-json\/wp\/v2\/product_cat?post=739"},{"taxonomy":"product_tag","embeddable":true,"href":"https:\/\/lyfilter.com\/de\/wp-json\/wp\/v2\/product_tag?post=739"}],"curies":[{"name":"wp","href":"https:\/\/api.w.org\/{rel}","templated":true}]}}