{"id":701,"date":"2025-12-24T07:12:48","date_gmt":"2025-12-24T07:12:48","guid":{"rendered":"https:\/\/lyfilter.com\/?post_type=product&#038;p=701"},"modified":"2025-12-24T08:15:51","modified_gmt":"2025-12-24T08:15:51","slug":"big-diameter-spun-meltblown-pp-cartridge-swro-high-flow-cartridge-filter-with-self-core-design-for-sea-water-ro-pre-filtration","status":"publish","type":"product","link":"https:\/\/lyfilter.com\/de\/big-diameter-spun-meltblown-pp-cartridge-swro-high-flow-cartridge-filter-with-self-core-design-for-sea-water-ro-pre-filtration\/","title":{"rendered":"Gro\u00dfer Durchmesser Spun Meltblown PP Cartridge SWRO High Flow Cartridge Filter mit Self Core Design f\u00fcr Meerwasser RO Pre-Filtration"},"content":{"rendered":"<div class=\"pro_aliData\">\n<div class=\"detail-box\">\n<div class=\"scc-wrapper detail-module module-productPackagingAndQuickDetail\" data-spm=\"prilinga1e\">\n<div class=\"widget-detail-overview\">\n<div class=\"do-content\">\n<div class=\"do-overview\">\n<div class=\"do-entry do-entry-full\">\n<h3 class=\"do-entry-title\">Verpackung und Lieferung<\/h3>\n<div class=\"do-entry-list\">\n<dl class=\"do-entry-item\">\n<dt class=\"do-entry-item-key\">Verkaufen von Einheiten:<\/dt>\n<dd class=\"do-entry-item-val\">Einzelnes Element<\/dd>\n<\/dl>\n<dl class=\"do-entry-item\">\n<dt class=\"do-entry-item-key\" title=\"Gr\u00f6\u00dfe der Einzelverpackung:\">Gr\u00f6\u00dfe der Einzelverpackung:<\/dt>\n<dd class=\"do-entry-item-val\">103X18X18 cm<\/dd>\n<\/dl>\n<dl class=\"do-entry-item\">\n<dt class=\"do-entry-item-key\" title=\"Einfaches Bruttogewicht:\">Einfaches Bruttogewicht:<\/dt>\n<dd class=\"do-entry-item-val\">3.000 kg<\/dd>\n<\/dl>\n<dl class=\"do-entry-item\">\n<dt class=\"do-entry-item-key\">Verpackungsart:<\/dt>\n<dd class=\"do-entry-item-val pkg-method\">Customize Spun Meltblown PP Cartridge SWRO High Flow Cartridge Filter mit Self Core Design f\u00fcr Meerwasser RO Pre-Filtration Zitat ist nur als Referenz, senden Sie uns bitte die Spezifikation Anforderung, und wir werden Ihnen den besten Preis zu aktualisieren. Paket 10 Zoll: 50PCS\/CTN 400*400*685mm 20 Zoll: 25PCS\/CTN 400*400*685mm 30 Zoll: 25PCS\/CTN 835*435*425mm 40 Zoll: 25PCS\/CTN 1100*395*400mm<\/dd>\n<\/dl>\n<dl class=\"do-entry-item\">\n<dt class=\"do-entry-item-key\" title=\"Vorlaufzeit\">Vorlaufzeit\u00a0<i class=\"next-icon next-icon-help next-icon-xs js-leadtimes-tips\"><\/i>:<\/dt>\n<dd class=\"do-entry-item-val\" title=\"Vorlaufzeit\">\n<div class=\"table-responsive\">\n<table class=\"supply-ability-table ui2-table ui2-table-normal ui2-table-zebra ui2-table-hover\">\n<tbody>\n<tr>\n<td>Menge (St\u00fcck)<\/td>\n<td>1 - 2000<\/td>\n<td>&gt;2000<\/td>\n<\/tr>\n<tr>\n<td>Gesch\u00e4tzte Zeit(Tage)<\/td>\n<td>15<\/td>\n<td>Noch zu verhandeln<\/td>\n<\/tr>\n<\/tbody>\n<\/table>\n<\/div>\n<\/dd>\n<\/dl>\n<\/div>\n<\/div>\n<\/div>\n<\/div>\n<\/div>\n<\/div>\n<div class=\"scc-wrapper detail-module module-detailVideo\" data-spm=\"detailvideo\"><\/div>\n<div class=\"scc-wrapper detail-module module-productSpecification\" data-spm=\"pronpeci14\">\n<div id=\"J-rich-text-description\" class=\"richtext richtext-detail rich-text-description\">\n<div id=\"detail_decorate_root\" data-host=\"111525417\" data-magic-global=\"%7B%22bizId%22%3A17381045746%2C%22pageId%22%3A5074159773%2C%22siteId%22%3A5005126472%7D\" data-id=\"detail_decorate_root\">\n<div class=\"detail-decorate-json-renderer-container\">\n<div class=\"magic-0\">\n<h3 class=\"magic-1\" data-id=\"title0\">Customize Spun Meltblown PP Cartridge SWRO High Flow Cartridge Filter mit Self Core Design f\u00fcr Meerwasser RO Pre-Filtration<\/h3>\n<div class=\"magic-2\">\n<div class=\"magic-3\">\n<div class=\"magic-4\" data-id=\"paragraph0\"><\/div>\n<\/div>\n<\/div>\n<\/div>\n<\/div>\n<div id=\"ali-anchor-AliMagic-cy7ln6\" class=\"magic-5\" data-section=\"AliMagic-cy7ln6\" data-section-title=\"Product Description\">Beschreibung des Produkts<\/div>\n<div class=\"icbu-pc-images magic-6\">\n<div>\n<div class=\"flex-layout-v\">\n<div class=\"flex-layout-h magic-6\">\n<div class=\"magic-7\"><img decoding=\"async\" class=\"magic-8\" src=\"https:\/\/img.yfisher.com\/m6076\/17257267895xg\/jpg70-t3-scale100.webp\" alt=\"Gro\u00dfer Durchmesser Spun Meltblown PP Cartridge SWRO High Flow Cartridge Filter mit Self Core Design f\u00fcr Meerwasser RO Pre-Filtration 7\" data-lazy=\"2\" title=\"\"><\/div>\n<\/div>\n<\/div>\n<\/div>\n<\/div>\n<div class=\"detail-decorate-json-renderer-container\">\n<div class=\"magic-0\">\n<h3 class=\"magic-9\" data-id=\"title0\"><\/h3>\n<h3 class=\"magic-10\">10 20 30 40 Zoll RO Wasserfilterpatrone f\u00fcr PP schmelzen geblasen Sediment Patronen bulk 1 5 10 25 50 100 um Mikron<\/h3>\n<div class=\"magic-2\">\n<div class=\"magic-3\">\n<div class=\"magic-4\" data-id=\"paragraph0\">\n<p class=\"magic-11\">Schmelzgeblasene Polypropylen-Filterpatronen oder PP-Spun-Wasserfilter, PP-Filter, PP-Filterpatronen sind die am weitesten verbreiteten Filtrationsverbrauchsprodukte in h\u00e4uslichen und industriellen Wasseraufbereitungssystemen. PP Melt Blown Filterpatronen (PPF) werden aus 100% reinen Polypropylenfasern hergestellt und bieten eine breite chemische Kompatibilit\u00e4t.<\/p>\n<p>Die Melt Blown-Sedimentfilterpatrone hat eine hohe Schadstoffaufnahmekapazit\u00e4t. Sie kann Schwebstoffe, Partikel und Rost effektiv entfernen und bietet eine effiziente Filtration und lange Lebensdauer. Sie spielt eine wichtige Rolle bei der Vorfiltration der Wasseraufbereitung.<\/p>\n<p>Wir k\u00f6nnen PP- oder Nylon-Meltblown-Filterkerzen in allen Dimensionen (L\u00e4nge, Au\u00dfendurchmesser, Innendurchmesser) mit 1 bis mehr als 3 Lagen und mehrlagig herstellen. Spezielle PP\/Nylon Melt Blown Patronenfilter mit verschiedenen Spezifikationen wie Rille, Orangenhaut, Druckpunkt, flacher und gepr\u00e4gter Oberfl\u00e4che oder ausgestattet mit verschiedenen DOE oder SOE Endkappen sind ebenfalls erh\u00e4ltlich.<\/p>\n<p><b>Alle Abmessungen k\u00f6nnen nach Ma\u00df gefertigt werden. Um die Preise f\u00fcr Sie zu berechnen, teilen Sie uns bitte Ihre Spezifikationsanforderungen und die Menge mit.<\/b><\/p>\n<\/div>\n<\/div>\n<\/div>\n<\/div>\n<\/div>\n<div class=\"detail-decorate-json-renderer-container\">\n<div class=\"magic-0\">\n<div class=\"magic-12\">\n<div class=\"magic-13\">\n<div class=\"magic-13\">\n<div class=\"magic-14\"><img decoding=\"async\" class=\"magic-15\" src=\"https:\/\/img.yfisher.com\/m6076\/1725726789a4e\/jpg70-t3-scale100.webp\" alt=\"Gro\u00dfer Durchmesser Spun Meltblown PP Cartridge SWRO High Flow Cartridge Filter mit Self Core Design f\u00fcr Meerwasser RO Pre-Filtration 9\" data-id=\"img0\" data-lazy=\"2\" title=\"\"><\/div>\n<\/div>\n<\/div>\n<div class=\"magic-3\">\n<div class=\"magic-4\" data-id=\"paragraph0\">\n<p class=\"magic-11\">PP-Sedimentfilterpatrone mit gerillter Oberfl\u00e4che<\/p>\n<\/div>\n<\/div>\n<\/div>\n<div class=\"magic-12\">\n<div class=\"magic-13\">\n<div class=\"magic-13\">\n<div class=\"magic-14\"><img decoding=\"async\" class=\"magic-15\" src=\"https:\/\/img.yfisher.com\/m6076\/1725726789l27\/jpg70-t3-scale100.webp\" alt=\"Gro\u00dfer Durchmesser Spun Meltblown PP Cartridge SWRO High Flow Cartridge Filter mit Self Core Design f\u00fcr Meerwasser RO Pre-Filtration 11\" data-id=\"img1\" data-lazy=\"2\" title=\"\"><\/div>\n<\/div>\n<\/div>\n<div class=\"magic-3\">\n<div class=\"magic-4\" data-id=\"paragraph1\">\n<p class=\"magic-11\">PP-Sedimentfilterpatrone mit flacher Oberfl\u00e4che<\/p>\n<\/div>\n<\/div>\n<\/div>\n<div class=\"magic-12\">\n<div class=\"magic-13\">\n<div class=\"magic-13\">\n<div class=\"magic-14\"><img decoding=\"async\" class=\"magic-16\" src=\"https:\/\/img.yfisher.com\/m6076\/1725726789w2b\/jpg70-t3-scale100.webp\" alt=\"Gro\u00dfer Durchmesser Spun Meltblown PP Cartridge SWRO High Flow Cartridge Filter mit Self Core Design f\u00fcr Meerwasser RO Pre-Filtration 13\" data-id=\"img2\" data-lazy=\"2\" title=\"\"><\/div>\n<\/div>\n<\/div>\n<div class=\"magic-3\">\n<div class=\"magic-4\" data-id=\"paragraph2\">\n<p class=\"magic-11\">PP-Filterpatrone mit Orangenschalenoberfl\u00e4che<\/p>\n<\/div>\n<\/div>\n<\/div>\n<\/div>\n<\/div>\n<div class=\"detail-decorate-json-renderer-container\">\n<div class=\"magic-0\">\n<div class=\"magic-12\">\n<div class=\"magic-13\">\n<div class=\"magic-13\">\n<div class=\"magic-14\"><img decoding=\"async\" class=\"magic-17\" src=\"https:\/\/img.yfisher.com\/m6076\/1725726789ojg\/jpg70-t3-scale100.webp\" alt=\"Gro\u00dfer Durchmesser Spun Meltblown PP Cartridge SWRO High Flow Cartridge Filter mit Self Core Design f\u00fcr Meerwasser RO Pre-Filtration 15\" data-id=\"img0\" data-lazy=\"2\" title=\"\"><\/div>\n<\/div>\n<\/div>\n<div class=\"magic-3\">\n<div class=\"magic-4\" data-id=\"paragraph0\">\n<p class=\"magic-11\">Pr\u00e4gefl\u00e4che PP-Sedimentkartusche<\/p>\n<\/div>\n<\/div>\n<\/div>\n<div class=\"magic-12\">\n<div class=\"magic-13\">\n<div class=\"magic-13\">\n<div class=\"magic-14\"><img decoding=\"async\" class=\"magic-15\" src=\"https:\/\/img.yfisher.com\/m6076\/1725726789ez8\/jpg70-t3-scale100.webp\" alt=\"Gro\u00dfer Durchmesser Spun Meltblown PP Cartridge SWRO High Flow Cartridge Filter mit Self Core Design f\u00fcr Meerwasser RO Pre-Filtration 17\" data-id=\"img1\" data-lazy=\"2\" title=\"\"><\/div>\n<\/div>\n<\/div>\n<div class=\"magic-3\">\n<div class=\"magic-4\" data-id=\"paragraph1\">\n<p class=\"magic-11\">Druckpunktoberfl\u00e4che PP-Sedimentkartusche<\/p>\n<\/div>\n<\/div>\n<\/div>\n<div class=\"magic-12\">\n<div class=\"magic-13\">\n<div class=\"magic-13\">\n<div class=\"magic-14\"><img decoding=\"async\" class=\"magic-17\" src=\"https:\/\/img.yfisher.com\/m6076\/1725726789p6k\/jpg70-t3-scale100.webp\" alt=\"Gro\u00dfer Durchmesser Spun Meltblown PP Cartridge SWRO High Flow Cartridge Filter mit Self Core Design f\u00fcr Meerwasser RO Pre-Filtration 19\" data-id=\"img2\" data-lazy=\"2\" title=\"\"><\/div>\n<\/div>\n<\/div>\n<div class=\"magic-3\">\n<div class=\"magic-4\" data-id=\"paragraph2\">\n<p class=\"magic-11\">215 222 226 Flach-\/Fl\u00fcgelendkappe PP-Filter, Code 0 3 6 7 8 9 verf\u00fcgbar.<\/p>\n<\/div>\n<\/div>\n<\/div>\n<\/div>\n<\/div>\n<div class=\"detail-decorate-json-renderer-container\">\n<div class=\"magic-0\">\n<div class=\"magic-12\">\n<div class=\"magic-13\">\n<div class=\"magic-13\">\n<div class=\"magic-14\"><img decoding=\"async\" class=\"magic-17\" src=\"https:\/\/img.yfisher.com\/m6076\/1725726789ylx\/jpg70-t3-scale100.webp\" alt=\"Gro\u00dfer Durchmesser Spun Meltblown PP Cartridge SWRO High Flow Cartridge Filter mit Self Core Design f\u00fcr Meerwasser RO Pre-Filtration 21\" data-id=\"img0\" data-lazy=\"2\" title=\"\"><\/div>\n<\/div>\n<\/div>\n<div class=\"magic-3\">\n<div class=\"magic-4\" data-id=\"paragraph0\">\n<p class=\"magic-11\">10\u00d74,5\u201d 20\u00d74,5\u201d Full-Flow BB Jumbo Melt Blown Cartridge<\/p>\n<\/div>\n<\/div>\n<\/div>\n<div class=\"magic-12\">\n<div class=\"magic-13\">\n<div class=\"magic-13\">\n<div class=\"magic-14\"><img class=\"magic-18\" alt=\"Gro\u00dfer Durchmesser Spun Meltblown PP Cartridge SWRO High Flow Cartridge Filter mit Self Core Design f\u00fcr Meerwasser RO Pre-Filtration 23\" data-id=\"img1\" data-lazy=\"0\" \/><\/div>\n<\/div>\n<\/div>\n<div class=\"magic-3\">\n<div class=\"magic-4\" data-id=\"paragraph1\">\n<p class=\"magic-11\">PP schmelzgeblasene Filterpatrone mit 1 2 3 Schichten f\u00fcr Option<\/p>\n<\/div>\n<\/div>\n<\/div>\n<div class=\"magic-12\">\n<div class=\"magic-13\">\n<div class=\"magic-13\">\n<div class=\"magic-14\"><img class=\"magic-19\" alt=\"Gro\u00dfer Durchmesser Spun Meltblown PP Cartridge SWRO High Flow Cartridge Filter mit Self Core Design f\u00fcr Meerwasser RO Pre-Filtration 25\" data-id=\"img2\" data-lazy=\"0\" \/><\/div>\n<\/div>\n<\/div>\n<div class=\"magic-3\">\n<div class=\"magic-4\" data-id=\"paragraph2\">\n<p class=\"magic-11\">PP-Kern oder Edelstahlmantel\/Kern-PP-Filterpatrone nach Kundenwunsch<\/p>\n<\/div>\n<\/div>\n<\/div>\n<\/div>\n<\/div>\n<div class=\"detail-decorate-json-renderer-container\">\n<div class=\"magic-0\">\n<div class=\"magic-12\">\n<div class=\"magic-13\">\n<div class=\"magic-13\">\n<div class=\"magic-14\"><img decoding=\"async\" class=\"magic-20\" src=\"https:\/\/img.yfisher.com\/m6076\/1725726789z0e\/jpg70-t3-scale100.webp\" alt=\"Gro\u00dfer Durchmesser Spun Meltblown PP Cartridge SWRO High Flow Cartridge Filter mit Self Core Design f\u00fcr Meerwasser RO Pre-Filtration 27\" data-id=\"img0\" data-lazy=\"2\" title=\"\"><\/div>\n<\/div>\n<\/div>\n<div class=\"magic-3\">\n<div class=\"magic-4\" data-id=\"paragraph0\">\n<p class=\"magic-11\">PP-Schale Schmelzgeblasene Filterpatrone aus Polypropylen<\/p>\n<\/div>\n<\/div>\n<\/div>\n<div class=\"magic-12\">\n<div class=\"magic-13\">\n<div class=\"magic-13\">\n<div class=\"magic-14\"><img decoding=\"async\" class=\"magic-21\" src=\"https:\/\/img.yfisher.com\/m6076\/1725726790iyg\/jpg70-t3-scale100.webp\" alt=\"Gro\u00dfer Durchmesser Spun Meltblown PP Cartridge SWRO High Flow Cartridge Filter mit Self Core Design f\u00fcr Meerwasser RO Pre-Filtration 29\" data-id=\"img1\" data-lazy=\"2\" title=\"\"><\/div>\n<\/div>\n<\/div>\n<div class=\"magic-3\">\n<div class=\"magic-4\" data-id=\"paragraph1\">\n<p class=\"magic-11\">OEM-Filterpatrone aus PP\/Nylon in verschiedenen Gr\u00f6\u00dfen f\u00fcr die Wasser-\/Luftfiltration<\/p>\n<\/div>\n<\/div>\n<\/div>\n<div class=\"magic-12\">\n<div class=\"magic-13\">\n<div class=\"magic-13\">\n<div class=\"magic-14\"><img decoding=\"async\" class=\"magic-17\" src=\"https:\/\/img.yfisher.com\/m6076\/17257267909q6\/jpg70-t3-scale100.webp\" alt=\"Gro\u00dfer Durchmesser Spun Meltblown PP Cartridge SWRO High Flow Cartridge Filter mit Self Core Design f\u00fcr Meerwasser RO Pre-Filtration 31\" data-id=\"img2\" data-lazy=\"2\" title=\"\"><\/div>\n<\/div>\n<\/div>\n<div class=\"magic-3\">\n<div class=\"magic-4\" data-id=\"paragraph2\">\n<p class=\"magic-11\">Gro\u00dfe High Flow PP-Meltblown-Filterpatrone mit OEM-L\u00e4nge und OEM-Durchmesser<\/p>\n<\/div>\n<\/div>\n<\/div>\n<\/div>\n<\/div>\n<div id=\"ali-anchor-AliMagic-vmkxor\" class=\"magic-5\" data-section=\"AliMagic-vmkxor\" data-section-title=\"Specification\">Spezifikation<\/div>\n<div class=\"ife-detail-decorate-table\">\n<div class=\"table-responsive\">\n<table class=\"all magic-22\">\n<tbody>\n<tr>\n<td>\n<div class=\"magic-23\">Produktname<\/div>\n<\/td>\n<td>\n<div class=\"magic-24\">PP Melt Blown Sedimentfilterpatrone<\/div>\n<\/td>\n<\/tr>\n<tr>\n<td>\n<div class=\"magic-23\">L\u00e4nge<\/div>\n<\/td>\n<td>\n<div class=\"magic-24\">5, 10, 20, 30, 40\u2033, 50\u201d, 60\u201d Zoll oder kundenspezifisch<\/div>\n<\/td>\n<\/tr>\n<tr>\n<td>\n<div class=\"magic-23\">Mikron Rate<\/div>\n<\/td>\n<td>\n<div class=\"magic-24\">1, 3, 5, 10, 20, 25, 30, 50, 75, 100 Mikrometer<\/div>\n<\/td>\n<\/tr>\n<tr>\n<td>\n<div class=\"magic-23\">Endkappe<\/div>\n<\/td>\n<td>\n<div class=\"magic-24\">DOE\/SOE, 222+Fin, 222+Flat, 226+Fin, 226+Flat, 215+Flat\/Fin<\/div>\n<\/td>\n<\/tr>\n<tr>\n<td>\n<div class=\"magic-23\">Innendurchmesser<\/div>\n<\/td>\n<td>\n<div class=\"magic-24\">28~30mm, oder OEM<\/div>\n<\/td>\n<\/tr>\n<tr>\n<td>\n<div class=\"magic-23\">\u00c4u\u00dferer Durchmesser<\/div>\n<\/td>\n<td>\n<div class=\"magic-24\">60~65mm, Jumbo 110~115mm, oder OEM<\/div>\n<\/td>\n<\/tr>\n<tr>\n<td>\n<div class=\"magic-23\">Material der Dichtung\/des Rings<\/div>\n<\/td>\n<td>\n<div class=\"magic-24\">Silizium\/EPDM\/NBR\/Viton<\/div>\n<\/td>\n<\/tr>\n<tr>\n<td>\n<div class=\"magic-23\">Material<\/div>\n<\/td>\n<td>\n<div class=\"magic-24\">100% reines Polypropylen oder Nylon<\/div>\n<\/td>\n<\/tr>\n<tr>\n<td>\n<div class=\"magic-23\">Oberfl\u00e4che<\/div>\n<\/td>\n<td>\n<div class=\"magic-24\">Rille, Druckstellen, flach, kreuzend, Orangenhaut<\/div>\n<\/td>\n<\/tr>\n<tr>\n<td>\n<div class=\"magic-23\">Innerer Kern<\/div>\n<\/td>\n<td>\n<div class=\"magic-24\">Keine, PP oder rostfreier Stahl<\/div>\n<\/td>\n<\/tr>\n<tr>\n<td>\n<div class=\"magic-23\">Schnittstelle<\/div>\n<\/td>\n<td>\n<div class=\"magic-24\">Flach oder Einsatz<\/div>\n<\/td>\n<\/tr>\n<tr>\n<td>\n<div class=\"magic-23\">Max. Betriebsdruckdifferenz:<\/div>\n<\/td>\n<td>\n<div class=\"magic-24\">- 80\u00b0C: 1,2kg\/cm2<br \/>\n- 60\u00b0C: 2,1kg\/cm2<br \/>\n- 20\u00b0C: 4,2kg\/cm2<\/div>\n<\/td>\n<\/tr>\n<tr>\n<td>\n<div class=\"magic-23\">Max. Betriebstemperatur<\/div>\n<\/td>\n<td>\n<div class=\"magic-24\">80\u00b0C<\/div>\n<\/td>\n<\/tr>\n<tr>\n<td>\n<div class=\"magic-23\">Empfohlenes Auswechseln Druckdifferenz<\/div>\n<\/td>\n<td>\n<div class=\"magic-24\">2,1 bar (kg\/cm2)<\/div>\n<\/td>\n<\/tr>\n<tr>\n<td>\n<div class=\"magic-23\">Gemeinsames Gewicht<\/div>\n<\/td>\n<td>\n<div class=\"magic-24\">100- 120g\/10\u2033 (kann angepasst werden)<\/div>\n<\/td>\n<\/tr>\n<\/tbody>\n<\/table>\n<\/div>\n<\/div>\n<div id=\"ali-anchor-AliMagic-wx3ija\" class=\"magic-5\" data-section=\"AliMagic-wx3ija\" data-section-title=\"Application\">Anmeldung<\/div>\n<div class=\"icbu-pc-images magic-6\">\n<div>\n<div class=\"flex-layout-v\">\n<div class=\"flex-layout-h magic-6\">\n<div class=\"magic-25\"><img decoding=\"async\" class=\"magic-26\" src=\"https:\/\/img.yfisher.com\/m6076\/1725726790j45\/jpg70-t3-scale100.webp\" alt=\"Gro\u00dfer Durchmesser Spun Meltblown PP Cartridge SWRO High Flow Cartridge Filter mit Self Core Design f\u00fcr Meerwasser RO Pre-Filtration 33\" data-lazy=\"2\" title=\"\"><\/div>\n<\/div>\n<\/div>\n<\/div>\n<\/div>\n<div class=\"detail-decorate-json-renderer-container\">\n<div class=\"magic-0\">\n<div class=\"magic-2\">\n<div class=\"magic-3\">\n<div class=\"magic-4\">\n<p class=\"magic-11\">1. Aufbereitung von Trinkwasser<br \/>\n2. Industrielle Wasseraufbereitung, z. B. in der Elektronik-, Energie-, Galvanik- und \u00d6lindustrie.<br \/>\n3. Vorfiltration des RO\/DI-Systems<br \/>\n4. Lebensmittel und Getr\u00e4nke<br \/>\n5. Meerwasserentsalzung<br \/>\n6. Chemikalien, L\u00f6sungsmittel, Wein usw.<\/p>\n<\/div>\n<\/div>\n<\/div>\n<\/div>\n<\/div>\n<div id=\"ali-anchor-AliMagic-37ol3s\" class=\"magic-5\" data-section=\"AliMagic-37ol3s\" data-section-title=\"Related Products\">Verwandte Produkte<\/div>\n<div class=\"icbu-pc-images magic-6\">\n<div>\n<div class=\"flex-layout-v\">\n<div class=\"flex-layout-h magic-6\">\n<div class=\"magic-27\"><img decoding=\"async\" class=\"magic-28\" src=\"https:\/\/img.yfisher.com\/m6076\/1725286991npi\/jpg70-t3-scale100.webp\" alt=\"Gro\u00dfer Durchmesser Spun Meltblown PP Cartridge SWRO High Flow Cartridge Filter mit Self Core Design f\u00fcr Meerwasser RO Pre-Filtration 35\" data-lazy=\"2\" title=\"\"><\/div>\n<\/div>\n<\/div>\n<\/div>\n<\/div>\n<div id=\"ali-anchor-AliMagic-ipngng\" class=\"magic-5\" data-section=\"AliMagic-ipngng\" data-section-title=\"Our Company\">Unser Unternehmen<\/div>\n<div class=\"icbu-pc-images magic-6\">\n<div>\n<div class=\"flex-layout-v\">\n<div class=\"flex-layout-h magic-6\">\n<div class=\"magic-29\"><img decoding=\"async\" class=\"magic-30\" src=\"https:\/\/img.yfisher.com\/m6076\/17252869910zy\/jpg70-t3-scale100.webp\" alt=\"Gro\u00dfer Durchmesser Spun Meltblown PP Cartridge SWRO High Flow Cartridge Filter mit Self Core Design f\u00fcr Meerwasser RO Pre-Filtration 37\" data-lazy=\"2\" title=\"\"><\/div>\n<\/div>\n<\/div>\n<\/div>\n<\/div>\n<div class=\"icbu-pc-images magic-6\">\n<div>\n<div class=\"flex-layout-v\">\n<div class=\"flex-layout-h magic-6\">\n<div class=\"magic-31\"><img decoding=\"async\" class=\"magic-32\" src=\"https:\/\/img.yfisher.com\/m6076\/1725726784cdv\/jpg70-t3-scale100.webp\" alt=\"Gro\u00dfer Durchmesser Spun Meltblown PP Cartridge SWRO High Flow Cartridge Filter mit Self Core Design f\u00fcr Meerwasser RO Pre-Filtration 39\" data-lazy=\"2\" title=\"\"><\/div>\n<\/div>\n<\/div>\n<\/div>\n<\/div>\n<div class=\"icbu-pc-images magic-6\">\n<div>\n<div class=\"flex-layout-v\">\n<div class=\"flex-layout-h magic-6\">\n<div class=\"magic-33\"><img decoding=\"async\" class=\"magic-34\" src=\"https:\/\/img.yfisher.com\/m6076\/172528699264c\/jpg70-t3-scale100.webp\" alt=\"Gro\u00dfer Durchmesser Spun Meltblown PP Cartridge SWRO High Flow Cartridge Filter mit Self Core Design f\u00fcr Meerwasser RO Pre-Filtration 41\" data-lazy=\"2\" title=\"\"><\/div>\n<\/div>\n<\/div>\n<\/div>\n<\/div>\n<div id=\"ali-anchor-AliMagic-sg0gq4\" class=\"magic-5\" data-section=\"AliMagic-sg0gq4\" data-section-title=\"Certification\">Zertifizierung<\/div>\n<div class=\"icbu-pc-images magic-6\">\n<div>\n<div class=\"flex-layout-v\">\n<div class=\"flex-layout-h magic-6\">\n<div class=\"magic-35\"><img decoding=\"async\" class=\"magic-36\" src=\"https:\/\/img.yfisher.com\/m6076\/1725286992mhb\/jpg70-t3-scale100.webp\" alt=\"Gro\u00dfer Durchmesser Spun Meltblown PP Cartridge SWRO High Flow Cartridge Filter mit Self Core Design f\u00fcr Meerwasser RO Pre-Filtration 43\" data-lazy=\"2\" title=\"\"><\/div>\n<\/div>\n<\/div>\n<\/div>\n<\/div>\n<div id=\"ali-anchor-AliMagic-pba5yx\" class=\"magic-5\" data-section=\"AliMagic-pba5yx\" data-section-title=\"Contact\">Kontakt<\/div>\n<div class=\"icbu-pc-images magic-6\">\n<div>\n<div class=\"flex-layout-v\">\n<div class=\"flex-layout-h magic-6\">\n<div class=\"magic-37\"><img decoding=\"async\" class=\"magic-38\" src=\"https:\/\/img.yfisher.com\/m6076\/1725286992iz8\/jpg70-t3-scale100.webp\" alt=\"Gro\u00dfer Durchmesser Spun Meltblown PP Cartridge SWRO High Flow Cartridge Filter mit Self Core Design f\u00fcr Meerwasser RO Pre-Filtration 45\" data-lazy=\"2\" title=\"\"><\/div>\n<\/div>\n<\/div>\n<\/div>\n<\/div>\n<\/div>\n<\/div>\n<\/div>\n<div data-module=\"detailMarketPackage\"><\/div>\n<div data-module=\"productAuth\"><\/div>\n<\/div>\n<\/div>\n<div class=\"diffStatement\">Mit der kontinuierlichen Verbesserung des Produkts wird es sicherlich eine weitere Anwendung finden. Das gefilterte Produkt wird weder Geschmack noch Geruch oder Farbe annehmen. Dieses Produkt ist in der Industrie weithin bekannt und akzeptiert. Es verleiht dem gefilterten Produkt weder Geschmack noch Geruch noch Farbe.<\/div>","protected":false},"excerpt":{"rendered":"<table>\n<thead>\n<tr>\n<th>Artikel<\/th>\n<th>Einzelheiten<\/th>\n<\/tr>\n<\/thead>\n<tbody>\n<tr>\n<td>Zustand<\/td>\n<td>Neu<\/td>\n<\/tr>\n<tr>\n<td>Anwendbare Industrien<\/td>\n<td>Hotels, Bekleidungsgesch\u00e4fte, Baustoffgesch\u00e4fte, Fertigungsbetriebe, Maschinenreparaturwerkst\u00e4tten, Lebensmittel- und Getr\u00e4nkefabriken, Bauernh\u00f6fe, Restaurants, Haushalte, Einzelhandel, Lebensmittelgesch\u00e4fte, Druckereien, Bauunternehmen, Energie- und Bergbauunternehmen, Lebensmittel- und Getr\u00e4nkem\u00e4rkte, Werbeunternehmen<\/td>\n<\/tr>\n<tr>\n<td>Service nach der Garantie<\/td>\n<td>Online-Unterst\u00fctzung<\/td>\n<\/tr>\n<tr>\n<td>Lokaler Dienstort<\/td>\n<td>Keine<\/td>\n<\/tr>\n<tr>\n<td>Standort des Ausstellungsraums<\/td>\n<td>Keine<\/td>\n<\/tr>\n<tr>\n<td>Ort der Herkunft<\/td>\n<td>Guangdong, China<\/td>\n<\/tr>\n<tr>\n<td>Markenname<\/td>\n<td>Lvyuan \/ OEM<\/td>\n<\/tr>\n<tr>\n<td>Material<\/td>\n<td>Polypropylen<\/td>\n<\/tr>\n<tr>\n<td>Gewicht<\/td>\n<td>Abh\u00e4ngig von<\/td>\n<\/tr>\n<tr>\n<td>Gr\u00f6\u00dfe<\/td>\n<td>Standard oder Anpassung<\/td>\n<\/tr>\n<tr>\n<td>Strom<\/td>\n<td>0<\/td>\n<\/tr>\n<tr>\n<td>Garantie<\/td>\n<td>Nicht verf\u00fcgbar<\/td>\n<\/tr>\n<tr>\n<td>Produktname<\/td>\n<td>Kerzenfilter aus Polypropylen PP<\/td>\n<\/tr>\n<tr>\n<td>Mikron Rate<\/td>\n<td>1\/3\/5\/10\/25\/50\/75\/100 Mikron Filterpatrone<\/td>\n<\/tr>\n<tr>\n<td>Zertifizierung<\/td>\n<td>CE, SGS<\/td>\n<\/tr>\n<tr>\n<td>Anmeldung<\/td>\n<td>Wasserfilterteile, Umkehrosmose<\/td>\n<\/tr>\n<tr>\n<td>L\u00e4nge<\/td>\n<td>5\u2033, 10\u2033, 20\u2033, 30\u2033, 40\u2033, 50\u2033 Zoll<\/td>\n<\/tr>\n<tr>\n<td>Filtermedien<\/td>\n<td>Polypropylen PP gesponnen<\/td>\n<\/tr>\n<tr>\n<td>Endkappe<\/td>\n<td>DOE \/ 222Fin \/ 226Fin \/ 222Flat \/ 226Flat<\/td>\n<\/tr>\n<tr>\n<td>Dichtung\/O-Ring Material<\/td>\n<td>Silizium \/ EPDM \/ Viton<\/td>\n<\/tr>\n<tr>\n<td>Verwendung<\/td>\n<td>Fl\u00fcssigkeits-Patronenfilter<\/td>\n<\/tr>\n<tr>\n<td>Innerer Kern<\/td>\n<td>PP, rostfreier Stahl, keine<\/td>\n<\/tr>\n<\/tbody>\n<\/table>","protected":false},"featured_media":703,"comment_status":"open","ping_status":"closed","template":"","meta":{"_gspb_post_css":""},"product_brand":[],"product_cat":[23,17],"product_tag":[297,299,298,294,295,296],"class_list":{"0":"post-701","1":"product","2":"type-product","3":"status-publish","4":"has-post-thumbnail","6":"product_cat-pp-filter-cartridge","7":"product_cat-sediment-filter","8":"product_tag-1-100-micron-cartridge","9":"product_tag-ce-sgs-certified","10":"product_tag-lvyuan-oem","11":"product_tag-polypropylene-pp-cartridge-filter","12":"product_tag-pp-spun-filter","13":"product_tag-reverse-osmosis-filter-parts","15":"first","16":"instock","17":"shipping-taxable","18":"product-type-simple"},"_links":{"self":[{"href":"https:\/\/lyfilter.com\/de\/wp-json\/wp\/v2\/product\/701","targetHints":{"allow":["GET"]}}],"collection":[{"href":"https:\/\/lyfilter.com\/de\/wp-json\/wp\/v2\/product"}],"about":[{"href":"https:\/\/lyfilter.com\/de\/wp-json\/wp\/v2\/types\/product"}],"replies":[{"embeddable":true,"href":"https:\/\/lyfilter.com\/de\/wp-json\/wp\/v2\/comments?post=701"}],"wp:featuredmedia":[{"embeddable":true,"href":"https:\/\/lyfilter.com\/de\/wp-json\/wp\/v2\/media\/703"}],"wp:attachment":[{"href":"https:\/\/lyfilter.com\/de\/wp-json\/wp\/v2\/media?parent=701"}],"wp:term":[{"taxonomy":"product_brand","embeddable":true,"href":"https:\/\/lyfilter.com\/de\/wp-json\/wp\/v2\/product_brand?post=701"},{"taxonomy":"product_cat","embeddable":true,"href":"https:\/\/lyfilter.com\/de\/wp-json\/wp\/v2\/product_cat?post=701"},{"taxonomy":"product_tag","embeddable":true,"href":"https:\/\/lyfilter.com\/de\/wp-json\/wp\/v2\/product_tag?post=701"}],"curies":[{"name":"wp","href":"https:\/\/api.w.org\/{rel}","templated":true}]}}