{"id":661,"date":"2025-12-24T06:06:07","date_gmt":"2025-12-24T06:06:07","guid":{"rendered":"https:\/\/lyfilter.com\/?post_type=product&#038;p=661"},"modified":"2026-04-16T11:50:33","modified_gmt":"2026-04-16T11:50:33","slug":"10-inch-1-micron-stainless-steel-ss316-metal-porous-sintered-filter-cartridge-for-liquid-filtration","status":"publish","type":"product","link":"https:\/\/lyfilter.com\/de\/10-inch-1-micron-stainless-steel-ss316-metal-porous-sintered-filter-cartridge-for-liquid-filtration\/","title":{"rendered":"10 Zoll 1 Mikron Edelstahl SS316 Metall por\u00f6se gesinterte Filterpatrone f\u00fcr Fl\u00fcssigkeitsfiltration"},"content":{"rendered":"<div class=\"d-tem11-graphic tem11-graphic mockup\" data-detail=\"wrap\">\n<div class=\"tab_row\">\n<div class=\"img\"><img decoding=\"async\" title=\"Sintermetall-Filterpatrone\" src=\"https:\/\/img.yfisher.com\/m6076\/1725286980bjf\/jpg70-t3-scale100.webp\" alt=\"Sintermetall-Filterpatrone\" border=\"0\" vspace=\"0\" data-lazy=\"2\" \/><\/div>\n<div class=\"text_box\">\n<div class=\"txt\">\n<div class=\"title\">\n<p><strong>Die gesinterte Metallfilterpatrone wird durch das Formen von rostfreiem Pulver durch Hochtemperatursintern hergestellt. Au\u00dferdem wird eine einzigartige Technologie und eine streng kontrollierte Produktionstechnik angewandt (einschlie\u00dflich der Verteilung des Energiekorns, des Formens und des Sinterns).\u00a0<\/strong><\/p>\n<p><strong>Die Sinterfilter aus rostfreiem Stahl zeichnen sich durch eine hohe Maschinenfestigkeit aus. Die Bedingungen k\u00f6nnen so eingestellt werden, dass die por\u00f6sen Metallsinterfilter mit einem gr\u00f6\u00dferen Pr\u00e4zisionsumfang hergestellt werden k\u00f6nnen. Hohe Temperaturbest\u00e4ndigkeit und gute Luftdurchl\u00e4ssigkeit.<\/strong><\/p>\n<p><strong>Die Metallfilterpatrone von Lvyuan Filter hat eine ausgezeichnete Maschinenfestigkeit und ist f\u00fcr hohe Temperaturen, hohen Druck und starke Korrosivit\u00e4t geeignet.<\/strong><\/p>\n<\/div>\n<\/div>\n<\/div>\n<\/div>\n<\/div>\n<div class=\"er-fangkuang1\">\n<p>\u25c6\u25c6 Hauptanwendungsf\u00e4lle<\/p>\n<p>1. Filtration und R\u00fcckgewinnung des Katalysators.<\/p>\n<p>2. Hei\u00dfgasfiltration in der petrochemischen Industrie<\/p>\n<p>3. Reinigung von Hochtemperatur-Rauchgas der metallurgischen Industrie<\/p>\n<p>4. R\u00fcckgewinnung von Staub aus einem festen emulierten Bett und Gas<\/p>\n<p>5. Staub- und Endgasreinigung bei der thermischen und nuklearen Stromerzeugung.<\/p>\n<p>&nbsp;<\/p>\n<\/div>\n<div class=\"er-fangkuang1\">\n<p>\u00a0 Produktmerkmal<\/p>\n<div class=\"description\">\n<ul>\n<li><span class=\"font-color\">\u25ea Hohe Porosit\u00e4t und gute Luftdurchl\u00e4ssigkeit, keine Medienmigration.<\/span><\/li>\n<li><span class=\"font-color\">\u25ea\u00a0 \u00a0<\/span>Hohe Schmutzaufnahmekapazit\u00e4t.<\/li>\n<li><span class=\"font-color\">\u25ea\u00a0 \u00a0<\/span>Hohe Druckbest\u00e4ndigkeit, hohe Belastbarkeit und geringer Druckabfall.<\/li>\n<li><span class=\"font-color\">\u25ea\u00a0 \u00a0<\/span>Hohe Temperaturbest\u00e4ndigkeit, besonders geeignet f\u00fcr die Hei\u00dfgasfiltration<\/li>\n<li><span class=\"font-color\">\u25ea\u00a0 \u00a0<\/span>Verschiedene Mikrometerwerte von 1 \u03bcm bis 200 \u03bcm nominal verf\u00fcgbar.<\/li>\n<li><span class=\"font-color\">\u25ea\u00a0 \u00a0<\/span>Starke Korrosionsbest\u00e4ndigkeit f\u00fcr breite chemische Kompatibilit\u00e4t.<\/li>\n<li><span class=\"font-color\">\u25ea<\/span>\u00a0\u00a0Vollst\u00e4ndig aus SS316 oder SS316L hergestellt, reinigbar und wiederverwendbar<\/li>\n<li><span class=\"font-color\">\u25ea\u00a0 \u00a0<\/span>Kundenspezifische Abmessungen sind willkommen.<\/li>\n<\/ul>\n<\/div>\n<\/div>\n<div class=\"d-tem04-title text-left d-interval manS\" data-detail=\"wrap\">\n<h2 class=\"heading\">Produkt-Parameter<\/h2>\n<\/div>\n<p>Die gesinterten Filterpatronen von Lvyuan Filter werden durch ein Verfahren hergestellt, bei dem mehrere Schichten von Metall- oder Polymerfasern unter starker Hitze und Druck verschmolzen werden. Diese gesinterten Patronenfilter bieten eine au\u00dfergew\u00f6hnliche Haltbarkeit und Leistung. Mit ihrer por\u00f6sen Struktur zeichnen sich die gesinterten SS-Filterpatronen durch das Abfangen feiner Partikel aus, w\u00e4hrend sie gleichzeitig hohe Durchflussraten beibehalten.<\/p>\n<div class=\"table-responsive\">\n<table class=\"table table-bordered table-hover\">\n<tbody>\n<tr class=\"firstRow\">\n<td colspan=\"2\"><strong>Abmessungen der Fiter-Patrone<\/strong><\/td>\n<\/tr>\n<tr>\n<td>L\u00e4nge<\/td>\n<td>5\u2019\u2019 (125mm), 10\u2019\u2019 (250mm), 20\u2019\u2019 (500mm), 30\u2019\u2019 (750mm), 40\u2019\u2019 (1000mm)<\/td>\n<\/tr>\n<tr>\n<td>Durchmesser<\/td>\n<td>\u00d860, 65, 70, 80 mm<\/td>\n<\/tr>\n<tr>\n<td>Andere Abmessungen<\/td>\n<td>Individuell nach Kundenwunsch.<\/td>\n<\/tr>\n<tr>\n<td colspan=\"2\"><strong>Material der Konstruktionen<\/strong><\/td>\n<\/tr>\n<tr>\n<td>Filtermedien<\/td>\n<td>SUS316, 316L-Edelstahl<\/td>\n<\/tr>\n<tr>\n<td>Steckertyp<\/td>\n<td>Flach, Einsatztyp, Gewindetyp, Lamelle<\/td>\n<\/tr>\n<tr>\n<td>Endkappen<\/td>\n<td>DOE, SOE, 215, 222, 226, M20, M30, M42, 1\u2019\u2019 NPT\/BSP oder auf Anfrage.<\/td>\n<\/tr>\n<tr>\n<td>Dichtungsmaterial<\/td>\n<td>Silikon, NBR, EPDM, Buna, Teflon, usw.<\/td>\n<\/tr>\n<tr>\n<td colspan=\"2\"><strong>Leistung<\/strong><\/td>\n<\/tr>\n<tr>\n<td>Entfernungsrate<\/td>\n<td>0,2-200 \u03bcm, usw.<\/td>\n<\/tr>\n<tr>\n<td>Betriebstemperatur<\/td>\n<td>\u2265 -270\u00baC, \u2264500\u00baC<\/td>\n<\/tr>\n<tr>\n<td>Verfahren zur Reinigung<\/td>\n<td>R\u00fccksp\u00fclung, Ultraschall oder andere nicht scheuernde Reinigung<\/td>\n<\/tr>\n<tr>\n<td>Maximale Betriebsdruckdifferenz<\/td>\n<td>4,0 bar<\/td>\n<\/tr>\n<\/tbody>\n<\/table>\n<\/div>\n<div class=\"d-tem04-title text-left d-interval manS\" data-detail=\"wrap\">\n<h2 class=\"heading\">Details zum Produkt<\/h2>\n<\/div>\n<div class=\"d-tem05-technology mockup\" data-detail=\"wrap\">\n<div class=\"items\">\n<div class=\"item tab_row bg-color-before\">\n<div class=\"img d-font-size-fix\"><img decoding=\"async\" title=\"Por\u00f6ser Edelstahlfilter\" src=\"https:\/\/img.yfisher.com\/m6076\/1725286980kcb\/jpg70-t3-scale100.webp\" alt=\"Por\u00f6ser Edelstahlfilter\" border=\"0\" vspace=\"0\" data-lazy=\"1\" \/><\/div>\n<div class=\"text_box\">\n<div class=\"txt font-color d-font-size-fix\">\n<div class=\"numbox\">Teil.1<\/div>\n<div class=\"title\">\n<p>Die Korngr\u00f6\u00dfe des Pulvers und die technischen Bedingungen k\u00f6nnen so eingestellt werden, dass der por\u00f6se Edelstahlfilter mit einem gr\u00f6\u00dferen Pr\u00e4zisionsbereich hergestellt werden kann.<\/p>\n<\/div>\n<\/div>\n<\/div>\n<\/div>\n<div class=\"item tab_row bg-color-before\">\n<div class=\"img d-font-size-fix\"><img decoding=\"async\" title=\"Edelstahl-Filterpatrone\" src=\"https:\/\/img.yfisher.com\/m6076\/1725286980nty\/jpg70-t3-scale100.webp\" alt=\"Edelstahl-Filterpatrone\" border=\"0\" vspace=\"0\" data-lazy=\"1\" \/><\/div>\n<div class=\"text_box\">\n<div class=\"txt font-color d-font-size-fix\">\n<div class=\"numbox\">Teil.2<\/div>\n<div class=\"title\">Formstabilit\u00e4t, hohe Sto\u00dffestigkeit und Wechsellastf\u00e4higkeit sind anderen Metallen \u00fcberlegen.<\/div>\n<\/div>\n<\/div>\n<\/div>\n<div class=\"item tab_row bg-color-before\">\n<div class=\"img d-font-size-fix\"><img decoding=\"async\" title=\"Metall-Filterpatrone\" src=\"https:\/\/img.yfisher.com\/m6076\/17252869809sj\/jpg70-t3-scale100.webp\" alt=\"Metall-Filterpatrone\" border=\"0\" vspace=\"0\" data-lazy=\"1\" \/><\/div>\n<div class=\"text_box\">\n<div class=\"txt font-color d-font-size-fix\">\n<div class=\"numbox\">Teil.3<\/div>\n<div class=\"title\">Sie k\u00f6nnen als verschiedene Metallfilterpatronen mit unterschiedlichen Formen und Pr\u00e4zisionen hergestellt werden. Auch kann mit verschiedenen Schnittstellen durch Schwei\u00dfen angepasst werden.<\/div>\n<\/div>\n<\/div>\n<\/div>\n<\/div>\n<\/div>","protected":false},"excerpt":{"rendered":"<table>\n<thead>\n<tr>\n<th>Start-Hafen:<\/th>\n<th>Guangzhou<\/th>\n<\/tr>\n<\/thead>\n<tbody>\n<tr>\n<td>Produktionskapazit\u00e4t:<\/td>\n<td>400 Einheiten\/Monat<\/td>\n<\/tr>\n<tr>\n<td>Ort der Herkunft:<\/td>\n<td>Guangdong, China<\/td>\n<\/tr>\n<tr>\n<td>Bezahlung:<\/td>\n<td>D\/P, T\/T, Western Union, MoneyGram, Alibaba Trade Assurance, paypal<\/td>\n<\/tr>\n<tr>\n<td>MOQ:<\/td>\n<td>1 Einheit<\/td>\n<\/tr>\n<tr>\n<td>Lieferzeiten:<\/td>\n<td>Innerhalb von 7 Arbeitstagen<\/td>\n<\/tr>\n<tr>\n<td>Zertifizierung:<\/td>\n<td>ISO 9001<\/td>\n<\/tr>\n<tr>\n<td>Marke:<\/td>\n<td>OEM\/Lvyuan<\/td>\n<\/tr>\n<\/tbody>\n<\/table>","protected":false},"featured_media":664,"comment_status":"open","ping_status":"closed","template":"","meta":{"_gspb_post_css":""},"product_brand":[],"product_cat":[17,22],"product_tag":[263,261,266,260,265,259],"class_list":{"0":"post-661","1":"product","2":"type-product","3":"status-publish","4":"has-post-thumbnail","6":"product_cat-sediment-filter","7":"product_cat-sintered-filter-cartridge","8":"product_tag-fast-delivery","9":"product_tag-guangdong-china","10":"product_tag-guangzhou","11":"product_tag-iso-9001","12":"product_tag-lvyuan","13":"product_tag-oem","15":"first","16":"instock","17":"shipping-taxable","18":"product-type-simple"},"_links":{"self":[{"href":"https:\/\/lyfilter.com\/de\/wp-json\/wp\/v2\/product\/661","targetHints":{"allow":["GET"]}}],"collection":[{"href":"https:\/\/lyfilter.com\/de\/wp-json\/wp\/v2\/product"}],"about":[{"href":"https:\/\/lyfilter.com\/de\/wp-json\/wp\/v2\/types\/product"}],"replies":[{"embeddable":true,"href":"https:\/\/lyfilter.com\/de\/wp-json\/wp\/v2\/comments?post=661"}],"wp:featuredmedia":[{"embeddable":true,"href":"https:\/\/lyfilter.com\/de\/wp-json\/wp\/v2\/media\/664"}],"wp:attachment":[{"href":"https:\/\/lyfilter.com\/de\/wp-json\/wp\/v2\/media?parent=661"}],"wp:term":[{"taxonomy":"product_brand","embeddable":true,"href":"https:\/\/lyfilter.com\/de\/wp-json\/wp\/v2\/product_brand?post=661"},{"taxonomy":"product_cat","embeddable":true,"href":"https:\/\/lyfilter.com\/de\/wp-json\/wp\/v2\/product_cat?post=661"},{"taxonomy":"product_tag","embeddable":true,"href":"https:\/\/lyfilter.com\/de\/wp-json\/wp\/v2\/product_tag?post=661"}],"curies":[{"name":"wp","href":"https:\/\/api.w.org\/{rel}","templated":true}]}}