{"id":647,"date":"2025-12-24T03:37:00","date_gmt":"2025-12-24T03:37:00","guid":{"rendered":"https:\/\/lyfilter.com\/?post_type=product&#038;p=647"},"modified":"2025-12-24T06:31:18","modified_gmt":"2025-12-24T06:31:18","slug":"sintered-metal-filters-suppliers-porous-titanium-rod-filter-cartridge-titanium-water-filter","status":"publish","type":"product","link":"https:\/\/lyfilter.com\/de\/sintered-metal-filters-suppliers-porous-titanium-rod-filter-cartridge-titanium-water-filter\/","title":{"rendered":"Sintermetallfilter Lieferanten por\u00f6ses Titan Stabfilterpatrone Titan Wasserfilter"},"content":{"rendered":"<div class=\"d-tem11-graphic tem11-graphic mockup\" data-detail=\"wrap\">\n<div class=\"tab_row\">\n<div class=\"img\"><img decoding=\"async\" title=\"\" src=\"https:\/\/img.yfisher.com\/m6076\/1725726659fo8\/jpg70-t3-scale100.webp\" alt=\"Sintermetallfilter Lieferanten por\u00f6ser Titanstabfilterpatronen 5\" data-lazy=\"2\"><\/div>\n<div class=\"text_box\">\n<div class=\"txt\">\n<div class=\"title\">Gesinterte Titan-Wasserfilterpatrone basiert auf reinem Titanpulver (99,7% oder h\u00f6her) als Hauptrohstoff, hergestellt durch Hochtemperatur-Sinterverfahren. Die einheitliche Struktur, kleine Porendichte ist hoch, die Filtration Widerstand, gute Durchl\u00e4ssigkeit. Es hat auch die hohe Filtrationspr\u00e4zision, S\u00e4ure &amp; Alkali Korrosion, hohe Temperatur best\u00e4ndig Merkmal. Es kann f\u00fcr feste Fl\u00fcssigkeit, Gas Trennung und Reinigung verwendet werden. Die Service-Leistung ist ausgezeichnet, aber die Saug-Filter und Presse-Filter, wird es nicht bilden sekund\u00e4re Verschmutzung, einfache Bedienung, kann es on-line-Regeneration, leicht zu reinigen, und lange Lebensdauer.<\/div>\n<\/div>\n<\/div>\n<\/div>\n<\/div>\n<div class=\"er-fangkuang1\">\n<p>\u00a0 Produktmerkmal<\/p>\n<div class=\"description\">\n<ul>\n<li style=\"list-style-type: none;\">\n<ul>\n<li><\/li>\n<li><span class=\"font-color\">\u25ea \u00a0\u00a0<\/span>Gleichm\u00e4\u00dfige Struktur, enge Porengr\u00f6\u00dfenverteilung und hohe Trennleistung.<\/li>\n<li><span class=\"font-color\">\u25ea\u00a0 \u00a0<\/span>Hohe Porosit\u00e4t, geringer Filtrationswiderstand und hohe Durchdringungseffizienz.<\/li>\n<li><span class=\"font-color\">\u25ea\u00a0 \u00a0<\/span>Es ist hochtemperaturbest\u00e4ndig und kann normalerweise bei Temperaturen unter 280 Grad eingesetzt werden.<\/li>\n<li><span class=\"font-color\">\u25ea\u00a0 \u00a0<\/span>Gute chemische Stabilit\u00e4t, Korrosionsbest\u00e4ndigkeit gegen\u00fcber S\u00e4uren und Laugen sowie Oxidationsbest\u00e4ndigkeit.<\/li>\n<\/ul>\n<\/li>\n<\/ul>\n<p><span class=\"font-color\">\u25ea\u00a0 \u00a0<\/span>Es fallen keine Partikel ab, das Konzentrat wird nicht sekund\u00e4r verschmutzt, es entspricht den Anforderungen der Lebensmittelhygiene und der pharmazeutischen GMP.<\/p>\n<ul>\n<li><span class=\"font-color\">\u25ea\u00a0 \u00a0<\/span>Gute mechanische Leistung, kann es die Saug-Filtration und Presse-Filtration, einfache Bedienung haben.<\/li>\n<li><span class=\"font-color\">\u25ea\u00a0 \u00a0<\/span>Niedriger Differenzdruck, die Fl\u00e4che der Abdeckung ist klein, und gro\u00dfe Wasserdurchflussmenge;od mechanische Leistung, kann es die Saug-Filtration und Presse-Filtration, einfache Bedienung haben.<\/li>\n<li><span class=\"font-color\">\u25ea\u00a0 \u00a0<\/span>Starke antimikrobielle F\u00e4higkeit, keine Mikroben.<\/li>\n<li><span class=\"font-color\">\u25ea\u00a0 \u00a0<\/span>Die Technologie der fertigen Produkte ist gut, die \u00dcberl\u00e4nge der Gesamtl\u00e4nge kann bis zu 1000 mm erreicht werden.<\/li>\n<li><span class=\"font-color\">\u25ea\u00a0 \u00a0<\/span>Er kann online regeneriert werden, ist leicht zu reinigen und hat eine lange Lebensdauer.<\/li>\n<\/ul>\n<\/div>\n<\/div>\n<div class=\"d-tem04-title text-left d-interval manS\" data-detail=\"wrap\">\n<h2 class=\"heading\">Produkt-Parameter<\/h2>\n<\/div>\n<div class=\"table-responsive\">\n<table class=\"table table-bordered table-hover\">\n<tbody>\n<tr class=\"firstRow\">\n<td colspan=\"2\"><strong>Abmessungen der Fiter-Patrone<\/strong><\/td>\n<\/tr>\n<tr>\n<td>L\u00e4nge<\/td>\n<td>5\u2019\u2019 (125mm), 10\u2019\u2019 (250mm), 20\u2019\u2019 (500mm), 30\u2019\u2019 (750mm), 40\u2019\u2019 (1000mm\uff09<\/td>\n<\/tr>\n<tr>\n<td>Durchmesser<\/td>\n<td>\u00d822, 30, 50, 60, 70, 80, 100, 120 mm<\/td>\n<\/tr>\n<tr>\n<td>Andere Abmessungen<\/td>\n<td>Individuell nach Kundenwunsch.<\/td>\n<\/tr>\n<tr>\n<td colspan=\"2\"><strong>Material der Konstruktionen<\/strong><\/td>\n<\/tr>\n<tr>\n<td>Filtermedien<\/td>\n<td>Titan<\/td>\n<\/tr>\n<tr>\n<td>Steckertyp<\/td>\n<td>Flach, Einsatztyp, Gewindetyp, Lamelle<\/td>\n<\/tr>\n<tr>\n<td>Endkappen<\/td>\n<td>DOE, 215, 222, 226, M20, M30, M42 oder auf Anfrage.<\/td>\n<\/tr>\n<tr>\n<td>Dichtungsmaterial<\/td>\n<td>Silikon, NBR, EPDM, Fluorkautschuk, etc.<\/td>\n<\/tr>\n<tr>\n<td colspan=\"2\"><strong>Leistung<\/strong><\/td>\n<\/tr>\n<tr>\n<td>Entfernungsrate<\/td>\n<td>0,1, 0,45, 1, 3, 5, 10, 20, 30, 40, 50, 100 um<\/td>\n<\/tr>\n<tr>\n<td>Porosit\u00e4t<\/td>\n<td>28-50%<\/td>\n<\/tr>\n<tr>\n<td>Temperaturtoleranz<\/td>\n<td>\u2266 300\u2103 nass<\/td>\n<\/tr>\n<tr>\n<td>Durchl\u00e4ssigkeit<\/td>\n<td>0,02-20L\/cm2 min Pa<\/td>\n<\/tr>\n<tr>\n<td>Maximale Betriebsdruckdifferenz<\/td>\n<td>6,0 bar<\/td>\n<\/tr>\n<tr>\n<td>Durchflussmenge (L\/H)<\/td>\n<td>180, 200, 250, 280, 300, 350, 500, 800, 1000, 1500, 1600<\/td>\n<\/tr>\n<\/tbody>\n<\/table>\n<\/div>\n<p>\u25c6\u25c6Referenztabelle f\u00fcr den Reinwasserdurchfluss: der Anfangswert der 10\u201d-Sintertitanpatrone (P=0,2 MPa, 1cP, 25\u2103)<\/p>\n<div class=\"table-responsive\">\n<table class=\"table table-bordered table-hover\">\n<tbody>\n<tr class=\"firstRow\">\n<td>Mikronrate (\u03bcm)<\/td>\n<td>0.2<\/td>\n<td>0.45<\/td>\n<td>1<\/td>\n<td>2<\/td>\n<td>3<\/td>\n<td>5<\/td>\n<td>10<\/td>\n<td>20<\/td>\n<td>30<\/td>\n<\/tr>\n<tr>\n<td>Durchflussmenge (L\/H)<\/td>\n<td>180<\/td>\n<td>200<\/td>\n<td>250<\/td>\n<td>280<\/td>\n<td>300<\/td>\n<td>350<\/td>\n<td>500<\/td>\n<td>800<\/td>\n<td>1000<\/td>\n<\/tr>\n<\/tbody>\n<\/table>\n<\/div>","protected":false},"excerpt":{"rendered":"<table>\n<thead>\n<tr>\n<th>Start-Hafen:<\/th>\n<th>Guangzhou<\/th>\n<\/tr>\n<\/thead>\n<tbody>\n<tr>\n<td>Produktionskapazit\u00e4t:<\/td>\n<td>400 Einheiten\/Monat<\/td>\n<\/tr>\n<tr>\n<td>Ort der Herkunft:<\/td>\n<td>Guangdong, China<\/td>\n<\/tr>\n<tr>\n<td>Bezahlung:<\/td>\n<td>T\/T, Alibaba Trade Assurance, paypal<\/td>\n<\/tr>\n<tr>\n<td>MOQ:<\/td>\n<td>10St\u00fcck<\/td>\n<\/tr>\n<tr>\n<td>Modell:<\/td>\n<td>LY-TIC<\/td>\n<\/tr>\n<tr>\n<td>Lieferzeiten:<\/td>\n<td>In 7 bis 15 Arbeitstagen<\/td>\n<\/tr>\n<tr>\n<td>Zertifizierung:<\/td>\n<td>SGS, ISO 9001<\/td>\n<\/tr>\n<tr>\n<td>Marke:<\/td>\n<td>OEM\/Lvyuan<\/td>\n<\/tr>\n<\/tbody>\n<\/table>","protected":false},"featured_media":651,"comment_status":"open","ping_status":"closed","template":"","meta":{"_gspb_post_css":""},"product_brand":[],"product_cat":[17,22],"product_tag":[266,260,265,277,259,269],"class_list":{"0":"post-647","1":"product","2":"type-product","3":"status-publish","4":"has-post-thumbnail","6":"product_cat-sediment-filter","7":"product_cat-sintered-filter-cartridge","8":"product_tag-guangzhou","9":"product_tag-iso-9001","10":"product_tag-lvyuan","11":"product_tag-ly-tic","12":"product_tag-oem","13":"product_tag-sgs","15":"first","16":"instock","17":"shipping-taxable","18":"product-type-simple"},"_links":{"self":[{"href":"https:\/\/lyfilter.com\/de\/wp-json\/wp\/v2\/product\/647","targetHints":{"allow":["GET"]}}],"collection":[{"href":"https:\/\/lyfilter.com\/de\/wp-json\/wp\/v2\/product"}],"about":[{"href":"https:\/\/lyfilter.com\/de\/wp-json\/wp\/v2\/types\/product"}],"replies":[{"embeddable":true,"href":"https:\/\/lyfilter.com\/de\/wp-json\/wp\/v2\/comments?post=647"}],"wp:featuredmedia":[{"embeddable":true,"href":"https:\/\/lyfilter.com\/de\/wp-json\/wp\/v2\/media\/651"}],"wp:attachment":[{"href":"https:\/\/lyfilter.com\/de\/wp-json\/wp\/v2\/media?parent=647"}],"wp:term":[{"taxonomy":"product_brand","embeddable":true,"href":"https:\/\/lyfilter.com\/de\/wp-json\/wp\/v2\/product_brand?post=647"},{"taxonomy":"product_cat","embeddable":true,"href":"https:\/\/lyfilter.com\/de\/wp-json\/wp\/v2\/product_cat?post=647"},{"taxonomy":"product_tag","embeddable":true,"href":"https:\/\/lyfilter.com\/de\/wp-json\/wp\/v2\/product_tag?post=647"}],"curies":[{"name":"wp","href":"https:\/\/api.w.org\/{rel}","templated":true}]}}