{"id":643,"date":"2025-12-24T03:34:26","date_gmt":"2025-12-24T03:34:26","guid":{"rendered":"https:\/\/lyfilter.com\/?post_type=product&#038;p=643"},"modified":"2025-12-24T06:38:59","modified_gmt":"2025-12-24T06:38:59","slug":"ss-sintered-filter-cartridge-metal-mesh-filter-suppliers","status":"publish","type":"product","link":"https:\/\/lyfilter.com\/de\/ss-sintered-filter-cartridge-metal-mesh-filter-suppliers\/","title":{"rendered":"SS gesinterte Filterpatrone Metallgewebefilter Lieferanten"},"content":{"rendered":"<div class=\"d-tem11-graphic tem11-graphic mockup\" data-detail=\"wrap\">\n<div class=\"tab_row\">\n<div class=\"img\"><\/div>\n<div class=\"text_box\">\n<div class=\"txt\">\n<div class=\"title\">\n<p>Das Filterelement aus rostfreiem Stahl bietet eine gro\u00dfe Filterfl\u00e4che und eine hohe Durchflussrate. Es verl\u00e4ngert die Lebensdauer der Patrone und hat mehr Schmutzaufnahmekapazit\u00e4t.<\/p>\n<p>Dar\u00fcber hinaus sind die Edelstahl-Filterpatronen f\u00fcr reinigungsf\u00e4hige und wiederverwendbare Anwendungen konzipiert, wodurch ein h\u00e4ufiger Patronenwechsel entf\u00e4llt und die Entsorgungskosten erheblich gesenkt werden k\u00f6nnen.<\/p>\n<p>Nicht-Standard-Edelstahl-Filterpatronen k\u00f6nnen leicht mit verschiedenen Dimensionen, Endkappe, \u00e4u\u00dferen K\u00e4fig Muster etc. angepasst werden. Solange der Kunde uns das Bild und die Zeichnung der ss-Filterpatrone gibt, k\u00f6nnen wir das genaue ss-Filterelement f\u00fcr Sie ma\u00dfschneidern.<\/p>\n<\/div>\n<\/div>\n<\/div>\n<\/div>\n<\/div>\n<div class=\"er-fangkuang1\">\n<p>\u25c6\u25c6 Sintered Stainless Steel Filter Cartridges sind die perfekte Wahl f\u00fcr Anwendungen mit hohen Temperaturen, hohem Differenzdruck und hoher Viskosit\u00e4t. Hergestellt mit 304, 316 oder 316L Material, gibt es haupts\u00e4chlich 3 Arten von Edelstahlpatronen Designs sind weit verbreitet in der Industrie verwendet.<\/p>\n<p>1. Einfache zylindrische Ausf\u00fchrung SS-Drahtgewebe-Filterpatrone.<br \/>\n2. Plissierte Filterpatrone mit gefaltetem SS-Gitter.<br \/>\n3. Gesinterte SS316 Metallpulver-Filterpatrone aus SS.<\/p>\n<\/div>\n<div class=\"er-fangkuang1\">\n<p>\u00a0 Produktmerkmal<\/p>\n<div class=\"description\">\n<ul>\n<li><span class=\"font-color\">\u00a0<\/span>Ausgezeichnete mechanische Festigkeit.<\/li>\n<li>Hohe Schmutzaufnahmekapazit\u00e4t.<\/li>\n<li><span class=\"font-color\">\u00a0<\/span>Hohe Druckbest\u00e4ndigkeit, hohe Belastbarkeit und geringer Druckabfall.<\/li>\n<li>Temperaturbereiche von -73\u00b0C bis 480\u00b0C.<\/li>\n<li>Verschiedene Mikrometerwerte von 2um bis 1000um nominal verf\u00fcgbar.<\/li>\n<li>R\u00fccksp\u00fclbar und reinigbar f\u00fcr lange Lebensdauer.<\/li>\n<li>Starke Korrosionsbest\u00e4ndigkeit f\u00fcr breite chemische Kompatibilit\u00e4t.<\/li>\n<li>Hohe Durchl\u00e4ssigkeit, keine Medienmigration.<\/li>\n<li>Kundenspezifische Abmessungen sind willkommen.<\/li>\n<\/ul>\n<\/div>\n<\/div>\n<div class=\"d-tem04-title text-left d-interval manS\" data-detail=\"wrap\">\n<h2 class=\"heading\">Produkt-Parameter<\/h2>\n<\/div>\n<div class=\"table-responsive\">\n<table class=\"table table-bordered table-hover\">\n<tbody>\n<tr class=\"firstRow\">\n<td colspan=\"2\"><strong>Abmessungen der Fiter-Patrone<\/strong><\/td>\n<\/tr>\n<tr>\n<td>L\u00e4nge<\/td>\n<td>5\u2019\u2019 (125mm), 10\u2019\u2019 (250mm), 20\u2019\u2019 (500mm), 30\u2019\u2019 (750mm), 40\u2019\u2019 (1000mm)<\/td>\n<\/tr>\n<tr>\n<td>Durchmesser<\/td>\n<td>\u00d825, 30, 50, 60, 65, 70 mm<\/td>\n<\/tr>\n<tr>\n<td>Andere Abmessungen<\/td>\n<td>Individuell nach Kundenwunsch.<\/td>\n<\/tr>\n<tr>\n<td colspan=\"2\"><strong>Material der Konstruktionen<\/strong><\/td>\n<\/tr>\n<tr>\n<td>Filtermedien<\/td>\n<td>SUS304, 316, 316L-Edelstahl<\/td>\n<\/tr>\n<tr>\n<td>Steckertyp<\/td>\n<td>Flach, Einsatztyp, Gewindetyp, Lamelle<\/td>\n<\/tr>\n<tr>\n<td>Endkappen<\/td>\n<td>DOE, SOE, 215, 222, 226, M20, M30, M42, 1\u2019\u2019 NPT\/BSP oder auf Anfrage.<\/td>\n<\/tr>\n<tr>\n<td>\u00c4u\u00dferes Schutznetz<\/td>\n<td>Optional<\/td>\n<\/tr>\n<tr>\n<td>Dichtungsmaterial<\/td>\n<td>Silikon, NBR, EPDM, Buna, Teflon, usw.<\/td>\n<\/tr>\n<tr>\n<td colspan=\"2\"><strong>Leistung<\/strong><\/td>\n<\/tr>\n<tr>\n<td>Entfernungsrate<\/td>\n<td>1, 3, 5, 10, 20, 30, 40, 50, 100um, usw.<\/td>\n<\/tr>\n<tr>\n<td>Effektive Oberfl\u00e4che<\/td>\n<td>0,65 m\u00b2 pro 10\u2033-Patronenelement<\/td>\n<\/tr>\n<tr>\n<td>Betriebstemperatur<\/td>\n<td>\u2266 480\u2103<\/td>\n<\/tr>\n<tr>\n<td>Verfahren zur Reinigung<\/td>\n<td>R\u00fccksp\u00fclung, Ultraschall oder andere nicht scheuernde Reinigung<\/td>\n<\/tr>\n<tr>\n<td>Maximale Betriebsdruckdifferenz<\/td>\n<td>4,0 bar<\/td>\n<\/tr>\n<\/tbody>\n<\/table>\n<\/div>\n<div class=\"d-tem04-title text-left d-interval manS\" data-detail=\"wrap\">\n<h2 class=\"heading\">Details zum Produkt<\/h2>\n<\/div>\n<div class=\"d-tem05-technology mockup\" data-detail=\"wrap\">\n<div class=\"items\">\n<div class=\"item tab_row bg-color-before\">\n<div class=\"text_box\">\n<div class=\"txt font-color d-font-size-fix\">\n<div class=\"numbox\">Teil.1<\/div>\n<div class=\"title\">5 Schichten gesintertes Edelstahlgewebe f\u00fcr hohe Schmutzaufnahmekapazit\u00e4t, einschlie\u00dflich Schutzschicht, Filterschicht, Dispersionsschicht, 1. Verst\u00e4rkungsschicht und 2.<\/div>\n<\/div>\n<\/div>\n<\/div>\n<div class=\"item tab_row bg-color-before\">\n<div class=\"img d-font-size-fix\"><img decoding=\"async\" title=\"\" src=\"https:\/\/img.yfisher.com\/m6076\/1725726657xnp\/jpg70-t3-scale100.webp\" alt=\"SS gesinterte Filterpatrone Metallgewebefilter Lieferanten 6\" data-lazy=\"1\"><\/div>\n<div class=\"text_box\">\n<div class=\"txt font-color d-font-size-fix\">\n<div class=\"numbox\">Teil.2<\/div>\n<div class=\"title\">Ein rostfreies Au\u00dfenschutznetz ist optional erh\u00e4ltlich, um Beulen und Sch\u00e4den an der plissierten Oberfl\u00e4che zu vermeiden.<\/div>\n<\/div>\n<\/div>\n<\/div>\n<div class=\"item tab_row bg-color-before\">\n<div class=\"img d-font-size-fix\"><img decoding=\"async\" title=\"\" src=\"https:\/\/img.yfisher.com\/m6076\/1725726657v6o\/jpg70-t3-scale100.webp\" alt=\"SS gesinterte Filterpatrone Metallgewebefilter Lieferanten 7\" data-lazy=\"1\"><\/div>\n<div class=\"text_box\">\n<div class=\"txt font-color d-font-size-fix\">\n<div class=\"numbox\">Teil.3<\/div>\n<div class=\"title\">Es sind verschiedene Abmessungen und verschiedene Endkappen erh\u00e4ltlich.<\/div>\n<\/div>\n<\/div>\n<\/div>\n<\/div>\n<\/div>","protected":false},"excerpt":{"rendered":"<table>\n<thead>\n<tr>\n<th>Start-Hafen:<\/th>\n<th>Guangzhou<\/th>\n<\/tr>\n<\/thead>\n<tbody>\n<tr>\n<td>Produktionskapazit\u00e4t:<\/td>\n<td>400 Einheiten\/Monat<\/td>\n<\/tr>\n<tr>\n<td>Ort der Herkunft:<\/td>\n<td>Guangdong, China<\/td>\n<\/tr>\n<tr>\n<td>Bezahlung:<\/td>\n<td>T\/T, Alibaba Trade Assurance, paypal<\/td>\n<\/tr>\n<tr>\n<td>MOQ:<\/td>\n<td>10St\u00fcck<\/td>\n<\/tr>\n<tr>\n<td>Lieferzeiten:<\/td>\n<td>In 7 bis 15 Arbeitstagen<\/td>\n<\/tr>\n<tr>\n<td>Zertifizierung:<\/td>\n<td>SGS, ISO 9001<\/td>\n<\/tr>\n<tr>\n<td>Marke:<\/td>\n<td>OEM\/Lvyuan<\/td>\n<\/tr>\n<\/tbody>\n<\/table>","protected":false},"featured_media":646,"comment_status":"open","ping_status":"closed","template":"","meta":{"_gspb_post_css":""},"product_brand":[],"product_cat":[17,22],"product_tag":[261,266,260,265,259,269],"class_list":{"0":"post-643","1":"product","2":"type-product","3":"status-publish","4":"has-post-thumbnail","6":"product_cat-sediment-filter","7":"product_cat-sintered-filter-cartridge","8":"product_tag-guangdong-china","9":"product_tag-guangzhou","10":"product_tag-iso-9001","11":"product_tag-lvyuan","12":"product_tag-oem","13":"product_tag-sgs","15":"first","16":"instock","17":"shipping-taxable","18":"product-type-simple"},"_links":{"self":[{"href":"https:\/\/lyfilter.com\/de\/wp-json\/wp\/v2\/product\/643","targetHints":{"allow":["GET"]}}],"collection":[{"href":"https:\/\/lyfilter.com\/de\/wp-json\/wp\/v2\/product"}],"about":[{"href":"https:\/\/lyfilter.com\/de\/wp-json\/wp\/v2\/types\/product"}],"replies":[{"embeddable":true,"href":"https:\/\/lyfilter.com\/de\/wp-json\/wp\/v2\/comments?post=643"}],"wp:featuredmedia":[{"embeddable":true,"href":"https:\/\/lyfilter.com\/de\/wp-json\/wp\/v2\/media\/646"}],"wp:attachment":[{"href":"https:\/\/lyfilter.com\/de\/wp-json\/wp\/v2\/media?parent=643"}],"wp:term":[{"taxonomy":"product_brand","embeddable":true,"href":"https:\/\/lyfilter.com\/de\/wp-json\/wp\/v2\/product_brand?post=643"},{"taxonomy":"product_cat","embeddable":true,"href":"https:\/\/lyfilter.com\/de\/wp-json\/wp\/v2\/product_cat?post=643"},{"taxonomy":"product_tag","embeddable":true,"href":"https:\/\/lyfilter.com\/de\/wp-json\/wp\/v2\/product_tag?post=643"}],"curies":[{"name":"wp","href":"https:\/\/api.w.org\/{rel}","templated":true}]}}