{"id":638,"date":"2025-12-24T03:30:10","date_gmt":"2025-12-24T03:30:10","guid":{"rendered":"https:\/\/lyfilter.com\/?post_type=product&#038;p=638"},"modified":"2025-12-24T06:39:49","modified_gmt":"2025-12-24T06:39:49","slug":"sintered-filter-cartridge-pe-ptfe-pa-water-filter-for-liquid-filtration","status":"publish","type":"product","link":"https:\/\/lyfilter.com\/de\/sintered-filter-cartridge-pe-ptfe-pa-water-filter-for-liquid-filtration\/","title":{"rendered":"Gesinterte Filterpatrone PE\/PTFE\/PA Wasserfilter f\u00fcr die Fl\u00fcssigkeitsfiltration"},"content":{"rendered":"<div class=\"d-tem11-graphic tem11-graphic mockup\" data-detail=\"wrap\">\n<div class=\"tab_row\">\n<div class=\"img\"><img decoding=\"async\" title=\"\" src=\"https:\/\/img.yfisher.com\/m6076\/17257266546eq\/jpg70-t3-scale100.webp\" alt=\"Sinterfilterpatrone PE\/PTFE\/PA Wasserfilter f\u00fcr die Fl\u00fcssigkeitsfiltration 5\" data-lazy=\"2\"><\/div>\n<div class=\"text_box\">\n<div class=\"txt\">\n<div class=\"title\">Lvyuan produziert eine breite Palette von gesinterten por\u00f6sen Kunststoff-Filterprodukten, einschlie\u00dflich por\u00f6sem PE, HDPE, PTFE, PVDF, PA, Nylon 6, mit Formen von Rohren, St\u00e4ben, Kerzen, Platten usw. Mit verschiedenen Filtrationsraten, Formen und Eigenschaften sind gesinterte por\u00f6se Kunststoff-Filterpatronen weit verbreitet in der Wasseraufbereitung, Chemietechnik, medizinische Behandlung, Automobil, Umweltschutz und anderen Branchen, wie \u00d6l-Wasser-Abscheider und Schalld\u00e4mpfer, Trunkenheit am Steuer Tester, Blindstopfen f\u00fcr die mediale Behandlung, Sirup und Fett-Filter-Ger\u00e4t, Anti-Explosions-Scheiben f\u00fcr Industriebatterie, s\u00e4urefest Scheiben f\u00fcr Autobatterie, Abwasserbehandlung, Wasseraufbereitung Filtersystem und vieles mehr.<\/div>\n<\/div>\n<\/div>\n<\/div>\n<\/div>\n<div class=\"er-fangkuang1\">\n<p>\u25c6\u25c6 Lvyuan sintered porous platics filters can meet requirements of different customers. Kundenspezifisch geformte Formen sind verf\u00fcgbar.<\/p>\n<p>PE und HDPE Gesinterte Filterpatrone\uff1a<br \/>\nGesinterte por\u00f6se Polyethylen (PE)-Produkte sind das weltweit am h\u00e4ufigsten verwendete Kunststoff-Filterelement. Por\u00f6ser PE-Kunststoff ist ein starker, leichter Thermoplast mit hoher chemischer Best\u00e4ndigkeit (S\u00e4uren und Laugen) und einem breiten Mikrometerbereich von 1 bis 200 um. Es gibt Polyethylen mit ultrahohem Molekulargewicht (UHMWPE) und Polyethylen hoher Dichte (HDPE) in Form von Rohren, Platten, St\u00e4ben und Formteilen f\u00fcr verschiedene Anwendungen.<\/p>\n<p>PTFE gesinterte Filterpatrone:<br \/>\nMikropor\u00f6se PTFE-Filterelemente werden durch Sintern von reinem PTFE (Polytetrafluorethylen)-Granulat hergestellt, es werden keine anderen Stoffe in der Konstruktion verwendet. Diese Filterelemente werden in der Regel angeboten, wenn nur 100% reines Einweg-PTFE verwendet werden kann. Der Vorteil von PTFE ist eine h\u00f6here H\u00f6chsttemperatur, bis zu 200\u2103, und eine etwas bessere chemische Best\u00e4ndigkeit. Diese Filterelemente sollten mit Ultraschall gereinigt werden, um beste Ergebnisse zu erzielen.<\/p>\n<p>PVDF Gesinterte Filterpatrone:<br \/>\nGesinterte por\u00f6se PVDF-Produkte (Polyvinylidenfluorid) sind eine gute Wahl, wenn sie rauen thermischen, ultravioletten, ozonhaltigen und chemischen Bedingungen ausgesetzt sind. Por\u00f6se PVDF-Produkte sind extrem hart und haben eine durchschnittliche Porengr\u00f6\u00dfe von 25 Mikron. Es kann bei Temperaturen von -62 bis 149\u2103 arbeiten.<\/p>\n<p>PA\/Nylon Gesinterte Filterpatrone:<br \/>\nNylon, Handelsname f\u00fcr Polyamide (PA), ist ein halbkristallines Polymer, das Amin- und Carbonylgruppen enth\u00e4lt. Es gibt zahlreiche Versionen. Nylon\/PA hat eine hohe Festigkeit und W\u00e4rmebest\u00e4ndigkeit mit einer Erweichungstemperatur von 190\u2103. Arbeitstemperatur von -40\u2103 bis 121\u2103, gesinterte por\u00f6se PA\/Nylon-Produkte haben eine sehr hohe Zugfestigkeit, gute Abriebfestigkeit und chemische Best\u00e4ndigkeit sowie einen niedrigen Reibungskoeffizienten.<\/p>\n<\/div>\n<div class=\"er-fangkuang1\">\n<p>\u00a0 Produktmerkmal<\/p>\n<div class=\"description\">\n<ul>\n<li><span class=\"font-color\">\u25ea \u00a0\u00a0<\/span>Hohe Porosit\u00e4t (60%), um einen gr\u00f6\u00dferen Durchfluss pro Fl\u00e4cheneinheit zu gew\u00e4hrleisten;<\/li>\n<li><span class=\"font-color\">\u25ea\u00a0 \u00a0<\/span>Glatte \u00e4u\u00dfere Oberfl\u00e4che, Verunreinigungen haften nicht so leicht an, R\u00fccksp\u00fclen einfach und gr\u00fcndlich;<\/li>\n<li><span class=\"font-color\">\u25ea\u00a0 \u00a0<\/span>Anti-Fouling-F\u00e4higkeit: die geringe Gr\u00f6\u00dfe des Filters, so dass Verunreinigungen nicht in den Filterk\u00f6rper zur\u00fcckgehalten werden k\u00f6nnen;<\/li>\n<li><span class=\"font-color\">\u25ea\u00a0 \u00a0<\/span>Best\u00e4ndigkeit gegen starke S\u00e4uren, Laugenkorrosion, Best\u00e4ndigkeit gegen organische L\u00f6sungsmittel;<\/li>\n<li><span class=\"font-color\">\u25ea\u00a0 \u00a0<\/span>Ausgezeichnete mechanische Eigenschaften;<\/li>\n<li><span class=\"font-color\">\u25ea\u00a0 \u00a0<\/span>Keine Partikelfreisetzung.<\/li>\n<li><span class=\"font-color\">\u25ea\u00a0 \u00a0<\/span>Produktpalette und breiter Anwendungsbereich<\/li>\n<\/ul>\n<\/div>\n<\/div>\n<div class=\"d-tem04-title text-left d-interval manS\" data-detail=\"wrap\">\n<h2 class=\"heading\">Produkt-Parameter<\/h2>\n<\/div>\n<div class=\"table-responsive\">\n<table class=\"table table-bordered table-hover\">\n<tbody>\n<tr class=\"firstRow\">\n<td colspan=\"2\"><strong>Abmessungen der Fiter-Patrone<\/strong><\/td>\n<\/tr>\n<tr>\n<td width=\"284\">Normale Gr\u00f6\u00dfe (mm)<\/td>\n<td width=\"660\">31x12x1000, 31x20x1000, 38x20x1000, 38x18x1000, 38x20x1200, 38x20x1300, 38x20x150, 38x20x400, 38x20x250, 38x20x200, 38x20x180, 38x20x150, 50x20x1000, 50x31x1000, 50x38x1000, 65x31x1000, 65x38x1000, 64x44x1000, 78x62x750mm, etc.<\/td>\n<\/tr>\n<tr>\n<td width=\"193\">Andere Abmessungen<\/td>\n<td width=\"659\">Individuell nach Kundenwunsch.<\/td>\n<\/tr>\n<tr>\n<td colspan=\"2\"><strong>Material der Konstruktionen<\/strong><\/td>\n<\/tr>\n<tr>\n<td width=\"193\">Option Filtermedien<\/td>\n<td width=\"659\">PE, HDPE, PTFE, PVDF, PA\/Nylon usw.<\/td>\n<\/tr>\n<tr>\n<td width=\"193\">Steckertyp<\/td>\n<td width=\"659\">Flach, Einsatztyp, Gewindetyp, Lamelle<\/td>\n<\/tr>\n<tr>\n<td width=\"193\">Endkappen<\/td>\n<td width=\"659\">PP, M36, M30, M25, M22, M14, M12, oder auf Anfrage.<\/td>\n<\/tr>\n<tr>\n<td colspan=\"2\"><strong>Leistung<\/strong><\/td>\n<\/tr>\n<tr>\n<td width=\"193\">Entfernungsrate<\/td>\n<td width=\"659\">0,3, 0,45, 1, 3, 5, 10, 20, 30, 40, 50 \u03bcm<\/td>\n<\/tr>\n<tr>\n<td width=\"193\">Maximale Betriebstemperatur<\/td>\n<td width=\"659\">\u2266 82 \u2103<\/td>\n<\/tr>\n<tr>\n<td width=\"193\">Maximaler Betriebsdruck<\/td>\n<td width=\"659\">6,0bar<\/td>\n<\/tr>\n<\/tbody>\n<\/table>\n<\/div>\n<div class=\"d-tem04-title text-left d-interval manS\" data-detail=\"wrap\">\n<h2 class=\"heading\">Details zum Produkt<\/h2>\n<\/div>\n<div class=\"d-tem05-technology mockup\" data-detail=\"wrap\">\n<div class=\"items\">\n<div class=\"item tab_row bg-color-before\">\n<div class=\"img d-font-size-fix\"><img decoding=\"async\" title=\"\" src=\"https:\/\/img.yfisher.com\/m6076\/1725726654d38\/jpg70-t3-scale100.webp\" alt=\"Sinterfilterpatrone PE\/PTFE\/PA Wasserfilter f\u00fcr die Fl\u00fcssigkeitsfiltration 6\" data-lazy=\"2\"><\/div>\n<div class=\"text_box\">\n<div class=\"txt font-color d-font-size-fix\">\n<div class=\"numbox\">Teil.1<\/div>\n<div class=\"title\">Doppelt offenes Ende oder einfaches offenes Ende<\/div>\n<\/div>\n<\/div>\n<\/div>\n<div class=\"item tab_row bg-color-before\">\n<div class=\"img d-font-size-fix\"><img decoding=\"async\" title=\"\" src=\"https:\/\/img.yfisher.com\/m6076\/1725726654bth\/jpg70-t3-scale100.webp\" alt=\"Sinterfilterpatrone PE\/PTFE\/PA Wasserfilter f\u00fcr die Fl\u00fcssigkeitsfiltration 7\" data-lazy=\"2\"><\/div>\n<div class=\"text_box\">\n<div class=\"txt font-color d-font-size-fix\">\n<div class=\"numbox\">Teil.2<\/div>\n<div class=\"title\">Geschwei\u00dft mit Schraubverschluss<\/div>\n<\/div>\n<\/div>\n<\/div>\n<div class=\"item tab_row bg-color-before\">\n<div class=\"img d-font-size-fix\"><img decoding=\"async\" title=\"\" src=\"https:\/\/img.yfisher.com\/m6076\/1725726654zbg\/jpg70-t3-scale100.webp\" alt=\"Sinterfilterpatrone PE\/PTFE\/PA Wasserfilter f\u00fcr die Fl\u00fcssigkeitsfiltration 8\" data-lazy=\"2\"><\/div>\n<div class=\"text_box\">\n<div class=\"txt font-color d-font-size-fix\">\n<div class=\"numbox\">Teil.3<\/div>\n<div class=\"title\">Verschiedene Dimensionen<\/div>\n<\/div>\n<\/div>\n<\/div>\n<div class=\"item tab_row bg-color-before\">\n<div class=\"img d-font-size-fix\"><img decoding=\"async\" title=\"\" src=\"https:\/\/img.yfisher.com\/m6076\/1725726654et4\/jpg70-t3-scale100.webp\" alt=\"Sinterfilterpatrone PE\/PTFE\/PA Wasserfilter f\u00fcr die Fl\u00fcssigkeitsfiltration 9\" data-lazy=\"2\"><\/div>\n<div class=\"text_box\">\n<div class=\"txt font-color d-font-size-fix\">\n<div class=\"numbox\">Teil.4<\/div>\n<div class=\"title\">Verschiedene Ausf\u00fchrungen nach Ihrer Zeichnung<\/div>\n<\/div>\n<\/div>\n<\/div>\n<\/div>\n<\/div>","protected":false},"excerpt":{"rendered":"<table>\n<thead>\n<tr>\n<th>Start-Hafen:<\/th>\n<th>Guangzhou<\/th>\n<\/tr>\n<\/thead>\n<tbody>\n<tr>\n<td>Produktionskapazit\u00e4t:<\/td>\n<td>500 Einheiten\/Monat<\/td>\n<\/tr>\n<tr>\n<td>Ort der Herkunft:<\/td>\n<td>Guangdong, China<\/td>\n<\/tr>\n<tr>\n<td>Bezahlung:<\/td>\n<td>T\/T, Western Union, MoneyGram, Alibaba Trade Assurance, paypal<\/td>\n<\/tr>\n<tr>\n<td>MOQ:<\/td>\n<td>10St\u00fcck<\/td>\n<\/tr>\n<tr>\n<td>Modell:<\/td>\n<td>LY-SPFC<\/td>\n<\/tr>\n<tr>\n<td>Lieferzeiten:<\/td>\n<td>In 7 bis 15 Arbeitstagen<\/td>\n<\/tr>\n<tr>\n<td>Zertifizierung:<\/td>\n<td>SGS, ISO 9001<\/td>\n<\/tr>\n<tr>\n<td>Marke:<\/td>\n<td>LVYUAN<\/td>\n<\/tr>\n<\/tbody>\n<\/table>","protected":false},"featured_media":642,"comment_status":"open","ping_status":"closed","template":"","meta":{"_gspb_post_css":""},"product_brand":[],"product_cat":[22,17],"product_tag":[261,266,260,265,276,269],"class_list":{"0":"post-638","1":"product","2":"type-product","3":"status-publish","4":"has-post-thumbnail","6":"product_cat-sintered-filter-cartridge","7":"product_cat-sediment-filter","8":"product_tag-guangdong-china","9":"product_tag-guangzhou","10":"product_tag-iso-9001","11":"product_tag-lvyuan","12":"product_tag-ly-spfc","13":"product_tag-sgs","15":"first","16":"instock","17":"shipping-taxable","18":"product-type-simple"},"_links":{"self":[{"href":"https:\/\/lyfilter.com\/de\/wp-json\/wp\/v2\/product\/638","targetHints":{"allow":["GET"]}}],"collection":[{"href":"https:\/\/lyfilter.com\/de\/wp-json\/wp\/v2\/product"}],"about":[{"href":"https:\/\/lyfilter.com\/de\/wp-json\/wp\/v2\/types\/product"}],"replies":[{"embeddable":true,"href":"https:\/\/lyfilter.com\/de\/wp-json\/wp\/v2\/comments?post=638"}],"wp:featuredmedia":[{"embeddable":true,"href":"https:\/\/lyfilter.com\/de\/wp-json\/wp\/v2\/media\/642"}],"wp:attachment":[{"href":"https:\/\/lyfilter.com\/de\/wp-json\/wp\/v2\/media?parent=638"}],"wp:term":[{"taxonomy":"product_brand","embeddable":true,"href":"https:\/\/lyfilter.com\/de\/wp-json\/wp\/v2\/product_brand?post=638"},{"taxonomy":"product_cat","embeddable":true,"href":"https:\/\/lyfilter.com\/de\/wp-json\/wp\/v2\/product_cat?post=638"},{"taxonomy":"product_tag","embeddable":true,"href":"https:\/\/lyfilter.com\/de\/wp-json\/wp\/v2\/product_tag?post=638"}],"curies":[{"name":"wp","href":"https:\/\/api.w.org\/{rel}","templated":true}]}}