{"id":633,"date":"2025-12-24T03:28:01","date_gmt":"2025-12-24T03:28:01","guid":{"rendered":"https:\/\/lyfilter.com\/?post_type=product&#038;p=633"},"modified":"2026-04-22T00:51:55","modified_gmt":"2026-04-22T00:51:55","slug":"sintered-activated-carbon-block-filter-cartridge-customized-specification-activated-carbon-water-filter","status":"publish","type":"product","link":"https:\/\/lyfilter.com\/de\/sintered-activated-carbon-block-filter-cartridge-customized-specification-activated-carbon-water-filter\/","title":{"rendered":"Gesinterte Aktivkohle Block Filterpatrone Kundenspezifische Spezifikation Aktivkohle Wasserfilter"},"content":{"rendered":"<div class=\"d-tem11-graphic tem11-graphic mockup\" data-detail=\"wrap\">\n<div class=\"tab_row\">\n<div class=\"img\"><img decoding=\"async\" title=\"\" src=\"https:\/\/img.yfisher.com\/m6076\/1725726651oda\/jpg70-t3-scale100.webp\" alt=\"Gesinterte Aktivkohle-Blockfilterpatrone 5\" data-lazy=\"2\"><\/div>\n<div class=\"text_box\">\n<div class=\"txt\">\n<div class=\"title\">Lvyuan Sinterkohle-Blockfilterpatronen werden aus hochwertigen und hochjodhaltigen Aktivkohlematerialien wie Kokosnussschalen und Kohle hergestellt. CTO-Kohlenstoffblockfilter des Sinterformtyps haben eine starke Adsorptionsf\u00e4higkeit und eine gute starre Struktur. Die gesinterte Kohlenstoffblock-Filterpatrone hat eine hohe Filtrationsleistung. Sie kann Chlor, schlechten Geschmack und Geruch, Chloramin, Sediment, organische Chemikalien und Schwermetalle usw. entfernen. Dar\u00fcber hinaus sind Sinterkohle-Blockfilter stabiler und zuverl\u00e4ssiger und haben eine l\u00e4ngere Lebensdauer als normale extrudierte CTO-Kohle-Wasserfilterpatronen.<\/div>\n<\/div>\n<\/div>\n<\/div>\n<\/div>\n<div class=\"er-fangkuang1\">\n<p>\u00a0 Produktmerkmal<\/p>\n<div class=\"description\">\n<ul>\n<li><span class=\"font-color\">\u25ea \u00a0\u00a0<\/span>Gro\u00dfe Filtrationsfl\u00e4che, starke Absorptionskapazit\u00e4t, hohe Durchflussrate.<\/li>\n<li><span class=\"font-color\">\u25ea\u00a0 \u00a0<\/span>Hohe Schmutzaufnahmekapazit\u00e4t, geringe Tropfenbildung, hohe Filtrationsleistung.<\/li>\n<li><span class=\"font-color\">\u25ea\u00a0 \u00a0<\/span>Passt auf alle Standard-Filtergeh\u00e4use oder Sportflaschen.<\/li>\n<li><span class=\"font-color\">\u25ea\u00a0 \u00a0<\/span>Hochjodhaltige Aktivkohlematerialien<\/li>\n<li><span class=\"font-color\">\u25ea\u00a0 \u00a0<\/span>Entfernt wirksam schlechte Ger\u00fcche, Farben, chlorierte Verbindungen, VOCS und THMS;<\/li>\n<li><span class=\"font-color\">\u25ea\u00a0 \u00a0<\/span>Lange Lebensdauer<\/li>\n<\/ul>\n<\/div>\n<\/div>\n<div class=\"d-tem04-title text-left d-interval manS\" data-detail=\"wrap\">\n<h2 class=\"heading\">Produkt-Parameter<\/h2>\n<\/div>\n<div class=\"table-responsive\">\n<table class=\"table table-bordered table-hover\">\n<tbody>\n<tr class=\"firstRow\">\n<td colspan=\"2\" align=\"left\" valign=\"top\"><strong>Abmessungen der Fiter-Patrone<\/strong><\/td>\n<\/tr>\n<tr>\n<td>\u00c4u\u00dferer Durchmesser<\/td>\n<td>14, 16, 19, 25, 28, 30, 35, 38, 40, 45, 46, 50, 53, 55, 60, 63, 64, 67, 70, 76, 90, 96,5, 103, 105, 121 mm<\/td>\n<\/tr>\n<tr>\n<td>Innendurchmesser<\/td>\n<td>6, 8, 10, 12, 14, 16, 18, 20, 22, 25, 28, 30, 32, 35, 38, 40, 45, 50 mm<\/td>\n<\/tr>\n<tr>\n<td>L\u00e4nge<\/td>\n<td>5\u2019\u2019 (125mm), 10\u2019\u2019 (250mm), 20\u2019\u2019 (500mm), 30\u2019\u2019 (750mm), 40\u2019\u2019 (1000mm)<\/td>\n<\/tr>\n<tr>\n<td>Andere Abmessungen<\/td>\n<td>Individuell nach Kundenwunsch.<\/td>\n<\/tr>\n<tr>\n<td colspan=\"2\" align=\"left\" valign=\"top\"><strong>Material der Konstruktionen<\/strong><\/td>\n<\/tr>\n<tr>\n<td>Filtermedien<\/td>\n<td>Kokosnussschalenkohle, Kohlekohle<\/td>\n<\/tr>\n<tr>\n<td>Kappen<\/td>\n<td>Polypropylen<\/td>\n<\/tr>\n<tr>\n<td>Netting<\/td>\n<td>Polypropylen<\/td>\n<\/tr>\n<tr>\n<td>Dichtungsmaterial\/Dichtungen<\/td>\n<td>Silikon, EPDM, NBR, Viton<\/td>\n<\/tr>\n<tr>\n<td colspan=\"2\" align=\"left\" valign=\"top\"><strong>Leistung<\/strong><\/td>\n<\/tr>\n<tr>\n<td>Entfernungsrate<\/td>\n<td>5, 10, 25 um<\/td>\n<\/tr>\n<tr>\n<td>Maximale Betriebstemperatur<\/td>\n<td>\u2266 80\u2103<\/td>\n<\/tr>\n<tr>\n<td>Maximaler Betriebsdruck<\/td>\n<td>10 bar<\/td>\n<\/tr>\n<tr>\n<td>Maximaler Differenzdruck<\/td>\n<td>7 bar bei 25\u2103<\/td>\n<\/tr>\n<\/tbody>\n<\/table>\n<\/div>\n<div class=\"d-tem04-title text-left d-interval manS\" data-detail=\"wrap\">\n<h2 class=\"heading\">Details zum Produkt<\/h2>\n<\/div>\n<div class=\"d-tem05-technology mockup\" data-detail=\"wrap\">\n<div class=\"items\">\n<div class=\"item tab_row bg-color-before\">\n<div class=\"img d-font-size-fix\"><img decoding=\"async\" title=\"\" src=\"https:\/\/img.yfisher.com\/m6076\/1725726651z3g\/jpg70-t3-scale100.webp\" alt=\"Gesinterte Aktivkohle-Blockfilterpatrone 6\" data-lazy=\"2\"><\/div>\n<div class=\"text_box\">\n<div class=\"txt font-color d-font-size-fix\">\n<div class=\"numbox\">Teil.1<\/div>\n<div class=\"title\">Verschiedene Abmessungen. Dimension kann als Anfrage angepasst werden.<\/div>\n<\/div>\n<\/div>\n<\/div>\n<div class=\"item tab_row bg-color-before\">\n<div class=\"img d-font-size-fix\"><img decoding=\"async\" title=\"\" src=\"https:\/\/img.yfisher.com\/m6076\/1725726651zjx\/jpg70-t3-scale100.webp\" alt=\"Gesinterte Aktivkohle-Blockfilterpatrone 7\" data-lazy=\"2\"><\/div>\n<div class=\"text_box\">\n<div class=\"txt font-color d-font-size-fix\">\n<div class=\"numbox\">Teil.2<\/div>\n<div class=\"title\">Kombination von gesinterter Aktivkohle mit schmelzgeblasenen PP-Filtermedien (Option).<\/div>\n<\/div>\n<\/div>\n<\/div>\n<div class=\"item tab_row bg-color-before\">\n<div class=\"img d-font-size-fix\"><img decoding=\"async\" title=\"\" src=\"https:\/\/img.yfisher.com\/m6076\/1725726651ofi\/jpg70-t3-scale100.webp\" alt=\"Gesinterte Aktivkohle-Blockfilterpatrone 8\" data-lazy=\"2\"><\/div>\n<div class=\"text_box\">\n<div class=\"txt font-color d-font-size-fix\">\n<div class=\"numbox\">Teil.3<\/div>\n<div class=\"title\">Innovative Technologie verbessert die Funktionen des Sinterkohlefilters mit Anti-Kalk, Schwermetallentfernung, antibakteriellem Schutz, Fluor- und Ammoniak-Stickstoffentfernung, etc.<\/div>\n<\/div>\n<\/div>\n<\/div>\n<div class=\"d-tem04-title text-left d-interval manS\" data-detail=\"wrap\">\n<h2 class=\"heading\">Produktanwendungen<\/h2>\n<\/div>\n<div class=\"d-tem15-graphic mockup\" data-detail=\"wrap\">\n<div class=\"clearfix d-clearfix\">\n<div class=\"col-sm-12 col-md-4 col-xs-6\">\n<div class=\"thumbnail\"><img decoding=\"async\" title=\"\" src=\"https:\/\/img.yfisher.com\/m6076\/172572665131t\/jpg70-t3-scale100.webp\" alt=\"Gesinterte Aktivkohle-Blockfilterpatrone 9\" data-lazy=\"2\"><\/div>\n<div class=\"description\">Wasseraufbereitung<\/div>\n<\/div>\n<div class=\"col-sm-12 col-md-4 col-xs-6\">\n<div class=\"thumbnail\"><img decoding=\"async\" title=\"\" src=\"https:\/\/img.yfisher.com\/m6076\/17257266517x1\/jpg70-t3-scale100.webp\" alt=\"Gesinterte Aktivkohle-Blockfilterpatrone 10\" data-lazy=\"2\"><\/div>\n<div class=\"description\">Reinigung von Luft und Gasen<\/div>\n<\/div>\n<div class=\"col-sm-12 col-md-4 col-xs-6\">\n<div class=\"thumbnail\"><img decoding=\"async\" title=\"\" src=\"https:\/\/img.yfisher.com\/m6076\/1725726651qv5\/jpg70-t3-scale100.webp\" alt=\"Gesinterte Aktivkohle-Blockfilterpatrone 11\" data-lazy=\"2\"><\/div>\n<div class=\"description\">Pharmazeutische und medizinische Produkte<\/div>\n<\/div>\n<\/div>\n<\/div>\n<div class=\"d-tem15-graphic mockup\" data-detail=\"wrap\">\n<div class=\"clearfix d-clearfix\">\n<div class=\"col-sm-12 col-md-4 col-xs-6\">\n<div class=\"thumbnail\"><img decoding=\"async\" title=\"\" src=\"https:\/\/img.yfisher.com\/m6076\/1725726651xzi\/jpg70-t3-scale100.webp\" alt=\"Gesinterte Aktivkohle-Blockfilterpatrone 12\" data-lazy=\"2\"><\/div>\n<div class=\"description\">Lebensmittel- und Getr\u00e4nkeindustrie<\/div>\n<\/div>\n<div class=\"col-sm-12 col-md-4 col-xs-6\">\n<div class=\"thumbnail\"><img decoding=\"async\" title=\"\" src=\"https:\/\/img.yfisher.com\/m6076\/17257266517ey\/jpg70-t3-scale100.webp\" alt=\"Gesinterte Aktivkohle-Blockfilterpatrone 13\" data-lazy=\"2\"><\/div>\n<div class=\"description\">Automobilindustrie<\/div>\n<\/div>\n<div class=\"col-sm-12 col-md-4 col-xs-6\">\n<div class=\"thumbnail\"><img decoding=\"async\" title=\"\" src=\"https:\/\/img.yfisher.com\/m6076\/1725726651ig2\/jpg70-t3-scale100.webp\" alt=\"Gesinterte Aktivkohle-Blockfilterpatrone 14\" data-lazy=\"2\"><\/div>\n<div class=\"description\">Galvanische Industrie<\/div>\n<\/div>\n<\/div>\n<\/div>\n<\/div>\n<\/div>","protected":false},"excerpt":{"rendered":"<table>\n<thead>\n<tr>\n<th>Start-Hafen:<\/th>\n<th>Guangzhou<\/th>\n<\/tr>\n<\/thead>\n<tbody>\n<tr>\n<td>Produktionskapazit\u00e4t:<\/td>\n<td>5000 Einheiten\/Monat<\/td>\n<\/tr>\n<tr>\n<td>Ort der Herkunft:<\/td>\n<td>Guangdong, China<\/td>\n<\/tr>\n<tr>\n<td>Bezahlung:<\/td>\n<td>T\/T, Alibaba Trade Assurance, paypal<\/td>\n<\/tr>\n<tr>\n<td>MOQ:<\/td>\n<td>10St\u00fcck<\/td>\n<\/tr>\n<tr>\n<td>Lieferzeiten:<\/td>\n<td>In 7 bis 15 Arbeitstagen<\/td>\n<\/tr>\n<tr>\n<td>Zertifizierung:<\/td>\n<td>SGS, ISO 9001<\/td>\n<\/tr>\n<tr>\n<td>Marke:<\/td>\n<td>LVYUAN<\/td>\n<\/tr>\n<\/tbody>\n<\/table>","protected":false},"featured_media":634,"comment_status":"open","ping_status":"closed","template":"","meta":{"_gspb_post_css":""},"product_brand":[],"product_cat":[17,22],"product_tag":[275,261,266,260,265,269],"class_list":{"0":"post-633","1":"product","2":"type-product","3":"status-publish","4":"has-post-thumbnail","6":"product_cat-sediment-filter","7":"product_cat-sintered-filter-cartridge","8":"product_tag-fast-shipping","9":"product_tag-guangdong-china","10":"product_tag-guangzhou","11":"product_tag-iso-9001","12":"product_tag-lvyuan","13":"product_tag-sgs","15":"first","16":"instock","17":"shipping-taxable","18":"product-type-simple"},"_links":{"self":[{"href":"https:\/\/lyfilter.com\/de\/wp-json\/wp\/v2\/product\/633","targetHints":{"allow":["GET"]}}],"collection":[{"href":"https:\/\/lyfilter.com\/de\/wp-json\/wp\/v2\/product"}],"about":[{"href":"https:\/\/lyfilter.com\/de\/wp-json\/wp\/v2\/types\/product"}],"replies":[{"embeddable":true,"href":"https:\/\/lyfilter.com\/de\/wp-json\/wp\/v2\/comments?post=633"}],"wp:featuredmedia":[{"embeddable":true,"href":"https:\/\/lyfilter.com\/de\/wp-json\/wp\/v2\/media\/634"}],"wp:attachment":[{"href":"https:\/\/lyfilter.com\/de\/wp-json\/wp\/v2\/media?parent=633"}],"wp:term":[{"taxonomy":"product_brand","embeddable":true,"href":"https:\/\/lyfilter.com\/de\/wp-json\/wp\/v2\/product_brand?post=633"},{"taxonomy":"product_cat","embeddable":true,"href":"https:\/\/lyfilter.com\/de\/wp-json\/wp\/v2\/product_cat?post=633"},{"taxonomy":"product_tag","embeddable":true,"href":"https:\/\/lyfilter.com\/de\/wp-json\/wp\/v2\/product_tag?post=633"}],"curies":[{"name":"wp","href":"https:\/\/api.w.org\/{rel}","templated":true}]}}