{"id":627,"date":"2025-12-24T03:24:18","date_gmt":"2025-12-24T03:24:18","guid":{"rendered":"https:\/\/lyfilter.com\/?post_type=product&#038;p=627"},"modified":"2025-12-24T06:49:44","modified_gmt":"2025-12-24T06:49:44","slug":"ptfe-membrane-pleated-water-filter-cartridge-with-internal-stainless-steel-reinforcing-ring","status":"publish","type":"product","link":"https:\/\/lyfilter.com\/de\/ptfe-membrane-pleated-water-filter-cartridge-with-internal-stainless-steel-reinforcing-ring\/","title":{"rendered":"Gefaltete PTFE-Membran-Wasserfilterpatrone mit internem Verst\u00e4rkungsring aus Edelstahl"},"content":{"rendered":"<div class=\"d-tem11-graphic tem11-graphic mockup\" data-detail=\"wrap\">\n<div class=\"tab_row\">\n<div class=\"img\"><img decoding=\"async\" title=\"\" src=\"https:\/\/img.yfisher.com\/m6076\/17252869725dl\/jpg70-t3-scale100.webp\" alt=\"Gefaltete PTFE-Membran-Wasserfilterpatrone mit internem Verst\u00e4rkungsring aus Edelstahl 6\" data-lazy=\"2\"><\/div>\n<div class=\"text_box\">\n<div class=\"txt\">\n<div class=\"title\">PTFE-Membran-Patronenfilter wird aus importierten nat\u00fcrlichen<br \/>\nhydrophobe PTFE-Membran (Polytetrafluorethylen) und nicht gewebte Tr\u00e4germaterialien. Die Adapter sind thermisch verschwei\u00dft, ohne dass Klebstoffe verwendet werden, um jegliche Verschmutzung zu verhindern. Diese wirtschaftlichen PTFE-Membranpatronenfilter bieten im Vergleich zu den \u00fcblicherweise in Druckluftanwendungen verwendeten Polypropylenfiltern eine \u00fcberlegene Hydrophobie, wodurch sie sich ideal f\u00fcr Versorgungs- und Tankentl\u00fcftungsanwendungen eignen, ohne die h\u00f6heren Kosten der typischen PTFE-Filter.<\/div>\n<\/div>\n<\/div>\n<\/div>\n<\/div>\n<div class=\"er-fangkuang1\">\n<p>\u00a0 Produktmerkmal<\/p>\n<div class=\"description\">\n<ul>\n<li><span class=\"font-color\">\u25ea \u00a0\u00a0<\/span>Hervorragende hydrophobe Leistung, die Wassererosion ist widerstandsf\u00e4higer als bei der \u00fcblichen PVDF-Membran.<\/li>\n<li><span class=\"font-color\">\u25ea\u00a0 \u00a0<\/span>Widersteht Wasserschock, Gegendruck und wiederholter Sterilisation bei hohen Temperaturen.<\/li>\n<li><span class=\"font-color\">\u25ea\u00a0 \u00a0<\/span>100% bakterielle R\u00fcckhaltung und effektive Filtration bis zu 0,2 \u03bcm Partikel.<\/li>\n<li><span class=\"font-color\">\u25ea\u00a0 \u00a0<\/span>100% auf Integrit\u00e4t gepr\u00fcft.<\/li>\n<li><span class=\"font-color\">\u25ea\u00a0 \u00a0<\/span>Es besteht aus 2 Arten von hei\u00df verschwei\u00dften Materialien (PTFE und PP), ohne Klebstoffe, sauber und stabil, und erf\u00fcllt die hohen Standards der pharmazeutischen Industrie.<\/li>\n<\/ul>\n<\/div>\n<\/div>\n<div class=\"d-tem04-title text-left d-interval manS\" data-detail=\"wrap\">\n<h2 class=\"heading\">Produkt-Parameter<\/h2>\n<\/div>\n<div class=\"table-responsive\">\n<table class=\"table table-bordered table-hover\">\n<tbody>\n<tr class=\"firstRow\">\n<td>Produktname<\/td>\n<td>10 Zoll PTFE-Membran-Faltenfilterpatrone mit Edelstahl 222<\/td>\n<\/tr>\n<tr>\n<td>Filtermedien<\/td>\n<td>PTFE-Membran<\/td>\n<\/tr>\n<tr>\n<td>Unterst\u00fctzung<\/td>\n<td>PP\/Polypropylen<\/td>\n<\/tr>\n<tr>\n<td>Kern\/Endkappe<\/td>\n<td>PP\/Polypropylen<\/td>\n<\/tr>\n<tr>\n<td>Werkstoff der Dichtung<\/td>\n<td>Silikon\/EPDM\/VITON\/PTFE\/NBR\/TEFLON<\/td>\n<\/tr>\n<tr>\n<td>\u00c4u\u00dferer Durchmesser<\/td>\n<td>2.7\u2018\u2019(69mm)<\/td>\n<\/tr>\n<tr>\n<td>L\u00e4nge<\/td>\n<td>9,75\u201d, 10\u201d, 20\u201d, 30\u201d, 40\u201d, kundenspezifisch<\/td>\n<\/tr>\n<tr>\n<td>Endkappe<\/td>\n<td>215\/222\/226\/FIN\/DOE\/SS<\/td>\n<\/tr>\n<tr>\n<td>Bereich Filtration<\/td>\n<td>\u22650.72m\u00b2<\/td>\n<\/tr>\n<tr>\n<td>Max. Betriebstemperatur<\/td>\n<td>80\u2103, 0.173Mpa<\/td>\n<\/tr>\n<tr>\n<td>Mikrometerwert (\u03bcm)<\/td>\n<td>0.2, 0.45<\/td>\n<\/tr>\n<\/tbody>\n<\/table>\n<\/div>\n<div class=\"d-tem04-title text-left d-interval manS\" data-detail=\"wrap\">\n<h2 class=\"heading\">Details zum Produkt<\/h2>\n<\/div>\n<div class=\"d-tem05-technology mockup\" data-detail=\"wrap\">\n<div class=\"items\">\n<div class=\"item tab_row bg-color-before\">\n<div class=\"img d-font-size-fix\"><img decoding=\"async\" title=\"\" src=\"https:\/\/img.yfisher.com\/m6076\/1725286972l2c\/jpg70-t3-scale100.webp\" alt=\"Gefaltete PTFE-Membran-Wasserfilterpatrone mit internem Verst\u00e4rkungsring aus Edelstahl 7\" data-lazy=\"2\"><\/div>\n<div class=\"text_box\">\n<div class=\"txt font-color d-font-size-fix\">\n<div class=\"numbox\">Teil.1<\/div>\n<div class=\"title\">Es besteht aus 2 Arten von Hei\u00dfschwei\u00dfmaterialien (PTFE und PP), ohne Klebstoffe, sauber und stabil.<\/div>\n<\/div>\n<\/div>\n<\/div>\n<div class=\"item tab_row bg-color-before\">\n<div class=\"img d-font-size-fix\"><img decoding=\"async\" title=\"\" src=\"https:\/\/img.yfisher.com\/m6076\/1725286972qrm\/jpg70-t3-scale100.webp\" alt=\"Gefaltete PTFE-Membran-Wasserfilterpatrone mit innenliegendem Verst\u00e4rkungsring aus Edelstahl 8\" data-lazy=\"2\"><\/div>\n<div class=\"text_box\">\n<div class=\"txt font-color d-font-size-fix\">\n<div class=\"numbox\">Teil.2<\/div>\n<div class=\"title\">DOE doppelt ge\u00f6ffneter PTFE-Membranfilter mit PTFE-Dichtung. Er ist eine gute Wahl f\u00fcr die pharmazeutische und andere strenge Anwendungen.<\/div>\n<\/div>\n<\/div>\n<\/div>\n<div class=\"item tab_row bg-color-before\">\n<div class=\"img d-font-size-fix\"><img decoding=\"async\" title=\"\" src=\"https:\/\/img.yfisher.com\/m6076\/1725286972wr5\/jpg70-t3-scale100.webp\" alt=\"Gefaltete PTFE-Membran-Wasserfilterpatrone mit internem Verst\u00e4rkungsring aus Edelstahl 9\" data-lazy=\"2\"><\/div>\n<div class=\"text_box\">\n<div class=\"txt font-color d-font-size-fix\">\n<div class=\"numbox\">Teil.3<\/div>\n<div class=\"title\">Die Adapter werden thermisch verschwei\u00dft, ohne dass Klebstoffe verwendet werden, um jegliche Verschmutzung zu vermeiden.<\/div>\n<\/div>\n<\/div>\n<\/div>\n<div class=\"item tab_row bg-color-before\">\n<div class=\"img d-font-size-fix\"><img decoding=\"async\" title=\"\" src=\"https:\/\/img.yfisher.com\/m6076\/17252869724na\/jpg70-t3-scale100.webp\" alt=\"Gefaltete PTFE-Membran-Wasserfilterpatrone mit internem Verst\u00e4rkungsring aus Edelstahl 10\" data-lazy=\"2\"><\/div>\n<div class=\"text_box\">\n<div class=\"txt font-color d-font-size-fix\">\n<div class=\"numbox\">Teil.4<\/div>\n<div class=\"title\">Unterschiedliche L\u00e4ngen und verschiedene Endkappen sind optional.<\/div>\n<\/div>\n<\/div>\n<\/div>\n<div class=\"d-tem04-title text-left d-interval manS\" data-detail=\"wrap\">\n<h2 class=\"heading\">Produktanwendungen<\/h2>\n<\/div>\n<div class=\"d-tem15-graphic mockup\" data-detail=\"wrap\">\n<div class=\"clearfix d-clearfix\">\n<div class=\"col-sm-12 col-md-4 col-xs-6\">\n<div class=\"thumbnail\"><img decoding=\"async\" title=\"\" src=\"https:\/\/img.yfisher.com\/m6076\/1725286972eol\/jpg70-t3-scale100.webp\" alt=\"Gefaltete PTFE-Membran-Wasserfilterpatrone mit internem Verst\u00e4rkungsring aus Edelstahl 11\" data-lazy=\"2\"><\/div>\n<div class=\"description\">\n<p>Umkehrosmose-Wasseranlage Vorfiltration<\/p>\n<\/div>\n<\/div>\n<div class=\"col-sm-12 col-md-4 col-xs-6\">\n<div class=\"thumbnail\"><img decoding=\"async\" title=\"\" src=\"https:\/\/img.yfisher.com\/m6076\/1725286972xbs\/jpg70-t3-scale100.webp\" alt=\"Gefaltete PTFE-Membran-Wasserfilterpatrone mit internem Verst\u00e4rkungsring aus Edelstahl 12\" data-lazy=\"2\"><\/div>\n<div class=\"description\">Elektronik-Industrie<\/div>\n<\/div>\n<div class=\"col-sm-12 col-md-4 col-xs-6\">\n<div class=\"thumbnail\"><img decoding=\"async\" title=\"\" src=\"https:\/\/img.yfisher.com\/m6076\/1725286973s9v\/png70-t3-scale100.webp\" alt=\"Gefaltete PTFE-Membran-Wasserfilterpatrone mit internem Verst\u00e4rkungsring aus Edelstahl 13\" data-lazy=\"2\"><\/div>\n<div class=\"description\">Filtration von Mineralwasser<\/div>\n<\/div>\n<\/div>\n<\/div>\n<div class=\"d-tem15-graphic mockup\" data-detail=\"wrap\">\n<div class=\"clearfix d-clearfix\">\n<div class=\"col-sm-12 col-md-4 col-xs-6\">\n<div class=\"thumbnail\"><img decoding=\"async\" title=\"\" src=\"https:\/\/img.yfisher.com\/m6076\/1725286973jsc\/png70-t3-scale100.webp\" alt=\"Gefaltete PTFE-Membran-Wasserfilterpatrone mit internem Verst\u00e4rkungsring aus Edelstahl 14\" data-lazy=\"2\"><\/div>\n<div class=\"description\">Filtration von organischen L\u00f6sungsmitteln und Tinte<\/div>\n<\/div>\n<div class=\"col-sm-12 col-md-4 col-xs-6\">\n<div class=\"thumbnail\"><img decoding=\"async\" title=\"\" src=\"https:\/\/img.yfisher.com\/m6076\/1725286973e46\/jpg70-t3-scale100.webp\" alt=\"Gefaltete PTFE-Membran-Wasserfilterpatrone mit internem Verst\u00e4rkungsring aus Edelstahl 15\" data-lazy=\"2\"><\/div>\n<div class=\"description\">Filtration von Arzneimitteln<\/div>\n<\/div>\n<div class=\"col-sm-12 col-md-4 col-xs-6\">\n<div class=\"thumbnail\"><img decoding=\"async\" title=\"\" src=\"https:\/\/img.yfisher.com\/m6076\/172528697395f\/jpg70-t3-scale100.webp\" alt=\"Faltenfilterpatrone mit PTFE-Membran und internem Verst\u00e4rkungsring aus Edelstahl 16\" data-lazy=\"2\"><\/div>\n<div class=\"description\">Filtration von biologischen<\/div>\n<\/div>\n<\/div>\n<\/div>\n<\/div>\n<\/div>","protected":false},"excerpt":{"rendered":"<table>\n<thead>\n<tr>\n<th>Start-Hafen:<\/th>\n<th>Guangzhou<\/th>\n<\/tr>\n<\/thead>\n<tbody>\n<tr>\n<td>Produktionskapazit\u00e4t:<\/td>\n<td>500 Einheiten\/Monat<\/td>\n<\/tr>\n<tr>\n<td>Ort der Herkunft:<\/td>\n<td>Guangdong, China<\/td>\n<\/tr>\n<tr>\n<td>Bezahlung:<\/td>\n<td>T\/T, Western Union, MoneyGram, Alibaba Trade Assurance, paypal<\/td>\n<\/tr>\n<tr>\n<td>MOQ:<\/td>\n<td>10St\u00fcck<\/td>\n<\/tr>\n<tr>\n<td>Modell:<\/td>\n<td>LY-PL-PTFE<\/td>\n<\/tr>\n<tr>\n<td>Lieferzeiten:<\/td>\n<td>Innerhalb von 7 Arbeitstagen<\/td>\n<\/tr>\n<tr>\n<td>Zertifizierung:<\/td>\n<td>SGS, ISO 9001<\/td>\n<\/tr>\n<tr>\n<td>Marke:<\/td>\n<td>LVYUAN<\/td>\n<\/tr>\n<\/tbody>\n<\/table>","protected":false},"featured_media":629,"comment_status":"open","ping_status":"closed","template":"","meta":{"_gspb_post_css":""},"product_brand":[],"product_cat":[17,21],"product_tag":[261,266,260,265,274,269],"class_list":{"0":"post-627","1":"product","2":"type-product","3":"status-publish","4":"has-post-thumbnail","6":"product_cat-sediment-filter","7":"product_cat-pleated-filter-cartridge","8":"product_tag-guangdong-china","9":"product_tag-guangzhou","10":"product_tag-iso-9001","11":"product_tag-lvyuan","12":"product_tag-ly-pl-ptfe","13":"product_tag-sgs","15":"first","16":"instock","17":"shipping-taxable","18":"product-type-simple"},"_links":{"self":[{"href":"https:\/\/lyfilter.com\/de\/wp-json\/wp\/v2\/product\/627","targetHints":{"allow":["GET"]}}],"collection":[{"href":"https:\/\/lyfilter.com\/de\/wp-json\/wp\/v2\/product"}],"about":[{"href":"https:\/\/lyfilter.com\/de\/wp-json\/wp\/v2\/types\/product"}],"replies":[{"embeddable":true,"href":"https:\/\/lyfilter.com\/de\/wp-json\/wp\/v2\/comments?post=627"}],"wp:featuredmedia":[{"embeddable":true,"href":"https:\/\/lyfilter.com\/de\/wp-json\/wp\/v2\/media\/629"}],"wp:attachment":[{"href":"https:\/\/lyfilter.com\/de\/wp-json\/wp\/v2\/media?parent=627"}],"wp:term":[{"taxonomy":"product_brand","embeddable":true,"href":"https:\/\/lyfilter.com\/de\/wp-json\/wp\/v2\/product_brand?post=627"},{"taxonomy":"product_cat","embeddable":true,"href":"https:\/\/lyfilter.com\/de\/wp-json\/wp\/v2\/product_cat?post=627"},{"taxonomy":"product_tag","embeddable":true,"href":"https:\/\/lyfilter.com\/de\/wp-json\/wp\/v2\/product_tag?post=627"}],"curies":[{"name":"wp","href":"https:\/\/api.w.org\/{rel}","templated":true}]}}