{"id":622,"date":"2025-12-24T03:22:19","date_gmt":"2025-12-24T03:22:19","guid":{"rendered":"https:\/\/lyfilter.com\/?post_type=product&#038;p=622"},"modified":"2025-12-24T06:44:10","modified_gmt":"2025-12-24T06:44:10","slug":"5-inch-10-inch-replacement-pp-pleated-water-filter-cartridge","status":"publish","type":"product","link":"https:\/\/lyfilter.com\/de\/5-inch-10-inch-replacement-pp-pleated-water-filter-cartridge\/","title":{"rendered":"5 Zoll 10 Zoll Ersatz PP gefaltete Wasserfilterpatrone"},"content":{"rendered":"<div class=\"d-tem11-graphic tem11-graphic mockup\" data-detail=\"wrap\">\n<div class=\"tab_row\">\n<div class=\"img\"><img decoding=\"async\" title=\"\" src=\"https:\/\/img.yfisher.com\/m6076\/1725726646o9l\/jpg70-t3-scale100.webp\" alt=\"5 Zoll 10 Zoll Ersatz PP gefaltete Wasserfilterpatrone 5\" data-lazy=\"2\"><\/div>\n<div class=\"text_box\">\n<div class=\"txt\">\n<p>PP-Faltenfilterpatronen bieten eine hohe Effizienz und gleichm\u00e4\u00dfige Filtration von Fl\u00fcssigkeiten in einer Vielzahl von kritischen Anwendungen.<\/p>\n<p>Sie bestehen aus plissierten Membranfiltermedien, die Partikel von 0,1 bis 60 um entfernen. Die Porengr\u00f6\u00dfe wird durch die Vibration des Zuf\u00fchrungsdrucks nicht beeintr\u00e4chtigt, aufgrund des einzigartigen niedrigen Differenzdrucks, des hohen Durchflussvolumens und der ausgezeichneten Filtrierbarkeit in Mikron.<\/p>\n<p>Die gro\u00dfe Oberfl\u00e4che gew\u00e4hrleistet eine lange Lebensdauer und einen geringen Anfangsdruckabfall. Alle Hardwarekomponenten der Patronen sind aus hochreinem Polypropylen f\u00fcr den Einsatz in kritischen Prozessanwendungen gefertigt. Alle Patronen werden in einer Reinraumumgebung hergestellt und montiert, um die M\u00f6glichkeit einer Kontamination zu minimieren.<\/p>\n<p>Diese Art von Patronen sind in einer Vielzahl von Konfigurationen erh\u00e4ltlich und passen in die meisten handels\u00fcblichen Filtergeh\u00e4use.<\/p>\n<\/div>\n<\/div>\n<\/div>\n<\/div>\n<div class=\"er-fangkuang1\">\n<p>\u00a0 Produktmerkmal<\/p>\n<div class=\"description\">\n<ul>\n<li><span class=\"font-color\">\u25ea \u00a0 \u00a0<\/span>Ausgezeichnete chemische Vertr\u00e4glichkeit. Geeignet zum Filtern von organischen L\u00f6sungsmitteln und sauren Basen.<\/li>\n<li><span class=\"font-color\">\u25ea\u00a0 \u00a0<\/span>Die mehrlagige PP-Membranstruktur erm\u00f6glicht eine abgestufte Filterporengr\u00f6\u00dfe und erh\u00f6ht die Schmutzaufnahmekapazit\u00e4t der PP-Faltenwasserfilter.<\/li>\n<li><span class=\"font-color\">\u25ea\u00a0 \u00a0<\/span>Gro\u00dfes Durchflussvolumen, niedriger Differenzdruck und lange Lebensdauer.<\/li>\n<li><span class=\"font-color\">\u25ea\u00a0 \u00a0<\/span>Hydrophile Membran mit hohem Durchfluss.<\/li>\n<li><span class=\"font-color\">\u25ea\u00a0 \u00a0<\/span>Das plissierte Design vergr\u00f6\u00dfert die Filterfl\u00e4che f\u00fcr eine Tiefenfiltration.<\/li>\n<li><span class=\"font-color\">\u25ea\u00a0 \u00a0<\/span>Anwendung der thermischen Bindungstechnik, stark und ohne jegliche Verschmutzung.<\/li>\n<li><span class=\"font-color\">\u25ea\u00a0 \u00a0<\/span>Vollst\u00e4ndige Palette an Abscheidungsmikronwerten.<\/li>\n<li><span class=\"font-color\">\u25ea\u00a0 \u00a0<\/span>Abgestufte Porendichte f\u00fcr hohe Schmutzaufnahmekapazit\u00e4t.<\/li>\n<li><span class=\"font-color\">\u25ea\u00a0 \u00a0<\/span>Gemeinsame Verwendung in der Reinigung und Sterilisation mit Kabinett und Dampf mit hohem Druck.<\/li>\n<\/ul>\n<\/div>\n<\/div>\n<div class=\"d-tem04-title text-left d-interval manS\" data-detail=\"wrap\">\n<h2 class=\"heading\">Produkt-Parameter<\/h2>\n<\/div>\n<div class=\"table-responsive\">\n<table class=\"table table-bordered table-hover\">\n<tbody>\n<tr class=\"firstRow\">\n<td>Filtermedien<\/td>\n<td>PP\/Polypropylen<\/td>\n<\/tr>\n<tr>\n<td>Unterst\u00fctzung<\/td>\n<td>PP\/Polypropylen<\/td>\n<\/tr>\n<tr>\n<td>Kern\/Endkappe<\/td>\n<td>PP\/Polypropylen<\/td>\n<\/tr>\n<tr>\n<td>Werkstoff der Dichtung<\/td>\n<td>Silikon\/EPDM\/NBR\/Viton\/Teflon<\/td>\n<\/tr>\n<tr>\n<td>\u00c4u\u00dferer Durchmesser<\/td>\n<td>2.7\u201d , kundenspezifisch<\/td>\n<\/tr>\n<tr>\n<td>L\u00e4nge<\/td>\n<td>9,75\u201d, 10\u201d, 20\u201d, 30\u201d, 40\u201d kundenspezifisch<\/td>\n<\/tr>\n<tr>\n<td>Endkappe<\/td>\n<td>DOE, 215, 222, 226, FIN, FLAT, Edelstahl, oder kundenspezifisch.<\/td>\n<\/tr>\n<tr>\n<td>Bereich Filtration<\/td>\n<td>0.4-0.7m\u00b2 (10\u201d)<\/td>\n<\/tr>\n<tr>\n<td>Max. Betriebstemperatur<\/td>\n<td>88\u2103, 0,28Mpa. 60\u2103, 0.42Mpa.<\/td>\n<\/tr>\n<tr>\n<td>Mikrometerwert (\u03bcm)<\/td>\n<td>0.1, 0.2, 0.45, 0.65, 1, 2, 3, 5, 10, 20, 25, 30, 50, 60<\/td>\n<\/tr>\n<\/tbody>\n<\/table>\n<\/div>\n<div class=\"d-tem04-title text-left d-interval manS\" data-detail=\"wrap\">\n<h2 class=\"heading\">Details zum Produkt<\/h2>\n<\/div>\n<div class=\"d-tem05-technology mockup\" data-detail=\"wrap\">\n<div class=\"items\">\n<div class=\"item tab_row bg-color-before\">\n<div class=\"img d-font-size-fix\"><img decoding=\"async\" title=\"\" src=\"https:\/\/img.yfisher.com\/m6076\/1725726646zs0\/jpg70-t3-scale100.webp\" alt=\"5 Zoll 10 Zoll Ersatz-PP-Faltenwasserfilterpatrone 6\" data-lazy=\"2\"><\/div>\n<div class=\"text_box\">\n<div class=\"txt font-color d-font-size-fix\">\n<div class=\"numbox\">Teil.1<\/div>\n<div class=\"title\">Die Endkappen aus Polypropylen sind thermisch mit den Medienpaketen verbunden, so dass keine Klebstoffe erforderlich sind, die mit kritischen Prozessfl\u00fcssigkeiten reagieren oder diese kontaminieren k\u00f6nnten. Stark und keine Verschmutzung.<\/div>\n<\/div>\n<\/div>\n<\/div>\n<div class=\"item tab_row bg-color-before\">\n<div class=\"img d-font-size-fix\"><img decoding=\"async\" title=\"\" src=\"https:\/\/img.yfisher.com\/m6076\/17257266461qh\/jpg70-t3-scale100.webp\" alt=\"5 Zoll 10 Zoll Ersatz-PP-Faltenwasserfilterpatrone 7\" data-lazy=\"2\"><\/div>\n<div class=\"text_box\">\n<div class=\"txt font-color d-font-size-fix\">\n<div class=\"numbox\">Teil.2<\/div>\n<div class=\"title\">Hocheffiziente 100%-Polypropylen-Kartuschen mit hartem Polypropylen als Innen- und Au\u00dfenkern. Wir bieten kundenspezifische Gr\u00f6\u00dfen f\u00fcr verschiedene Kunden erforderlich.<\/div>\n<\/div>\n<\/div>\n<\/div>\n<div class=\"item tab_row bg-color-before\">\n<div class=\"img d-font-size-fix\"><img decoding=\"async\" title=\"\" src=\"https:\/\/img.yfisher.com\/m6076\/1725726646n2s\/jpg70-t3-scale100.webp\" alt=\"5 Zoll 10 Zoll Ersatz PP gefaltete Wasserfilterpatrone 8\" data-lazy=\"2\"><\/div>\n<div class=\"text_box\">\n<div class=\"txt font-color d-font-size-fix\">\n<div class=\"numbox\">Teil.3<\/div>\n<div class=\"title\">Verschiedene Endkappen, die zu jedem Filtergeh\u00e4use und jeder Filtrationsindustrie passen, 100% aus reinem Polypropylen-Faltmaterial ohne organische Bindemittel.<\/div>\n<\/div>\n<\/div>\n<\/div>\n<div class=\"item tab_row bg-color-before\">\n<div class=\"img d-font-size-fix\"><img decoding=\"async\" title=\"\" src=\"https:\/\/img.yfisher.com\/m6076\/1725726646s6k\/jpg70-t3-scale100.webp\" alt=\"5 Zoll 10 Zoll Ersatz PP gefaltete Wasserfilterpatrone 9\" data-lazy=\"2\"><\/div>\n<div class=\"text_box\">\n<div class=\"txt font-color d-font-size-fix\">\n<div class=\"numbox\">Teil.4<\/div>\n<div class=\"title\">DOE 20 Zoll PP-Material gefaltete Filterpatrone mit EPDM-Dichtung, abgestufte Porosit\u00e4t mehrlagig.<\/div>\n<\/div>\n<\/div>\n<\/div>\n<div class=\"d-tem04-title text-left d-interval manS\" data-detail=\"wrap\">\n<h2 class=\"heading\">Produktanwendungen<\/h2>\n<\/div>\n<div class=\"d-tem15-graphic mockup\" data-detail=\"wrap\">\n<div class=\"clearfix d-clearfix\">\n<div class=\"col-sm-12 col-md-4 col-xs-6\">\n<div class=\"thumbnail\"><img decoding=\"async\" title=\"\" src=\"https:\/\/img.yfisher.com\/m6076\/1725286972eol\/jpg70-t3-scale100.webp\" alt=\"5 Zoll 10 Zoll Ersatz PP gefaltete Wasserfilterpatrone 10\" data-lazy=\"2\"><\/div>\n<div class=\"description\">\n<p>Umkehrosmose-Wasseranlage Vorfiltration<\/p>\n<\/div>\n<\/div>\n<div class=\"col-sm-12 col-md-4 col-xs-6\">\n<div class=\"thumbnail\"><img decoding=\"async\" title=\"\" src=\"https:\/\/img.yfisher.com\/m6076\/1725726646jx2\/jpg70-t3-scale100.webp\" alt=\"5 Zoll 10 Zoll Ersatz PP gefaltete Wasserfilterpatrone 11\" data-lazy=\"2\"><\/div>\n<div class=\"description\">Filtration von Getr\u00e4nken<\/div>\n<\/div>\n<div class=\"col-sm-12 col-md-4 col-xs-6\">\n<div class=\"thumbnail\"><img decoding=\"async\" title=\"\" src=\"https:\/\/img.yfisher.com\/m6076\/1725286973s9v\/png70-t3-scale100.webp\" alt=\"5 Zoll 10 Zoll Ersatz-PP-Faltenwasserfilterpatrone 12\" data-lazy=\"2\"><\/div>\n<div class=\"description\">Filtration von Mineralwasser<\/div>\n<\/div>\n<\/div>\n<\/div>\n<div class=\"d-tem15-graphic mockup\" data-detail=\"wrap\">\n<div class=\"clearfix d-clearfix\">\n<div class=\"col-sm-12 col-md-4 col-xs-6\">\n<div class=\"thumbnail\"><img decoding=\"async\" title=\"\" src=\"https:\/\/img.yfisher.com\/m6076\/1725286973jsc\/png70-t3-scale100.webp\" alt=\"5 Zoll 10 Zoll Ersatz-PP-Faltenwasserfilterpatrone 13\" data-lazy=\"2\"><\/div>\n<div class=\"description\">Filtration von organischen L\u00f6sungsmitteln und Tinte<\/div>\n<\/div>\n<div class=\"col-sm-12 col-md-4 col-xs-6\">\n<div class=\"thumbnail\"><img decoding=\"async\" title=\"\" src=\"https:\/\/img.yfisher.com\/m6076\/1725286973e46\/jpg70-t3-scale100.webp\" alt=\"5 Zoll 10 Zoll Ersatz PP gefaltete Wasserfilterpatrone 14\" data-lazy=\"2\"><\/div>\n<div class=\"description\">Filtration von Arzneimitteln<\/div>\n<\/div>\n<div class=\"col-sm-12 col-md-4 col-xs-6\">\n<div class=\"thumbnail\"><img decoding=\"async\" title=\"\" src=\"https:\/\/img.yfisher.com\/m6076\/172528697395f\/jpg70-t3-scale100.webp\" alt=\"5 Zoll 10 Zoll Ersatz PP gefaltete Wasserfilterpatrone 15\" data-lazy=\"2\"><\/div>\n<div class=\"description\">Filtration von biologischen<\/div>\n<\/div>\n<\/div>\n<\/div>\n<\/div>\n<\/div>","protected":false},"excerpt":{"rendered":"<table>\n<thead>\n<tr>\n<th>Start-Hafen:<\/th>\n<th>Guangzhou<\/th>\n<\/tr>\n<\/thead>\n<tbody>\n<tr>\n<td>Produktionskapazit\u00e4t:<\/td>\n<td>500 Einheiten\/Monat<\/td>\n<\/tr>\n<tr>\n<td>Ort der Herkunft:<\/td>\n<td>Guangdong, China<\/td>\n<\/tr>\n<tr>\n<td>Bezahlung:<\/td>\n<td>T\/T, Alibaba Trade Assurance, paypal<\/td>\n<\/tr>\n<tr>\n<td>MOQ:<\/td>\n<td>10St\u00fcck<\/td>\n<\/tr>\n<tr>\n<td>Modell:<\/td>\n<td>LY-PL-PP<\/td>\n<\/tr>\n<tr>\n<td>Lieferzeiten:<\/td>\n<td>Innerhalb von 7 Arbeitstagen<\/td>\n<\/tr>\n<tr>\n<td>Zertifizierung:<\/td>\n<td>SGS, ISO 9001<\/td>\n<\/tr>\n<tr>\n<td>Marke:<\/td>\n<td>OEM\/Lvyuan<\/td>\n<\/tr>\n<\/tbody>\n<\/table>","protected":false},"featured_media":624,"comment_status":"open","ping_status":"closed","template":"","meta":{"_gspb_post_css":""},"product_brand":[],"product_cat":[21,17],"product_tag":[261,266,260,265,273,259],"class_list":{"0":"post-622","1":"product","2":"type-product","3":"status-publish","4":"has-post-thumbnail","6":"product_cat-pleated-filter-cartridge","7":"product_cat-sediment-filter","8":"product_tag-guangdong-china","9":"product_tag-guangzhou","10":"product_tag-iso-9001","11":"product_tag-lvyuan","12":"product_tag-ly-pl-pp","13":"product_tag-oem","15":"first","16":"instock","17":"shipping-taxable","18":"product-type-simple"},"_links":{"self":[{"href":"https:\/\/lyfilter.com\/de\/wp-json\/wp\/v2\/product\/622","targetHints":{"allow":["GET"]}}],"collection":[{"href":"https:\/\/lyfilter.com\/de\/wp-json\/wp\/v2\/product"}],"about":[{"href":"https:\/\/lyfilter.com\/de\/wp-json\/wp\/v2\/types\/product"}],"replies":[{"embeddable":true,"href":"https:\/\/lyfilter.com\/de\/wp-json\/wp\/v2\/comments?post=622"}],"wp:featuredmedia":[{"embeddable":true,"href":"https:\/\/lyfilter.com\/de\/wp-json\/wp\/v2\/media\/624"}],"wp:attachment":[{"href":"https:\/\/lyfilter.com\/de\/wp-json\/wp\/v2\/media?parent=622"}],"wp:term":[{"taxonomy":"product_brand","embeddable":true,"href":"https:\/\/lyfilter.com\/de\/wp-json\/wp\/v2\/product_brand?post=622"},{"taxonomy":"product_cat","embeddable":true,"href":"https:\/\/lyfilter.com\/de\/wp-json\/wp\/v2\/product_cat?post=622"},{"taxonomy":"product_tag","embeddable":true,"href":"https:\/\/lyfilter.com\/de\/wp-json\/wp\/v2\/product_tag?post=622"}],"curies":[{"name":"wp","href":"https:\/\/api.w.org\/{rel}","templated":true}]}}