{"id":617,"date":"2025-12-24T03:20:08","date_gmt":"2025-12-24T03:20:08","guid":{"rendered":"https:\/\/lyfilter.com\/?post_type=product&#038;p=617"},"modified":"2025-12-24T06:44:20","modified_gmt":"2025-12-24T06:44:20","slug":"0-2-%ce%bcm-5-inch-pes-membrane-pleated-cartridge-filters-manufacturer","status":"publish","type":"product","link":"https:\/\/lyfilter.com\/de\/0-2-%ce%bcm-5-inch-pes-membrane-pleated-cartridge-filters-manufacturer\/","title":{"rendered":"0,2 \u03bcm 5 Zoll PES-Membran Faltenfilter Hersteller"},"content":{"rendered":"<div class=\"d-tem11-graphic tem11-graphic mockup\" data-detail=\"wrap\">\n<div class=\"tab_row\">\n<div class=\"img\"><img decoding=\"async\" title=\"\" src=\"https:\/\/img.yfisher.com\/m6076\/1725726643y2e\/png70-t3-scale100.webp\" alt=\"0,2 \u03bcm 5 Zoll PES-Membran Faltenfilterpatronen Hersteller 5\" data-lazy=\"2\"><\/div>\n<div class=\"text_box\">\n<div class=\"txt\">\n<p>Die PES-Faltenfilterpatrone besteht aus importierten Polyethersulfon(PES)-Membranmedien und nicht gewebten Tr\u00e4germaterialien, das Material des K\u00e4figkerns und der Endkappen ist Polypropylen. Absolute Pr\u00e4zision Polyethersulfon-Membran (PES) Filterpatronen, Adapter sind thermisch mit Medien ohne Verwendung von Klebstoff, nicht jede Verschmutzung geschwei\u00dft.<\/p>\n<p>Die PES-Filterkerze ist ideal f\u00fcr die kritische Vorfiltration bei Sterilisationsanwendungen und die Endfiltration in einem breiten Spektrum anspruchsvoller nichtsteriler Anwendungen. Die inh\u00e4rent hydrophile Membran enth\u00e4lt keine Tenside oder Benetzungsmittel, was zu einer effektiven Filtration und Durchflussrate f\u00fchrt<\/p>\n<p>Aufgrund des breiten Spektrums an PH-Werten und der geringeren Adsorption von Proteinen im Vergleich zu Nylonmembranen ist sie die bevorzugte Filterkerze f\u00fcr die Endfiltration in der pharmazeutischen, Lebensmittel- und chemischen Industrie geworden.<\/p>\n<\/div>\n<\/div>\n<\/div>\n<\/div>\n<div class=\"er-fangkuang1\">\n<p>\u00a0 Produktmerkmal<\/p>\n<div class=\"description\">\n<ul>\n<li><span class=\"font-color\">\u25ea \u00a0\u00a0<\/span>Das Produkt bietet eine exzellente R\u00fcckhalteeffizienz und eine verl\u00e4ngerte Standzeit, was es zu einem idealen Filter f\u00fcr die Kl\u00e4rung von Bier, Wein und Wasser in Flaschen macht.<\/li>\n<\/ul>\n<ul>\n<li><span class=\"font-color\">\u25ea\u00a0 \u00a0<\/span>Ausgezeichnete Leistung bei der chemischen Vertr\u00e4glichkeit.<\/li>\n<li><span class=\"font-color\">\u25ea\u00a0 \u00a0<\/span>Hohe Temperaturbest\u00e4ndigkeit, S\u00e4ure- und Laugenbest\u00e4ndigkeit.<\/li>\n<li><span class=\"font-color\">\u25ea\u00a0 \u00a0<\/span>Hydrophile Membran mit hohem Durchfluss.<\/li>\n<li><span class=\"font-color\">\u25ea\u00a0 \u00a0<\/span>Da es keine Fasern freisetzt, erf\u00fcllt es die hohen Anforderungen der Pharma- und Lebensmittelindustrie.<\/li>\n<li><span class=\"font-color\">\u25ea\u00a0 \u00a0<\/span>PES-Patronenfilter werden w\u00e4hrend der Produktion auf ihre Integrit\u00e4t gepr\u00fcft, um Leistung und Konsistenz zu gew\u00e4hrleisten.<\/li>\n<\/ul>\n<\/div>\n<\/div>\n<div class=\"d-tem04-title text-left d-interval manS\" data-detail=\"wrap\">\n<h2 class=\"heading\">Produkt-Parameter<\/h2>\n<\/div>\n<div class=\"table-responsive\">\n<table class=\"table table-bordered table-hover\">\n<tbody>\n<tr class=\"firstRow\">\n<td>Produktname<\/td>\n<td>0,2 \u03bcm PES-Membran Faltenfilterpatrone 5 Zoll<\/td>\n<\/tr>\n<tr>\n<td>Filtermedien<\/td>\n<td>PES(Polyethersulfon)<\/td>\n<\/tr>\n<tr>\n<td>Unterst\u00fctzung<\/td>\n<td>PP\/Polypropylen<\/td>\n<\/tr>\n<tr>\n<td>Kern\/Endkappe<\/td>\n<td>PP\/Polypropylen<\/td>\n<\/tr>\n<tr>\n<td>Werkstoff der Dichtung<\/td>\n<td>Silikon\/EPDM\/VITON\/PTFE\/NBR\/TEFLON<\/td>\n<\/tr>\n<tr>\n<td>\u00c4u\u00dferer Durchmesser<\/td>\n<td>2,7\u201d (69mm)<\/td>\n<\/tr>\n<tr>\n<td>L\u00e4nge<\/td>\n<td>5\u201d, 9,75\u201d, 10\u201d, 20\u201d, 30\u201d, 40\u201d, kundenspezifisch<\/td>\n<\/tr>\n<tr>\n<td>Endkappe<\/td>\n<td>215\/222\/226\/FIN\/DOE\/SS<\/td>\n<\/tr>\n<tr>\n<td>Bereich Filtration<\/td>\n<td>\u22650.6m\u00b2<\/td>\n<\/tr>\n<tr>\n<td>Max. Betriebstemperatur<\/td>\n<td>\u2264140\u2103, 0,28Mpa<\/td>\n<\/tr>\n<tr>\n<td>Mikrometerwert (\u03bcm)<\/td>\n<td>0.1, 0.2, 0.45, 0.65<\/td>\n<\/tr>\n<\/tbody>\n<\/table>\n<\/div>\n<div class=\"d-tem04-title text-left d-interval manS\" data-detail=\"wrap\">\n<h2 class=\"heading\">Details zum Produkt<\/h2>\n<\/div>\n<div class=\"d-tem05-technology mockup\" data-detail=\"wrap\">\n<div class=\"items\">\n<div class=\"item tab_row bg-color-before\">\n<div class=\"img d-font-size-fix\"><img decoding=\"async\" title=\"\" src=\"https:\/\/img.yfisher.com\/m6076\/1725726643xgc\/png70-t3-scale100.webp\" alt=\"0,2 \u03bcm 5 Zoll PES-Membran Faltenfilterpatronen Hersteller 6\" data-lazy=\"2\"><\/div>\n<div class=\"text_box\">\n<div class=\"txt font-color d-font-size-fix\">\n<div class=\"numbox\">Teil.1<\/div>\n<div class=\"title\">Einlagige und zweilagige Membranen werden w\u00e4hrend der Produktion auf Integrit\u00e4t gepr\u00fcft, um Leistung und Konsistenz zu gew\u00e4hrleisten.<\/div>\n<\/div>\n<\/div>\n<\/div>\n<div class=\"item tab_row bg-color-before\">\n<div class=\"img d-font-size-fix\"><img decoding=\"async\" title=\"\" src=\"https:\/\/img.yfisher.com\/m6076\/1725726643w7c\/png70-t3-scale100.webp\" alt=\"0,2 \u03bcm 5 Zoll PES-Membran Faltenfilterpatronen Hersteller 7\" data-lazy=\"2\"><\/div>\n<div class=\"text_box\">\n<div class=\"txt font-color d-font-size-fix\">\n<div class=\"numbox\">Teil.2<\/div>\n<div class=\"title\">Bei einer absoluten Mikron-Rate von 0,1 \u03bcm bis 0,65 \u03bcm reduziert die hohe Durchflusskapazit\u00e4t die Investitionen in das Geh\u00e4use.<\/div>\n<\/div>\n<\/div>\n<\/div>\n<div class=\"item tab_row bg-color-before\">\n<div class=\"img d-font-size-fix\"><img decoding=\"async\" title=\"\" src=\"https:\/\/img.yfisher.com\/m6076\/1725726643ltg\/png70-t3-scale100.webp\" alt=\"0,2 \u03bcm 5 Zoll PES-Membran Faltenfilterpatronen Hersteller 8\" data-lazy=\"2\"><\/div>\n<div class=\"text_box\">\n<div class=\"txt font-color d-font-size-fix\">\n<div class=\"numbox\">Teil.3<\/div>\n<div class=\"title\">Breite chemische Kompatibilit\u00e4t und gute Hitzebest\u00e4ndigkeit, wirtschaftliche und importierte PES-Membran f\u00fcr Ihre Wahl.<\/div>\n<\/div>\n<\/div>\n<\/div>\n<div class=\"item tab_row bg-color-before\">\n<div class=\"img d-font-size-fix\"><img decoding=\"async\" title=\"\" src=\"https:\/\/img.yfisher.com\/m6076\/1725726643we2\/png70-t3-scale100.webp\" alt=\"0,2 \u03bcm 5 Zoll PES-Membran Faltenfilterpatronen Hersteller 9\" data-lazy=\"2\"><\/div>\n<div class=\"text_box\">\n<div class=\"txt font-color d-font-size-fix\">\n<div class=\"numbox\">Teil.4<\/div>\n<div class=\"title\">Verschiedene Patronenfilter-Endkappen sind optional erh\u00e4ltlich. FIN\/215\/222\/FLAT\/226 und Edelstahl.<\/div>\n<\/div>\n<\/div>\n<\/div>\n<div class=\"d-tem04-title text-left d-interval manS\" data-detail=\"wrap\">\n<h2 class=\"heading\">Produktanwendungen<\/h2>\n<\/div>\n<div class=\"d-tem15-graphic mockup\" data-detail=\"wrap\">\n<div class=\"clearfix d-clearfix\">\n<div class=\"col-sm-12 col-md-4 col-xs-6\">\n<div class=\"thumbnail\"><img decoding=\"async\" title=\"\" src=\"https:\/\/img.yfisher.com\/m6076\/1725726643idj\/png70-t3-scale100.webp\" alt=\"0,2 \u03bcm 5 Zoll PES-Membran Faltenfilterpatronen Hersteller 10\" data-lazy=\"2\"><\/div>\n<div class=\"description\">\n<p>Medizin<\/p>\n<\/div>\n<\/div>\n<div class=\"col-sm-12 col-md-4 col-xs-6\">\n<div class=\"thumbnail\"><img decoding=\"async\" title=\"\" src=\"https:\/\/img.yfisher.com\/m6076\/1725726643og5\/png70-t3-scale100.webp\" alt=\"0,2 \u03bcm 5 Zoll PES-Membran Faltenfilterpatronen Hersteller 11\" data-lazy=\"2\"><\/div>\n<div class=\"description\">Biologie Technologie<\/div>\n<\/div>\n<div class=\"col-sm-12 col-md-4 col-xs-6\">\n<div class=\"thumbnail\"><img decoding=\"async\" title=\"\" src=\"https:\/\/img.yfisher.com\/m6076\/1725286973s9v\/png70-t3-scale100.webp\" alt=\"0,2 \u03bcm 5 Zoll PES-Membran Faltenfilterpatronen Hersteller 12\" data-lazy=\"2\"><\/div>\n<div class=\"description\">Hochreines Wasser<\/div>\n<\/div>\n<\/div>\n<\/div>\n<div class=\"d-tem15-graphic mockup\" data-detail=\"wrap\">\n<div class=\"clearfix d-clearfix\">\n<div class=\"col-sm-12 col-md-4 col-xs-6\">\n<div class=\"thumbnail\"><img decoding=\"async\" title=\"\" src=\"https:\/\/img.yfisher.com\/m6076\/1725286973jsc\/png70-t3-scale100.webp\" alt=\"0,2 \u03bcm 5 Zoll PES-Membran Faltenfilterpatronen Hersteller 13\" data-lazy=\"2\"><\/div>\n<div class=\"description\">Filtration von chemischen Rohstoffen<\/div>\n<\/div>\n<div class=\"col-sm-12 col-md-4 col-xs-6\">\n<div class=\"thumbnail\"><img decoding=\"async\" title=\"\" src=\"https:\/\/img.yfisher.com\/m6076\/1725726643we2\/jpg70-t3-scale100.webp\" alt=\"0,2 \u03bcm 5 Zoll PES-Membran Faltenfilterpatronen Hersteller 14\" data-lazy=\"2\"><\/div>\n<div class=\"description\">Getr\u00e4nke<\/div>\n<\/div>\n<div class=\"col-sm-12 col-md-4 col-xs-6\">\n<div class=\"thumbnail\"><img decoding=\"async\" title=\"\" src=\"https:\/\/img.yfisher.com\/m6076\/1725726643yla\/png70-t3-scale100.webp\" alt=\"0,2 \u03bcm 5 Zoll PES-Membran Faltenfilterpatronen Hersteller 15\" data-lazy=\"2\"><\/div>\n<div class=\"description\">Bier<\/div>\n<\/div>\n<\/div>\n<\/div>\n<\/div>\n<\/div>","protected":false},"excerpt":{"rendered":"<table>\n<thead>\n<tr>\n<th>Start-Hafen:<\/th>\n<th>Guangzhou<\/th>\n<\/tr>\n<\/thead>\n<tbody>\n<tr>\n<td>Produktionskapazit\u00e4t:<\/td>\n<td>500 Einheiten\/Monat<\/td>\n<\/tr>\n<tr>\n<td>Ort der Herkunft:<\/td>\n<td>Guangdong, China<\/td>\n<\/tr>\n<tr>\n<td>Bezahlung:<\/td>\n<td>T\/T, Western Union, MoneyGram, Alibaba Trade Assurance, paypal<\/td>\n<\/tr>\n<tr>\n<td>MOQ:<\/td>\n<td>10 St\u00fcck<\/td>\n<\/tr>\n<tr>\n<td>Modell:<\/td>\n<td>LY-PL-PES<\/td>\n<\/tr>\n<tr>\n<td>Lieferzeiten:<\/td>\n<td>Innerhalb von 7 Arbeitstagen<\/td>\n<\/tr>\n<tr>\n<td>Zertifizierung:<\/td>\n<td>SGS<\/td>\n<\/tr>\n<tr>\n<td>Marke:<\/td>\n<td>OEM\/Lvyuan<\/td>\n<\/tr>\n<\/tbody>\n<\/table>","protected":false},"featured_media":618,"comment_status":"open","ping_status":"closed","template":"","meta":{"_gspb_post_css":""},"product_brand":[],"product_cat":[21,17],"product_tag":[261,266,265,272,259,269],"class_list":{"0":"post-617","1":"product","2":"type-product","3":"status-publish","4":"has-post-thumbnail","6":"product_cat-pleated-filter-cartridge","7":"product_cat-sediment-filter","8":"product_tag-guangdong-china","9":"product_tag-guangzhou","10":"product_tag-lvyuan","11":"product_tag-ly-pl-pes","12":"product_tag-oem","13":"product_tag-sgs","15":"first","16":"instock","17":"shipping-taxable","18":"product-type-simple"},"_links":{"self":[{"href":"https:\/\/lyfilter.com\/de\/wp-json\/wp\/v2\/product\/617","targetHints":{"allow":["GET"]}}],"collection":[{"href":"https:\/\/lyfilter.com\/de\/wp-json\/wp\/v2\/product"}],"about":[{"href":"https:\/\/lyfilter.com\/de\/wp-json\/wp\/v2\/types\/product"}],"replies":[{"embeddable":true,"href":"https:\/\/lyfilter.com\/de\/wp-json\/wp\/v2\/comments?post=617"}],"wp:featuredmedia":[{"embeddable":true,"href":"https:\/\/lyfilter.com\/de\/wp-json\/wp\/v2\/media\/618"}],"wp:attachment":[{"href":"https:\/\/lyfilter.com\/de\/wp-json\/wp\/v2\/media?parent=617"}],"wp:term":[{"taxonomy":"product_brand","embeddable":true,"href":"https:\/\/lyfilter.com\/de\/wp-json\/wp\/v2\/product_brand?post=617"},{"taxonomy":"product_cat","embeddable":true,"href":"https:\/\/lyfilter.com\/de\/wp-json\/wp\/v2\/product_cat?post=617"},{"taxonomy":"product_tag","embeddable":true,"href":"https:\/\/lyfilter.com\/de\/wp-json\/wp\/v2\/product_tag?post=617"}],"curies":[{"name":"wp","href":"https:\/\/api.w.org\/{rel}","templated":true}]}}