{"id":611,"date":"2025-12-24T03:18:18","date_gmt":"2025-12-24T03:18:18","guid":{"rendered":"https:\/\/lyfilter.com\/?post_type=product&#038;p=611"},"modified":"2025-12-24T06:48:13","modified_gmt":"2025-12-24T06:48:13","slug":"30-inch-nylon-n66-membrane-pleated-water-filter-cartridge-suppliers","status":"publish","type":"product","link":"https:\/\/lyfilter.com\/de\/30-inch-nylon-n66-membrane-pleated-water-filter-cartridge-suppliers\/","title":{"rendered":"30 Zoll Nylon N66 Membran gefaltete Wasserfilterpatrone Lieferanten"},"content":{"rendered":"<div class=\"d-tem11-graphic tem11-graphic mockup\" data-detail=\"wrap\">\n<div class=\"tab_row\">\n<div class=\"img\"><img decoding=\"async\" title=\"\" src=\"https:\/\/img.yfisher.com\/m6076\/17257266419wj\/jpg70-t3-scale100.webp\" alt=\"30 Zoll Nylon N66 Membran gefaltete Wasserfilterpatrone Lieferanten 2\" data-lazy=\"2\"><\/div>\n<div class=\"text_box\">\n<div class=\"txt\">\n<div class=\"title\">Die N6-Faltenfilterpatrone besteht aus Nylon 6-Medien und nicht gewebten Tr\u00e4germaterialien. Die Adapter sind thermisch mit den Medien verschwei\u00dft, ohne Klebstoff, keine Verschmutzung und keine Abf\u00e4lle. Sauber und stabil, jede Filterpatrone hat die strengen Tests der 100% Integrit\u00e4t bestanden. Strenge Produktionsbedingungen gew\u00e4hrleisten die Sicherheit der Filtration. Die Nylon-Faltfilterpatrone oder Nylon-Membran-Faltfilterpatrone verwendet hochreine Nylon 66-Membranen in Polyester-Vliesstoff-Medien. Meistens f\u00fcr Anwendungen in der Endphase der Filtration.<\/div>\n<\/div>\n<\/div>\n<\/div>\n<\/div>\n<div class=\"er-fangkuang1\">\n<p>\u00a0 Produktmerkmal<\/p>\n<div class=\"description\">\n<ul>\n<li><span class=\"font-color\">\u25ea \u00a0\u00a0<\/span>Hohe Schmutzaufnahmekapazit\u00e4t und lange Nutzungsdauer.<\/li>\n<li><span class=\"font-color\">\u25ea\u00a0\u00a0<\/span>\u00a0Die Nylonmembran muss nicht vorgen\u00e4sst werden, da sie hydrophil ist.<\/li>\n<li><span class=\"font-color\">\u25ea\u00a0 \u00a0<\/span>Der Porendurchmesser von gleichm\u00e4\u00dfig verteilt, gute Filtrationseffekt.<\/li>\n<li><span class=\"font-color\">\u25ea\u00a0 \u00a0<\/span>Ausgezeichnete chemische Vertr\u00e4glichkeit, kompatibel mit den meisten Sanit\u00e4rreagenzien, einschlie\u00dflich bis zu 50% H2O2 und bis zu 1,6% Bleichmittel (800PPmNaClo).<\/li>\n<li><span class=\"font-color\">\u25ea\u00a0 \u00a0<\/span>Keine Freisetzung von Fasern, vollst\u00e4ndig an die Standards der pharmazeutischen Industrie angepasst.<\/li>\n<\/ul>\n<\/div>\n<\/div>\n<div class=\"d-tem04-title text-left d-interval manS\" data-detail=\"wrap\">\n<h2 class=\"heading\">Produkt-Parameter<\/h2>\n<\/div>\n<div class=\"table-responsive\">\n<table class=\"table table-bordered table-hover\">\n<tbody>\n<tr class=\"firstRow\">\n<td>Produktname<\/td>\n<td>30-Zoll-Nylon-N66-Membranfaltenfilterelement mit 226er-Adapter (LY-PL-N66)<\/td>\n<\/tr>\n<tr>\n<td>Filtermedien<\/td>\n<td>Nylon (N66)<\/td>\n<\/tr>\n<tr>\n<td>Unterst\u00fctzung<\/td>\n<td>PP\/Polypropylen<\/td>\n<\/tr>\n<tr>\n<td>Kern\/Endkappe<\/td>\n<td>PP\/Polypropylen<\/td>\n<\/tr>\n<tr>\n<td>Werkstoff der Dichtung<\/td>\n<td>Silikon\/EPDM\/VITON\/PTFE\/NBR\/TEFLON<\/td>\n<\/tr>\n<tr>\n<td>\u00c4u\u00dferer Durchmesser<\/td>\n<td>2,7\u201d (69mm)<\/td>\n<\/tr>\n<tr>\n<td>L\u00e4nge<\/td>\n<td>5\u201d, 9,75\u201d, 10\u201d, 20\u201d, 30\u201d, 40\u201d, kundenspezifisch<\/td>\n<\/tr>\n<tr>\n<td>Endkappe<\/td>\n<td>215\/222\/226\/FIN\/DOE\/SS<\/td>\n<\/tr>\n<tr>\n<td>Bereich Filtration<\/td>\n<td>\u22650.6m\u00b2<\/td>\n<\/tr>\n<tr>\n<td>Max. Betriebstemperatur<\/td>\n<td>\u2264 49\u2103<\/td>\n<\/tr>\n<tr>\n<td>Mikrometerwert (\u03bcm)<\/td>\n<td>0.2, 0.45, 0.65, 1<\/td>\n<\/tr>\n<\/tbody>\n<\/table>\n<\/div>\n<div class=\"d-tem04-title text-left d-interval manS\" data-detail=\"wrap\">\n<h2 class=\"heading\">Details zum Produkt<\/h2>\n<\/div>\n<div class=\"d-tem05-technology mockup\" data-detail=\"wrap\">\n<div class=\"items\">\n<div class=\"item tab_row bg-color-before\">\n<div class=\"img d-font-size-fix\"><img decoding=\"async\" title=\"\" src=\"https:\/\/img.yfisher.com\/m6076\/1725726641vkd\/jpg70-t3-scale100.webp\" alt=\"30 Zoll Nylon N66 Membran gefaltete Wasserfilterpatrone Lieferanten 3\" data-lazy=\"2\"><\/div>\n<div class=\"text_box\">\n<div class=\"txt font-color d-font-size-fix\">\n<div class=\"numbox\">Teil.1<\/div>\n<div class=\"title\">Der Mikron-Wert der Membran ist optional. Zu den Bestelloptionen f\u00fcr diesen Standort geh\u00f6ren 0,03 bis 0,45 Mikron in 10\u2033 bis 40\u2033 L\u00e4nge mit entweder.<\/div>\n<\/div>\n<\/div>\n<\/div>\n<div class=\"item tab_row bg-color-before\">\n<div class=\"img d-font-size-fix\"><img decoding=\"async\" title=\"\" src=\"https:\/\/img.yfisher.com\/m6076\/1725726641cip\/jpg70-t3-scale100.webp\" alt=\"30 Zoll Nylon N66 Membran gefaltete Wasserfilterpatrone Lieferanten 4\" data-lazy=\"2\"><\/div>\n<div class=\"text_box\">\n<div class=\"txt font-color d-font-size-fix\">\n<div class=\"numbox\">Teil.2<\/div>\n<div class=\"title\">Double Open End (DOE), 222 oder 226 Endkonfigurationen, alle standardm\u00e4\u00dfig mit EPDM\/PTFE\/SILICONE\/TEFLON-Dichtungen.<\/div>\n<\/div>\n<\/div>\n<\/div>\n<div class=\"item tab_row bg-color-before\">\n<div class=\"img d-font-size-fix\"><img decoding=\"async\" title=\"\" src=\"https:\/\/img.yfisher.com\/m6076\/172572664168b\/jpg70-t3-scale100.webp\" alt=\"30 Zoll Nylon N66 Membran gefaltete Wasserfilterpatrone Lieferanten 5\" data-lazy=\"2\"><\/div>\n<div class=\"text_box\">\n<div class=\"txt font-color d-font-size-fix\">\n<div class=\"numbox\">Teil.3<\/div>\n<div class=\"title\">Das Material des Filterkerns und des O-Rings sowie die Anzahl der Membranschichten bieten dem Benutzer mehr Wahlm\u00f6glichkeiten<\/div>\n<\/div>\n<\/div>\n<\/div>\n<div class=\"item tab_row bg-color-before\">\n<div class=\"img d-font-size-fix\"><img decoding=\"async\" title=\"\" src=\"https:\/\/img.yfisher.com\/m6076\/1725726641jhy\/jpg70-t3-scale100.webp\" alt=\"30 Zoll Nylon N66 Membran gefaltete Wasserfilterpatrone Lieferanten 6\" data-lazy=\"2\"><\/div>\n<div class=\"text_box\">\n<div class=\"txt font-color d-font-size-fix\">\n<div class=\"numbox\">Teil.4<\/div>\n<div class=\"title\">Alle Teile der Filterpatronen sind von hoher Qualit\u00e4t und erf\u00fcllen die Anforderungen der Pharmazie.<\/div>\n<\/div>\n<\/div>\n<\/div>\n<div class=\"d-tem04-title text-left d-interval manS\" data-detail=\"wrap\">\n<h2 class=\"heading\">Produktanwendungen<\/h2>\n<\/div>\n<div class=\"d-tem15-graphic mockup\" data-detail=\"wrap\">\n<div class=\"clearfix d-clearfix\">\n<div class=\"col-sm-12 col-md-4 col-xs-6\">\n<div class=\"thumbnail\"><img decoding=\"async\" title=\"\" src=\"https:\/\/img.yfisher.com\/m6076\/17252869702lg\/jpg70-t3-scale100.webp\" alt=\"30 Zoll Nylon N66 Membran gefaltete Wasserfilterpatrone Lieferanten 7\" data-lazy=\"2\"><\/div>\n<div class=\"description\">\n<p>Vorbehandlung von RO-Wasser in kommunalem Leitungswasser<\/p>\n<\/div>\n<\/div>\n<div class=\"col-sm-12 col-md-4 col-xs-6\">\n<div class=\"thumbnail\"><img decoding=\"async\" title=\"\" src=\"https:\/\/img.yfisher.com\/m6076\/1725286970srn\/jpg70-t3-scale100.webp\" alt=\"30 Zoll Nylon N66 Membran gefaltete Wasserfilterpatrone Lieferanten 8\" data-lazy=\"2\"><\/div>\n<div class=\"description\">Industriewasser, Galvanikfiltration<\/div>\n<\/div>\n<div class=\"col-sm-12 col-md-4 col-xs-6\">\n<div class=\"thumbnail\"><img decoding=\"async\" title=\"\" src=\"https:\/\/img.yfisher.com\/m6076\/1725286970f8t\/jpg70-t3-scale100.webp\" alt=\"30 Zoll Nylon N66 Membran gefaltete Wasserfilterpatrone Lieferanten 9\" data-lazy=\"2\"><\/div>\n<div class=\"description\">Lebensmittel und Getr\u00e4nke<\/div>\n<\/div>\n<\/div>\n<\/div>\n<div class=\"d-tem15-graphic mockup\" data-detail=\"wrap\">\n<div class=\"clearfix d-clearfix\">\n<div class=\"col-sm-12 col-md-4 col-xs-6\">\n<div class=\"thumbnail\"><img decoding=\"async\" title=\"\" src=\"https:\/\/img.yfisher.com\/m6076\/1725286970bzw\/jpg70-t3-scale100.webp\" alt=\"30 Zoll Nylon N66 Membran gefaltete Wasserfilterpatrone Lieferanten 10\" data-lazy=\"2\"><\/div>\n<div class=\"description\">Steriles Wasser und Reinstwasser-Vorfiltration<\/div>\n<\/div>\n<div class=\"col-sm-12 col-md-4 col-xs-6\">\n<div class=\"thumbnail\"><img decoding=\"async\" title=\"\" src=\"https:\/\/img.yfisher.com\/m6076\/1725286970fd2\/jpg70-t3-scale100.webp\" alt=\"30 Zoll Nylon N66 Membran gefaltete Wasserfilterpatrone Lieferanten 11\" data-lazy=\"2\"><\/div>\n<div class=\"description\">Chemikalien- und L\u00f6sungsmittelwasser<\/div>\n<\/div>\n<div class=\"col-sm-12 col-md-4 col-xs-6\">\n<div class=\"thumbnail\"><img decoding=\"async\" title=\"\" src=\"https:\/\/img.yfisher.com\/m6076\/1725286970v45\/jpg70-t3-scale100.webp\" alt=\"30 Zoll Nylon N66 Membran gefaltete Wasserfilterpatrone Lieferanten 12\" data-lazy=\"2\"><\/div>\n<div class=\"description\">Meerwasserentsalzung<\/div>\n<\/div>\n<\/div>\n<\/div>\n<\/div>\n<\/div>","protected":false},"excerpt":{"rendered":"<table>\n<thead>\n<tr>\n<th>Start-Hafen:<\/th>\n<th>Guangzhou<\/th>\n<\/tr>\n<\/thead>\n<tbody>\n<tr>\n<td>Produktionskapazit\u00e4t:<\/td>\n<td>500 Einheiten\/Monat<\/td>\n<\/tr>\n<tr>\n<td>Ort der Herkunft:<\/td>\n<td>Guanddong, China<\/td>\n<\/tr>\n<tr>\n<td>Bezahlung:<\/td>\n<td>T\/T, Western Union, Alibaba Trade Assurance, paypal<\/td>\n<\/tr>\n<tr>\n<td>MOQ:<\/td>\n<td>10St\u00fcck<\/td>\n<\/tr>\n<tr>\n<td>Modell:<\/td>\n<td>LY-PL-N66<\/td>\n<\/tr>\n<tr>\n<td>Lieferzeiten:<\/td>\n<td>Innerhalb von 7 Tagen nach vollst\u00e4ndiger Bezahlung.<\/td>\n<\/tr>\n<tr>\n<td>Zertifizierung:<\/td>\n<td>SGS<\/td>\n<\/tr>\n<tr>\n<td>Marke:<\/td>\n<td>OEM\/Lvyuan<\/td>\n<\/tr>\n<\/tbody>\n<\/table>","protected":false},"featured_media":615,"comment_status":"open","ping_status":"closed","template":"","meta":{"_gspb_post_css":""},"product_brand":[],"product_cat":[17,21],"product_tag":[261,266,265,271,259,269],"class_list":{"0":"post-611","1":"product","2":"type-product","3":"status-publish","4":"has-post-thumbnail","6":"product_cat-sediment-filter","7":"product_cat-pleated-filter-cartridge","8":"product_tag-guangdong-china","9":"product_tag-guangzhou","10":"product_tag-lvyuan","11":"product_tag-ly-pl-n66","12":"product_tag-oem","13":"product_tag-sgs","15":"first","16":"instock","17":"shipping-taxable","18":"product-type-simple"},"_links":{"self":[{"href":"https:\/\/lyfilter.com\/de\/wp-json\/wp\/v2\/product\/611","targetHints":{"allow":["GET"]}}],"collection":[{"href":"https:\/\/lyfilter.com\/de\/wp-json\/wp\/v2\/product"}],"about":[{"href":"https:\/\/lyfilter.com\/de\/wp-json\/wp\/v2\/types\/product"}],"replies":[{"embeddable":true,"href":"https:\/\/lyfilter.com\/de\/wp-json\/wp\/v2\/comments?post=611"}],"wp:featuredmedia":[{"embeddable":true,"href":"https:\/\/lyfilter.com\/de\/wp-json\/wp\/v2\/media\/615"}],"wp:attachment":[{"href":"https:\/\/lyfilter.com\/de\/wp-json\/wp\/v2\/media?parent=611"}],"wp:term":[{"taxonomy":"product_brand","embeddable":true,"href":"https:\/\/lyfilter.com\/de\/wp-json\/wp\/v2\/product_brand?post=611"},{"taxonomy":"product_cat","embeddable":true,"href":"https:\/\/lyfilter.com\/de\/wp-json\/wp\/v2\/product_cat?post=611"},{"taxonomy":"product_tag","embeddable":true,"href":"https:\/\/lyfilter.com\/de\/wp-json\/wp\/v2\/product_tag?post=611"}],"curies":[{"name":"wp","href":"https:\/\/api.w.org\/{rel}","templated":true}]}}