{"id":604,"date":"2025-12-24T03:15:40","date_gmt":"2025-12-24T03:15:40","guid":{"rendered":"https:\/\/lyfilter.com\/?post_type=product&#038;p=604"},"modified":"2025-12-24T03:15:40","modified_gmt":"2025-12-24T03:15:40","slug":"customized-specification-polypropylene-pp-melt-blown-filter-cartridge","status":"publish","type":"product","link":"https:\/\/lyfilter.com\/de\/customized-specification-polypropylene-pp-melt-blown-filter-cartridge\/","title":{"rendered":"Kundenspezifische Spezifikation Polypropylen PP Schmelzgeblasene Filterpatrone"},"content":{"rendered":"<div class=\"d-tem11-graphic tem11-graphic mockup\" data-detail=\"wrap\">\n<div class=\"tab_row\">\n<div class=\"img\"><img decoding=\"async\" title=\"\" src=\"https:\/\/img.yfisher.com\/m6076\/1725286970vgl\/jpg70-t3-scale100.webp\" alt=\"Kundenspezifische Spezifikation Polypropylen PP Schmelzgeblasene Filterpatrone 6\" data-lazy=\"2\"><\/div>\n<div class=\"text_box\">\n<div class=\"txt\">\n<div class=\"title\">\n<p>Lvyuan pp melt blown Filterpatrone Serie ist eine Art Standard und einfache Filterpatrone f\u00fcr die Wasseraufbereitung.<\/p>\n<p>Es ist verschmolzen und verflochten von Polypropylen-Faser ohne chemische Klebstoffe. Sie wird aus 100% reinem Polypropylen-Rohmaterial hergestellt. Diese Filterpatrone ist zuf\u00e4llig, um 3D-Mikroporen zu bilden, die die Patrone 3 Schichten mit feinen Fasern in der Oberfl\u00e4che und groben Fasern und Tiefenfiltration machen wird.<\/p>\n<p>Da die Fasern und die Dichte von hoher Filtrationsleistung und Schadstoffaufnahmekapazit\u00e4t auf dem Durchmesser der Filterpatrone, niedrigem Druckabfall, allm\u00e4hlich wechselnde tiefe Filtrationsstruktur mit lockerer Au\u00dfenseite und dichter Innenseite, starke Schadstoffaufnahmekapazit\u00e4t, kann es Verunreinigungen wie Schwebstoffe, Partikel und Rost effektiv entfernen und bietet effiziente Filtration und lange Lebensdauer.<\/p>\n<\/div>\n<\/div>\n<\/div>\n<\/div>\n<\/div>\n<div class=\"er-fangkuang1\">\n<p>\u00a0 Produktmerkmal<\/p>\n<div class=\"description\">\n<ul>\n<li><span class=\"font-color\">\u25ea \u00a0\u00a0<\/span>Hohe Schmutzaufnahmekapazit\u00e4t und lange Nutzungsdauer.<\/li>\n<li><span class=\"font-color\">\u25ea\u00a0 \u00a0<\/span>Kundenspezifische Gr\u00f6\u00dfe &amp; Logo Stahlplombe.<\/li>\n<li><span class=\"font-color\">\u25ea\u00a0 \u00a0<\/span>Es w\u00fcrden keine Fasern abfallen.<\/li>\n<li><span class=\"font-color\">\u25ea\u00a0 \u00a0<\/span>Gro\u00dfe chemische Vertr\u00e4glichkeit.<\/li>\n<li><span class=\"font-color\">\u25ea\u00a0 \u00a0<\/span>Keine Kleber oder Zusatzstoffe.<\/li>\n<li><span class=\"font-color\">\u25ea\u00a0 \u00a0<\/span>Gramm Gewicht anpassen.<\/li>\n<\/ul>\n<\/div>\n<\/div>\n<div class=\"d-tem04-title text-left d-interval manS\" data-detail=\"wrap\">\n<h2 class=\"heading\">Produkt-Parameter<\/h2>\n<\/div>\n<div class=\"table-responsive\">\n<table class=\"table table-bordered table-hover\">\n<tbody>\n<tr class=\"firstRow\">\n<td>Material der Filtermedien<\/td>\n<td>PP\uff08Polypropylen\uff09<\/td>\n<\/tr>\n<tr>\n<td>Mittlerer Kern<\/td>\n<td>PP\/Keine<\/td>\n<\/tr>\n<tr>\n<td>Endkappen<\/td>\n<td>PP<\/td>\n<\/tr>\n<tr>\n<td>Werkstoff der Dichtung<\/td>\n<td>Silikon, EPDM, NBR, VITON, TEFLON, usw.<\/td>\n<\/tr>\n<tr>\n<td>Code<\/td>\n<td>DOE, SOE, kundenspezifisch<\/td>\n<\/tr>\n<tr>\n<td>Oberfl\u00e4che<\/td>\n<td>Gl\u00e4nzend, gerillt, Pr\u00e4gung genadelt, Orangenschalenoberfl\u00e4che<\/td>\n<\/tr>\n<tr>\n<td>Innendurchmesser<\/td>\n<td>20 mm, 28 mm, 30 mm, 200 mm, kundenspezifisch<\/td>\n<\/tr>\n<tr>\n<td>\u00c4u\u00dferer Durchmesser<\/td>\n<td>60 mm, 63 mm , 65 mm, 110 mm, 115 mm, kundenspezifisch<\/td>\n<\/tr>\n<tr>\n<td>L\u00e4nge<\/td>\n<td>10\/20\/30\/40 Zoll oder kundenspezifisch<\/td>\n<\/tr>\n<tr>\n<td>Max. Differenzdruck<\/td>\n<td>3,5 bar bei 20\u2103<\/td>\n<\/tr>\n<tr>\n<td>Max. Betriebstemperatur<\/td>\n<td>82\u2103<\/td>\n<\/tr>\n<tr>\n<td>Ersatz-Differenzdruck<\/td>\n<td>1-1,5bar<\/td>\n<\/tr>\n<\/tbody>\n<\/table>\n<\/div>\n<div class=\"d-tem04-title text-left d-interval manS\" data-detail=\"wrap\">\n<h2 class=\"heading\">Details zum Produkt<\/h2>\n<\/div>\n<p>\u2605 Mit zehn Jahren Erfahrung im Bereich der PP-Sedimentfilterpatronen k\u00f6nnen wir verschiedene Spezifikationen anbieten, wie z.B. verschiedene Au\u00dfendurchmesser und L\u00e4ngen, Mehrfachadapter, unterschiedliches Aussehen, zwei Pr\u00e4zisionsstufen, kundenspezifisches Gewicht.<\/p>\n<div class=\"d-tem05-technology mockup\" data-detail=\"wrap\">\n<div class=\"items\">\n<div class=\"item tab_row bg-color-before\">\n<div class=\"img d-font-size-fix\"><img decoding=\"async\" title=\"\" src=\"https:\/\/img.yfisher.com\/m6076\/17252869705cs\/jpg70-t3-scale100.webp\" alt=\"Kundenspezifische Spezifikation Polypropylen PP Schmelzgeblasene Filterpatrone 7\" data-lazy=\"2\"><\/div>\n<div class=\"text_box\">\n<div class=\"txt font-color d-font-size-fix\">\n<div class=\"numbox\">Teil.1<\/div>\n<div class=\"title\">Akzeptieren Sie kundenspezifische Gr\u00f6\u00dfe und L\u00e4nge<\/div>\n<\/div>\n<\/div>\n<\/div>\n<div class=\"item tab_row bg-color-before\">\n<div class=\"img d-font-size-fix\"><img decoding=\"async\" title=\"\" src=\"https:\/\/img.yfisher.com\/m6076\/1725286970so1\/jpg70-t3-scale100.webp\" alt=\"Kundenspezifische Spezifikation Polypropylen PP Schmelzgeblasene Filterpatrone 8\" data-lazy=\"2\"><\/div>\n<div class=\"text_box\">\n<div class=\"txt font-color d-font-size-fix\">\n<div class=\"numbox\">Teil.2<\/div>\n<div class=\"title\">Benutzerdefinierte Anzeige akzeptieren<\/div>\n<\/div>\n<\/div>\n<\/div>\n<div class=\"item tab_row bg-color-before\">\n<div class=\"img d-font-size-fix\"><img decoding=\"async\" title=\"\" src=\"https:\/\/img.yfisher.com\/m6076\/17252869708eg\/jpg70-t3-scale100.webp\" alt=\"Kundenspezifische Spezifikation Polypropylen PP Schmelzgeblasene Filterpatrone 9\" data-lazy=\"2\"><\/div>\n<div class=\"text_box\">\n<div class=\"txt font-color d-font-size-fix\">\n<div class=\"numbox\">Teil.3<\/div>\n<div class=\"title\">Anpassen des Aussehens akzeptieren<\/div>\n<\/div>\n<\/div>\n<\/div>\n<div class=\"item tab_row bg-color-before\">\n<div class=\"img d-font-size-fix\"><img decoding=\"async\" title=\"\" src=\"https:\/\/img.yfisher.com\/m6076\/1725286970x78\/jpg70-t3-scale100.webp\" alt=\"Kundenspezifische Spezifikation Polypropylen PP Schmelzgeblasene Filterpatrone 10\" data-lazy=\"2\"><\/div>\n<div class=\"text_box\">\n<div class=\"txt font-color d-font-size-fix\">\n<div class=\"numbox\">Teil.4<\/div>\n<div class=\"title\">Zwei Pr\u00e4zisionen akzeptieren<\/div>\n<\/div>\n<\/div>\n<\/div>\n<div class=\"item tab_row bg-color-before\">\n<div class=\"img d-font-size-fix\"><img decoding=\"async\" title=\"\" src=\"https:\/\/img.yfisher.com\/m6076\/1725286970i3a\/jpg70-t3-scale100.webp\" alt=\"Kundenspezifische Spezifikation Polypropylen PP Schmelzgeblasene Filterpatrone 11\" data-lazy=\"2\"><\/div>\n<div class=\"text_box\">\n<div class=\"txt font-color d-font-size-fix\">\n<div class=\"numbox\">Teil.5<\/div>\n<div class=\"title\">Benutzerdefiniertes Gramm akzeptieren<\/div>\n<\/div>\n<\/div>\n<\/div>\n<div class=\"d-tem04-title text-left d-interval manS\" data-detail=\"wrap\">\n<h2 class=\"heading\">Produktanwendungen<\/h2>\n<\/div>\n<div class=\"d-tem15-graphic mockup\" data-detail=\"wrap\">\n<div class=\"clearfix d-clearfix\">\n<div class=\"col-sm-12 col-md-4 col-xs-6\">\n<div class=\"thumbnail\"><img decoding=\"async\" title=\"\" src=\"https:\/\/img.yfisher.com\/m6076\/17252869702lg\/jpg70-t3-scale100.webp\" alt=\"Kundenspezifische Spezifikation Polypropylen PP Schmelzgeblasene Filterpatrone 12\" data-lazy=\"2\"><\/div>\n<div class=\"description\">\n<p>Vorbehandlung von RO-Wasser in kommunalem Leitungswasser<\/p>\n<\/div>\n<\/div>\n<div class=\"col-sm-12 col-md-4 col-xs-6\">\n<div class=\"thumbnail\"><img decoding=\"async\" title=\"\" src=\"https:\/\/img.yfisher.com\/m6076\/1725286970srn\/jpg70-t3-scale100.webp\" alt=\"Kundenspezifische Spezifikation Polypropylen PP Schmelzgeblasene Filterpatrone 13\" data-lazy=\"2\"><\/div>\n<div class=\"description\">Industriewasser, Galvanikfiltration<\/div>\n<\/div>\n<div class=\"col-sm-12 col-md-4 col-xs-6\">\n<div class=\"thumbnail\"><img decoding=\"async\" title=\"\" src=\"https:\/\/img.yfisher.com\/m6076\/1725286970f8t\/jpg70-t3-scale100.webp\" alt=\"Kundenspezifische Spezifikation Polypropylen PP Schmelzgeblasene Filterpatrone 14\" data-lazy=\"2\"><\/div>\n<div class=\"description\">Lebensmittel und Getr\u00e4nke<\/div>\n<\/div>\n<\/div>\n<\/div>\n<div class=\"d-tem15-graphic mockup\" data-detail=\"wrap\">\n<div class=\"clearfix d-clearfix\">\n<div class=\"col-sm-12 col-md-4 col-xs-6\">\n<div class=\"thumbnail\"><img decoding=\"async\" title=\"\" src=\"https:\/\/img.yfisher.com\/m6076\/1725286970bzw\/jpg70-t3-scale100.webp\" alt=\"Kundenspezifische Spezifikation Polypropylen PP Schmelzgeblasene Filterpatrone 15\" data-lazy=\"2\"><\/div>\n<div class=\"description\">Steriles Wasser und Reinstwasser-Vorfiltration<\/div>\n<\/div>\n<div class=\"col-sm-12 col-md-4 col-xs-6\">\n<div class=\"thumbnail\"><img decoding=\"async\" title=\"\" src=\"https:\/\/img.yfisher.com\/m6076\/1725286970fd2\/jpg70-t3-scale100.webp\" alt=\"Kundenspezifische Spezifikation Polypropylen PP Schmelzgeblasene Filterpatrone 16\" data-lazy=\"2\"><\/div>\n<div class=\"description\">Chemikalien- und L\u00f6sungsmittelwasser<\/div>\n<\/div>\n<div class=\"col-sm-12 col-md-4 col-xs-6\">\n<div class=\"thumbnail\"><img decoding=\"async\" title=\"\" src=\"https:\/\/img.yfisher.com\/m6076\/1725286970v45\/jpg70-t3-scale100.webp\" alt=\"Kundenspezifische Spezifikation Polypropylen PP Schmelzgeblasene Filterpatrone 17\" data-lazy=\"2\"><\/div>\n<div class=\"description\">Meerwasserentsalzung<\/div>\n<\/div>\n<\/div>\n<\/div>\n<\/div>\n<\/div>","protected":false},"excerpt":{"rendered":"<table>\n<thead>\n<tr>\n<th>Start-Hafen:<\/th>\n<th>Guangzhou<\/th>\n<\/tr>\n<\/thead>\n<tbody>\n<tr>\n<td>Produktionskapazit\u00e4t:<\/td>\n<td>500 Einheiten\/Monat<\/td>\n<\/tr>\n<tr>\n<td>Ort der Herkunft:<\/td>\n<td>Guangdong, China<\/td>\n<\/tr>\n<tr>\n<td>Bezahlung:<\/td>\n<td>D\/P, T\/T, Western Union, MoneyGram, Alibaba Trade Assurance, paypal<\/td>\n<\/tr>\n<tr>\n<td>MOQ:<\/td>\n<td>100St\u00fcck<\/td>\n<\/tr>\n<tr>\n<td>Modell:<\/td>\n<td>LY-PP<\/td>\n<\/tr>\n<tr>\n<td>Lieferzeiten:<\/td>\n<td>Innerhalb von 7 Arbeitstagen<\/td>\n<\/tr>\n<tr>\n<td>Zertifizierung:<\/td>\n<td>SGS<\/td>\n<\/tr>\n<tr>\n<td>Marke:<\/td>\n<td>OEM\/Lvyuan<\/td>\n<\/tr>\n<\/tbody>\n<\/table>","protected":false},"featured_media":610,"comment_status":"open","ping_status":"closed","template":"","meta":{"_gspb_post_css":""},"product_brand":[],"product_cat":[23,17],"product_tag":[261,266,265,270,259,269],"class_list":{"0":"post-604","1":"product","2":"type-product","3":"status-publish","4":"has-post-thumbnail","6":"product_cat-pp-filter-cartridge","7":"product_cat-sediment-filter","8":"product_tag-guangdong-china","9":"product_tag-guangzhou","10":"product_tag-lvyuan","11":"product_tag-ly-pp","12":"product_tag-oem","13":"product_tag-sgs","15":"first","16":"instock","17":"shipping-taxable","18":"product-type-simple"},"_links":{"self":[{"href":"https:\/\/lyfilter.com\/de\/wp-json\/wp\/v2\/product\/604","targetHints":{"allow":["GET"]}}],"collection":[{"href":"https:\/\/lyfilter.com\/de\/wp-json\/wp\/v2\/product"}],"about":[{"href":"https:\/\/lyfilter.com\/de\/wp-json\/wp\/v2\/types\/product"}],"replies":[{"embeddable":true,"href":"https:\/\/lyfilter.com\/de\/wp-json\/wp\/v2\/comments?post=604"}],"wp:featuredmedia":[{"embeddable":true,"href":"https:\/\/lyfilter.com\/de\/wp-json\/wp\/v2\/media\/610"}],"wp:attachment":[{"href":"https:\/\/lyfilter.com\/de\/wp-json\/wp\/v2\/media?parent=604"}],"wp:term":[{"taxonomy":"product_brand","embeddable":true,"href":"https:\/\/lyfilter.com\/de\/wp-json\/wp\/v2\/product_brand?post=604"},{"taxonomy":"product_cat","embeddable":true,"href":"https:\/\/lyfilter.com\/de\/wp-json\/wp\/v2\/product_cat?post=604"},{"taxonomy":"product_tag","embeddable":true,"href":"https:\/\/lyfilter.com\/de\/wp-json\/wp\/v2\/product_tag?post=604"}],"curies":[{"name":"wp","href":"https:\/\/api.w.org\/{rel}","templated":true}]}}