{"id":599,"date":"2025-12-24T03:12:25","date_gmt":"2025-12-24T03:12:25","guid":{"rendered":"https:\/\/lyfilter.com\/?post_type=product&#038;p=599"},"modified":"2025-12-24T06:47:29","modified_gmt":"2025-12-24T06:47:29","slug":"hf-series-5-10-micron-high-flow-filter-pleated-sediment-cartridge-for-water-filter-treatment","status":"publish","type":"product","link":"https:\/\/lyfilter.com\/de\/hf-series-5-10-micron-high-flow-filter-pleated-sediment-cartridge-for-water-filter-treatment\/","title":{"rendered":"HF Serie 5\/10 Mikron Hochdurchsatz-Filter Falten-Sediment-Patrone f\u00fcr Wasserfilter-Behandlung"},"content":{"rendered":"<div class=\"d-tem11-graphic tem11-graphic mockup\" data-detail=\"wrap\">\n<div class=\"tab_row\">\n<div class=\"img\"><img decoding=\"async\" title=\"\" src=\"https:\/\/img.yfisher.com\/m6076\/1725726639yas\/jpg70-t3-scale100.webp\" alt=\"HF Serie 5\/10 Mikron Hochdurchsatzfilter Plissierte Sedimentpatrone f\u00fcr Wasserfilterbehandlung 5\" data-lazy=\"2\"><\/div>\n<div class=\"text_box\">\n<div class=\"txt\">\n<div class=\"title\">Die LY-HFPL Filterpatrone ist ein neues Produkt, das von Lvyuan Water Purification Equipment Co. in Guangzhou, China. Sie hat einen 6 Zoll\/152mm gro\u00dfen Durchmesser. Sie besteht aus 100% Polypropylen-Medien. Der harte, starke K\u00e4fig erm\u00f6glicht es den Filtern mit hohem Wasserdurchfluss, einen gr\u00f6\u00dferen Betriebsdruck w\u00e4hrend des Filtrationsprozesses zu \u00fcbernehmen. Der gro\u00dfe Durchmesser mit gro\u00dfer Filterfl\u00e4che sorgt daf\u00fcr, dass die Anzahl der Filterpatronen und die Gr\u00f6\u00dfe des erforderlichen Geh\u00e4uses reduziert werden. Die lange Lebensdauer und die hohe Durchflussrate f\u00fchren in vielen Anwendungen zu geringen Investitionen und weniger Arbeitsaufwand. Diese Art von LY-HFPL-Produkt hat verschiedene Anwendungen in der Wasseraufbereitung.<\/div>\n<\/div>\n<\/div>\n<\/div>\n<\/div>\n<div class=\"er-fangkuang1\">\n<p>\u00a0 Produktmerkmal<\/p>\n<div class=\"description\">\n<ul>\n<li><span class=\"font-color\">\u25ea \u00a0 \u00a0<\/span>Aufgrund der Str\u00f6mungsrichtung k\u00f6nnen alle Verunreinigungen innerhalb der Patronen entfernt werden.<\/li>\n<li><span class=\"font-color\">\u25ea\u00a0 \u00a0<\/span>Bis zu 110m\u00b3\/h Durchflussmenge pro Filterpatrone f\u00fcr die Wasserfiltration.<\/li>\n<li><span class=\"font-color\">\u25ea\u00a0 \u00a0<\/span>Max. 50% Reduzierung des Filtersystems.<\/li>\n<li><span class=\"font-color\">\u25ea\u00a0 \u00a0<\/span>Mehrere Membranschichten f\u00fcr gro\u00dfe Schmutzaufnahme in den High-Flow-Filterelementen.<\/li>\n<li><span class=\"font-color\">\u25ea\u00a0 \u00a0<\/span>Thermisch gebundene Konstruktion f\u00fcr h\u00f6here Druckbest\u00e4ndigkeit.<\/li>\n<li><span class=\"font-color\">\u25ea\u00a0 \u00a0<\/span>Griff-Design schnelle Installation, Sicherheit und reduzieren die Kosten.<\/li>\n<\/ul>\n<\/div>\n<\/div>\n<div class=\"d-tem04-title text-left d-interval manS\" data-detail=\"wrap\">\n<h2 class=\"heading\">Produkt-Parameter<\/h2>\n<\/div>\n<div class=\"table-responsive\">\n<table class=\"table table-bordered table-hover\">\n<tbody>\n<tr class=\"firstRow\">\n<td>Produktname<\/td>\n<td>Repalcement Hochdurchsatz-Wasserfilterpatrone 60 Zoll (LY-HFPL)<\/td>\n<\/tr>\n<tr>\n<td>Filtermedien<\/td>\n<td>PP\/Polypropylen-Membran<\/td>\n<\/tr>\n<tr>\n<td>Unterst\u00fctzung<\/td>\n<td>PP\/Polypropylen<\/td>\n<\/tr>\n<tr>\n<td>Kern\/Endkappe<\/td>\n<td>PP\/Polypropylen<\/td>\n<\/tr>\n<tr>\n<td>Werkstoff der Dichtung<\/td>\n<td>Silikon\/EPDM\/VITON\/PTFE\/NBR<\/td>\n<\/tr>\n<tr>\n<td>\u00c4u\u00dferer Durchmesser<\/td>\n<td>6\u201d(152mm)<\/td>\n<\/tr>\n<tr>\n<td colspan=\"1\" rowspan=\"1\">Innendurchmesser<\/td>\n<td colspan=\"1\" rowspan=\"1\">3,5 Zoll (89 mm)<\/td>\n<\/tr>\n<tr>\n<td>L\u00e4nge<\/td>\n<td>20\u201d, 40\u201d, 60\u201d, kundenspezifisch<\/td>\n<\/tr>\n<tr>\n<td>Max. Betriebstemperatur<\/td>\n<td>82\u2103<\/td>\n<\/tr>\n<tr>\n<td>Mikrometerwert (\u03bcm)<\/td>\n<td>1, 4, 5, 10, 15, 20, 40, 70, 100<\/td>\n<\/tr>\n<\/tbody>\n<\/table>\n<\/div>\n<div class=\"d-tem04-title text-left d-interval manS\" data-detail=\"wrap\">\n<h2 class=\"heading\">Details zum Produkt<\/h2>\n<\/div>\n<div class=\"d-tem05-technology mockup\" data-detail=\"wrap\">\n<div class=\"items\">\n<div class=\"item tab_row bg-color-before\">\n<div class=\"img d-font-size-fix\"><img decoding=\"async\" title=\"\" src=\"https:\/\/img.yfisher.com\/m6076\/1725726639rle\/jpg70-t3-scale100.webp\" alt=\"HF Serie 5\/10 Mikron Hochdurchsatz-Filter Falten-Sediment-Patrone f\u00fcr Wasserfilter-Behandlung 6\" data-lazy=\"2\"><\/div>\n<div class=\"text_box\">\n<div class=\"txt font-color d-font-size-fix\">\n<div class=\"numbox\">Teil.1<\/div>\n<div class=\"description\">\n<p>\u2605 Abgestufte Filterporengr\u00f6\u00dfen in einem Element mit hohem Durchfluss.<\/p>\n<p>\u2605 Leichtere und bequemere Installation und Austausch.<\/p>\n<p>\u2605 Plissiert mit optimierter Membranstruktur, bessere Filtration und Effizienz.<\/p>\n<p>\u2605 Die U-f\u00f6rmige Dichtungsnut gew\u00e4hrleistet eine hohe Filtrationsleistung.<\/p>\n<p>\u2605 Von der Innen- zur Au\u00dfenfilterung werden alle Verunreinigungen im Filter zur\u00fcckgehalten.<\/p>\n<\/div>\n<\/div>\n<\/div>\n<\/div>\n<div class=\"d-tem04-title text-left d-interval manS\" data-detail=\"wrap\">\n<h2 class=\"heading\">Produktanwendungen<\/h2>\n<\/div>\n<div class=\"d-tem15-graphic mockup\" data-detail=\"wrap\">\n<div class=\"clearfix d-clearfix\">\n<div class=\"col-sm-12 col-md-4 col-xs-6\">\n<div class=\"thumbnail\"><img decoding=\"async\" title=\"\" src=\"https:\/\/img.yfisher.com\/m6076\/1725726634yem\/jpg70-t3-scale100.webp\" alt=\"HF Serie 5\/10 Mikron Hochdurchsatz-Filter Falten-Sediment-Patrone f\u00fcr Wasserfilter-Behandlung 7\" data-lazy=\"2\"><\/div>\n<div class=\"description\">\n<p>Kommunales Leitungswasser, Vorfiltration von RO, Vorbehandlung von Meerwasserentsalzung<\/p>\n<\/div>\n<\/div>\n<div class=\"col-sm-12 col-md-4 col-xs-6\">\n<div class=\"thumbnail\"><img decoding=\"async\" title=\"\" src=\"https:\/\/img.yfisher.com\/m6076\/1725726634jwi\/jpg70-t3-scale100.webp\" alt=\"HF Serie 5\/10 Mikron Hochstromfilter Faltenfilterpatrone f\u00fcr Wasserfilterbehandlung 8\" data-lazy=\"2\"><\/div>\n<div class=\"description\">Kondensatwasserfiltration, Hei\u00dfwasserr\u00fcckgewinnung in der Stromerzeugung<\/div>\n<\/div>\n<div class=\"col-sm-12 col-md-4 col-xs-6\">\n<div class=\"thumbnail\"><img decoding=\"async\" title=\"\" src=\"https:\/\/img.yfisher.com\/m6076\/1725726636iet\/jpg70-t3-scale100.webp\" alt=\"HF Serie 5\/10 Mikron Hochstromfilter Faltenfilterpatrone f\u00fcr Wasserfilterbehandlung 9\" data-lazy=\"2\"><\/div>\n<div class=\"description\">API-, L\u00f6sungsmittel- und Wasserfiltration auf dem BioPharm-Markt<\/div>\n<\/div>\n<\/div>\n<\/div>\n<div class=\"d-tem15-graphic mockup\" data-detail=\"wrap\">\n<div class=\"clearfix d-clearfix\">\n<div class=\"col-sm-12 col-md-4 col-xs-6\">\n<div class=\"thumbnail\"><img decoding=\"async\" title=\"\" src=\"https:\/\/img.yfisher.com\/m6076\/1725726636pxa\/jpg70-t3-scale100.webp\" alt=\"HF Serie 5\/10 Mikron Hochdurchsatz-Filter Falten-Sediment-Patrone f\u00fcr Wasserfilter-Behandlung 10\" data-lazy=\"2\"><\/div>\n<div class=\"description\">Die Filtration von Wasser in Flaschen, fructosereichem Wasser, Speise\u00f6l, Softdrinks und Milch<\/div>\n<\/div>\n<div class=\"col-sm-12 col-md-4 col-xs-6\">\n<div class=\"thumbnail\"><img decoding=\"async\" title=\"\" src=\"https:\/\/img.yfisher.com\/m6076\/1725726636l6r\/jpg70-t3-scale100.webp\" alt=\"HF Serie 5\/10 Mikron Hochdurchsatz-Filter Falten-Sediment-Patrone f\u00fcr Wasserfilter-Behandlung 11\" data-lazy=\"2\"><\/div>\n<div class=\"description\">Farben und Lacke, Petrochemie, Raffinerien, CD\/DVD, magnetische Medien, Petrochemie, Raffinerien<\/div>\n<\/div>\n<div class=\"col-sm-12 col-md-4 col-xs-6\">\n<div class=\"thumbnail\"><img decoding=\"async\" title=\"\" src=\"https:\/\/img.yfisher.com\/m6076\/1725726636vx4\/jpg70-t3-scale100.webp\" alt=\"HF Serie 5\/10 Mikron Hochstromfilter Faltenfilterpatrone f\u00fcr Wasserfilterbehandlung 12\" data-lazy=\"2\"><\/div>\n<div class=\"description\">Mikroelektronik, Film, Faser und Harz<\/div>\n<\/div>\n<\/div>\n<\/div>\n<\/div>\n<\/div>","protected":false},"excerpt":{"rendered":"<table>\n<thead>\n<tr>\n<th>Start-Hafen:<\/th>\n<th>Guangzhou<\/th>\n<\/tr>\n<\/thead>\n<tbody>\n<tr>\n<td>Produktionskapazit\u00e4t:<\/td>\n<td>10000 Einheiten\/Monat<\/td>\n<\/tr>\n<tr>\n<td>Ort der Herkunft:<\/td>\n<td>Guangdong, China<\/td>\n<\/tr>\n<tr>\n<td>Bezahlung:<\/td>\n<td>L\/C, T\/T, Western Union, Alibaba Trade Assurance, paypal<\/td>\n<\/tr>\n<tr>\n<td>MOQ:<\/td>\n<td>1 St\u00fcck<\/td>\n<\/tr>\n<tr>\n<td>Modell:<\/td>\n<td>LY-HFPL<\/td>\n<\/tr>\n<tr>\n<td>Lieferzeiten:<\/td>\n<td>Innerhalb von 7 Arbeitstagen<\/td>\n<\/tr>\n<tr>\n<td>Zertifizierung:<\/td>\n<td>SGS, ISO 9001<\/td>\n<\/tr>\n<tr>\n<td>Marke:<\/td>\n<td>OEM\/Lvyuan<\/td>\n<\/tr>\n<\/tbody>\n<\/table>","protected":false},"featured_media":602,"comment_status":"open","ping_status":"closed","template":"","meta":{"_gspb_post_css":""},"product_brand":[],"product_cat":[20,17],"product_tag":[261,266,265,268,259,269],"class_list":{"0":"post-599","1":"product","2":"type-product","3":"status-publish","4":"has-post-thumbnail","6":"product_cat-high-flow-filter-cartridge","7":"product_cat-sediment-filter","8":"product_tag-guangdong-china","9":"product_tag-guangzhou","10":"product_tag-lvyuan","11":"product_tag-ly-hfpl","12":"product_tag-oem","13":"product_tag-sgs","15":"first","16":"instock","17":"shipping-taxable","18":"product-type-simple"},"_links":{"self":[{"href":"https:\/\/lyfilter.com\/de\/wp-json\/wp\/v2\/product\/599","targetHints":{"allow":["GET"]}}],"collection":[{"href":"https:\/\/lyfilter.com\/de\/wp-json\/wp\/v2\/product"}],"about":[{"href":"https:\/\/lyfilter.com\/de\/wp-json\/wp\/v2\/types\/product"}],"replies":[{"embeddable":true,"href":"https:\/\/lyfilter.com\/de\/wp-json\/wp\/v2\/comments?post=599"}],"wp:featuredmedia":[{"embeddable":true,"href":"https:\/\/lyfilter.com\/de\/wp-json\/wp\/v2\/media\/602"}],"wp:attachment":[{"href":"https:\/\/lyfilter.com\/de\/wp-json\/wp\/v2\/media?parent=599"}],"wp:term":[{"taxonomy":"product_brand","embeddable":true,"href":"https:\/\/lyfilter.com\/de\/wp-json\/wp\/v2\/product_brand?post=599"},{"taxonomy":"product_cat","embeddable":true,"href":"https:\/\/lyfilter.com\/de\/wp-json\/wp\/v2\/product_cat?post=599"},{"taxonomy":"product_tag","embeddable":true,"href":"https:\/\/lyfilter.com\/de\/wp-json\/wp\/v2\/product_tag?post=599"}],"curies":[{"name":"wp","href":"https:\/\/api.w.org\/{rel}","templated":true}]}}