{"id":593,"date":"2025-12-24T03:09:58","date_gmt":"2025-12-24T03:09:58","guid":{"rendered":"https:\/\/lyfilter.com\/?post_type=product&#038;p=593"},"modified":"2025-12-24T06:47:10","modified_gmt":"2025-12-24T06:47:10","slug":"40-inch-high-flow-pleated-cartridge-filter-for-industrial-liquid-filtration","status":"publish","type":"product","link":"https:\/\/lyfilter.com\/de\/40-inch-high-flow-pleated-cartridge-filter-for-industrial-liquid-filtration\/","title":{"rendered":"40 Zoll Faltenfilter mit hohem Durchfluss f\u00fcr die industrielle Fl\u00fcssigkeitsfiltration"},"content":{"rendered":"<div class=\"d-tem11-graphic tem11-graphic mockup\" data-detail=\"wrap\">\n<div class=\"tab_row\">\n<div class=\"img\"><img decoding=\"async\" title=\"\" src=\"https:\/\/img.yfisher.com\/m6076\/1725726636j1b\/jpg70-t3-scale100.webp\" alt=\"40 Zoll Faltenfilter mit hohem Durchfluss f\u00fcr die industrielle Fl\u00fcssigkeitsfiltration 6\" data-lazy=\"2\"><\/div>\n<div class=\"text_box\">\n<div class=\"txt\">\n<div class=\"title\">\n<p>Die Filterpatronenserie LY-HFPK ist eine Ersatzpatrone f\u00fcr die Tiefenfiltration und 2-1\/2\u201d-Durchmesser-Patronen f\u00fcr Anwendungen mit hohem Durchfluss. Ein Beispiel ist die Vorfiltration f\u00fcr RO-Systeme. Der Lvyuan-Filter hat ein gefaltetes Design mit einer hohen Durchflussfl\u00e4che und einer hohen Kapazit\u00e4t zur Entfernung von Verunreinigungen.<\/p>\n<p>Dieses Design hilft dem Endverbraucher, die Investitionskosten zu senken, Platz zu sparen und den Filter einfach auszutauschen. Die Durchflussrate von bis zu 1300 LPM pro Filterpatrone reduziert die Anzahl der Filterpatronen und die Gr\u00f6\u00dfe des erforderlichen Filtergeh\u00e4uses. Das Wasseraufbereitungsvolumen pro Super-High-Flow-Filterpatrone entspricht 10\u00d740\u201d langen Filterpatronen mit einem Durchmesser von 2-1\/2\u201d. Ein innerer O-Ring sorgt daf\u00fcr, dass kein Wasser durchl\u00e4uft, und das Griffdesign erleichtert die Installation.<\/p>\n<\/div>\n<\/div>\n<\/div>\n<\/div>\n<\/div>\n<div class=\"er-fangkuang1\">\n<p>\u00a0 Produktmerkmal<\/p>\n<div class=\"description\">\n<ul>\n<li><span class=\"font-color\">\u25ea \u00a0 \u00a0<\/span>Hohe Schmutzaufnahmekapazit\u00e4t und lange Nutzungsdauer.<\/li>\n<li><span class=\"font-color\">\u25ea\u00a0 \u00a0<\/span>Alle Verunreinigungen k\u00f6nnen aufgrund der Str\u00f6mungsrichtung innerhalb der Patronen entfernt werden<\/li>\n<li><span class=\"font-color\">\u25ea\u00a0 \u00a0<\/span>Bis zu 110m\u00b3\/h Durchflussmenge pro Filterpatrone f\u00fcr die Wasserfiltration<\/li>\n<li><span class=\"font-color\">\u25ea\u00a0 \u00a0<\/span>Max. 50% Reduzierung des Filtersystems<\/li>\n<li><span class=\"font-color\">\u25ea\u00a0 \u00a0<\/span>Mehrere Membranschichten f\u00fcr gro\u00dfe Schmutzaufnahme<\/li>\n<li><span class=\"font-color\">\u25ea\u00a0 \u00a0<\/span>Die O-Ring-Dichtung gew\u00e4hrleistet die Integrit\u00e4t der Filtration<\/li>\n<li><span class=\"font-color\">\u25ea\u00a0 \u00a0<\/span>Griff-Design schnelle Installation, sicher und reduzieren die Kosten<\/li>\n<\/ul>\n<\/div>\n<\/div>\n<div class=\"d-tem04-title text-left d-interval manS\" data-detail=\"wrap\">\n<h2 class=\"heading\">Produkt-Parameter<\/h2>\n<\/div>\n<div class=\"table-responsive\">\n<table class=\"table table-bordered table-hover\">\n<tbody>\n<tr class=\"firstRow\">\n<td>Produktname<\/td>\n<td>HFPK Serie gefalteter Patronenfilter mit hohem Durchfluss Ersatzfilterelement(LY-HFPK)<\/td>\n<\/tr>\n<tr>\n<td>Filtermedien<\/td>\n<td>PP\/Polypropylen-Membran<\/td>\n<\/tr>\n<tr>\n<td>Unterst\u00fctzung<\/td>\n<td>PP\/Polypropylen<\/td>\n<\/tr>\n<tr>\n<td>Kern\/Endkappe<\/td>\n<td>PP\/Polypropylen<\/td>\n<\/tr>\n<tr>\n<td>Werkstoff der Dichtung<\/td>\n<td>Silikon\/EPDM\/VITON\/PTFE\/NBR<\/td>\n<\/tr>\n<tr>\n<td>\u00c4u\u00dferer Durchmesser<\/td>\n<td>6\u201d(152mm)<\/td>\n<\/tr>\n<tr>\n<td>L\u00e4nge<\/td>\n<td>20\u201d, 40\u201d, 60\u201d, kundenspezifisch<\/td>\n<\/tr>\n<tr>\n<td>Max. Betriebstemperatur<\/td>\n<td>82\u2103(plissiert PP)<\/td>\n<\/tr>\n<tr>\n<td>Mikrometerwert (\u03bcm)<\/td>\n<td>1, 4, 5, 10, 15, 20, 40, 70, 100<\/td>\n<\/tr>\n<\/tbody>\n<\/table>\n<\/div>\n<div class=\"d-tem04-title text-left d-interval manS\" data-detail=\"wrap\">\n<h2 class=\"heading\">Details zum Produkt<\/h2>\n<\/div>\n<div class=\"d-tem05-technology mockup\" data-detail=\"wrap\">\n<div class=\"items\">\n<div class=\"item tab_row bg-color-before\">\n<div class=\"img d-font-size-fix\"><img decoding=\"async\" title=\"\" src=\"https:\/\/img.yfisher.com\/m6076\/17257266369n6\/jpg70-t3-scale100.webp\" alt=\"40 Zoll Faltenfilter mit hohem Durchfluss f\u00fcr die industrielle Fl\u00fcssigkeitsfiltration 7\" data-lazy=\"2\"><\/div>\n<div class=\"text_box\">\n<div class=\"txt font-color d-font-size-fix\">\n<div class=\"numbox\">Teil.1<\/div>\n<div class=\"description\">\n<p>\u2605 100% reines Polypropylen PP Materialien f\u00fcr breite chemische Kompatibilit\u00e4t, reduzieren die Filterelemente Mengen auf gro\u00dfe Wasserdurchflussmenge.<\/p>\n<\/div>\n<\/div>\n<\/div>\n<\/div>\n<div class=\"item tab_row bg-color-before\">\n<div class=\"img d-font-size-fix\"><img decoding=\"async\" title=\"\" src=\"https:\/\/img.yfisher.com\/m6076\/1725726636jdi\/jpg70-t3-scale100.webp\" alt=\"40 Zoll Faltenfilter mit hohem Durchfluss f\u00fcr die industrielle Fl\u00fcssigkeitsfiltration 8\" data-lazy=\"2\"><\/div>\n<div class=\"text_box\">\n<div class=\"txt font-color d-font-size-fix\">\n<div class=\"numbox\">Teil.2<\/div>\n<div class=\"description\">\u2605 Thermisch gebundenes Polypropylen und Tr\u00e4germedien verhindern das Austreten von Partikeln, der gro\u00dfe Wasserdurchfluss ist in einem einzigen Filterelement mit hohem Durchfluss, super Kosteneffizienz im Vorbehandlungsprozess der RO-Wasseranlage.<\/div>\n<\/div>\n<\/div>\n<\/div>\n<\/div>\n<\/div>\n<div class=\"d-tem04-title text-left d-interval manS\" data-detail=\"wrap\">\n<h2 class=\"heading\">Produktanwendungen<\/h2>\n<\/div>\n<div class=\"d-tem15-graphic mockup\" data-detail=\"wrap\">\n<div class=\"clearfix d-clearfix\">\n<div class=\"col-sm-12 col-md-4 col-xs-6\">\n<div class=\"thumbnail\"><img decoding=\"async\" title=\"\" src=\"https:\/\/img.yfisher.com\/m6076\/1725726634yem\/jpg70-t3-scale100.webp\" alt=\"40 Zoll Faltenfilter mit hohem Durchfluss f\u00fcr die industrielle Fl\u00fcssigkeitsfiltration 9\" data-lazy=\"2\"><\/div>\n<div class=\"description\">\n<p>Kommunales Leitungswasser, Vorfiltration von RO, Vorbehandlung von Meerwasserentsalzung<\/p>\n<\/div>\n<\/div>\n<div class=\"col-sm-12 col-md-4 col-xs-6\">\n<div class=\"thumbnail\"><img decoding=\"async\" title=\"\" src=\"https:\/\/img.yfisher.com\/m6076\/1725726634jwi\/jpg70-t3-scale100.webp\" alt=\"40 Zoll Faltenfilter mit hohem Durchfluss f\u00fcr die industrielle Fl\u00fcssigkeitsfiltration 10\" data-lazy=\"2\"><\/div>\n<div class=\"description\">Kondensatwasserfiltration, Hei\u00dfwasserr\u00fcckgewinnung in der Stromerzeugung<\/div>\n<\/div>\n<div class=\"col-sm-12 col-md-4 col-xs-6\">\n<div class=\"thumbnail\"><img decoding=\"async\" title=\"\" src=\"https:\/\/img.yfisher.com\/m6076\/1725726636iet\/jpg70-t3-scale100.webp\" alt=\"40 Zoll Faltenfilter mit hohem Durchfluss f\u00fcr die industrielle Fl\u00fcssigkeitsfiltration 11\" data-lazy=\"2\"><\/div>\n<div class=\"description\">API-, L\u00f6sungsmittel- und Wasserfiltration auf dem BioPharm-Markt<\/div>\n<\/div>\n<\/div>\n<\/div>\n<div class=\"d-tem15-graphic mockup\" data-detail=\"wrap\">\n<div class=\"clearfix d-clearfix\">\n<div class=\"col-sm-12 col-md-4 col-xs-6\">\n<div class=\"thumbnail\"><img decoding=\"async\" title=\"\" src=\"https:\/\/img.yfisher.com\/m6076\/1725726636pxa\/jpg70-t3-scale100.webp\" alt=\"40 Zoll Faltenfilter mit hohem Durchfluss f\u00fcr die industrielle Fl\u00fcssigkeitsfiltration 12\" data-lazy=\"2\"><\/div>\n<div class=\"description\">Die Filtration von Wasser in Flaschen, fructosereichem Wasser, Speise\u00f6l, Softdrinks und Milch<\/div>\n<\/div>\n<div class=\"col-sm-12 col-md-4 col-xs-6\">\n<div class=\"thumbnail\"><img decoding=\"async\" title=\"\" src=\"https:\/\/img.yfisher.com\/m6076\/1725726636l6r\/jpg70-t3-scale100.webp\" alt=\"40 Zoll Faltenfilter mit hohem Durchfluss f\u00fcr die industrielle Fl\u00fcssigkeitsfiltration 13\" data-lazy=\"2\"><\/div>\n<div class=\"description\">Farben und Lacke, Petrochemie, Raffinerien, CD\/DVD, magnetische Medien, Petrochemie, Raffinerien<\/div>\n<\/div>\n<div class=\"col-sm-12 col-md-4 col-xs-6\">\n<div class=\"thumbnail\"><img decoding=\"async\" title=\"\" src=\"https:\/\/img.yfisher.com\/m6076\/1725726636vx4\/jpg70-t3-scale100.webp\" alt=\"40 Zoll Faltenfilter mit hohem Durchfluss f\u00fcr die industrielle Fl\u00fcssigkeitsfiltration 14\" data-lazy=\"2\"><\/div>\n<div class=\"description\">Mikroelektronik, Film, Faser und Harz<\/div>\n<\/div>\n<\/div>\n<\/div>","protected":false},"excerpt":{"rendered":"<table>\n<thead>\n<tr>\n<th>Start-Hafen:<\/th>\n<th>Guangzhou<\/th>\n<\/tr>\n<\/thead>\n<tbody>\n<tr>\n<td>Produktionskapazit\u00e4t:<\/td>\n<td>500 Einheiten\/Monat<\/td>\n<\/tr>\n<tr>\n<td>Ort der Herkunft:<\/td>\n<td>Guangdong, China<\/td>\n<\/tr>\n<tr>\n<td>Bezahlung:<\/td>\n<td>D\/P, T\/T, Alibaba Trade Assurance, paypal<\/td>\n<\/tr>\n<tr>\n<td>MOQ:<\/td>\n<td>4 St\u00fcck<\/td>\n<\/tr>\n<tr>\n<td>Modell:<\/td>\n<td>LY-HFPK<\/td>\n<\/tr>\n<tr>\n<td>Lieferzeiten:<\/td>\n<td>Innerhalb von 7 Arbeitstagen<\/td>\n<\/tr>\n<tr>\n<td>Zertifizierung:<\/td>\n<td>ISO 9001<\/td>\n<\/tr>\n<tr>\n<td>Marke:<\/td>\n<td>OEM\/Lvyuan<\/td>\n<\/tr>\n<\/tbody>\n<\/table>","protected":false},"featured_media":597,"comment_status":"open","ping_status":"closed","template":"","meta":{"_gspb_post_css":""},"product_brand":[],"product_cat":[20,17],"product_tag":[261,266,260,265,267,259],"class_list":{"0":"post-593","1":"product","2":"type-product","3":"status-publish","4":"has-post-thumbnail","6":"product_cat-high-flow-filter-cartridge","7":"product_cat-sediment-filter","8":"product_tag-guangdong-china","9":"product_tag-guangzhou","10":"product_tag-iso-9001","11":"product_tag-lvyuan","12":"product_tag-ly-hfpk","13":"product_tag-oem","15":"first","16":"instock","17":"shipping-taxable","18":"product-type-simple"},"_links":{"self":[{"href":"https:\/\/lyfilter.com\/de\/wp-json\/wp\/v2\/product\/593","targetHints":{"allow":["GET"]}}],"collection":[{"href":"https:\/\/lyfilter.com\/de\/wp-json\/wp\/v2\/product"}],"about":[{"href":"https:\/\/lyfilter.com\/de\/wp-json\/wp\/v2\/types\/product"}],"replies":[{"embeddable":true,"href":"https:\/\/lyfilter.com\/de\/wp-json\/wp\/v2\/comments?post=593"}],"wp:featuredmedia":[{"embeddable":true,"href":"https:\/\/lyfilter.com\/de\/wp-json\/wp\/v2\/media\/597"}],"wp:attachment":[{"href":"https:\/\/lyfilter.com\/de\/wp-json\/wp\/v2\/media?parent=593"}],"wp:term":[{"taxonomy":"product_brand","embeddable":true,"href":"https:\/\/lyfilter.com\/de\/wp-json\/wp\/v2\/product_brand?post=593"},{"taxonomy":"product_cat","embeddable":true,"href":"https:\/\/lyfilter.com\/de\/wp-json\/wp\/v2\/product_cat?post=593"},{"taxonomy":"product_tag","embeddable":true,"href":"https:\/\/lyfilter.com\/de\/wp-json\/wp\/v2\/product_tag?post=593"}],"curies":[{"name":"wp","href":"https:\/\/api.w.org\/{rel}","templated":true}]}}