{"id":590,"date":"2025-12-24T03:05:57","date_gmt":"2025-12-24T03:05:57","guid":{"rendered":"https:\/\/lyfilter.com\/?post_type=product&#038;p=590"},"modified":"2025-12-24T03:05:57","modified_gmt":"2025-12-24T03:05:57","slug":"20-inch-replacement-high-flow-water-pleated-filter-cartridge","status":"publish","type":"product","link":"https:\/\/lyfilter.com\/de\/20-inch-replacement-high-flow-water-pleated-filter-cartridge\/","title":{"rendered":"20-Zoll-Ersatzfilterpatrone mit hohem Wasserdurchfluss und Falten"},"content":{"rendered":"<div class=\"d-tem11-graphic tem11-graphic mockup\" data-detail=\"wrap\">\n<div class=\"tab_row\">\n<div class=\"img\"><img decoding=\"async\" class=\"\" title=\"\" src=\"https:\/\/img.yfisher.com\/m6076\/17257266346yr\/jpg70-t3-scale100.webp\" alt=\"20 Zoll Ersatz-Filterpatrone mit hohem Wasserdurchfluss 3\" data-lazy=\"2\"><\/div>\n<div class=\"text_box\">\n<div class=\"txt\">\n<div class=\"title\">\n<p>Die LY-HFMH-Filterpatrone basiert auf der horizontal gefalteten Technologie und verwendet spezielle Maschinen, um standardisierte Produkte effizient herzustellen.<\/p>\n<p>Dadurch wird die Vorlaufzeit der Produktion verk\u00fcrzt und die Produkte werden zu einem wettbewerbsf\u00e4higen Preis angeboten.<\/p>\n<p>Diese Filterpatronenserie ist f\u00fcr den Einsatz in verschiedenen Filtergeh\u00e4usen konzipiert, die 1-37 Filterpatronen enthalten. Sie kann f\u00fcr verschiedene Durchflussraten verwendet werden. Der gro\u00dfe Durchmesser mit gro\u00dfer Filterfl\u00e4che sorgt daf\u00fcr, dass die Anzahl der Filterpatronen und die Abmessungen des Geh\u00e4uses reduziert werden. Diese Filterpatrone hat verschiedene Anwendungen in Wasseraufbereitungssystemen.<\/p>\n<\/div>\n<\/div>\n<\/div>\n<\/div>\n<\/div>\n<div class=\"er-fangkuang1\">\n<p>\u00a0 Produktmerkmal<\/p>\n<div class=\"description\">\n<ul>\n<li><span class=\"font-color\">\u25ea \u00a0\u00a0<\/span>Hohe Beladungskapazit\u00e4t f\u00fcr lange Lebensdauer und kosteng\u00fcnstige Filtration.<\/li>\n<li><span class=\"font-color\">\u25ea\u00a0 \u00a0<\/span>Bis zu 110m\u00b3\/h Durchflussmenge pro Filterpatrone f\u00fcr die Wasserfiltration.<\/li>\n<li><span class=\"font-color\">\u25ea\u00a0 \u00a0<\/span>Weniger Patronen f\u00fcr weniger Austausch, daher weniger Arbeitskosten.<\/li>\n<li><span class=\"font-color\">\u25ea\u00a0 \u00a0<\/span>breite chemische Vertr\u00e4glichkeit f\u00fcr verschiedene Anwendungen.<\/li>\n<li><span class=\"font-color\">\u25ea\u00a0 \u00a0<\/span>Kleinerer Einbauplatz und einfaches Auswechseln.<\/li>\n<li><span class=\"font-color\">\u25ea\u00a0 \u00a0<\/span>Griff-Design schnelle Installation, sicher und reduzieren die Kosten.<\/li>\n<\/ul>\n<\/div>\n<\/div>\n<div class=\"d-tem04-title text-left d-interval manS\" data-detail=\"wrap\">\n<h2 class=\"heading\">Produkt-Parameter<\/h2>\n<\/div>\n<div class=\"table-responsive\">\n<table class=\"table table-bordered table-hover\">\n<tbody>\n<tr class=\"firstRow\">\n<td>Produktname<\/td>\n<td>Ersatz-Patronenfilter f\u00fcr Wasser mit hohem Durchfluss (LY-HFMH)<\/td>\n<\/tr>\n<tr>\n<td>Filtermedien<\/td>\n<td>Polypropylen\/PP-Membran<\/td>\n<\/tr>\n<tr>\n<td>Unterst\u00fctzung<\/td>\n<td>PP\/Polypropylen<\/td>\n<\/tr>\n<tr>\n<td>Kern\/Endkappe<\/td>\n<td>PP\/Polypropylen<\/td>\n<\/tr>\n<tr>\n<td>Werkstoff der Dichtung<\/td>\n<td>Silikon\/EPDM\/VITON\/PTFE\/NBR<\/td>\n<\/tr>\n<tr>\n<td>\u00c4u\u00dferer Durchmesser<\/td>\n<td>6,5\u201d(165mm)<\/td>\n<\/tr>\n<tr>\n<td>L\u00e4nge<\/td>\n<td>20\u201d, 40\u201d, 60\u201d, oder kundenspezifisch<\/td>\n<\/tr>\n<tr>\n<td>Max. Betriebstemperatur<\/td>\n<td>82\u2103<\/td>\n<\/tr>\n<tr>\n<td>Mikrometerwert (\u03bcm)<\/td>\n<td>1, 4, 5, 10, 15, 20, 40, 70, 100<\/td>\n<\/tr>\n<\/tbody>\n<\/table>\n<\/div>\n<div class=\"d-tem04-title text-left d-interval manS\" data-detail=\"wrap\">\n<h2 class=\"heading\">Details zum Produkt<\/h2>\n<\/div>\n<div class=\"d-tem05-technology mockup\" data-detail=\"wrap\">\n<div class=\"items\">\n<div class=\"item tab_row bg-color-before\">\n<div class=\"img d-font-size-fix\"><img decoding=\"async\" title=\"\" src=\"https:\/\/img.yfisher.com\/m6076\/1725726634phq\/jpg70-t3-scale100.webp\" alt=\"20 Zoll Ersatz-Filterpatrone mit hohem Wasserdurchfluss 4\" data-lazy=\"2\"><\/div>\n<div class=\"text_box\">\n<div class=\"txt font-color d-font-size-fix\">\n<div class=\"numbox\">Teil.1<\/div>\n<div class=\"description\">\n<p>\u2605 Freundliches Griffdesign, das vom Bediener leicht ausgewechselt werden kann.<\/p>\n<p>\u2605 Sehr konstante Leistung und 100% durch fortschrittliche Polypropylen-Medien gebaut.<\/p>\n<\/div>\n<\/div>\n<\/div>\n<\/div>\n<div class=\"item tab_row bg-color-before\">\n<div class=\"img d-font-size-fix\"><img decoding=\"async\" title=\"\" src=\"https:\/\/img.yfisher.com\/m6076\/1725726634diy\/jpg70-t3-scale100.webp\" alt=\"20-Zoll-Ersatz-Filterpatrone mit hohem Wasserdurchfluss 5\" data-lazy=\"2\"><\/div>\n<div class=\"text_box\">\n<div class=\"txt font-color d-font-size-fix\">\n<div class=\"numbox\">Teil.2<\/div>\n<div class=\"description\">\u2605 Die qualitativ hochwertige Membran und die wissenschaftlich entwickelte Struktur machen sie zu einer sehr wettbewerbsf\u00e4higen Option auf dem Markt.<br \/>\n\u2605 100% besteht aus modernem Polypropylen und verf\u00fcgt \u00fcber eine ausgezeichnete chemische Kapazit\u00e4t.<\/div>\n<\/div>\n<\/div>\n<\/div>\n<\/div>\n<\/div>\n<div class=\"d-tem04-title text-left d-interval manS\" data-detail=\"wrap\">\n<h2 class=\"heading\">Produktanwendungen<\/h2>\n<\/div>\n<div class=\"d-tem15-graphic mockup\" data-detail=\"wrap\">\n<div class=\"clearfix d-clearfix\">\n<div class=\"col-sm-12 col-md-4 col-xs-6\">\n<div class=\"thumbnail\"><img decoding=\"async\" title=\"\" src=\"https:\/\/img.yfisher.com\/m6076\/1725726634yem\/jpg70-t3-scale100.webp\" alt=\"20 Zoll Ersatz-Filterpatrone mit hohem Wasserdurchfluss 6\" data-lazy=\"2\"><\/div>\n<div class=\"description\">\n<p>Ro-Wasseraufbereitung<\/p>\n<\/div>\n<\/div>\n<div class=\"col-sm-12 col-md-4 col-xs-6\">\n<div class=\"thumbnail\"><img decoding=\"async\" title=\"\" src=\"https:\/\/img.yfisher.com\/m6076\/1725726634jwi\/jpg70-t3-scale100.webp\" alt=\"20-Zoll-Ersatz-Filterpatrone mit hohem Wasserdurchfluss 7\" data-lazy=\"2\"><\/div>\n<div class=\"description\">Industriewasser, Galvanikfiltration<\/div>\n<\/div>\n<div class=\"col-sm-12 col-md-4 col-xs-6\">\n<div class=\"thumbnail\"><img decoding=\"async\" title=\"\" src=\"https:\/\/img.yfisher.com\/m6076\/1725726634rbx\/jpg70-t3-scale100.webp\" alt=\"20-Zoll-Ersatz-Filterpatrone mit hohem Wasserdurchfluss 8\" data-lazy=\"2\"><\/div>\n<div class=\"description\">Lebensmittel und Getr\u00e4nke<\/div>\n<\/div>\n<\/div>\n<\/div>\n<div class=\"d-tem15-graphic mockup\" data-detail=\"wrap\">\n<div class=\"clearfix d-clearfix\">\n<div class=\"col-sm-12 col-md-4 col-xs-6\">\n<div class=\"thumbnail\"><img decoding=\"async\" title=\"\" src=\"https:\/\/img.yfisher.com\/m6076\/17257266342s7\/jpg70-t3-scale100.webp\" alt=\"20-Zoll-Ersatz-Filterpatrone mit hohem Wasserdurchsatz 9\" data-lazy=\"2\"><\/div>\n<div class=\"description\">Steriles Wasser und Reinstwasser-Vorfiltration<\/div>\n<\/div>\n<div class=\"col-sm-12 col-md-4 col-xs-6\">\n<div class=\"thumbnail\"><img decoding=\"async\" title=\"\" src=\"https:\/\/img.yfisher.com\/m6076\/1725726634k4w\/jpg70-t3-scale100.webp\" alt=\"20 Zoll Ersatz-Filterpatrone mit hohem Wasserdurchfluss 10\" data-lazy=\"2\"><\/div>\n<div class=\"description\">Chemikalien- und L\u00f6sungsmittelwasser<\/div>\n<\/div>\n<div class=\"col-sm-12 col-md-4 col-xs-6\">\n<div class=\"thumbnail\"><img decoding=\"async\" title=\"\" src=\"https:\/\/img.yfisher.com\/m6076\/1725726634aep\/jpg70-t3-scale100.webp\" alt=\"20-Zoll-Ersatz-Filterpatrone mit hohem Wasserdurchfluss 11\" data-lazy=\"2\"><\/div>\n<div class=\"description\">Meerwasserentsalzung<\/div>\n<\/div>\n<\/div>\n<\/div>","protected":false},"excerpt":{"rendered":"<table>\n<thead>\n<tr>\n<th>Start-Hafen:<\/th>\n<th>Guangzhou<\/th>\n<\/tr>\n<\/thead>\n<tbody>\n<tr>\n<td>Produktionskapazit\u00e4t:<\/td>\n<td>500 Einheiten\/Monat<\/td>\n<\/tr>\n<tr>\n<td>Ort der Herkunft:<\/td>\n<td>Guangdong, China<\/td>\n<\/tr>\n<tr>\n<td>Bezahlung:<\/td>\n<td>T\/T, Western Union, Alibaba Trade Assurance, paypal<\/td>\n<\/tr>\n<tr>\n<td>MOQ:<\/td>\n<td>10 St\u00fcck<\/td>\n<\/tr>\n<tr>\n<td>Modell:<\/td>\n<td>LY-HFMH<\/td>\n<\/tr>\n<tr>\n<td>Lieferzeiten:<\/td>\n<td>innerhalb von 7 Arbeitstagen<\/td>\n<\/tr>\n<tr>\n<td>Marke:<\/td>\n<td>OEM\/Lvyuan<\/td>\n<\/tr>\n<\/tbody>\n<\/table>","protected":false},"featured_media":591,"comment_status":"open","ping_status":"closed","template":"","meta":{"_gspb_post_css":""},"product_brand":[],"product_cat":[20,17],"product_tag":[263,261,266,265,264,259],"class_list":{"0":"post-590","1":"product","2":"type-product","3":"status-publish","4":"has-post-thumbnail","6":"product_cat-high-flow-filter-cartridge","7":"product_cat-sediment-filter","8":"product_tag-fast-delivery","9":"product_tag-guangdong-china","10":"product_tag-guangzhou","11":"product_tag-lvyuan","12":"product_tag-ly-hfmh","13":"product_tag-oem","15":"first","16":"instock","17":"shipping-taxable","18":"product-type-simple"},"_links":{"self":[{"href":"https:\/\/lyfilter.com\/de\/wp-json\/wp\/v2\/product\/590","targetHints":{"allow":["GET"]}}],"collection":[{"href":"https:\/\/lyfilter.com\/de\/wp-json\/wp\/v2\/product"}],"about":[{"href":"https:\/\/lyfilter.com\/de\/wp-json\/wp\/v2\/types\/product"}],"replies":[{"embeddable":true,"href":"https:\/\/lyfilter.com\/de\/wp-json\/wp\/v2\/comments?post=590"}],"wp:featuredmedia":[{"embeddable":true,"href":"https:\/\/lyfilter.com\/de\/wp-json\/wp\/v2\/media\/591"}],"wp:attachment":[{"href":"https:\/\/lyfilter.com\/de\/wp-json\/wp\/v2\/media?parent=590"}],"wp:term":[{"taxonomy":"product_brand","embeddable":true,"href":"https:\/\/lyfilter.com\/de\/wp-json\/wp\/v2\/product_brand?post=590"},{"taxonomy":"product_cat","embeddable":true,"href":"https:\/\/lyfilter.com\/de\/wp-json\/wp\/v2\/product_cat?post=590"},{"taxonomy":"product_tag","embeddable":true,"href":"https:\/\/lyfilter.com\/de\/wp-json\/wp\/v2\/product_tag?post=590"}],"curies":[{"name":"wp","href":"https:\/\/api.w.org\/{rel}","templated":true}]}}