{"id":578,"date":"2025-12-24T02:46:37","date_gmt":"2025-12-24T02:46:37","guid":{"rendered":"https:\/\/lyfilter.com\/?post_type=product&#038;p=578"},"modified":"2025-12-24T02:57:31","modified_gmt":"2025-12-24T02:57:31","slug":"high-performance-sanitary-filter-housings-in-stainless-steel","status":"publish","type":"product","link":"https:\/\/lyfilter.com\/de\/high-performance-sanitary-filter-housings-in-stainless-steel\/","title":{"rendered":"Hochleistungsf\u00e4hige Sanit\u00e4rfiltergeh\u00e4use aus Edelstahl"},"content":{"rendered":"<div class=\"unit-detail-html-tabs__content-attr\">\n<div class=\"unit-product-attrparam\">\n<div class=\"unit-product-attrparam__items row\">\n<div class=\"col-12 col-md-6\">\n<div class=\"unit-product-attrparam__item\">\n<table>\n<tbody>\n<tr data-start=\"335\" data-end=\"365\">\n<td data-start=\"335\" data-end=\"346\" data-col-size=\"sm\">Material<\/td>\n<td data-start=\"346\" data-end=\"365\" data-col-size=\"sm\">Rostfreier Stahl<\/td>\n<\/tr>\n<\/tbody>\n<\/table>\n<table>\n<tbody>\n<tr data-start=\"366\" data-end=\"392\" data-is-last-node=\"\">\n<td data-start=\"366\" data-end=\"381\" data-col-size=\"sm\">Verf\u00fcgbarkeit<\/td>\n<td data-start=\"381\" data-end=\"392\" data-is-last-node=\"\" data-col-size=\"sm\">OEM\/ODM<\/td>\n<\/tr>\n<\/tbody>\n<\/table>\n<\/div>\n<\/div>\n<\/div>\n<\/div>\n<\/div>\n<div class=\"unit-detail-html-tabs__content-html\">\n<div id=\"module-74E4U0f4f3b0a\">\n<div class=\"ce-d-flex ce-flex-wrap\">\n<div class=\"ce-col-12\">\n<div id=\"unit-zzuNfqHeIMdKBT5\">\n<div class=\"ce-text_item\">\n<div class=\"ce-text\" data-qb-tmp-id=\"lt-270764\" data-gramm=\"false\">\n<div>\n<div class=\"ce-d-flex ce-flex-wrap\">\n<div class=\"ce-col-12\">\n<div id=\"unit-adi8SlZ2NA87g7x\">\n<div class=\"ce-text_item\">\n<div class=\"ce-text\">\n<p><strong>Hochleistungsf\u00e4hige Sanit\u00e4rfiltergeh\u00e4use aus Edelstahl<\/strong><\/p>\n<p>&nbsp;<\/p>\n<p>Merkmale f\u00fcr Sanit\u00e4rfiltergeh\u00e4use aus Edelstahl<\/p>\n<ul>\n<li>Hygienisches Design: Unsere Sanit\u00e4rfiltergeh\u00e4use aus Edelstahl sind mit einem hygienischen Design versehen, das sicherstellt, dass der Filtrationsprozess die Reinheit Ihrer Produkte bewahrt.<\/li>\n<li>Korrosionsbest\u00e4ndigkeit: Die aus hochwertigem Edelstahl gefertigten Geh\u00e4use bieten eine au\u00dfergew\u00f6hnliche Korrosionsbest\u00e4ndigkeit und sind daher ideal f\u00fcr den Einsatz in anspruchsvollen Umgebungen.<\/li>\n<li>Leichte Reinigung: Die glatten und polierten Oberfl\u00e4chen unserer Sanit\u00e4rfiltergeh\u00e4use erleichtern die Reinigung und erm\u00f6glichen eine schnelle und effiziente Wartung.<\/li>\n<li>Lebensmittelgeeignetes Material: Unsere aus lebensmittelechtem Edelstahl gefertigten Filtergeh\u00e4use entsprechen den Industriestandards und eignen sich daher f\u00fcr Anwendungen in der Lebensmittel- und Getr\u00e4nkeindustrie.<\/li>\n<li>Anpassbare Optionen: Passen Sie diese Filtergeh\u00e4use an Ihre spezifischen Anforderungen an. W\u00e4hlen Sie aus verschiedenen Gr\u00f6\u00dfen, Konfigurationen und Anschlussarten, um Ihren Filtrationsanforderungen gerecht zu werden.<\/li>\n<li>Integrit\u00e4t der Dichtung: Die Geh\u00e4usekonstruktion gew\u00e4hrleistet eine sichere Abdichtung, die Leckagen oder Verunreinigungen w\u00e4hrend des Filtrationsprozesses verhindert.<\/li>\n<li>Einhaltung von Normen: Unsere Sanit\u00e4rfiltergeh\u00e4use entsprechen den Industrienormen und -vorschriften, so dass Sie sich auf die Produktsicherheit und -qualit\u00e4t verlassen k\u00f6nnen.<\/li>\n<li>Breites Spektrum an Anwendungen: Ob in der Pharmazie, der Kosmetik, der Lebensmittelverarbeitung oder in anderen Branchen, diese\u00a0<a href=\"https:\/\/lyfilter.com\/de\/stainless-steel-filter-housing.html\/\">Filtergeh\u00e4use aus rostfreiem Stahl<\/a>s bieten vielseitige und zuverl\u00e4ssige Filtrationsl\u00f6sungen.<\/li>\n<li>Langlebige Konstruktion: Mit ihrer robusten Konstruktion und den langlebigen Materialien sind unsere Sanit\u00e4rfiltergeh\u00e4use f\u00fcr den Dauerbetrieb in anspruchsvollen Umgebungen ausgelegt.<\/li>\n<li>Einfache Installation: Diese Filtergeh\u00e4use sind f\u00fcr eine benutzerfreundliche Installation konzipiert und verf\u00fcgen \u00fcber Funktionen, die den Einrichtungsprozess vereinfachen und minimale Ausfallzeiten f\u00fcr Ihren Betrieb gew\u00e4hrleisten.<\/li>\n<\/ul>\n<p><img decoding=\"async\" class=\"imageye-selected\" src=\"https:\/\/img.yfisher.com\/m6076\/1725286997w65.jpg\" alt=\"Hochleistungsf\u00e4hige Sanit\u00e4rfiltergeh\u00e4use aus Edelstahl 7\" data-lazy=\"2\" title=\"\"><\/p>\n<p><img decoding=\"async\" class=\"imageye-selected\" src=\"https:\/\/img.yfisher.com\/m6076\/17252869974hs.jpg\" alt=\"Hochleistungsf\u00e4hige Sanit\u00e4rfiltergeh\u00e4use aus Edelstahl 8\" data-lazy=\"2\" title=\"\"><\/p>\n<p>&nbsp;<\/p>\n<p>&nbsp;<\/p>\n<p>&nbsp;<\/p>\n<p>&nbsp;<\/p>\n<p>&nbsp;<\/p>\n<p>&nbsp;<\/p>\n<p>&nbsp;<\/p>\n<p>&nbsp;<\/p>\n<p>&nbsp;<\/p>\n<p>&nbsp;<\/p>\n<p>&nbsp;<\/p>\n<p>&nbsp;<\/p>\n<p><strong>Wie kann man Sanit\u00e4rfiltergeh\u00e4use aus Edelstahl von lvyuan anpassen?<\/strong><\/p>\n<p>Die Anpassung von Sanit\u00e4rfiltergeh\u00e4usen aus Edelstahl von Lvyuan ist ein rationalisierter Prozess, der auf Ihre individuellen Filtrationsanforderungen zugeschnitten ist. Beginnen Sie mit der Spezifizierung Ihrer Anforderungen, wie Kapazit\u00e4t, Druck und Durchflussmenge, und w\u00e4hlen Sie den entsprechenden Edelstahltyp, ob 304, 316 oder 316L. Bestimmen Sie die Geh\u00e4usekonfiguration, die Abmessungen, die Oberfl\u00e4chenbeschaffenheit, die Dichtungsoptionen, den Verschlussmechanismus und alle zus\u00e4tzlichen Merkmale wie Manometer.<\/p>\n<p>Stellen Sie die Einhaltung von Industrienormen und Zertifizierungen sicher. Beraten Sie sich mit Lvyuan, stellen Sie Ihre Spezifikationen zur Verf\u00fcgung und bitten Sie um Designvorschl\u00e4ge. Nach Pr\u00fcfung und Freigabe des vorgeschlagenen Designs wird Lvyuan mit der Produktion Ihres kundenspezifischen Filtergeh\u00e4uses fortfahren und eine qualitativ hochwertige L\u00f6sung liefern, die genau auf Ihre Spezifikationen zugeschnitten ist.<\/p>\n<p><img decoding=\"async\" class=\"imageye-selected\" src=\"https:\/\/img.yfisher.com\/m6076\/1725286997m49.jpg\" alt=\"Hochleistungsf\u00e4hige Sanit\u00e4rfiltergeh\u00e4use aus Edelstahl 9\" data-lazy=\"2\" title=\"\"><\/p>\n<p><img decoding=\"async\" class=\"imageye-selected\" src=\"https:\/\/img.yfisher.com\/m6076\/1725286997okv.jpg\" alt=\"Hochleistungsf\u00e4hige Sanit\u00e4rfiltergeh\u00e4use aus Edelstahl 10\" data-lazy=\"2\" title=\"\"><\/p>\n<p><strong>Vorteile von Sanit\u00e4rfiltergeh\u00e4usen aus Edelstahl<\/strong><\/p>\n<ol>\n<li>Hygienisches Design: Unsere Sanit\u00e4rfiltergeh\u00e4use aus Edelstahl sind mit einem hygienischen Design versehen, das sicherstellt, dass der Filtrationsprozess die Reinheit Ihrer Produkte bewahrt.<\/li>\n<li>Korrosionsbest\u00e4ndigkeit: Die aus hochwertigem Edelstahl gefertigten Geh\u00e4use bieten eine au\u00dfergew\u00f6hnliche Korrosionsbest\u00e4ndigkeit und sind daher ideal f\u00fcr den Einsatz in anspruchsvollen Umgebungen.<\/li>\n<li>Leichte Reinigung: Die glatten und polierten Oberfl\u00e4chen unserer Sanit\u00e4rfiltergeh\u00e4use erleichtern die Reinigung und erm\u00f6glichen eine schnelle und effiziente Wartung.<\/li>\n<li>Lebensmittelgeeignetes Material: Unsere aus lebensmittelechtem Edelstahl gefertigten Filtergeh\u00e4use entsprechen den Industriestandards und eignen sich daher f\u00fcr Anwendungen in der Lebensmittel- und Getr\u00e4nkeindustrie.<\/li>\n<li>Anpassbare Optionen: Passen Sie diese Filtergeh\u00e4use an Ihre spezifischen Anforderungen an. W\u00e4hlen Sie aus verschiedenen Gr\u00f6\u00dfen, Konfigurationen und Anschlussarten, um Ihren Filtrationsanforderungen gerecht zu werden.<\/li>\n<li>Integrit\u00e4t der Dichtung: Die Geh\u00e4usekonstruktion gew\u00e4hrleistet eine sichere Abdichtung, die Leckagen oder Verunreinigungen w\u00e4hrend des Filtrationsprozesses verhindert.<\/li>\n<li>Einhaltung von Normen: Unsere Sanit\u00e4rfiltergeh\u00e4use entsprechen den Industrienormen und -vorschriften, so dass Sie sich auf die Produktsicherheit und -qualit\u00e4t verlassen k\u00f6nnen.<\/li>\n<li>Breites Spektrum an Anwendungen: Ob in der pharmazeutischen, kosmetischen, lebensmittelverarbeitenden oder anderen Industrien, diese Edelstahlfiltergeh\u00e4use bieten vielseitige und zuverl\u00e4ssige Filtrationsl\u00f6sungen.<\/li>\n<li>Langlebige Konstruktion: Mit ihrer robusten Konstruktion und den langlebigen Materialien sind unsere Sanit\u00e4rfiltergeh\u00e4use f\u00fcr den Dauerbetrieb in anspruchsvollen Umgebungen ausgelegt.<\/li>\n<li>Einfache Installation: Diese Filtergeh\u00e4use sind f\u00fcr eine benutzerfreundliche Installation konzipiert und verf\u00fcgen \u00fcber Funktionen, die den Einrichtungsprozess vereinfachen und minimale Ausfallzeiten f\u00fcr Ihren Betrieb gew\u00e4hrleisten.<\/li>\n<\/ol>\n<p>&nbsp;<\/p>\n<p>&nbsp;<\/p>\n<p><strong><img decoding=\"async\" class=\"imageye-selected\" src=\"https:\/\/img.yfisher.com\/m6076\/1725286997e13.jpg\" alt=\"Hochleistungsf\u00e4hige Sanit\u00e4rfiltergeh\u00e4use aus Edelstahl 11\" data-lazy=\"2\" title=\"\"><\/strong><\/p>\n<\/div>\n<\/div>\n<\/div>\n<\/div>\n<\/div>\n<\/div>\n<\/div>\n<\/div>\n<\/div>\n<\/div>\n<\/div>\n<\/div>\n<\/div>","protected":false},"excerpt":{"rendered":"<table>\n<thead>\n<tr>\n<th>Feld<\/th>\n<th>Einzelheiten<\/th>\n<\/tr>\n<\/thead>\n<tbody>\n<tr>\n<td>Start Hafen<\/td>\n<td>Guangzhou<\/td>\n<\/tr>\n<tr>\n<td>Produktionskapazit\u00e4t<\/td>\n<td>10000 Einheiten\/Monat<\/td>\n<\/tr>\n<tr>\n<td>Ort der Herkunft<\/td>\n<td>Guangdong, China<\/td>\n<\/tr>\n<tr>\n<td>Zahlung<\/td>\n<td>T\/T, Western Union, paypal<\/td>\n<\/tr>\n<tr>\n<td>MOQ<\/td>\n<td>1 St\u00fcck<\/td>\n<\/tr>\n<tr>\n<td>Modell<\/td>\n<td>LY-FB<\/td>\n<\/tr>\n<tr>\n<td>Lieferfrist<\/td>\n<td>Innerhalb von 7 Arbeitstagen<\/td>\n<\/tr>\n<tr>\n<td>Zertifizierung<\/td>\n<td>ISO 9001<\/td>\n<\/tr>\n<tr>\n<td>Marke<\/td>\n<td>OEM\/Lvyuan<\/td>\n<\/tr>\n<\/tbody>\n<\/table>","protected":false},"featured_media":580,"comment_status":"open","ping_status":"closed","template":"","meta":{"_gspb_post_css":""},"product_brand":[],"product_cat":[15],"product_tag":[263,261,262,260,258,259],"class_list":{"0":"post-578","1":"product","2":"type-product","3":"status-publish","4":"has-post-thumbnail","6":"product_cat-stainless-steel-filter-housing","7":"product_tag-fast-delivery","8":"product_tag-guangdong-china","9":"product_tag-guangzhou-port","10":"product_tag-iso-9001","11":"product_tag-ly-fb","12":"product_tag-oem","14":"first","15":"instock","16":"shipping-taxable","17":"product-type-simple"},"_links":{"self":[{"href":"https:\/\/lyfilter.com\/de\/wp-json\/wp\/v2\/product\/578","targetHints":{"allow":["GET"]}}],"collection":[{"href":"https:\/\/lyfilter.com\/de\/wp-json\/wp\/v2\/product"}],"about":[{"href":"https:\/\/lyfilter.com\/de\/wp-json\/wp\/v2\/types\/product"}],"replies":[{"embeddable":true,"href":"https:\/\/lyfilter.com\/de\/wp-json\/wp\/v2\/comments?post=578"}],"wp:featuredmedia":[{"embeddable":true,"href":"https:\/\/lyfilter.com\/de\/wp-json\/wp\/v2\/media\/580"}],"wp:attachment":[{"href":"https:\/\/lyfilter.com\/de\/wp-json\/wp\/v2\/media?parent=578"}],"wp:term":[{"taxonomy":"product_brand","embeddable":true,"href":"https:\/\/lyfilter.com\/de\/wp-json\/wp\/v2\/product_brand?post=578"},{"taxonomy":"product_cat","embeddable":true,"href":"https:\/\/lyfilter.com\/de\/wp-json\/wp\/v2\/product_cat?post=578"},{"taxonomy":"product_tag","embeddable":true,"href":"https:\/\/lyfilter.com\/de\/wp-json\/wp\/v2\/product_tag?post=578"}],"curies":[{"name":"wp","href":"https:\/\/api.w.org\/{rel}","templated":true}]}}