{"id":5029,"date":"2026-04-07T08:25:59","date_gmt":"2026-04-07T08:25:59","guid":{"rendered":"https:\/\/lyfilter.com\/"},"modified":"2026-05-08T01:15:34","modified_gmt":"2026-05-08T01:15:34","slug":"20-inch-ss304-ss316-stainless-steel-code-7-cartridge-filter-housing-sanitary-cartridge-filter","status":"publish","type":"product","link":"https:\/\/lyfilter.com\/de\/20-inch-ss304-ss316-stainless-steel-code-7-cartridge-filter-housing-sanitary-cartridge-filter\/","title":{"rendered":"20 Zoll SS304 SS316 Edelstahl Code 7 Patronenfiltergeh\u00e4use\/Sanit\u00e4rpatronenfilter"},"content":{"rendered":"<table>\n<thead>\n<tr>\n<th>Ort der Herkunft<\/th>\n<th>Guangdong, China<\/th>\n<\/tr>\n<\/thead>\n<tbody>\n<tr>\n<td>Markenname<\/td>\n<td>Lvyuan,OEM,ODM<\/td>\n<\/tr>\n<tr>\n<td>Material<\/td>\n<td>rostfreier Stahl<\/td>\n<\/tr>\n<tr>\n<td>Gewicht<\/td>\n<td>angepasst<\/td>\n<\/tr>\n<tr>\n<td>Gr\u00f6\u00dfe<\/td>\n<td>individuell, 10\u201d20\u201d30\u201d40\u201d<\/td>\n<\/tr>\n<tr>\n<td>Strom<\/td>\n<td>0<\/td>\n<\/tr>\n<tr>\n<td>Garantie<\/td>\n<td>1 Jahr<\/td>\n<\/tr>\n<tr>\n<td>After-Sales-Service<\/td>\n<td>Online-Unterst\u00fctzung<\/td>\n<\/tr>\n<tr>\n<td>Merkmal<\/td>\n<td>Fl\u00fcssigkeit kl\u00e4ren<\/td>\n<\/tr>\n<tr>\n<td>Zertifizierung<\/td>\n<td>SGS<\/td>\n<\/tr>\n<tr>\n<td>Form<\/td>\n<td>Zylinder<\/td>\n<\/tr>\n<tr>\n<td>Anschlusstyp<\/td>\n<td>Klammer<\/td>\n<\/tr>\n<tr>\n<td>Anmeldung<\/td>\n<td>Industriewasser<\/td>\n<\/tr>\n<tr>\n<td>Oberfl\u00e4che<\/td>\n<td>poliert\/verspiegelt<\/td>\n<\/tr>\n<tr>\n<td>Name<\/td>\n<td>Sanit\u00e4rfiltergeh\u00e4use<\/td>\n<\/tr>\n<tr>\n<td>Rohmaterial<\/td>\n<td>rostfreier Stahl<\/td>\n<\/tr>\n<tr>\n<td>Farbe<\/td>\n<td>Silber<\/td>\n<\/tr>\n<tr>\n<td>Lieferf\u00e4higkeit<\/td>\n<td>5000 St\u00fcck\/St\u00fcck pro Woche<\/td>\n<\/tr>\n<\/tbody>\n<\/table>","protected":false},"excerpt":{"rendered":"<p>Dieses Patronenfiltergeh\u00e4use aus Edelstahl SS304 und SS316, Code 7, wurde f\u00fcr die hygienische Filtration entwickelt und unterst\u00fctzt einen sauberen Fl\u00fcssigkeitsdurchfluss und eine zuverl\u00e4ssige Partikelkontrolle. Es tr\u00e4gt zu einer stabilen Verarbeitung und einem gleichm\u00e4\u00dfigen Einsatz in industriellen Systemen bei.<\/p>","protected":false},"featured_media":5035,"comment_status":"open","ping_status":"closed","template":"","meta":{"_gspb_post_css":""},"product_brand":[],"product_cat":[15],"product_tag":[1957,42,1534,1958,1956,1660],"class_list":{"0":"post-5029","1":"product","2":"type-product","3":"status-publish","4":"has-post-thumbnail","6":"product_cat-stainless-steel-filter-housing","7":"product_tag-code-7-filter-housing","8":"product_tag-industrial-liquid-filtration","9":"product_tag-inversafilterpurification","10":"product_tag-sanitary-cartridge-filter","11":"product_tag-ss304-ss316-sanitary-filter","12":"product_tag-stainless-steel-cartridge-filter-housing","14":"first","15":"instock","16":"shipping-taxable","17":"product-type-simple"},"_links":{"self":[{"href":"https:\/\/lyfilter.com\/de\/wp-json\/wp\/v2\/product\/5029","targetHints":{"allow":["GET"]}}],"collection":[{"href":"https:\/\/lyfilter.com\/de\/wp-json\/wp\/v2\/product"}],"about":[{"href":"https:\/\/lyfilter.com\/de\/wp-json\/wp\/v2\/types\/product"}],"replies":[{"embeddable":true,"href":"https:\/\/lyfilter.com\/de\/wp-json\/wp\/v2\/comments?post=5029"}],"wp:featuredmedia":[{"embeddable":true,"href":"https:\/\/lyfilter.com\/de\/wp-json\/wp\/v2\/media\/5035"}],"wp:attachment":[{"href":"https:\/\/lyfilter.com\/de\/wp-json\/wp\/v2\/media?parent=5029"}],"wp:term":[{"taxonomy":"product_brand","embeddable":true,"href":"https:\/\/lyfilter.com\/de\/wp-json\/wp\/v2\/product_brand?post=5029"},{"taxonomy":"product_cat","embeddable":true,"href":"https:\/\/lyfilter.com\/de\/wp-json\/wp\/v2\/product_cat?post=5029"},{"taxonomy":"product_tag","embeddable":true,"href":"https:\/\/lyfilter.com\/de\/wp-json\/wp\/v2\/product_tag?post=5029"}],"curies":[{"name":"wp","href":"https:\/\/api.w.org\/{rel}","templated":true}]}}