{"id":5018,"date":"2026-04-07T07:50:24","date_gmt":"2026-04-07T07:50:24","guid":{"rendered":"https:\/\/lyfilter.com\/"},"modified":"2026-04-07T07:50:24","modified_gmt":"2026-04-07T07:50:24","slug":"lvyuan-filter-water-treatment-plant-manufacturers-high-safety-for-factory","status":"publish","type":"product","link":"https:\/\/lyfilter.com\/de\/lvyuan-filter-water-treatment-plant-manufacturers-high-safety-for-factory\/","title":{"rendered":"Lvyuan Filter Wasseraufbereitungsanlage Hersteller Hohe Sicherheit f\u00fcr Fabrik"},"content":{"rendered":"<table>\n<thead>\n<tr>\n<th>Ort der Herkunft<\/th>\n<th>Guangdong, China<\/th>\n<\/tr>\n<\/thead>\n<tbody>\n<tr>\n<td>Markenname<\/td>\n<td>Guangzhou Lvyuan<\/td>\n<\/tr>\n<tr>\n<td>Modellnummer<\/td>\n<td>LY-PV001<\/td>\n<\/tr>\n<tr>\n<td>Name<\/td>\n<td>Membran-Druckbeh\u00e4lter aus Edelstahl 316<\/td>\n<\/tr>\n<tr>\n<td>Geh\u00e4usewerkstoff<\/td>\n<td>SS304, SS316<\/td>\n<\/tr>\n<tr>\n<td>Geh\u00e4usetyp<\/td>\n<td>nahtlos oder ges\u00e4umt<\/td>\n<\/tr>\n<tr>\n<td>Endkappenmaterial<\/td>\n<td>ABS, rostfreier Stahl<\/td>\n<\/tr>\n<tr>\n<td>Druckrate<\/td>\n<td>300psi, 400psi, 1000psi<\/td>\n<\/tr>\n<tr>\n<td>Einlassmodus<\/td>\n<td>Ende oder Seite<\/td>\n<\/tr>\n<tr>\n<td>Einlass\u00f6ffnung<\/td>\n<td>3\/4\u2033-Innengewinde oder 1,5\u2033-Innengewinde<\/td>\n<\/tr>\n<tr>\n<td>Auslass\u00f6ffnung<\/td>\n<td>1\/2\u2033-Innengewinde oder 1\u2033-Innengewinde<\/td>\n<\/tr>\n<tr>\n<td>Zertifizierung<\/td>\n<td>CE-Zertifikat<\/td>\n<\/tr>\n<tr>\n<td>Anmeldung<\/td>\n<td>RO Umkehrosmose-Druckbeh\u00e4lter<\/td>\n<\/tr>\n<tr>\n<td>Lieferf\u00e4higkeit<\/td>\n<td>10000 St\u00fcck\/St\u00fcck pro Monat Druckbeh\u00e4lter aus rostfreiem Stahl<\/td>\n<\/tr>\n<\/tbody>\n<\/table>","protected":false},"excerpt":{"rendered":"<p>Vorteile f\u00fcr das Unternehmen<br \/>\n1. Lvyuan Filter wird aus den besten Rohstoffen hergestellt, die den Kunden die Echtheit unserer Produkte garantieren. Es enth\u00e4lt keine Bindemittel, Mittel, L\u00f6sungsmittel, antistatische Materialien oder Benetzungsmittel<br \/>\n2. Mit diesen Merkmalen hat es die Gunst der Kunden weltweit gewonnen. Die sternf\u00f6rmige Ringdichtung macht das Filterelement leicht zu demontieren und zu warten<br \/>\n3. Das Produkt ist temperaturbest\u00e4ndig. Seine Steifigkeit oder Erm\u00fcdungsbest\u00e4ndigkeit wird durch Temperaturschwankungen nicht leicht ver\u00e4ndert. Es kann genaue Analysen und Ergebnisse f\u00fcr die empfindliche Ionenchromatographie liefern.<\/p>\n<p>Guangzhou Lvyuan bietet ein umfassendes Sortiment an Edelstahl-RO-Membrangeh\u00e4usen f\u00fcr RO-Membranen in 2,5\u201d, 4\u201d und 8\u201d. Die Geh\u00e4use sind entweder mit End- oder Seiteneingang konzipiert und k\u00f6nnen mit verschiedenen Gr\u00f6\u00dfen von Permeat- und Konzentratanschl\u00fcssen kombiniert werden. Die vielf\u00e4ltigen Optionen bieten den Kunden viel Komfort, um verschiedene Anwendungen zu erf\u00fcllen und teure Investitionen in komplizierte Verteiler zu sparen. Alle RO-Membrangeh\u00e4use aus Edelstahl werden hydraulisch getestet, um eine gleichbleibende Qualit\u00e4t am Einsatzort zu gew\u00e4hrleisten.<\/p>","protected":false},"featured_media":5019,"comment_status":"open","ping_status":"closed","template":"","meta":{"_gspb_post_css":""},"product_brand":[],"product_cat":[1202],"product_tag":[1942,1943,1717,1534,1941,1136],"class_list":{"0":"post-5018","1":"product","2":"type-product","3":"status-publish","4":"has-post-thumbnail","6":"product_cat-filter-cartridge","7":"product_tag-factory-water-filtration","8":"product_tag-high-safety-filtration-system","9":"product_tag-industrial-water-purification","10":"product_tag-inversafilterpurification","11":"product_tag-lvyuan-water-treatment-plant","12":"product_tag-water-filter-locks","14":"first","15":"instock","16":"shipping-taxable","17":"product-type-simple"},"_links":{"self":[{"href":"https:\/\/lyfilter.com\/de\/wp-json\/wp\/v2\/product\/5018","targetHints":{"allow":["GET"]}}],"collection":[{"href":"https:\/\/lyfilter.com\/de\/wp-json\/wp\/v2\/product"}],"about":[{"href":"https:\/\/lyfilter.com\/de\/wp-json\/wp\/v2\/types\/product"}],"replies":[{"embeddable":true,"href":"https:\/\/lyfilter.com\/de\/wp-json\/wp\/v2\/comments?post=5018"}],"wp:featuredmedia":[{"embeddable":true,"href":"https:\/\/lyfilter.com\/de\/wp-json\/wp\/v2\/media\/5019"}],"wp:attachment":[{"href":"https:\/\/lyfilter.com\/de\/wp-json\/wp\/v2\/media?parent=5018"}],"wp:term":[{"taxonomy":"product_brand","embeddable":true,"href":"https:\/\/lyfilter.com\/de\/wp-json\/wp\/v2\/product_brand?post=5018"},{"taxonomy":"product_cat","embeddable":true,"href":"https:\/\/lyfilter.com\/de\/wp-json\/wp\/v2\/product_cat?post=5018"},{"taxonomy":"product_tag","embeddable":true,"href":"https:\/\/lyfilter.com\/de\/wp-json\/wp\/v2\/product_tag?post=5018"}],"curies":[{"name":"wp","href":"https:\/\/api.w.org\/{rel}","templated":true}]}}