{"id":5001,"date":"2026-04-07T07:37:25","date_gmt":"2026-04-07T07:37:25","guid":{"rendered":"https:\/\/lyfilter.com\/"},"modified":"2026-04-07T07:37:25","modified_gmt":"2026-04-07T07:37:25","slug":"customized-device-sanitary-stainless-steel-liquid-filter-with-1-2-3-4-5-stages-cartridge-bag-purification","status":"publish","type":"product","link":"https:\/\/lyfilter.com\/de\/customized-device-sanitary-stainless-steel-liquid-filter-with-1-2-3-4-5-stages-cartridge-bag-purification\/","title":{"rendered":"Kundenspezifisches Ger\u00e4t Sanit\u00e4r-Edelstahl-Fl\u00fcssigkeitsfilter mit 1\/2\/3\/4\/5 Stufen Patrone\/Beutel-Reinigung"},"content":{"rendered":"<table>\n<thead>\n<tr>\n<th>Ort der Herkunft<\/th>\n<th>Guangdong, China<\/th>\n<\/tr>\n<\/thead>\n<tbody>\n<tr>\n<td>Markenname<\/td>\n<td>Lvyuan \/ OEM<\/td>\n<\/tr>\n<tr>\n<td>Garantie<\/td>\n<td>Nicht verf\u00fcgbar<\/td>\n<\/tr>\n<tr>\n<td>After-Sales-Service<\/td>\n<td>Online-Unterst\u00fctzung<\/td>\n<\/tr>\n<tr>\n<td>Name des Produkts<\/td>\n<td>Fl\u00fcssigkeitsfilter aus Edelstahl<\/td>\n<\/tr>\n<tr>\n<td>Geh\u00e4usewerkstoff<\/td>\n<td>ss304, sus 316, ss316L<\/td>\n<\/tr>\n<tr>\n<td>Anzahl Taschenfilter<\/td>\n<td>Einzelne oder mehrere Beutel nach Ma\u00df<\/td>\n<\/tr>\n<tr>\n<td>Gr\u00f6\u00dfe der Tasche<\/td>\n<td>180<em>450mm oder 180<\/em>810mm, andere<\/td>\n<\/tr>\n<tr>\n<td>Einlass &amp; Auslass Typ<\/td>\n<td>Flansch-\/Gewindeanschluss<\/td>\n<\/tr>\n<tr>\n<td>Filterbeutel Material<\/td>\n<td>PP, PE, kundenspezifisch<\/td>\n<\/tr>\n<tr>\n<td>Max. Betriebsdruck<\/td>\n<td>100\/150\/300 Psi<\/td>\n<\/tr>\n<tr>\n<td>Verwendung<\/td>\n<td>Fl\u00fcssigkeitsfiltration<\/td>\n<\/tr>\n<tr>\n<td>Nummer des Beutels<\/td>\n<td>#1, 2, 3, 4, 5, OEM<\/td>\n<\/tr>\n<tr>\n<td>Geh\u00e4use Clousure von<\/td>\n<td>Schnellbolzen, Schelle, Flansch<\/td>\n<\/tr>\n<tr>\n<td>Lieferf\u00e4higkeit<\/td>\n<td>1500 St\u00fcck\/St\u00fcck pro Monat Fl\u00fcssigkeitsfilter<\/td>\n<\/tr>\n<\/tbody>\n<\/table>","protected":false},"excerpt":{"rendered":"<p>Dieser kundenspezifische Sanit\u00e4rfilter aus Edelstahl wurde f\u00fcr eine zuverl\u00e4ssige Fl\u00fcssigkeitsreinigung entwickelt und unterst\u00fctzt 1 bis 5 Stufen mit Patronen- oder Beuteloptionen. Er bietet einen saubereren Durchfluss, eine sicherere Verarbeitung und eine flexible Filtration f\u00fcr viele Anforderungen.<\/p>","protected":false},"featured_media":4641,"comment_status":"open","ping_status":"closed","template":"","meta":{"_gspb_post_css":""},"product_brand":[],"product_cat":[1135],"product_tag":[1930,1534,1929,1931,1928,1136],"class_list":{"0":"post-5001","1":"product","2":"type-product","3":"status-publish","4":"has-post-thumbnail","6":"product_cat-stainless-steel-bag-filter-housing","7":"product_tag-cartridge-bag-purification","8":"product_tag-inversafilterpurification","9":"product_tag-liquid-filter-system","10":"product_tag-multi-stage-filtration","11":"product_tag-sanitary-stainless-steel-filter","12":"product_tag-water-filter-locks","14":"first","15":"instock","16":"shipping-taxable","17":"product-type-simple"},"_links":{"self":[{"href":"https:\/\/lyfilter.com\/de\/wp-json\/wp\/v2\/product\/5001","targetHints":{"allow":["GET"]}}],"collection":[{"href":"https:\/\/lyfilter.com\/de\/wp-json\/wp\/v2\/product"}],"about":[{"href":"https:\/\/lyfilter.com\/de\/wp-json\/wp\/v2\/types\/product"}],"replies":[{"embeddable":true,"href":"https:\/\/lyfilter.com\/de\/wp-json\/wp\/v2\/comments?post=5001"}],"wp:featuredmedia":[{"embeddable":true,"href":"https:\/\/lyfilter.com\/de\/wp-json\/wp\/v2\/media\/4641"}],"wp:attachment":[{"href":"https:\/\/lyfilter.com\/de\/wp-json\/wp\/v2\/media?parent=5001"}],"wp:term":[{"taxonomy":"product_brand","embeddable":true,"href":"https:\/\/lyfilter.com\/de\/wp-json\/wp\/v2\/product_brand?post=5001"},{"taxonomy":"product_cat","embeddable":true,"href":"https:\/\/lyfilter.com\/de\/wp-json\/wp\/v2\/product_cat?post=5001"},{"taxonomy":"product_tag","embeddable":true,"href":"https:\/\/lyfilter.com\/de\/wp-json\/wp\/v2\/product_tag?post=5001"}],"curies":[{"name":"wp","href":"https:\/\/api.w.org\/{rel}","templated":true}]}}