{"id":4998,"date":"2026-04-07T07:27:47","date_gmt":"2026-04-07T07:27:47","guid":{"rendered":"https:\/\/lyfilter.com\/"},"modified":"2026-04-07T07:27:47","modified_gmt":"2026-04-07T07:27:47","slug":"affordable-activated-carbon-filter-element-replace-for-sea-water","status":"publish","type":"product","link":"https:\/\/lyfilter.com\/de\/affordable-activated-carbon-filter-element-replace-for-sea-water\/","title":{"rendered":"Erschwingliches Aktivkohlefilterelement f\u00fcr Meerwasser austauschen"},"content":{"rendered":"<table>\n<thead>\n<tr>\n<th>Anwendbare Industrien<\/th>\n<th>Lebensmittel- und Getr\u00e4nkehersteller, Lebensmittel- und Getr\u00e4nkel\u00e4den<\/th>\n<\/tr>\n<\/thead>\n<tbody>\n<tr>\n<td>Service nach der Garantie<\/td>\n<td>Online-Unterst\u00fctzung<\/td>\n<\/tr>\n<tr>\n<td>Lokaler Dienstort<\/td>\n<td>keine<\/td>\n<\/tr>\n<tr>\n<td>Standort des Ausstellungsraums<\/td>\n<td>keine<\/td>\n<\/tr>\n<tr>\n<td>Video-Ausgangsinspektion<\/td>\n<td>Zur Verf\u00fcgung gestellt<\/td>\n<\/tr>\n<tr>\n<td>Maschinen-Testbericht<\/td>\n<td>Zur Verf\u00fcgung gestellt<\/td>\n<\/tr>\n<tr>\n<td>Marketing-Typ<\/td>\n<td>Gew\u00f6hnliches Produkt<\/td>\n<\/tr>\n<tr>\n<td>Garantie f\u00fcr Kernkomponenten<\/td>\n<td>1 Jahr<\/td>\n<\/tr>\n<tr>\n<td>Kernkomponenten<\/td>\n<td>Druckbeh\u00e4lter<\/td>\n<\/tr>\n<tr>\n<td>Ort der Herkunft<\/td>\n<td>China<\/td>\n<\/tr>\n<tr>\n<td>Markenname<\/td>\n<td>Lvyuan\/Oem<\/td>\n<\/tr>\n<tr>\n<td>Garantie<\/td>\n<td>1 Jahr<\/td>\n<\/tr>\n<tr>\n<td>After-Sales-Service<\/td>\n<td>Online-Unterst\u00fctzung<\/td>\n<\/tr>\n<tr>\n<td>Name<\/td>\n<td>02 Mikron Patronenfilter<\/td>\n<\/tr>\n<tr>\n<td>Material der Filtermembran<\/td>\n<td>PP\/PVDF\/PTFE\/PES\/Nylon<\/td>\n<\/tr>\n<tr>\n<td>L\u00e4nge<\/td>\n<td>5 \/ 10 \/ 20 \/ 30 \/ 40 \/ 50 \/ 60 Zoll<\/td>\n<\/tr>\n<tr>\n<td>Konvektor<\/td>\n<td>Fin\/222\/226\/215\/DOE\/Thread<\/td>\n<\/tr>\n<tr>\n<td>Mikron<\/td>\n<td>0.22\/0.5\/1\/3\/5\/10\/25\/50\/75\/100\/150<\/td>\n<\/tr>\n<tr>\n<td>Methode der Versiegelung<\/td>\n<td>Warmschmelzschwei\u00dfen<\/td>\n<\/tr>\n<tr>\n<td>Durchmesser<\/td>\n<td>70mm\/OEM<\/td>\n<\/tr>\n<tr>\n<td>Innerer Kern<\/td>\n<td>PP\/SS\/OEM<\/td>\n<\/tr>\n<tr>\n<td>MOQ<\/td>\n<td>Derzeit keine begrenzte<\/td>\n<\/tr>\n<tr>\n<td>Lieferf\u00e4higkeit<\/td>\n<td>5000 St\u00fcck\/St\u00fcck pro Woche<\/td>\n<\/tr>\n<\/tbody>\n<\/table>","protected":false},"excerpt":{"rendered":"<p><b>Vorteile f\u00fcr das Unternehmen<\/b><br \/>\n<b>1.<\/b>\u00a0Die Kombination von Materialien wie\u00a0<a href=\"https:\/\/lyfilter.com\/de\/sediment-filter.html\/\">Sedimentfilter<\/a>\u00a0Patrone macht das Aktivkohlefilterelement zu einem perfekten Qualit\u00e4tsprodukt. Seine einzigartige Dichtegradient Konstruktion maximiert die Effizienz und minimiert den Druckabfall<br \/>\n<b>2.<\/b>\u00a0Guter Service und hervorragende Qualit\u00e4t sind die Schl\u00fcsselfaktoren f\u00fcr den Erfolg von Aktivkohlefilterelementen auf dem \u00dcberseemarkt. Es hat eine gro\u00dfe effektive Filterfl\u00e4che<br \/>\n<b>3.<\/b>\u00a0Das Produkt ist von stabiler Qualit\u00e4t und \u00fcberlegener Leistung. Das Filtermedium weist eine unterschiedliche Porosit\u00e4t in der Tiefe auf.<br \/>\n<b>4.<\/b>\u00a0Unser professionelles technisches Team optimiert die Leistung unserer Produkte erheblich. Es kann die Pr\u00e4zision der Filtration effektiv kontrollieren<br \/>\n<b>5.<\/b>\u00a0Wir engagieren uns in der Forschung und Entwicklung neuer Technologien, damit unsere Produktqualit\u00e4t und -leistung in der Branche f\u00fchrend ist. Das Filtermedium ist thermisch gebunden, um die Freisetzung von Fasern zu verhindern, w\u00e4hrend<\/p>","protected":false},"featured_media":4999,"comment_status":"open","ping_status":"closed","template":"","meta":{"_gspb_post_css":""},"product_brand":[],"product_cat":[1339],"product_tag":[1177,1577,1534,1546,1924,1136],"class_list":{"0":"post-4998","1":"product","2":"type-product","3":"status-publish","4":"has-post-thumbnail","6":"product_cat-carbon-filter","7":"product_tag-activated-carbon-filter-element","8":"product_tag-carbon-water-filter-cartridge","9":"product_tag-inversafilterpurification","10":"product_tag-sea-water-filter-replacement","11":"product_tag-sea-water-filtration-filter","12":"product_tag-water-filter-locks","14":"first","15":"instock","16":"shipping-taxable","17":"product-type-simple"},"_links":{"self":[{"href":"https:\/\/lyfilter.com\/de\/wp-json\/wp\/v2\/product\/4998","targetHints":{"allow":["GET"]}}],"collection":[{"href":"https:\/\/lyfilter.com\/de\/wp-json\/wp\/v2\/product"}],"about":[{"href":"https:\/\/lyfilter.com\/de\/wp-json\/wp\/v2\/types\/product"}],"replies":[{"embeddable":true,"href":"https:\/\/lyfilter.com\/de\/wp-json\/wp\/v2\/comments?post=4998"}],"wp:featuredmedia":[{"embeddable":true,"href":"https:\/\/lyfilter.com\/de\/wp-json\/wp\/v2\/media\/4999"}],"wp:attachment":[{"href":"https:\/\/lyfilter.com\/de\/wp-json\/wp\/v2\/media?parent=4998"}],"wp:term":[{"taxonomy":"product_brand","embeddable":true,"href":"https:\/\/lyfilter.com\/de\/wp-json\/wp\/v2\/product_brand?post=4998"},{"taxonomy":"product_cat","embeddable":true,"href":"https:\/\/lyfilter.com\/de\/wp-json\/wp\/v2\/product_cat?post=4998"},{"taxonomy":"product_tag","embeddable":true,"href":"https:\/\/lyfilter.com\/de\/wp-json\/wp\/v2\/product_tag?post=4998"}],"curies":[{"name":"wp","href":"https:\/\/api.w.org\/{rel}","templated":true}]}}