{"id":4974,"date":"2026-04-07T07:03:58","date_gmt":"2026-04-07T07:03:58","guid":{"rendered":"https:\/\/lyfilter.com\/"},"modified":"2026-04-07T07:03:58","modified_gmt":"2026-04-07T07:03:58","slug":"lvyuan-stainless-steel-cartridge-filter-housing-wholesaler-for-water-purifier","status":"publish","type":"product","link":"https:\/\/lyfilter.com\/de\/lvyuan-stainless-steel-cartridge-filter-housing-wholesaler-for-water-purifier\/","title":{"rendered":"Lvyuan Edelstahl Patrone Filtergeh\u00e4use Gro\u00dfh\u00e4ndler f\u00fcr Wasserreiniger"},"content":{"rendered":"<table>\n<thead>\n<tr>\n<th>Ort der Herkunft<\/th>\n<th>Guangdong, China<\/th>\n<\/tr>\n<\/thead>\n<tbody>\n<tr>\n<td>Markenname<\/td>\n<td>Lvyuan \/ OEM<\/td>\n<\/tr>\n<tr>\n<td>Material<\/td>\n<td>rostfreier Stahl<\/td>\n<\/tr>\n<tr>\n<td>Gewicht<\/td>\n<td>es kommt darauf an<\/td>\n<\/tr>\n<tr>\n<td>Gr\u00f6\u00dfe<\/td>\n<td>es kommt darauf an<\/td>\n<\/tr>\n<tr>\n<td>Strom<\/td>\n<td>0<\/td>\n<\/tr>\n<tr>\n<td>Garantie<\/td>\n<td>1 Jahr<\/td>\n<\/tr>\n<tr>\n<td>After-Sales-Service<\/td>\n<td>Online-Unterst\u00fctzung<\/td>\n<\/tr>\n<tr>\n<td>Name des Produkts<\/td>\n<td>Wasserfiltergeh\u00e4use aus rostfreiem Stahl<\/td>\n<\/tr>\n<tr>\n<td>Geh\u00e4use Materialien<\/td>\n<td>ss304, 316, 316L<\/td>\n<\/tr>\n<tr>\n<td>Anzahl der Patronenfilter<\/td>\n<td>1 - 160PCS als Option<\/td>\n<\/tr>\n<tr>\n<td>L\u00e4nge der Filterpatrone<\/td>\n<td>5, 10, 20, 30, 40, 60 Zoll, OEM<\/td>\n<\/tr>\n<tr>\n<td>Oberfl\u00e4chenbehandlung<\/td>\n<td>Poliert &amp; Sandgestrahlt<\/td>\n<\/tr>\n<tr>\n<td>Typ der installierten Oberkappe<\/td>\n<td>Hebebolzen\/Flansch\/Klammertyp<\/td>\n<\/tr>\n<tr>\n<td>Verwendung<\/td>\n<td>Wasser-\/Fl\u00fcssigkeits-\/Weinaufbereitungsanlage<\/td>\n<\/tr>\n<tr>\n<td>Paket<\/td>\n<td>Holzkiste<\/td>\n<\/tr>\n<tr>\n<td>Steckertyp<\/td>\n<td>Code 0 3 6 7 8 9<\/td>\n<\/tr>\n<tr>\n<td>Zertifizierung<\/td>\n<td>CE ISO SGS<\/td>\n<\/tr>\n<tr>\n<td>Lieferf\u00e4higkeit<\/td>\n<td>500 St\u00fcck\/St\u00fcck pro Tag Edelstahl-Patronenfiltergeh\u00e4use<\/td>\n<\/tr>\n<\/tbody>\n<\/table>","protected":false},"excerpt":{"rendered":"<p>Dieses Filtergeh\u00e4use aus Edelstahl wurde f\u00fcr Wasseraufbereitungssysteme entwickelt und bietet ein stabiles Geh\u00e4use und einen sicheren Verschluss f\u00fcr den dauerhaften Gebrauch. Lvyuan und InversaFilterPurification unterst\u00fctzen einen sauberen Durchfluss, eine zuverl\u00e4ssige Filtration und eine praktische t\u00e4gliche Leistung.<\/p>","protected":false},"featured_media":4975,"comment_status":"open","ping_status":"closed","template":"","meta":{"_gspb_post_css":""},"product_brand":[],"product_cat":[15],"product_tag":[1913,1534,1186,1660,1136,1912],"class_list":{"0":"post-4974","1":"product","2":"type-product","3":"status-publish","4":"has-post-thumbnail","6":"product_cat-stainless-steel-filter-housing","7":"product_tag-cartridge-filter-system","8":"product_tag-inversafilterpurification","9":"product_tag-lvyuan-filter-housing","10":"product_tag-stainless-steel-cartridge-filter-housing","11":"product_tag-water-filter-locks","12":"product_tag-water-purifier-filter-housing","14":"first","15":"instock","16":"shipping-taxable","17":"product-type-simple"},"_links":{"self":[{"href":"https:\/\/lyfilter.com\/de\/wp-json\/wp\/v2\/product\/4974","targetHints":{"allow":["GET"]}}],"collection":[{"href":"https:\/\/lyfilter.com\/de\/wp-json\/wp\/v2\/product"}],"about":[{"href":"https:\/\/lyfilter.com\/de\/wp-json\/wp\/v2\/types\/product"}],"replies":[{"embeddable":true,"href":"https:\/\/lyfilter.com\/de\/wp-json\/wp\/v2\/comments?post=4974"}],"wp:featuredmedia":[{"embeddable":true,"href":"https:\/\/lyfilter.com\/de\/wp-json\/wp\/v2\/media\/4975"}],"wp:attachment":[{"href":"https:\/\/lyfilter.com\/de\/wp-json\/wp\/v2\/media?parent=4974"}],"wp:term":[{"taxonomy":"product_brand","embeddable":true,"href":"https:\/\/lyfilter.com\/de\/wp-json\/wp\/v2\/product_brand?post=4974"},{"taxonomy":"product_cat","embeddable":true,"href":"https:\/\/lyfilter.com\/de\/wp-json\/wp\/v2\/product_cat?post=4974"},{"taxonomy":"product_tag","embeddable":true,"href":"https:\/\/lyfilter.com\/de\/wp-json\/wp\/v2\/product_tag?post=4974"}],"curies":[{"name":"wp","href":"https:\/\/api.w.org\/{rel}","templated":true}]}}