{"id":4968,"date":"2026-04-07T07:00:19","date_gmt":"2026-04-07T07:00:19","guid":{"rendered":"https:\/\/lyfilter.com\/"},"modified":"2026-04-07T07:00:19","modified_gmt":"2026-04-07T07:00:19","slug":"stainless-steel-high-flow-filter-housing","status":"publish","type":"product","link":"https:\/\/lyfilter.com\/de\/stainless-steel-high-flow-filter-housing\/","title":{"rendered":"Edelstahl-Filtergeh\u00e4use f\u00fcr hohen Durchfluss"},"content":{"rendered":"<table>\n<thead>\n<tr>\n<th>Start Hafen<\/th>\n<th>Guangzhou<\/th>\n<\/tr>\n<\/thead>\n<tbody>\n<tr>\n<td>Produktionskapazit\u00e4t<\/td>\n<td>10000 Einheiten\/Monat<\/td>\n<\/tr>\n<tr>\n<td>Ort der Herkunft<\/td>\n<td>Guangdong, China<\/td>\n<\/tr>\n<tr>\n<td>Zahlung<\/td>\n<td>T\/T, Alibaba Trade Assurance, paypal<\/td>\n<\/tr>\n<tr>\n<td>MOQ<\/td>\n<td>1 St\u00fcck<\/td>\n<\/tr>\n<tr>\n<td>Lieferfrist<\/td>\n<td>Innerhalb von 7 Arbeitstagen<\/td>\n<\/tr>\n<tr>\n<td>Zertifizierung<\/td>\n<td>CE, ISO 9001<\/td>\n<\/tr>\n<\/tbody>\n<\/table>","protected":false},"excerpt":{"rendered":"<p>Das High-Flow-Filtergeh\u00e4use ist eine Maschine, die an der Rohrleitung installiert wird, um verschiedene Feststoffverunreinigungen in der Fl\u00fcssigkeit zu entfernen, was den Zweck hat, die Lebensdauer der Komponenten zu verl\u00e4ngern und die Stabilit\u00e4t des Systembetriebs zu verbessern. Die gr\u00f6\u00dfte Besonderheit dieser Filterreihe ist, dass sie \u00fcber eine selbstdichtende Vorrichtung verf\u00fcgt. Beim Auswechseln des\u00a0<a href=\"https:\/\/lyfilter.com\/de\/products.html\/\">Filtereinsatz<\/a>, Beim L\u00f6sen des Flansches muss er nur um 90\u00b0 gedreht werden, was die selbstdichtende Anforderung erf\u00fcllt, ein \u00dcberlaufen der Fl\u00fcssigkeit zu verhindern und den Austausch des Filterelements zu erleichtern.<\/p>","protected":false},"featured_media":4973,"comment_status":"open","ping_status":"closed","template":"","meta":{"_gspb_post_css":""},"product_brand":[],"product_cat":[15],"product_tag":[1911,1740,38,1534,34,1136],"class_list":{"0":"post-4968","1":"product","2":"type-product","3":"status-publish","4":"has-post-thumbnail","6":"product_cat-stainless-steel-filter-housing","7":"product_tag-durable-filter-housing","8":"product_tag-high-flow-filter-housing","9":"product_tag-industrial-water-filtration","10":"product_tag-inversafilterpurification","11":"product_tag-stainless-steel-filter-housing","12":"product_tag-water-filter-locks","14":"first","15":"instock","16":"shipping-taxable","17":"product-type-simple"},"_links":{"self":[{"href":"https:\/\/lyfilter.com\/de\/wp-json\/wp\/v2\/product\/4968","targetHints":{"allow":["GET"]}}],"collection":[{"href":"https:\/\/lyfilter.com\/de\/wp-json\/wp\/v2\/product"}],"about":[{"href":"https:\/\/lyfilter.com\/de\/wp-json\/wp\/v2\/types\/product"}],"replies":[{"embeddable":true,"href":"https:\/\/lyfilter.com\/de\/wp-json\/wp\/v2\/comments?post=4968"}],"wp:featuredmedia":[{"embeddable":true,"href":"https:\/\/lyfilter.com\/de\/wp-json\/wp\/v2\/media\/4973"}],"wp:attachment":[{"href":"https:\/\/lyfilter.com\/de\/wp-json\/wp\/v2\/media?parent=4968"}],"wp:term":[{"taxonomy":"product_brand","embeddable":true,"href":"https:\/\/lyfilter.com\/de\/wp-json\/wp\/v2\/product_brand?post=4968"},{"taxonomy":"product_cat","embeddable":true,"href":"https:\/\/lyfilter.com\/de\/wp-json\/wp\/v2\/product_cat?post=4968"},{"taxonomy":"product_tag","embeddable":true,"href":"https:\/\/lyfilter.com\/de\/wp-json\/wp\/v2\/product_tag?post=4968"}],"curies":[{"name":"wp","href":"https:\/\/api.w.org\/{rel}","templated":true}]}}